{"id":7103,"date":"2025-05-29T13:33:33","date_gmt":"2025-05-29T12:33:33","guid":{"rendered":"https:\/\/heliantus.pl\/szkola\/?page_id=7103"},"modified":"2025-06-16T21:41:40","modified_gmt":"2025-06-16T20:41:40","slug":"artykuly-i-ksiazki","status":"publish","type":"page","link":"https:\/\/heliantus.pl\/szkola\/artykuly-i-ksiazki\/","title":{"rendered":"Artyku\u0142y i ksi\u0105\u017cki"},"content":{"rendered":"\n<div data-wp-interactive=\"core\/file\" class=\"wp-block-file\"><object data-wp-bind--hidden=\"!state.hasPdfPreview\" hidden class=\"wp-block-file__embed\" data=\"https:\/\/heliantus.pl\/szkola\/wp-content\/uploads\/2025\/05\/ELEMENTARZ-MATEMATYKI-dla-KLAS-I-II-III.pdf\" type=\"application\/pdf\" style=\"width:100%;height:600px\" aria-label=\"Osadzone z ELEMENTARZ MATEMATYKI dla KLAS I, II III.\"><\/object><a id=\"wp-block-file--media-cf063a60-e888-4b9c-b647-deaabf28e1c9\" href=\"https:\/\/heliantus.pl\/szkola\/wp-content\/uploads\/2025\/05\/ELEMENTARZ-MATEMATYKI-dla-KLAS-I-II-III.pdf\">ELEMENTARZ MATEMATYKI dla KLAS I, II III<\/a><a href=\"https:\/\/heliantus.pl\/szkola\/wp-content\/uploads\/2025\/05\/ELEMENTARZ-MATEMATYKI-dla-KLAS-I-II-III.pdf\" class=\"wp-block-file__button wp-element-button\" download aria-describedby=\"wp-block-file--media-cf063a60-e888-4b9c-b647-deaabf28e1c9\">Pobierz<\/a><\/div>\n\n\n\n<div data-wp-interactive=\"core\/file\" class=\"wp-block-file\"><object data-wp-bind--hidden=\"!state.hasPdfPreview\" hidden class=\"wp-block-file__embed\" data=\"https:\/\/heliantus.pl\/szkola\/wp-content\/uploads\/2025\/05\/KOMPENDIUM-MATEMATYKI-GRECKIEJ-Drugi-i-trzeci-etap-edukacji.pdf\" type=\"application\/pdf\" style=\"width:100%;height:600px\" aria-label=\"Osadzone z KOMPENDIUM MATEMATYKI GRECKIEJ Drugi i trzeci etap edukacji.\"><\/object><a id=\"wp-block-file--media-1ee5c073-b81b-4f97-9d1e-bcf91ace0872\" href=\"https:\/\/heliantus.pl\/szkola\/wp-content\/uploads\/2025\/05\/KOMPENDIUM-MATEMATYKI-GRECKIEJ-Drugi-i-trzeci-etap-edukacji.pdf\">KOMPENDIUM MATEMATYKI GRECKIEJ Drugi i trzeci etap edukacji<\/a><a href=\"https:\/\/heliantus.pl\/szkola\/wp-content\/uploads\/2025\/05\/KOMPENDIUM-MATEMATYKI-GRECKIEJ-Drugi-i-trzeci-etap-edukacji.pdf\" class=\"wp-block-file__button wp-element-button\" download aria-describedby=\"wp-block-file--media-1ee5c073-b81b-4f97-9d1e-bcf91ace0872\">Pobierz<\/a><\/div>\n\n\n\n<div data-wp-interactive=\"core\/file\" class=\"wp-block-file\"><object data-wp-bind--hidden=\"!state.hasPdfPreview\" hidden class=\"wp-block-file__embed\" data=\"https:\/\/heliantus.pl\/szkola\/wp-content\/uploads\/2025\/05\/iloczyn_wektorowy_zastosowania_do-obliczania_pola_czworokc485ta-1.pdf\" type=\"application\/pdf\" style=\"width:100%;height:600px\" aria-label=\"Osadzone z iloczyn_wektorowy_zastosowania_do-obliczania_pola_czworokc485ta (1).\"><\/object><a id=\"wp-block-file--media-d197ef6d-fea0-45c2-9b0d-adebaa870814\" href=\"https:\/\/heliantus.pl\/szkola\/wp-content\/uploads\/2025\/05\/iloczyn_wektorowy_zastosowania_do-obliczania_pola_czworokc485ta-1.pdf\">iloczyn_wektorowy_zastosowania_do-obliczania_pola_czworokc485ta (1)<\/a><a href=\"https:\/\/heliantus.pl\/szkola\/wp-content\/uploads\/2025\/05\/iloczyn_wektorowy_zastosowania_do-obliczania_pola_czworokc485ta-1.pdf\" class=\"wp-block-file__button wp-element-button\" download aria-describedby=\"wp-block-file--media-d197ef6d-fea0-45c2-9b0d-adebaa870814\">Pobierz<\/a><\/div>\n\n\n\n<div data-wp-interactive=\"core\/file\" class=\"wp-block-file\"><object data-wp-bind--hidden=\"!state.hasPdfPreview\" hidden class=\"wp-block-file__embed\" data=\"https:\/\/heliantus.pl\/szkola\/wp-content\/uploads\/2025\/06\/MATHS-in-SOCIETY-Botswana-September-2023-1-1-1.pdf\" type=\"application\/pdf\" style=\"width:100%;height:600px\" aria-label=\"Osadzone z MATHS in SOCIETY Botswana September 2023 (1) (1).\"><\/object><a id=\"wp-block-file--media-32551053-1117-4d4b-b098-ac466aa48bd2\" href=\"https:\/\/heliantus.pl\/szkola\/wp-content\/uploads\/2025\/06\/MATHS-in-SOCIETY-Botswana-September-2023-1-1-1.pdf\">MATHS in SOCIETY Botswana September 2023 (1) (1)<\/a><a href=\"https:\/\/heliantus.pl\/szkola\/wp-content\/uploads\/2025\/06\/MATHS-in-SOCIETY-Botswana-September-2023-1-1-1.pdf\" class=\"wp-block-file__button wp-element-button\" download aria-describedby=\"wp-block-file--media-32551053-1117-4d4b-b098-ac466aa48bd2\">Pobierz<\/a><\/div>\n\n\n\n<div data-wp-interactive=\"core\/file\" class=\"wp-block-file\"><object data-wp-bind--hidden=\"!state.hasPdfPreview\" hidden class=\"wp-block-file__embed\" data=\"https:\/\/heliantus.pl\/szkola\/wp-content\/uploads\/2025\/06\/MATHS-in-PHILOSOPHY-Bostwana-August-2023.pdf\" type=\"application\/pdf\" style=\"width:100%;height:600px\" aria-label=\"Osadzone z MATHS in PHILOSOPHY Bostwana August 2023.\"><\/object><a id=\"wp-block-file--media-82738983-e6a1-414e-805c-074de113f9d0\" href=\"https:\/\/heliantus.pl\/szkola\/wp-content\/uploads\/2025\/06\/MATHS-in-PHILOSOPHY-Bostwana-August-2023.pdf\">MATHS in PHILOSOPHY Bostwana August 2023<\/a><a href=\"https:\/\/heliantus.pl\/szkola\/wp-content\/uploads\/2025\/06\/MATHS-in-PHILOSOPHY-Bostwana-August-2023.pdf\" class=\"wp-block-file__button wp-element-button\" download aria-describedby=\"wp-block-file--media-82738983-e6a1-414e-805c-074de113f9d0\">Pobierz<\/a><\/div>\n\n\n\n<div data-wp-interactive=\"core\/file\" class=\"wp-block-file\"><object data-wp-bind--hidden=\"!state.hasPdfPreview\" hidden class=\"wp-block-file__embed\" data=\"https:\/\/heliantus.pl\/szkola\/wp-content\/uploads\/2025\/06\/MATHS-in-ASTRONOMY-Botswan-August-2023-2.pdf\" type=\"application\/pdf\" style=\"width:100%;height:600px\" aria-label=\"Osadzone z MATHS in ASTRONOMY Botswan August 2023 (2).\"><\/object><a id=\"wp-block-file--media-df24c769-4303-4e64-9659-10c7ff30850d\" href=\"https:\/\/heliantus.pl\/szkola\/wp-content\/uploads\/2025\/06\/MATHS-in-ASTRONOMY-Botswan-August-2023-2.pdf\">MATHS in ASTRONOMY Botswan August 2023 (2)<\/a><a href=\"https:\/\/heliantus.pl\/szkola\/wp-content\/uploads\/2025\/06\/MATHS-in-ASTRONOMY-Botswan-August-2023-2.pdf\" class=\"wp-block-file__button wp-element-button\" download aria-describedby=\"wp-block-file--media-df24c769-4303-4e64-9659-10c7ff30850d\">Pobierz<\/a><\/div>\n\n\n\n<div data-wp-interactive=\"core\/file\" class=\"wp-block-file\"><object data-wp-bind--hidden=\"!state.hasPdfPreview\" hidden class=\"wp-block-file__embed\" data=\"https:\/\/heliantus.pl\/szkola\/wp-content\/uploads\/2025\/06\/iloczyn_wektorowy_zastosowania_do-obliczania_pola_czworokc485ta-2.pdf\" type=\"application\/pdf\" style=\"width:100%;height:600px\" aria-label=\"Osadzone z iloczyn_wektorowy_zastosowania_do-obliczania_pola_czworokc485ta (2).\"><\/object><a id=\"wp-block-file--media-db77b8e7-f864-4884-9bf0-0c585383c229\" href=\"https:\/\/heliantus.pl\/szkola\/wp-content\/uploads\/2025\/06\/iloczyn_wektorowy_zastosowania_do-obliczania_pola_czworokc485ta-2.pdf\">iloczyn_wektorowy_zastosowania_do-obliczania_pola_czworokc485ta (2)<\/a><a href=\"https:\/\/heliantus.pl\/szkola\/wp-content\/uploads\/2025\/06\/iloczyn_wektorowy_zastosowania_do-obliczania_pola_czworokc485ta-2.pdf\" class=\"wp-block-file__button wp-element-button\" download aria-describedby=\"wp-block-file--media-db77b8e7-f864-4884-9bf0-0c585383c229\">Pobierz<\/a><\/div>\n\n\n\n<p><\/p>\n","protected":false},"excerpt":{"rendered":"","protected":false},"author":12,"featured_media":0,"parent":0,"menu_order":0,"comment_status":"closed","ping_status":"closed","template":"","meta":{"_eb_attr":"","footnotes":""},"class_list":["post-7103","page","type-page","status-publish","hentry"],"yoast_head":"<!-- This site is optimized with the Yoast SEO plugin v27.4 - https:\/\/yoast.com\/product\/yoast-seo-wordpress\/ -->\n<title>Artyku\u0142y i ksi\u0105\u017cki | Szko\u0142a Heliantus | Niepubliczna szko\u0142a Ursyn\u00f3w, J\u00f3zefos\u0142aw | Matematyka, programowanie, j\u0119zyki<\/title>\n<meta name=\"description\" content=\"Niepubliczna szko\u0142a podstawowa na Ursynowie (blisko J\u00f3zefos\u0142awia). Ma\u0142e klasy, programowanie, matematyka i j\u0119zyki obce (angielski, hiszpa\u0144ski). Wspieramy rozw\u00f3j, uczymy praktycznie. Rekrutacja 2026\/27\" \/>\n<meta name=\"robots\" content=\"index, follow, max-snippet:-1, max-image-preview:large, max-video-preview:-1\" \/>\n<link rel=\"canonical\" href=\"https:\/\/heliantus.pl\/szkola\/artykuly-i-ksiazki\/\" \/>\n<meta property=\"og:locale\" content=\"pl_PL\" \/>\n<meta property=\"og:type\" content=\"article\" \/>\n<meta property=\"og:title\" content=\"Artyku\u0142y i ksi\u0105\u017cki | Szko\u0142a Heliantus | Niepubliczna szko\u0142a Ursyn\u00f3w, J\u00f3zefos\u0142aw | Matematyka, programowanie, j\u0119zyki\" \/>\n<meta property=\"og:description\" content=\"Niepubliczna szko\u0142a podstawowa na Ursynowie (blisko J\u00f3zefos\u0142awia). Ma\u0142e klasy, programowanie, matematyka i j\u0119zyki obce (angielski, hiszpa\u0144ski). Wspieramy rozw\u00f3j, uczymy praktycznie. Rekrutacja 2026\/27\" \/>\n<meta property=\"og:url\" content=\"https:\/\/heliantus.pl\/szkola\/artykuly-i-ksiazki\/\" \/>\n<meta property=\"og:site_name\" content=\"Szko\u0142a Podstawowa Heliantus\" \/>\n<meta property=\"article:publisher\" content=\"https:\/\/facebook.com\/SPHeliantus\" \/>\n<meta property=\"article:modified_time\" content=\"2025-06-16T20:41:40+00:00\" \/>\n<meta property=\"og:image\" content=\"https:\/\/heliantus.pl\/szkola\/wp-content\/uploads\/2017\/10\/Logo_sm.png\" \/>\n\t<meta property=\"og:image:width\" content=\"155\" \/>\n\t<meta property=\"og:image:height\" content=\"80\" \/>\n\t<meta property=\"og:image:type\" content=\"image\/png\" \/>\n<meta name=\"twitter:card\" content=\"summary_large_image\" \/>\n<meta name=\"twitter:label1\" content=\"Szacowany czas czytania\" \/>\n\t<meta name=\"twitter:data1\" content=\"1 minuta\" \/>\n<script type=\"application\/ld+json\" class=\"yoast-schema-graph\">{\"@context\":\"https:\\\/\\\/schema.org\",\"@graph\":[{\"@type\":\"WebPage\",\"@id\":\"https:\\\/\\\/heliantus.pl\\\/szkola\\\/artykuly-i-ksiazki\\\/\",\"url\":\"https:\\\/\\\/heliantus.pl\\\/szkola\\\/artykuly-i-ksiazki\\\/\",\"name\":\"Artyku\u0142y i ksi\u0105\u017cki | Szko\u0142a Heliantus | Niepubliczna szko\u0142a Ursyn\u00f3w, J\u00f3zefos\u0142aw | Matematyka, programowanie, j\u0119zyki\",\"isPartOf\":{\"@id\":\"https:\\\/\\\/heliantus.pl\\\/szkola\\\/#website\"},\"datePublished\":\"2025-05-29T12:33:33+00:00\",\"dateModified\":\"2025-06-16T20:41:40+00:00\",\"description\":\"Niepubliczna szko\u0142a podstawowa na Ursynowie (blisko J\u00f3zefos\u0142awia). Ma\u0142e klasy, programowanie, matematyka i j\u0119zyki obce (angielski, hiszpa\u0144ski). Wspieramy rozw\u00f3j, uczymy praktycznie. Rekrutacja 2026\\\/27\",\"breadcrumb\":{\"@id\":\"https:\\\/\\\/heliantus.pl\\\/szkola\\\/artykuly-i-ksiazki\\\/#breadcrumb\"},\"inLanguage\":\"pl-PL\",\"potentialAction\":[{\"@type\":\"ReadAction\",\"target\":[\"https:\\\/\\\/heliantus.pl\\\/szkola\\\/artykuly-i-ksiazki\\\/\"]}]},{\"@type\":\"BreadcrumbList\",\"@id\":\"https:\\\/\\\/heliantus.pl\\\/szkola\\\/artykuly-i-ksiazki\\\/#breadcrumb\",\"itemListElement\":[{\"@type\":\"ListItem\",\"position\":1,\"name\":\"Szko\u0142a Podstawowa\",\"item\":\"https:\\\/\\\/heliantus.pl\\\/szkola\\\/\"},{\"@type\":\"ListItem\",\"position\":2,\"name\":\"Artyku\u0142y i ksi\u0105\u017cki\"}]},{\"@type\":\"WebSite\",\"@id\":\"https:\\\/\\\/heliantus.pl\\\/szkola\\\/#website\",\"url\":\"https:\\\/\\\/heliantus.pl\\\/szkola\\\/\",\"name\":\"Szko\u0142a Podstawowa Heliantus | Niepubliczna szko\u0142a Ursyn\u00f3w, J\u00f3zefos\u0142aw | Programowanie, j\u0119zyki, matematyka\",\"description\":\"MATEMATYKA INFORMATYKA J\u0118ZYKI\",\"publisher\":{\"@id\":\"https:\\\/\\\/heliantus.pl\\\/szkola\\\/#organization\"},\"alternateName\":\"SP Heliantus\",\"potentialAction\":[{\"@type\":\"SearchAction\",\"target\":{\"@type\":\"EntryPoint\",\"urlTemplate\":\"https:\\\/\\\/heliantus.pl\\\/szkola\\\/?s={search_term_string}\"},\"query-input\":{\"@type\":\"PropertyValueSpecification\",\"valueRequired\":true,\"valueName\":\"search_term_string\"}}],\"inLanguage\":\"pl-PL\"},{\"@type\":\"Organization\",\"@id\":\"https:\\\/\\\/heliantus.pl\\\/szkola\\\/#organization\",\"name\":\"Szko\u0142a Podstawowa Heliantus\",\"alternateName\":\"SP Heliantus\",\"url\":\"https:\\\/\\\/heliantus.pl\\\/szkola\\\/\",\"logo\":{\"@type\":\"ImageObject\",\"inLanguage\":\"pl-PL\",\"@id\":\"https:\\\/\\\/heliantus.pl\\\/szkola\\\/#\\\/schema\\\/logo\\\/image\\\/\",\"url\":\"https:\\\/\\\/heliantus.pl\\\/szkola\\\/wp-content\\\/uploads\\\/2017\\\/06\\\/SzkolaHeliantus-logo.png\",\"contentUrl\":\"https:\\\/\\\/heliantus.pl\\\/szkola\\\/wp-content\\\/uploads\\\/2017\\\/06\\\/SzkolaHeliantus-logo.png\",\"width\":736,\"height\":383,\"caption\":\"Szko\u0142a Podstawowa Heliantus\"},\"image\":{\"@id\":\"https:\\\/\\\/heliantus.pl\\\/szkola\\\/#\\\/schema\\\/logo\\\/image\\\/\"},\"sameAs\":[\"https:\\\/\\\/facebook.com\\\/SPHeliantus\",\"https:\\\/\\\/www.youtube.com\\\/channel\\\/UCjcaE5GVlsROqRDHQFVe6AA\"]}]}<\/script>\n<!-- \/ Yoast SEO plugin. -->","yoast_head_json":{"title":"Artyku\u0142y i ksi\u0105\u017cki | Szko\u0142a Heliantus | Niepubliczna szko\u0142a Ursyn\u00f3w, J\u00f3zefos\u0142aw | Matematyka, programowanie, j\u0119zyki","description":"Niepubliczna szko\u0142a podstawowa na Ursynowie (blisko J\u00f3zefos\u0142awia). Ma\u0142e klasy, programowanie, matematyka i j\u0119zyki obce (angielski, hiszpa\u0144ski). Wspieramy rozw\u00f3j, uczymy praktycznie. Rekrutacja 2026\/27","robots":{"index":"index","follow":"follow","max-snippet":"max-snippet:-1","max-image-preview":"max-image-preview:large","max-video-preview":"max-video-preview:-1"},"canonical":"https:\/\/heliantus.pl\/szkola\/artykuly-i-ksiazki\/","og_locale":"pl_PL","og_type":"article","og_title":"Artyku\u0142y i ksi\u0105\u017cki | Szko\u0142a Heliantus | Niepubliczna szko\u0142a Ursyn\u00f3w, J\u00f3zefos\u0142aw | Matematyka, programowanie, j\u0119zyki","og_description":"Niepubliczna szko\u0142a podstawowa na Ursynowie (blisko J\u00f3zefos\u0142awia). Ma\u0142e klasy, programowanie, matematyka i j\u0119zyki obce (angielski, hiszpa\u0144ski). Wspieramy rozw\u00f3j, uczymy praktycznie. Rekrutacja 2026\/27","og_url":"https:\/\/heliantus.pl\/szkola\/artykuly-i-ksiazki\/","og_site_name":"Szko\u0142a Podstawowa Heliantus","article_publisher":"https:\/\/facebook.com\/SPHeliantus","article_modified_time":"2025-06-16T20:41:40+00:00","og_image":[{"width":155,"height":80,"url":"https:\/\/heliantus.pl\/szkola\/wp-content\/uploads\/2017\/10\/Logo_sm.png","type":"image\/png"}],"twitter_card":"summary_large_image","twitter_misc":{"Szacowany czas czytania":"1 minuta"},"schema":{"@context":"https:\/\/schema.org","@graph":[{"@type":"WebPage","@id":"https:\/\/heliantus.pl\/szkola\/artykuly-i-ksiazki\/","url":"https:\/\/heliantus.pl\/szkola\/artykuly-i-ksiazki\/","name":"Artyku\u0142y i ksi\u0105\u017cki | Szko\u0142a Heliantus | Niepubliczna szko\u0142a Ursyn\u00f3w, J\u00f3zefos\u0142aw | Matematyka, programowanie, j\u0119zyki","isPartOf":{"@id":"https:\/\/heliantus.pl\/szkola\/#website"},"datePublished":"2025-05-29T12:33:33+00:00","dateModified":"2025-06-16T20:41:40+00:00","description":"Niepubliczna szko\u0142a podstawowa na Ursynowie (blisko J\u00f3zefos\u0142awia). Ma\u0142e klasy, programowanie, matematyka i j\u0119zyki obce (angielski, hiszpa\u0144ski). Wspieramy rozw\u00f3j, uczymy praktycznie. Rekrutacja 2026\/27","breadcrumb":{"@id":"https:\/\/heliantus.pl\/szkola\/artykuly-i-ksiazki\/#breadcrumb"},"inLanguage":"pl-PL","potentialAction":[{"@type":"ReadAction","target":["https:\/\/heliantus.pl\/szkola\/artykuly-i-ksiazki\/"]}]},{"@type":"BreadcrumbList","@id":"https:\/\/heliantus.pl\/szkola\/artykuly-i-ksiazki\/#breadcrumb","itemListElement":[{"@type":"ListItem","position":1,"name":"Szko\u0142a Podstawowa","item":"https:\/\/heliantus.pl\/szkola\/"},{"@type":"ListItem","position":2,"name":"Artyku\u0142y i ksi\u0105\u017cki"}]},{"@type":"WebSite","@id":"https:\/\/heliantus.pl\/szkola\/#website","url":"https:\/\/heliantus.pl\/szkola\/","name":"Szko\u0142a Podstawowa Heliantus | Niepubliczna szko\u0142a Ursyn\u00f3w, J\u00f3zefos\u0142aw | Programowanie, j\u0119zyki, matematyka","description":"MATEMATYKA INFORMATYKA J\u0118ZYKI","publisher":{"@id":"https:\/\/heliantus.pl\/szkola\/#organization"},"alternateName":"SP Heliantus","potentialAction":[{"@type":"SearchAction","target":{"@type":"EntryPoint","urlTemplate":"https:\/\/heliantus.pl\/szkola\/?s={search_term_string}"},"query-input":{"@type":"PropertyValueSpecification","valueRequired":true,"valueName":"search_term_string"}}],"inLanguage":"pl-PL"},{"@type":"Organization","@id":"https:\/\/heliantus.pl\/szkola\/#organization","name":"Szko\u0142a Podstawowa Heliantus","alternateName":"SP Heliantus","url":"https:\/\/heliantus.pl\/szkola\/","logo":{"@type":"ImageObject","inLanguage":"pl-PL","@id":"https:\/\/heliantus.pl\/szkola\/#\/schema\/logo\/image\/","url":"https:\/\/heliantus.pl\/szkola\/wp-content\/uploads\/2017\/06\/SzkolaHeliantus-logo.png","contentUrl":"https:\/\/heliantus.pl\/szkola\/wp-content\/uploads\/2017\/06\/SzkolaHeliantus-logo.png","width":736,"height":383,"caption":"Szko\u0142a Podstawowa Heliantus"},"image":{"@id":"https:\/\/heliantus.pl\/szkola\/#\/schema\/logo\/image\/"},"sameAs":["https:\/\/facebook.com\/SPHeliantus","https:\/\/www.youtube.com\/channel\/UCjcaE5GVlsROqRDHQFVe6AA"]}]}},"amp_enabled":true,"_links":{"self":[{"href":"https:\/\/heliantus.pl\/szkola\/wp-json\/wp\/v2\/pages\/7103","targetHints":{"allow":["GET"]}}],"collection":[{"href":"https:\/\/heliantus.pl\/szkola\/wp-json\/wp\/v2\/pages"}],"about":[{"href":"https:\/\/heliantus.pl\/szkola\/wp-json\/wp\/v2\/types\/page"}],"author":[{"embeddable":true,"href":"https:\/\/heliantus.pl\/szkola\/wp-json\/wp\/v2\/users\/12"}],"replies":[{"embeddable":true,"href":"https:\/\/heliantus.pl\/szkola\/wp-json\/wp\/v2\/comments?post=7103"}],"version-history":[{"count":4,"href":"https:\/\/heliantus.pl\/szkola\/wp-json\/wp\/v2\/pages\/7103\/revisions"}],"predecessor-version":[{"id":7246,"href":"https:\/\/heliantus.pl\/szkola\/wp-json\/wp\/v2\/pages\/7103\/revisions\/7246"}],"wp:attachment":[{"href":"https:\/\/heliantus.pl\/szkola\/wp-json\/wp\/v2\/media?parent=7103"}],"curies":[{"name":"wp","href":"https:\/\/api.w.org\/{rel}","templated":true}]}}