{"id":5999,"date":"2023-06-02T22:58:40","date_gmt":"2023-06-02T21:58:40","guid":{"rendered":"https:\/\/heliantus.pl\/szkola\/?page_id=5999"},"modified":"2023-07-12T19:55:44","modified_gmt":"2023-07-12T18:55:44","slug":"lekcje","status":"publish","type":"page","link":"https:\/\/heliantus.pl\/szkola\/lekcje\/","title":{"rendered":"Lekcje"},"content":{"rendered":"\n<ul class=\"wp-block-list\">\n<li><a href=\"https:\/\/heliantus.pl\/szkola\/temat_1-1_ol_iczbach_naturalnych\/\">TEMAT 1.1 &#8211; O liczbach naturalnych parzystych i nieparzystych<\/a><\/li>\n\n\n\n<li><a href=\"https:\/\/heliantus.pl\/szkola\/temat-2-1-liczby-wymierne-i-niewymiernei\/\">TEMAT 2.1 Liczby naturalne ca\u0142kowite wymierna. U\u0142amki<\/a><\/li>\n\n\n\n<li><a href=\"https:\/\/heliantus.pl\/szkola\/lekcja-1-liczby-pierwsze\/\">Lekcja 4.1 &#8211; Liczby pierwsze<\/a><\/li>\n\n\n\n<li><a href=\"https:\/\/heliantus.pl\/szkola\/wp-content\/uploads\/2023\/06\/Lekcja-2.-Algorytm-Euklidesa.pdf\">Lekcja 4.2 &#8211; Algorytm Euklidesa<\/a><\/li>\n\n\n\n<li><a href=\"https:\/\/heliantus.pl\/szkola\/wp-content\/uploads\/2023\/06\/Lekcja-3.-Lekcja-3.-Najmniejsza-wspolna-wielokrotna.pdf\">Lekcja 4.3 &#8211; Najmniejsza wsp\u00f3lna wielokrotna<\/a><\/li>\n\n\n\n<li><a href=\"https:\/\/heliantus.pl\/szkola\/lekcja_6-2_cechy_podzilnosci\/\">TEMAT  Cechy podzielno\u015bci liczb naturalnych.<\/a><\/li>\n\n\n\n<li><a href=\"https:\/\/heliantus.pl\/szkola\/wyrazenia-arytmetyczne-i-_algebraiczne\/\">TEMAT 3 Wyra\u017cenia arytmetyczne i algebraiczne<\/a><\/li>\n\n\n\n<li><a href=\"https:\/\/heliantus.pl\/szkola\/reprezentaja-liczb-w-arytmetyce-komputerowej\/\">TEMAT .5.1 Reprezentacja liczb w arytmetyce komputerowej<\/a><\/li>\n\n\n\n<li><a href=\"https:\/\/heliantus.pl\/szkola\/system-pozycyjny-decymalny\/\">Lekcja 7.1 &#8211; System pozycyjny decymalny<\/a><\/li>\n\n\n\n<li><a href=\"https:\/\/heliantus.pl\/szkola\/system-liczbowy-binarny\/\">Lekcja 7.2 &#8211; System pozycyjny binarny<\/a><\/li>\n\n\n\n<li><a href=\"https:\/\/heliantus.pl\/szkola\/system-liczbowy-oktalny\/\">Lekcja 7.3 &#8211; System pozycyjny oktalny<\/a><\/li>\n\n\n\n<li><a href=\"https:\/\/heliantus.pl\/szkola\/funkcja-liniowa\/\">TEMAT 8.1 Funkcja liniowa. R\u00f3wnania i nier\u00f3wno\u015bci liniowe<\/a><\/li>\n\n\n\n<li><a href=\"https:\/\/heliantus.pl\/szkola\/lekcja-8-2-funkcja-kwadratowa-trojmian-kwadratowy\/\">Lekcja 8.2 Funkcja kwadratowa. Tr\u00f3jmian kwadratowy<\/a><\/li>\n\n\n\n<li><a href=\"https:\/\/heliantus.pl\/szkola\/temat11-1funkcjepierwiastek\/\">TEMAT  12 Funkcja pierwiastek stopnia n<\/a><\/li>\n\n\n\n<li><a href=\"https:\/\/heliantus.pl\/szkola\/funkcja-wykladnicza\/\">TEMAT 13 Funkcja wyk\u0142adnicza<\/a><\/li>\n\n\n\n<li><a href=\"https:\/\/heliantus.pl\/szkola\/funkcjalogarytmiczna\/\">TEMAT 14 Funkcja logarytmiczna<\/a><\/li>\n\n\n\n<li><a href=\"https:\/\/heliantus.pl\/szkola\/wielomiany_8\/\">TEMAT 8.3 Wielomiany<\/a><\/li>\n\n\n\n<li><a href=\"https:\/\/heliantus.pl\/szkola\/dwumian_newtona_wzory_uproszconego_mnozenia_9\/\">TEMAT 9.1 &#8211; Dwumian Newtona. Wzory uproszczonego mno\u017cenia<\/a><\/li>\n\n\n\n<li><a href=\"https:\/\/heliantus.pl\/szkola\/lekcja-15-1-kombinatoryka-permutacje-wariacje-i-kombinacje\/\">Lekcja 15.1 &#8211; Kombinatoryka. Permutacje wariacje i kombinacje<\/a><\/li>\n\n\n\n<li><a href=\"https:\/\/heliantus.pl\/szkola\/funkcje-wymierne-2\/\">TEMAT 11.1 Funkcje wymierne<\/a><\/li>\n\n\n\n<li><a href=\"https:\/\/heliantus.pl\/szkola\/rachunek-prawdopodobienstwa-2\/\">TEMAT  17  Rachunek prawdopodobie\u0144stwa<\/a><\/li>\n\n\n\n<li><a href=\"https:\/\/heliantus.pl\/szkola\/statyatyka16\/\">TEMAT  Statystyka opisowa<\/a><\/li>\n\n\n\n<li><a href=\"https:\/\/heliantus.pl\/szkola\/geometria-planimetria-i-stereometria\/\">TEMAT 18: Geometria Planimetria i Stereometria<\/a><\/li>\n\n\n\n<li>T<a href=\"https:\/\/heliantus.pl\/szkola\/trygonometria_19\/\">EMAT 19. Trygonometria<\/a><\/li>\n<\/ul>\n","protected":false},"excerpt":{"rendered":"","protected":false},"author":3,"featured_media":0,"parent":0,"menu_order":0,"comment_status":"closed","ping_status":"closed","template":"","meta":{"_eb_attr":"","footnotes":""},"class_list":["post-5999","page","type-page","status-publish","hentry"],"yoast_head":"<!-- This site is optimized with the Yoast SEO plugin v27.5 - https:\/\/yoast.com\/product\/yoast-seo-wordpress\/ -->\n<title>Lekcje | Szko\u0142a Heliantus | Niepubliczna szko\u0142a Ursyn\u00f3w, J\u00f3zefos\u0142aw | Matematyka, programowanie, j\u0119zyki<\/title>\n<meta name=\"description\" content=\"Niepubliczna szko\u0142a podstawowa na Ursynowie (blisko J\u00f3zefos\u0142awia). Ma\u0142e klasy, programowanie, matematyka i j\u0119zyki obce (angielski, hiszpa\u0144ski). Wspieramy rozw\u00f3j, uczymy praktycznie. Rekrutacja 2026\/27\" \/>\n<meta name=\"robots\" content=\"index, follow, max-snippet:-1, max-image-preview:large, max-video-preview:-1\" \/>\n<link rel=\"canonical\" href=\"https:\/\/heliantus.pl\/szkola\/lekcje\/\" \/>\n<meta property=\"og:locale\" content=\"pl_PL\" \/>\n<meta property=\"og:type\" content=\"article\" \/>\n<meta property=\"og:title\" content=\"Lekcje | Szko\u0142a Heliantus | Niepubliczna szko\u0142a Ursyn\u00f3w, J\u00f3zefos\u0142aw | Matematyka, programowanie, j\u0119zyki\" \/>\n<meta property=\"og:description\" content=\"Niepubliczna szko\u0142a podstawowa na Ursynowie (blisko J\u00f3zefos\u0142awia). Ma\u0142e klasy, programowanie, matematyka i j\u0119zyki obce (angielski, hiszpa\u0144ski). Wspieramy rozw\u00f3j, uczymy praktycznie. Rekrutacja 2026\/27\" \/>\n<meta property=\"og:url\" content=\"https:\/\/heliantus.pl\/szkola\/lekcje\/\" \/>\n<meta property=\"og:site_name\" content=\"Szko\u0142a Podstawowa Heliantus\" \/>\n<meta property=\"article:publisher\" content=\"https:\/\/facebook.com\/SPHeliantus\" \/>\n<meta property=\"article:modified_time\" content=\"2023-07-12T18:55:44+00:00\" \/>\n<meta property=\"og:image\" content=\"https:\/\/heliantus.pl\/szkola\/wp-content\/uploads\/2017\/10\/Logo_sm.png\" \/>\n\t<meta property=\"og:image:width\" content=\"155\" \/>\n\t<meta property=\"og:image:height\" content=\"80\" \/>\n\t<meta property=\"og:image:type\" content=\"image\/png\" \/>\n<meta name=\"twitter:card\" content=\"summary_large_image\" \/>\n<meta name=\"twitter:label1\" content=\"Szacowany czas czytania\" \/>\n\t<meta name=\"twitter:data1\" content=\"1 minuta\" \/>\n<script type=\"application\/ld+json\" class=\"yoast-schema-graph\">{\"@context\":\"https:\\\/\\\/schema.org\",\"@graph\":[{\"@type\":\"Article\",\"@id\":\"https:\\\/\\\/heliantus.pl\\\/szkola\\\/lekcje\\\/#article\",\"isPartOf\":{\"@id\":\"https:\\\/\\\/heliantus.pl\\\/szkola\\\/lekcje\\\/\"},\"author\":{\"name\":\"Micha\u0142 K\u0119ska\",\"@id\":\"https:\\\/\\\/heliantus.pl\\\/szkola\\\/#\\\/schema\\\/person\\\/a624713d1fe35413043b0557f7c923f7\"},\"headline\":\"Lekcje\",\"datePublished\":\"2023-06-02T21:58:40+00:00\",\"dateModified\":\"2023-07-12T18:55:44+00:00\",\"mainEntityOfPage\":{\"@id\":\"https:\\\/\\\/heliantus.pl\\\/szkola\\\/lekcje\\\/\"},\"wordCount\":126,\"publisher\":{\"@id\":\"https:\\\/\\\/heliantus.pl\\\/szkola\\\/#organization\"},\"inLanguage\":\"pl-PL\"},{\"@type\":\"WebPage\",\"@id\":\"https:\\\/\\\/heliantus.pl\\\/szkola\\\/lekcje\\\/\",\"url\":\"https:\\\/\\\/heliantus.pl\\\/szkola\\\/lekcje\\\/\",\"name\":\"Lekcje | Szko\u0142a Heliantus | Niepubliczna szko\u0142a Ursyn\u00f3w, J\u00f3zefos\u0142aw | Matematyka, programowanie, j\u0119zyki\",\"isPartOf\":{\"@id\":\"https:\\\/\\\/heliantus.pl\\\/szkola\\\/#website\"},\"datePublished\":\"2023-06-02T21:58:40+00:00\",\"dateModified\":\"2023-07-12T18:55:44+00:00\",\"description\":\"Niepubliczna szko\u0142a podstawowa na Ursynowie (blisko J\u00f3zefos\u0142awia). Ma\u0142e klasy, programowanie, matematyka i j\u0119zyki obce (angielski, hiszpa\u0144ski). Wspieramy rozw\u00f3j, uczymy praktycznie. Rekrutacja 2026\\\/27\",\"breadcrumb\":{\"@id\":\"https:\\\/\\\/heliantus.pl\\\/szkola\\\/lekcje\\\/#breadcrumb\"},\"inLanguage\":\"pl-PL\",\"potentialAction\":[{\"@type\":\"ReadAction\",\"target\":[\"https:\\\/\\\/heliantus.pl\\\/szkola\\\/lekcje\\\/\"]}]},{\"@type\":\"BreadcrumbList\",\"@id\":\"https:\\\/\\\/heliantus.pl\\\/szkola\\\/lekcje\\\/#breadcrumb\",\"itemListElement\":[{\"@type\":\"ListItem\",\"position\":1,\"name\":\"Szko\u0142a Podstawowa\",\"item\":\"https:\\\/\\\/heliantus.pl\\\/szkola\\\/\"},{\"@type\":\"ListItem\",\"position\":2,\"name\":\"Lekcje\"}]},{\"@type\":\"WebSite\",\"@id\":\"https:\\\/\\\/heliantus.pl\\\/szkola\\\/#website\",\"url\":\"https:\\\/\\\/heliantus.pl\\\/szkola\\\/\",\"name\":\"Szko\u0142a Podstawowa Heliantus | Niepubliczna szko\u0142a Ursyn\u00f3w, J\u00f3zefos\u0142aw | Programowanie, j\u0119zyki, matematyka\",\"description\":\"MATEMATYKA INFORMATYKA J\u0118ZYKI\",\"publisher\":{\"@id\":\"https:\\\/\\\/heliantus.pl\\\/szkola\\\/#organization\"},\"alternateName\":\"SP Heliantus\",\"potentialAction\":[{\"@type\":\"SearchAction\",\"target\":{\"@type\":\"EntryPoint\",\"urlTemplate\":\"https:\\\/\\\/heliantus.pl\\\/szkola\\\/?s={search_term_string}\"},\"query-input\":{\"@type\":\"PropertyValueSpecification\",\"valueRequired\":true,\"valueName\":\"search_term_string\"}}],\"inLanguage\":\"pl-PL\"},{\"@type\":\"Organization\",\"@id\":\"https:\\\/\\\/heliantus.pl\\\/szkola\\\/#organization\",\"name\":\"Szko\u0142a Podstawowa Heliantus\",\"alternateName\":\"SP Heliantus\",\"url\":\"https:\\\/\\\/heliantus.pl\\\/szkola\\\/\",\"logo\":{\"@type\":\"ImageObject\",\"inLanguage\":\"pl-PL\",\"@id\":\"https:\\\/\\\/heliantus.pl\\\/szkola\\\/#\\\/schema\\\/logo\\\/image\\\/\",\"url\":\"https:\\\/\\\/heliantus.pl\\\/szkola\\\/wp-content\\\/uploads\\\/2017\\\/06\\\/SzkolaHeliantus-logo.png\",\"contentUrl\":\"https:\\\/\\\/heliantus.pl\\\/szkola\\\/wp-content\\\/uploads\\\/2017\\\/06\\\/SzkolaHeliantus-logo.png\",\"width\":736,\"height\":383,\"caption\":\"Szko\u0142a Podstawowa Heliantus\"},\"image\":{\"@id\":\"https:\\\/\\\/heliantus.pl\\\/szkola\\\/#\\\/schema\\\/logo\\\/image\\\/\"},\"sameAs\":[\"https:\\\/\\\/facebook.com\\\/SPHeliantus\",\"https:\\\/\\\/www.youtube.com\\\/channel\\\/UCjcaE5GVlsROqRDHQFVe6AA\"]},{\"@type\":\"Person\",\"@id\":\"https:\\\/\\\/heliantus.pl\\\/szkola\\\/#\\\/schema\\\/person\\\/a624713d1fe35413043b0557f7c923f7\",\"name\":\"Micha\u0142 K\u0119ska\",\"image\":{\"@type\":\"ImageObject\",\"inLanguage\":\"pl-PL\",\"@id\":\"https:\\\/\\\/secure.gravatar.com\\\/avatar\\\/ce6c43ad5dcc19d740ce48ca15b142320135e171dc0aaf39798cc0da24a5c044?s=96&d=mm&r=g\",\"url\":\"https:\\\/\\\/secure.gravatar.com\\\/avatar\\\/ce6c43ad5dcc19d740ce48ca15b142320135e171dc0aaf39798cc0da24a5c044?s=96&d=mm&r=g\",\"contentUrl\":\"https:\\\/\\\/secure.gravatar.com\\\/avatar\\\/ce6c43ad5dcc19d740ce48ca15b142320135e171dc0aaf39798cc0da24a5c044?s=96&d=mm&r=g\",\"caption\":\"Micha\u0142 K\u0119ska\"},\"url\":\"https:\\\/\\\/heliantus.pl\\\/szkola\\\/author\\\/michal-keska\\\/\"}]}<\/script>\n<!-- \/ Yoast SEO plugin. -->","yoast_head_json":{"title":"Lekcje | Szko\u0142a Heliantus | Niepubliczna szko\u0142a Ursyn\u00f3w, J\u00f3zefos\u0142aw | Matematyka, programowanie, j\u0119zyki","description":"Niepubliczna szko\u0142a podstawowa na Ursynowie (blisko J\u00f3zefos\u0142awia). Ma\u0142e klasy, programowanie, matematyka i j\u0119zyki obce (angielski, hiszpa\u0144ski). Wspieramy rozw\u00f3j, uczymy praktycznie. Rekrutacja 2026\/27","robots":{"index":"index","follow":"follow","max-snippet":"max-snippet:-1","max-image-preview":"max-image-preview:large","max-video-preview":"max-video-preview:-1"},"canonical":"https:\/\/heliantus.pl\/szkola\/lekcje\/","og_locale":"pl_PL","og_type":"article","og_title":"Lekcje | Szko\u0142a Heliantus | Niepubliczna szko\u0142a Ursyn\u00f3w, J\u00f3zefos\u0142aw | Matematyka, programowanie, j\u0119zyki","og_description":"Niepubliczna szko\u0142a podstawowa na Ursynowie (blisko J\u00f3zefos\u0142awia). Ma\u0142e klasy, programowanie, matematyka i j\u0119zyki obce (angielski, hiszpa\u0144ski). Wspieramy rozw\u00f3j, uczymy praktycznie. Rekrutacja 2026\/27","og_url":"https:\/\/heliantus.pl\/szkola\/lekcje\/","og_site_name":"Szko\u0142a Podstawowa Heliantus","article_publisher":"https:\/\/facebook.com\/SPHeliantus","article_modified_time":"2023-07-12T18:55:44+00:00","og_image":[{"width":155,"height":80,"url":"https:\/\/heliantus.pl\/szkola\/wp-content\/uploads\/2017\/10\/Logo_sm.png","type":"image\/png"}],"twitter_card":"summary_large_image","twitter_misc":{"Szacowany czas czytania":"1 minuta"},"schema":{"@context":"https:\/\/schema.org","@graph":[{"@type":"Article","@id":"https:\/\/heliantus.pl\/szkola\/lekcje\/#article","isPartOf":{"@id":"https:\/\/heliantus.pl\/szkola\/lekcje\/"},"author":{"name":"Micha\u0142 K\u0119ska","@id":"https:\/\/heliantus.pl\/szkola\/#\/schema\/person\/a624713d1fe35413043b0557f7c923f7"},"headline":"Lekcje","datePublished":"2023-06-02T21:58:40+00:00","dateModified":"2023-07-12T18:55:44+00:00","mainEntityOfPage":{"@id":"https:\/\/heliantus.pl\/szkola\/lekcje\/"},"wordCount":126,"publisher":{"@id":"https:\/\/heliantus.pl\/szkola\/#organization"},"inLanguage":"pl-PL"},{"@type":"WebPage","@id":"https:\/\/heliantus.pl\/szkola\/lekcje\/","url":"https:\/\/heliantus.pl\/szkola\/lekcje\/","name":"Lekcje | Szko\u0142a Heliantus | Niepubliczna szko\u0142a Ursyn\u00f3w, J\u00f3zefos\u0142aw | Matematyka, programowanie, j\u0119zyki","isPartOf":{"@id":"https:\/\/heliantus.pl\/szkola\/#website"},"datePublished":"2023-06-02T21:58:40+00:00","dateModified":"2023-07-12T18:55:44+00:00","description":"Niepubliczna szko\u0142a podstawowa na Ursynowie (blisko J\u00f3zefos\u0142awia). Ma\u0142e klasy, programowanie, matematyka i j\u0119zyki obce (angielski, hiszpa\u0144ski). Wspieramy rozw\u00f3j, uczymy praktycznie. Rekrutacja 2026\/27","breadcrumb":{"@id":"https:\/\/heliantus.pl\/szkola\/lekcje\/#breadcrumb"},"inLanguage":"pl-PL","potentialAction":[{"@type":"ReadAction","target":["https:\/\/heliantus.pl\/szkola\/lekcje\/"]}]},{"@type":"BreadcrumbList","@id":"https:\/\/heliantus.pl\/szkola\/lekcje\/#breadcrumb","itemListElement":[{"@type":"ListItem","position":1,"name":"Szko\u0142a Podstawowa","item":"https:\/\/heliantus.pl\/szkola\/"},{"@type":"ListItem","position":2,"name":"Lekcje"}]},{"@type":"WebSite","@id":"https:\/\/heliantus.pl\/szkola\/#website","url":"https:\/\/heliantus.pl\/szkola\/","name":"Szko\u0142a Podstawowa Heliantus | Niepubliczna szko\u0142a Ursyn\u00f3w, J\u00f3zefos\u0142aw | Programowanie, j\u0119zyki, matematyka","description":"MATEMATYKA INFORMATYKA J\u0118ZYKI","publisher":{"@id":"https:\/\/heliantus.pl\/szkola\/#organization"},"alternateName":"SP Heliantus","potentialAction":[{"@type":"SearchAction","target":{"@type":"EntryPoint","urlTemplate":"https:\/\/heliantus.pl\/szkola\/?s={search_term_string}"},"query-input":{"@type":"PropertyValueSpecification","valueRequired":true,"valueName":"search_term_string"}}],"inLanguage":"pl-PL"},{"@type":"Organization","@id":"https:\/\/heliantus.pl\/szkola\/#organization","name":"Szko\u0142a Podstawowa Heliantus","alternateName":"SP Heliantus","url":"https:\/\/heliantus.pl\/szkola\/","logo":{"@type":"ImageObject","inLanguage":"pl-PL","@id":"https:\/\/heliantus.pl\/szkola\/#\/schema\/logo\/image\/","url":"https:\/\/heliantus.pl\/szkola\/wp-content\/uploads\/2017\/06\/SzkolaHeliantus-logo.png","contentUrl":"https:\/\/heliantus.pl\/szkola\/wp-content\/uploads\/2017\/06\/SzkolaHeliantus-logo.png","width":736,"height":383,"caption":"Szko\u0142a Podstawowa Heliantus"},"image":{"@id":"https:\/\/heliantus.pl\/szkola\/#\/schema\/logo\/image\/"},"sameAs":["https:\/\/facebook.com\/SPHeliantus","https:\/\/www.youtube.com\/channel\/UCjcaE5GVlsROqRDHQFVe6AA"]},{"@type":"Person","@id":"https:\/\/heliantus.pl\/szkola\/#\/schema\/person\/a624713d1fe35413043b0557f7c923f7","name":"Micha\u0142 K\u0119ska","image":{"@type":"ImageObject","inLanguage":"pl-PL","@id":"https:\/\/secure.gravatar.com\/avatar\/ce6c43ad5dcc19d740ce48ca15b142320135e171dc0aaf39798cc0da24a5c044?s=96&d=mm&r=g","url":"https:\/\/secure.gravatar.com\/avatar\/ce6c43ad5dcc19d740ce48ca15b142320135e171dc0aaf39798cc0da24a5c044?s=96&d=mm&r=g","contentUrl":"https:\/\/secure.gravatar.com\/avatar\/ce6c43ad5dcc19d740ce48ca15b142320135e171dc0aaf39798cc0da24a5c044?s=96&d=mm&r=g","caption":"Micha\u0142 K\u0119ska"},"url":"https:\/\/heliantus.pl\/szkola\/author\/michal-keska\/"}]}},"amp_enabled":true,"_links":{"self":[{"href":"https:\/\/heliantus.pl\/szkola\/wp-json\/wp\/v2\/pages\/5999","targetHints":{"allow":["GET"]}}],"collection":[{"href":"https:\/\/heliantus.pl\/szkola\/wp-json\/wp\/v2\/pages"}],"about":[{"href":"https:\/\/heliantus.pl\/szkola\/wp-json\/wp\/v2\/types\/page"}],"author":[{"embeddable":true,"href":"https:\/\/heliantus.pl\/szkola\/wp-json\/wp\/v2\/users\/3"}],"replies":[{"embeddable":true,"href":"https:\/\/heliantus.pl\/szkola\/wp-json\/wp\/v2\/comments?post=5999"}],"version-history":[{"count":70,"href":"https:\/\/heliantus.pl\/szkola\/wp-json\/wp\/v2\/pages\/5999\/revisions"}],"predecessor-version":[{"id":6218,"href":"https:\/\/heliantus.pl\/szkola\/wp-json\/wp\/v2\/pages\/5999\/revisions\/6218"}],"wp:attachment":[{"href":"https:\/\/heliantus.pl\/szkola\/wp-json\/wp\/v2\/media?parent=5999"}],"curies":[{"name":"wp","href":"https:\/\/api.w.org\/{rel}","templated":true}]}}