{"id":5544,"date":"2022-11-18T14:05:19","date_gmt":"2022-11-18T13:05:19","guid":{"rendered":"https:\/\/heliantus.pl\/szkola\/?page_id=5544"},"modified":"2023-11-23T12:00:30","modified_gmt":"2023-11-23T11:00:30","slug":"konkursy-olimpiady","status":"publish","type":"page","link":"https:\/\/heliantus.pl\/szkola\/konkursy-olimpiady\/","title":{"rendered":"Konkursy, olimpiady"},"content":{"rendered":"\n<p>Rozwi\u0105zania zada\u0144 z kuratoryjnego konkursu z matematyki 2022<\/p>\n\n\n\n<div class=\"wp-block-file\"><a id=\"wp-block-file--media-b4450b66-54d3-4d58-a2f0-57437edc332a\" href=\"https:\/\/heliantus.pl\/szkola\/konkursy-olimpiady\/attachment\/konkurs\/\">KONKURS<\/a><a href=\"https:\/\/heliantus.pl\/szkola\/wp-content\/uploads\/2022\/11\/KONKURS.pdf\" class=\"wp-block-file__button wp-element-button\" download aria-describedby=\"wp-block-file--media-b4450b66-54d3-4d58-a2f0-57437edc332a\">Pobierz<\/a><\/div>\n\n\n\n<p>Chalenge problem for 50 PLN<\/p>\n\n\n        <div id=\"ep-gutenberg-content-c461ac97ffa8f153f733b69418a1f785\" class=\"ep-gutenberg-content aligncenter ep-percentage-width   ep-content-protection-disabled\">\n            <div class=\"embedpress-inner-iframe emebedpress-unit-percent ep-doc-c461ac97ffa8f153f733b69418a1f785\" style=\"max-width:600%\" id=\"embedpress-pdf-1700737223891\">\n                <div >\n                    <div class=\"ep-embed-content-wraper\"><div class=\"position-right-wraper gutenberg-pdf-wraper\"><iframe title=\"Challenge problem\" class=\"embedpress-embed-document-pdf embedpress-pdf-1700737223891\" style=\"width:600%;height:600px; max-width:100%; display: inline-block\" src=\"https:\/\/heliantus.pl\/szkola\/wp-admin\/admin-ajax.php?action=get_viewer&#038;file=https%3A%2F%2Fheliantus.pl%2Fszkola%2Fwp-content%2Fuploads%2F2023%2F11%2FChallenge-problem.pdf#key=dGhlbWVNb2RlPWRlZmF1bHQmdG9vbGJhcj10cnVlJnBvc2l0aW9uPXRvcCZwcmVzZW50YXRpb249dHJ1ZSZsYXp5TG9hZD1mYWxzZSZkb3dubG9hZD10cnVlJmNvcHlfdGV4dD10cnVlJmFkZF90ZXh0PXRydWUmZHJhdz1mYWxzZSZkb2Nfcm90YXRpb249dHJ1ZSZhZGRfaW1hZ2U9dHJ1ZSZkb2NfZGV0YWlscz10cnVlJnpvb21faW49dHJ1ZSZ6b29tX291dD10cnVlJmZpdF92aWV3PXRydWUmYm9va21hcms9dHJ1ZSZmbGlwYm9va190b29sYmFyX3Bvc2l0aW9uPWJvdHRvbSZzZWxlY3Rpb25fdG9vbD0wJnNjcm9sbGluZz0tMSZzcHJlYWRzPS0xJndhdGVybWFya190ZXh0PSZ3YXRlcm1hcmtfZm9udF9zaXplPTQ4JndhdGVybWFya19jb2xvcj0lMjMwMDAwMDAmd2F0ZXJtYXJrX29wYWNpdHk9MTUmd2F0ZXJtYXJrX3N0eWxlPWNlbnRlcg==\" frameborder=\"0\" oncontextmenu=\"return false;\"><\/iframe> <p class=\"embedpress-el-powered\">Powered By EmbedPress<\/p><\/div><\/div>                <\/div>\n            <\/div>\n        <\/div>\n    \n\n\n<p><\/p>\n","protected":false},"excerpt":{"rendered":"<p>Rozwi\u0105zania zada\u0144 z kuratoryjnego konkursu z matematyki 2022 Chalenge problem for 50 PLN<\/p>\n","protected":false},"author":3,"featured_media":0,"parent":0,"menu_order":0,"comment_status":"closed","ping_status":"closed","template":"","meta":{"_eb_attr":"","footnotes":""},"class_list":["post-5544","page","type-page","status-publish","hentry"],"yoast_head":"<!-- This site is optimized with the Yoast SEO plugin v27.6 - https:\/\/yoast.com\/product\/yoast-seo-wordpress\/ -->\n<title>Konkursy, olimpiady | Szko\u0142a Heliantus | Niepubliczna szko\u0142a Ursyn\u00f3w, J\u00f3zefos\u0142aw | Matematyka, programowanie, j\u0119zyki<\/title>\n<meta name=\"description\" content=\"Niepubliczna szko\u0142a podstawowa na Ursynowie (blisko J\u00f3zefos\u0142awia). Ma\u0142e klasy, programowanie, matematyka i j\u0119zyki obce (angielski, hiszpa\u0144ski). Wspieramy rozw\u00f3j, uczymy praktycznie. Rekrutacja 2026\/27\" \/>\n<meta name=\"robots\" content=\"index, follow, max-snippet:-1, max-image-preview:large, max-video-preview:-1\" \/>\n<link rel=\"canonical\" href=\"https:\/\/heliantus.pl\/szkola\/konkursy-olimpiady\/\" \/>\n<meta property=\"og:locale\" content=\"pl_PL\" \/>\n<meta property=\"og:type\" content=\"article\" \/>\n<meta property=\"og:title\" content=\"Konkursy, olimpiady | Szko\u0142a Heliantus | Niepubliczna szko\u0142a Ursyn\u00f3w, J\u00f3zefos\u0142aw | Matematyka, programowanie, j\u0119zyki\" \/>\n<meta property=\"og:description\" content=\"Niepubliczna szko\u0142a podstawowa na Ursynowie (blisko J\u00f3zefos\u0142awia). Ma\u0142e klasy, programowanie, matematyka i j\u0119zyki obce (angielski, hiszpa\u0144ski). Wspieramy rozw\u00f3j, uczymy praktycznie. Rekrutacja 2026\/27\" \/>\n<meta property=\"og:url\" content=\"https:\/\/heliantus.pl\/szkola\/konkursy-olimpiady\/\" \/>\n<meta property=\"og:site_name\" content=\"Szko\u0142a Podstawowa Heliantus\" \/>\n<meta property=\"article:publisher\" content=\"https:\/\/facebook.com\/SPHeliantus\" \/>\n<meta property=\"article:modified_time\" content=\"2023-11-23T11:00:30+00:00\" \/>\n<meta property=\"og:image\" content=\"https:\/\/heliantus.pl\/szkola\/wp-content\/uploads\/2017\/10\/Logo_sm.png\" \/>\n\t<meta property=\"og:image:width\" content=\"155\" \/>\n\t<meta property=\"og:image:height\" content=\"80\" \/>\n\t<meta property=\"og:image:type\" content=\"image\/png\" \/>\n<meta name=\"twitter:card\" content=\"summary_large_image\" \/>\n<meta name=\"twitter:label1\" content=\"Szacowany czas czytania\" \/>\n\t<meta name=\"twitter:data1\" content=\"1 minuta\" \/>\n<script type=\"application\/ld+json\" class=\"yoast-schema-graph\">{\"@context\":\"https:\\\/\\\/schema.org\",\"@graph\":[{\"@type\":\"Article\",\"@id\":\"https:\\\/\\\/heliantus.pl\\\/szkola\\\/konkursy-olimpiady\\\/#article\",\"isPartOf\":{\"@id\":\"https:\\\/\\\/heliantus.pl\\\/szkola\\\/konkursy-olimpiady\\\/\"},\"author\":{\"name\":\"Micha\u0142 K\u0119ska\",\"@id\":\"https:\\\/\\\/heliantus.pl\\\/szkola\\\/#\\\/schema\\\/person\\\/a624713d1fe35413043b0557f7c923f7\"},\"headline\":\"Konkursy, olimpiady\",\"datePublished\":\"2022-11-18T13:05:19+00:00\",\"dateModified\":\"2023-11-23T11:00:30+00:00\",\"mainEntityOfPage\":{\"@id\":\"https:\\\/\\\/heliantus.pl\\\/szkola\\\/konkursy-olimpiady\\\/\"},\"wordCount\":16,\"publisher\":{\"@id\":\"https:\\\/\\\/heliantus.pl\\\/szkola\\\/#organization\"},\"inLanguage\":\"pl-PL\"},{\"@type\":\"WebPage\",\"@id\":\"https:\\\/\\\/heliantus.pl\\\/szkola\\\/konkursy-olimpiady\\\/\",\"url\":\"https:\\\/\\\/heliantus.pl\\\/szkola\\\/konkursy-olimpiady\\\/\",\"name\":\"Konkursy, olimpiady | Szko\u0142a Heliantus | Niepubliczna szko\u0142a Ursyn\u00f3w, J\u00f3zefos\u0142aw | Matematyka, programowanie, j\u0119zyki\",\"isPartOf\":{\"@id\":\"https:\\\/\\\/heliantus.pl\\\/szkola\\\/#website\"},\"datePublished\":\"2022-11-18T13:05:19+00:00\",\"dateModified\":\"2023-11-23T11:00:30+00:00\",\"description\":\"Niepubliczna szko\u0142a podstawowa na Ursynowie (blisko J\u00f3zefos\u0142awia). Ma\u0142e klasy, programowanie, matematyka i j\u0119zyki obce (angielski, hiszpa\u0144ski). Wspieramy rozw\u00f3j, uczymy praktycznie. Rekrutacja 2026\\\/27\",\"breadcrumb\":{\"@id\":\"https:\\\/\\\/heliantus.pl\\\/szkola\\\/konkursy-olimpiady\\\/#breadcrumb\"},\"inLanguage\":\"pl-PL\",\"potentialAction\":[{\"@type\":\"ReadAction\",\"target\":[\"https:\\\/\\\/heliantus.pl\\\/szkola\\\/konkursy-olimpiady\\\/\"]}]},{\"@type\":\"BreadcrumbList\",\"@id\":\"https:\\\/\\\/heliantus.pl\\\/szkola\\\/konkursy-olimpiady\\\/#breadcrumb\",\"itemListElement\":[{\"@type\":\"ListItem\",\"position\":1,\"name\":\"Szko\u0142a Podstawowa\",\"item\":\"https:\\\/\\\/heliantus.pl\\\/szkola\\\/\"},{\"@type\":\"ListItem\",\"position\":2,\"name\":\"Konkursy, olimpiady\"}]},{\"@type\":\"WebSite\",\"@id\":\"https:\\\/\\\/heliantus.pl\\\/szkola\\\/#website\",\"url\":\"https:\\\/\\\/heliantus.pl\\\/szkola\\\/\",\"name\":\"Szko\u0142a Podstawowa Heliantus | Niepubliczna szko\u0142a Ursyn\u00f3w, J\u00f3zefos\u0142aw | Programowanie, j\u0119zyki, matematyka\",\"description\":\"MATEMATYKA INFORMATYKA J\u0118ZYKI\",\"publisher\":{\"@id\":\"https:\\\/\\\/heliantus.pl\\\/szkola\\\/#organization\"},\"alternateName\":\"SP Heliantus\",\"potentialAction\":[{\"@type\":\"SearchAction\",\"target\":{\"@type\":\"EntryPoint\",\"urlTemplate\":\"https:\\\/\\\/heliantus.pl\\\/szkola\\\/?s={search_term_string}\"},\"query-input\":{\"@type\":\"PropertyValueSpecification\",\"valueRequired\":true,\"valueName\":\"search_term_string\"}}],\"inLanguage\":\"pl-PL\"},{\"@type\":\"Organization\",\"@id\":\"https:\\\/\\\/heliantus.pl\\\/szkola\\\/#organization\",\"name\":\"Szko\u0142a Podstawowa Heliantus\",\"alternateName\":\"SP Heliantus\",\"url\":\"https:\\\/\\\/heliantus.pl\\\/szkola\\\/\",\"logo\":{\"@type\":\"ImageObject\",\"inLanguage\":\"pl-PL\",\"@id\":\"https:\\\/\\\/heliantus.pl\\\/szkola\\\/#\\\/schema\\\/logo\\\/image\\\/\",\"url\":\"https:\\\/\\\/heliantus.pl\\\/szkola\\\/wp-content\\\/uploads\\\/2017\\\/06\\\/SzkolaHeliantus-logo.png\",\"contentUrl\":\"https:\\\/\\\/heliantus.pl\\\/szkola\\\/wp-content\\\/uploads\\\/2017\\\/06\\\/SzkolaHeliantus-logo.png\",\"width\":736,\"height\":383,\"caption\":\"Szko\u0142a Podstawowa Heliantus\"},\"image\":{\"@id\":\"https:\\\/\\\/heliantus.pl\\\/szkola\\\/#\\\/schema\\\/logo\\\/image\\\/\"},\"sameAs\":[\"https:\\\/\\\/facebook.com\\\/SPHeliantus\",\"https:\\\/\\\/www.youtube.com\\\/channel\\\/UCjcaE5GVlsROqRDHQFVe6AA\"]},{\"@type\":\"Person\",\"@id\":\"https:\\\/\\\/heliantus.pl\\\/szkola\\\/#\\\/schema\\\/person\\\/a624713d1fe35413043b0557f7c923f7\",\"name\":\"Micha\u0142 K\u0119ska\",\"image\":{\"@type\":\"ImageObject\",\"inLanguage\":\"pl-PL\",\"@id\":\"https:\\\/\\\/secure.gravatar.com\\\/avatar\\\/ce6c43ad5dcc19d740ce48ca15b142320135e171dc0aaf39798cc0da24a5c044?s=96&d=mm&r=g\",\"url\":\"https:\\\/\\\/secure.gravatar.com\\\/avatar\\\/ce6c43ad5dcc19d740ce48ca15b142320135e171dc0aaf39798cc0da24a5c044?s=96&d=mm&r=g\",\"contentUrl\":\"https:\\\/\\\/secure.gravatar.com\\\/avatar\\\/ce6c43ad5dcc19d740ce48ca15b142320135e171dc0aaf39798cc0da24a5c044?s=96&d=mm&r=g\",\"caption\":\"Micha\u0142 K\u0119ska\"},\"url\":\"https:\\\/\\\/heliantus.pl\\\/szkola\\\/author\\\/michal-keska\\\/\"}]}<\/script>\n<!-- \/ Yoast SEO plugin. -->","yoast_head_json":{"title":"Konkursy, olimpiady | Szko\u0142a Heliantus | Niepubliczna szko\u0142a Ursyn\u00f3w, J\u00f3zefos\u0142aw | Matematyka, programowanie, j\u0119zyki","description":"Niepubliczna szko\u0142a podstawowa na Ursynowie (blisko J\u00f3zefos\u0142awia). Ma\u0142e klasy, programowanie, matematyka i j\u0119zyki obce (angielski, hiszpa\u0144ski). Wspieramy rozw\u00f3j, uczymy praktycznie. Rekrutacja 2026\/27","robots":{"index":"index","follow":"follow","max-snippet":"max-snippet:-1","max-image-preview":"max-image-preview:large","max-video-preview":"max-video-preview:-1"},"canonical":"https:\/\/heliantus.pl\/szkola\/konkursy-olimpiady\/","og_locale":"pl_PL","og_type":"article","og_title":"Konkursy, olimpiady | Szko\u0142a Heliantus | Niepubliczna szko\u0142a Ursyn\u00f3w, J\u00f3zefos\u0142aw | Matematyka, programowanie, j\u0119zyki","og_description":"Niepubliczna szko\u0142a podstawowa na Ursynowie (blisko J\u00f3zefos\u0142awia). Ma\u0142e klasy, programowanie, matematyka i j\u0119zyki obce (angielski, hiszpa\u0144ski). Wspieramy rozw\u00f3j, uczymy praktycznie. Rekrutacja 2026\/27","og_url":"https:\/\/heliantus.pl\/szkola\/konkursy-olimpiady\/","og_site_name":"Szko\u0142a Podstawowa Heliantus","article_publisher":"https:\/\/facebook.com\/SPHeliantus","article_modified_time":"2023-11-23T11:00:30+00:00","og_image":[{"width":155,"height":80,"url":"https:\/\/heliantus.pl\/szkola\/wp-content\/uploads\/2017\/10\/Logo_sm.png","type":"image\/png"}],"twitter_card":"summary_large_image","twitter_misc":{"Szacowany czas czytania":"1 minuta"},"schema":{"@context":"https:\/\/schema.org","@graph":[{"@type":"Article","@id":"https:\/\/heliantus.pl\/szkola\/konkursy-olimpiady\/#article","isPartOf":{"@id":"https:\/\/heliantus.pl\/szkola\/konkursy-olimpiady\/"},"author":{"name":"Micha\u0142 K\u0119ska","@id":"https:\/\/heliantus.pl\/szkola\/#\/schema\/person\/a624713d1fe35413043b0557f7c923f7"},"headline":"Konkursy, olimpiady","datePublished":"2022-11-18T13:05:19+00:00","dateModified":"2023-11-23T11:00:30+00:00","mainEntityOfPage":{"@id":"https:\/\/heliantus.pl\/szkola\/konkursy-olimpiady\/"},"wordCount":16,"publisher":{"@id":"https:\/\/heliantus.pl\/szkola\/#organization"},"inLanguage":"pl-PL"},{"@type":"WebPage","@id":"https:\/\/heliantus.pl\/szkola\/konkursy-olimpiady\/","url":"https:\/\/heliantus.pl\/szkola\/konkursy-olimpiady\/","name":"Konkursy, olimpiady | Szko\u0142a Heliantus | Niepubliczna szko\u0142a Ursyn\u00f3w, J\u00f3zefos\u0142aw | Matematyka, programowanie, j\u0119zyki","isPartOf":{"@id":"https:\/\/heliantus.pl\/szkola\/#website"},"datePublished":"2022-11-18T13:05:19+00:00","dateModified":"2023-11-23T11:00:30+00:00","description":"Niepubliczna szko\u0142a podstawowa na Ursynowie (blisko J\u00f3zefos\u0142awia). Ma\u0142e klasy, programowanie, matematyka i j\u0119zyki obce (angielski, hiszpa\u0144ski). Wspieramy rozw\u00f3j, uczymy praktycznie. Rekrutacja 2026\/27","breadcrumb":{"@id":"https:\/\/heliantus.pl\/szkola\/konkursy-olimpiady\/#breadcrumb"},"inLanguage":"pl-PL","potentialAction":[{"@type":"ReadAction","target":["https:\/\/heliantus.pl\/szkola\/konkursy-olimpiady\/"]}]},{"@type":"BreadcrumbList","@id":"https:\/\/heliantus.pl\/szkola\/konkursy-olimpiady\/#breadcrumb","itemListElement":[{"@type":"ListItem","position":1,"name":"Szko\u0142a Podstawowa","item":"https:\/\/heliantus.pl\/szkola\/"},{"@type":"ListItem","position":2,"name":"Konkursy, olimpiady"}]},{"@type":"WebSite","@id":"https:\/\/heliantus.pl\/szkola\/#website","url":"https:\/\/heliantus.pl\/szkola\/","name":"Szko\u0142a Podstawowa Heliantus | Niepubliczna szko\u0142a Ursyn\u00f3w, J\u00f3zefos\u0142aw | Programowanie, j\u0119zyki, matematyka","description":"MATEMATYKA INFORMATYKA J\u0118ZYKI","publisher":{"@id":"https:\/\/heliantus.pl\/szkola\/#organization"},"alternateName":"SP Heliantus","potentialAction":[{"@type":"SearchAction","target":{"@type":"EntryPoint","urlTemplate":"https:\/\/heliantus.pl\/szkola\/?s={search_term_string}"},"query-input":{"@type":"PropertyValueSpecification","valueRequired":true,"valueName":"search_term_string"}}],"inLanguage":"pl-PL"},{"@type":"Organization","@id":"https:\/\/heliantus.pl\/szkola\/#organization","name":"Szko\u0142a Podstawowa Heliantus","alternateName":"SP Heliantus","url":"https:\/\/heliantus.pl\/szkola\/","logo":{"@type":"ImageObject","inLanguage":"pl-PL","@id":"https:\/\/heliantus.pl\/szkola\/#\/schema\/logo\/image\/","url":"https:\/\/heliantus.pl\/szkola\/wp-content\/uploads\/2017\/06\/SzkolaHeliantus-logo.png","contentUrl":"https:\/\/heliantus.pl\/szkola\/wp-content\/uploads\/2017\/06\/SzkolaHeliantus-logo.png","width":736,"height":383,"caption":"Szko\u0142a Podstawowa Heliantus"},"image":{"@id":"https:\/\/heliantus.pl\/szkola\/#\/schema\/logo\/image\/"},"sameAs":["https:\/\/facebook.com\/SPHeliantus","https:\/\/www.youtube.com\/channel\/UCjcaE5GVlsROqRDHQFVe6AA"]},{"@type":"Person","@id":"https:\/\/heliantus.pl\/szkola\/#\/schema\/person\/a624713d1fe35413043b0557f7c923f7","name":"Micha\u0142 K\u0119ska","image":{"@type":"ImageObject","inLanguage":"pl-PL","@id":"https:\/\/secure.gravatar.com\/avatar\/ce6c43ad5dcc19d740ce48ca15b142320135e171dc0aaf39798cc0da24a5c044?s=96&d=mm&r=g","url":"https:\/\/secure.gravatar.com\/avatar\/ce6c43ad5dcc19d740ce48ca15b142320135e171dc0aaf39798cc0da24a5c044?s=96&d=mm&r=g","contentUrl":"https:\/\/secure.gravatar.com\/avatar\/ce6c43ad5dcc19d740ce48ca15b142320135e171dc0aaf39798cc0da24a5c044?s=96&d=mm&r=g","caption":"Micha\u0142 K\u0119ska"},"url":"https:\/\/heliantus.pl\/szkola\/author\/michal-keska\/"}]}},"amp_enabled":true,"_links":{"self":[{"href":"https:\/\/heliantus.pl\/szkola\/wp-json\/wp\/v2\/pages\/5544","targetHints":{"allow":["GET"]}}],"collection":[{"href":"https:\/\/heliantus.pl\/szkola\/wp-json\/wp\/v2\/pages"}],"about":[{"href":"https:\/\/heliantus.pl\/szkola\/wp-json\/wp\/v2\/types\/page"}],"author":[{"embeddable":true,"href":"https:\/\/heliantus.pl\/szkola\/wp-json\/wp\/v2\/users\/3"}],"replies":[{"embeddable":true,"href":"https:\/\/heliantus.pl\/szkola\/wp-json\/wp\/v2\/comments?post=5544"}],"version-history":[{"count":1,"href":"https:\/\/heliantus.pl\/szkola\/wp-json\/wp\/v2\/pages\/5544\/revisions"}],"predecessor-version":[{"id":6484,"href":"https:\/\/heliantus.pl\/szkola\/wp-json\/wp\/v2\/pages\/5544\/revisions\/6484"}],"wp:attachment":[{"href":"https:\/\/heliantus.pl\/szkola\/wp-json\/wp\/v2\/media?parent=5544"}],"curies":[{"name":"wp","href":"https:\/\/api.w.org\/{rel}","templated":true}]}}