{"id":5271,"date":"2022-05-08T22:17:22","date_gmt":"2022-05-08T21:17:22","guid":{"rendered":"https:\/\/heliantus.pl\/szkola\/?page_id=5271"},"modified":"2023-03-03T10:50:03","modified_gmt":"2023-03-03T09:50:03","slug":"zarzad","status":"publish","type":"page","link":"https:\/\/heliantus.pl\/szkola\/zarzad\/","title":{"rendered":"Organ Prowadz\u0105cy"},"content":{"rendered":"\n<p>Organem prowadz\u0105cym Szko\u0142\u0119 jest Heliantus sp\u00f3\u0142ka z o.o.<\/p>\n\n\n\n<p>W marcu 2023 roku Sp\u00f3\u0142ka Heliantus sp. z o.o. uzyska\u0142a certyfikat Rzetelnej Firmy<\/p>\n\n\n\n<a target=\"_blank\" href=\"https:\/\/wizytowka.rzetelnafirma.pl\/0BE4LKHC\" rel=\"follow noopener\"> <img decoding=\"async\" src=\"https:\/\/aktywnybaner.rzetelnafirma.pl\/ActiveBanner\/GetActiveBannerImage\/19\/0BE4LKHC\" style=\"border:none;\"><\/a>\n\n\n\n<p><strong>Zarz\u0105d sp\u00f3\u0142ki stanowi\u0105:<\/strong><\/p>\n\n\n\n<p>Prof. dr Tadeusz Sty\u015b<\/p>\n\n\n\n<p>Prezes, Heliantus Sp\u00f3\u0142ka z o.o.<\/p>\n\n\n\n<figure class=\"wp-block-image size-large\"><a href=\"https:\/\/heliantus.pl\/szkola\/wp-content\/uploads\/2022\/05\/Kopia-IMG_4090.jpg\" data-rel=\"lightbox-gallery-PKS5emFL\" data-rl_title=\"\" data-rl_caption=\"\" title=\"\"><img fetchpriority=\"high\" decoding=\"async\" width=\"952\" height=\"1024\" src=\"https:\/\/heliantus.pl\/szkola\/wp-content\/uploads\/2022\/05\/Kopia-IMG_4090-952x1024.jpg\" alt=\"\" class=\"wp-image-5276\" srcset=\"https:\/\/heliantus.pl\/szkola\/wp-content\/uploads\/2022\/05\/Kopia-IMG_4090-952x1024.jpg 952w, https:\/\/heliantus.pl\/szkola\/wp-content\/uploads\/2022\/05\/Kopia-IMG_4090-279x300.jpg 279w, https:\/\/heliantus.pl\/szkola\/wp-content\/uploads\/2022\/05\/Kopia-IMG_4090-768x826.jpg 768w, https:\/\/heliantus.pl\/szkola\/wp-content\/uploads\/2022\/05\/Kopia-IMG_4090-1429x1536.jpg 1429w, https:\/\/heliantus.pl\/szkola\/wp-content\/uploads\/2022\/05\/Kopia-IMG_4090-251x270.jpg 251w, https:\/\/heliantus.pl\/szkola\/wp-content\/uploads\/2022\/05\/Kopia-IMG_4090.jpg 1741w\" sizes=\"(max-width: 952px) 100vw, 952px\" \/><\/a><figcaption class=\"wp-element-caption\">Pa\u0144stwo Krystyna i Tadeusz Sty\u015b<\/figcaption><\/figure>\n\n\n\n<p>Prof. dr Tadeusz Sty\u015b uko\u0144czy\u0142 studia magisterskie w 1960 r ., a potem uzyska\u0142 stopie\u0144 doktora matematyki na Uniwersytecie Warszawskim. W okresie 50 lat pracy akademickiej opublikowa\u0142 ponad 40 artyku\u0142\u00f3w i kilka podr\u0119cznik\u00f3w z Analizy Numerycznej i Matematyki Stosowanej. W latach 1968 &#8211; 1980 pracowa\u0142 na Uniwersytecie Warszawskim na Wydziale Matematyki, Informatyki i Mechaniki. Wyk\u0142ada\u0142 g\u0142\u00f3wnie metody numeryczne i prowadzi\u0142 seminaria magisterskie dla studi\u00f3w stacjonarnych i zaocznych. By\u0142 opiekunem kilkudziesi\u0119ciu prac magisterskich. Opr\u00f3cz wyk\u0142ad\u00f3w na UW, dr Tadeusz Sty\u015b wyk\u0142ada\u0142 metody numeryczne na Politechnice Warszawskiej, Uniwersytecie Gda\u0144skim a tak\u017ce Analiz\u0119 Matematyczn\u0105 w Szkole G\u0142\u00f3wnej Planowania i Statystyki (SGPIS).<\/p>\n\n\n\n<p>W latach 1980 &#8211; 1987 pracowa\u0142 na Uniwersytecie w Jos w Nigerii (UNIJOS) na stanowisku profesora uczelni. Pe\u0142ni\u0142 r\u00f3wnie\u017c funkcj\u0119 kierownika Departamentu Matematyki.. W 1987 roku przeni\u00f3s\u0142 si\u0119 do pracy w Botswanie (University of Botswana. U.B.), gdzie przez ponad 20 lat wyk\u0142ada\u0142 matematyk\u0119, awansuj\u0105c kolejno od stanowiska starszego wyk\u0142adowcy, profesora uczelnianego do profesora nadzwyczajnego. Prowadzi\u0142 r\u00f3wnie\u017c wyk\u0142ady monograficzne na studiach licencjackich, magisterskich i doktoranckich. By\u0142 promotorem wielu prac licencjackich, magisterskich i jednej pracy doktorskiej.<\/p>\n\n\n\n<p>Jest autorem sze\u015bciu podr\u0119cznik\u00f3w akademickich, dw\u00f3ch monografii, 26 publikacji w referowanych czasopismach naukowych (w tym kilka w j. rosyjskim i 23 w j. angielskim), trzech artyku\u0142\u00f3w w prasie w Botswanie, artyku\u0142u w biografii prof. Warmusa; prowadzi\u0142 wyk\u0142ad inauguracyjny na uniwersytecie w Botswanie (2004), ponad 30 odczyt\u00f3w na mi\u0119dzynarodowych konferencjach naukowych, by\u0142 recenzentem w wiod\u0105cych czasopismach po\u015bwi\u0119conych matematyce m.in. Matemathical Reviews in Numerical Analysis, Journal Computational and Applied Mathematics, Journal The African Academy of Sciencs, Discovery and Innovation, Mediterrenean Journal of Mathematics.<\/p>\n\n\n\n<h3 class=\"wp-block-heading\">Dr Krystyna Sty\u015b<\/h3>\n\n\n\n<p>Wiceprezes, Heliantus Sp\u00f3\u0142ka z o.o<\/p>\n\n\n\n<p>Dr. Krystyna Sty\u015b uko\u0144czy\u0142a studia magisterskie (1965) i uzyska\u0142a stopie\u0144 doktora nauk matematycznych (1972) na <strong>Uniwersytecie Warszawskim<\/strong>. Pracowa\u0142a zawodowo ponad 45 lat, w tym 34 lata jako nauczyciel akademicki i 7 lat w zarz\u0105dzaniu o\u015bwiat\u0105. Prowadzi\u0142a wyk\u0142ady z Rachunku Prawdopodobie\u0144stwa, Statystyki, Analizy Matematycznej i Informatyki, Dla ka\u017cdego z tych przedmiot\u00f3w napisa\u0142a podr\u0119czniki, kt\u00f3re by\u0142y wysoko oceniane przez egzaminator\u00f3w zewn\u0119trznych Otrzyma\u0142a te\u017c pozytywne recenzje z innych uniwersytet\u00f3w, w szczeg\u00f3lno\u015bci z <strong>Uniwersytetu w Cambridge, UK<\/strong>. Opublikowa\u0142a ponad 30 artyku\u0142\u00f3w i kilka podr\u0119cznik\u00f3w akademickich. Rozpocz\u0119\u0142a prac\u0119 w <strong>Centrum Obliczeniowym PAN<\/strong> (1964-1968). Od roku 1968 do roku 1981 pracowa\u0142a na wydziale <strong>Matematyki, Informatyki i Mechaniki UW<\/strong>.<\/p>\n\n\n\n<p>W latach 1981-1987 pracowa\u0142a na Uniwersytecie w Jos, Nigeria, nast\u0119pnie przenios\u0142a si\u0119 do pracy<br>w Kr\u00f3lestwie Swaziland (1987-1988), a potem na Uniwersytet w Botswanie (1988-2002).<\/p>\n\n\n\n<p><strong>Pa\u0144stwo Krystyna i Tadeusz Sty\u015b 5 maja 2022 roku zostali odznaczeni medalami Komisji Edukacji Narodowej za ca\u0142okszta\u0142t pracy dydaktycznej i o\u015bwiatowej.<\/strong><\/p>\n\n\n\n<p><\/p>\n\n\n\n<p><\/p>\n\n\n\n<h3 class=\"wp-block-heading\">Mgr Magdalena Miko\u0142ajczyk<\/h3>\n\n\n\n<p>Sekretarz Prezesa, &nbsp;Heliantus Sp\u00f3\u0142ka z o.o.<\/p>\n","protected":false},"excerpt":{"rendered":"<p>Organem prowadz\u0105cym Szko\u0142\u0119 jest Heliantus sp\u00f3\u0142ka z o.o. W marcu 2023 roku Sp\u00f3\u0142ka Heliantus sp. z o.o. uzyska\u0142a certyfikat Rzetelnej Firmy Zarz\u0105d sp\u00f3\u0142ki stanowi\u0105: Prof. dr Tadeusz Sty\u015b Prezes, Heliantus Sp\u00f3\u0142ka z o.o. Prof. dr Tadeusz Sty\u015b uko\u0144czy\u0142 studia magisterskie <a href=\"https:\/\/heliantus.pl\/szkola\/zarzad\/\" class=\"read-more\">Czytaj dalej &#8230;<\/a><\/p>\n","protected":false},"author":3,"featured_media":0,"parent":0,"menu_order":0,"comment_status":"closed","ping_status":"closed","template":"","meta":{"_eb_attr":"","footnotes":""},"class_list":["post-5271","page","type-page","status-publish","hentry"],"yoast_head":"<!-- This site is optimized with the Yoast SEO plugin v27.6 - https:\/\/yoast.com\/product\/yoast-seo-wordpress\/ -->\n<title>Organ Prowadz\u0105cy | Szko\u0142a Heliantus | Niepubliczna szko\u0142a Ursyn\u00f3w, J\u00f3zefos\u0142aw | Matematyka, programowanie, j\u0119zyki<\/title>\n<meta name=\"description\" content=\"Krystyna i Tadeusz Sty\u015b odznaczeni medalem KEN. Zarz\u0105d sp\u00f3\u0142ki Heliantus sp. z o.o. w Warszawie, organ prowadz\u0105cy Szko\u0142\u0119 Heliantus\" \/>\n<meta name=\"robots\" content=\"index, follow, max-snippet:-1, max-image-preview:large, max-video-preview:-1\" \/>\n<link rel=\"canonical\" href=\"https:\/\/heliantus.pl\/szkola\/zarzad\/\" \/>\n<meta property=\"og:locale\" content=\"pl_PL\" \/>\n<meta property=\"og:type\" content=\"article\" \/>\n<meta property=\"og:title\" content=\"Organ Prowadz\u0105cy | Szko\u0142a Heliantus | Niepubliczna szko\u0142a Ursyn\u00f3w, J\u00f3zefos\u0142aw | Matematyka, programowanie, j\u0119zyki\" \/>\n<meta property=\"og:description\" content=\"Krystyna i Tadeusz Sty\u015b odznaczeni medalem KEN. Zarz\u0105d sp\u00f3\u0142ki Heliantus sp. z o.o. w Warszawie, organ prowadz\u0105cy Szko\u0142\u0119 Heliantus\" \/>\n<meta property=\"og:url\" content=\"https:\/\/heliantus.pl\/szkola\/zarzad\/\" \/>\n<meta property=\"og:site_name\" content=\"Szko\u0142a Podstawowa Heliantus\" \/>\n<meta property=\"article:publisher\" content=\"https:\/\/facebook.com\/SPHeliantus\" \/>\n<meta property=\"article:modified_time\" content=\"2023-03-03T09:50:03+00:00\" \/>\n<meta property=\"og:image\" content=\"https:\/\/aktywnybaner.rzetelnafirma.pl\/ActiveBanner\/GetActiveBannerImage\/19\/0BE4LKHC\" \/>\n<meta name=\"twitter:card\" content=\"summary_large_image\" \/>\n<meta name=\"twitter:label1\" content=\"Szacowany czas czytania\" \/>\n\t<meta name=\"twitter:data1\" content=\"4 minuty\" \/>\n<script type=\"application\/ld+json\" class=\"yoast-schema-graph\">{\"@context\":\"https:\\\/\\\/schema.org\",\"@graph\":[{\"@type\":\"Article\",\"@id\":\"https:\\\/\\\/heliantus.pl\\\/szkola\\\/zarzad\\\/#article\",\"isPartOf\":{\"@id\":\"https:\\\/\\\/heliantus.pl\\\/szkola\\\/zarzad\\\/\"},\"author\":{\"name\":\"Micha\u0142 K\u0119ska\",\"@id\":\"https:\\\/\\\/heliantus.pl\\\/szkola\\\/#\\\/schema\\\/person\\\/a624713d1fe35413043b0557f7c923f7\"},\"headline\":\"Organ Prowadz\u0105cy\",\"datePublished\":\"2022-05-08T21:17:22+00:00\",\"dateModified\":\"2023-03-03T09:50:03+00:00\",\"mainEntityOfPage\":{\"@id\":\"https:\\\/\\\/heliantus.pl\\\/szkola\\\/zarzad\\\/\"},\"wordCount\":522,\"publisher\":{\"@id\":\"https:\\\/\\\/heliantus.pl\\\/szkola\\\/#organization\"},\"image\":{\"@id\":\"https:\\\/\\\/heliantus.pl\\\/szkola\\\/zarzad\\\/#primaryimage\"},\"thumbnailUrl\":\"https:\\\/\\\/aktywnybaner.rzetelnafirma.pl\\\/ActiveBanner\\\/GetActiveBannerImage\\\/19\\\/0BE4LKHC\",\"inLanguage\":\"pl-PL\"},{\"@type\":\"WebPage\",\"@id\":\"https:\\\/\\\/heliantus.pl\\\/szkola\\\/zarzad\\\/\",\"url\":\"https:\\\/\\\/heliantus.pl\\\/szkola\\\/zarzad\\\/\",\"name\":\"Organ Prowadz\u0105cy | Szko\u0142a Heliantus | Niepubliczna szko\u0142a Ursyn\u00f3w, J\u00f3zefos\u0142aw | Matematyka, programowanie, j\u0119zyki\",\"isPartOf\":{\"@id\":\"https:\\\/\\\/heliantus.pl\\\/szkola\\\/#website\"},\"primaryImageOfPage\":{\"@id\":\"https:\\\/\\\/heliantus.pl\\\/szkola\\\/zarzad\\\/#primaryimage\"},\"image\":{\"@id\":\"https:\\\/\\\/heliantus.pl\\\/szkola\\\/zarzad\\\/#primaryimage\"},\"thumbnailUrl\":\"https:\\\/\\\/aktywnybaner.rzetelnafirma.pl\\\/ActiveBanner\\\/GetActiveBannerImage\\\/19\\\/0BE4LKHC\",\"datePublished\":\"2022-05-08T21:17:22+00:00\",\"dateModified\":\"2023-03-03T09:50:03+00:00\",\"description\":\"Krystyna i Tadeusz Sty\u015b odznaczeni medalem KEN. Zarz\u0105d sp\u00f3\u0142ki Heliantus sp. z o.o. w Warszawie, organ prowadz\u0105cy Szko\u0142\u0119 Heliantus\",\"breadcrumb\":{\"@id\":\"https:\\\/\\\/heliantus.pl\\\/szkola\\\/zarzad\\\/#breadcrumb\"},\"inLanguage\":\"pl-PL\",\"potentialAction\":[{\"@type\":\"ReadAction\",\"target\":[\"https:\\\/\\\/heliantus.pl\\\/szkola\\\/zarzad\\\/\"]}]},{\"@type\":\"ImageObject\",\"inLanguage\":\"pl-PL\",\"@id\":\"https:\\\/\\\/heliantus.pl\\\/szkola\\\/zarzad\\\/#primaryimage\",\"url\":\"https:\\\/\\\/aktywnybaner.rzetelnafirma.pl\\\/ActiveBanner\\\/GetActiveBannerImage\\\/19\\\/0BE4LKHC\",\"contentUrl\":\"https:\\\/\\\/aktywnybaner.rzetelnafirma.pl\\\/ActiveBanner\\\/GetActiveBannerImage\\\/19\\\/0BE4LKHC\"},{\"@type\":\"BreadcrumbList\",\"@id\":\"https:\\\/\\\/heliantus.pl\\\/szkola\\\/zarzad\\\/#breadcrumb\",\"itemListElement\":[{\"@type\":\"ListItem\",\"position\":1,\"name\":\"Szko\u0142a Podstawowa\",\"item\":\"https:\\\/\\\/heliantus.pl\\\/szkola\\\/\"},{\"@type\":\"ListItem\",\"position\":2,\"name\":\"Organ Prowadz\u0105cy\"}]},{\"@type\":\"WebSite\",\"@id\":\"https:\\\/\\\/heliantus.pl\\\/szkola\\\/#website\",\"url\":\"https:\\\/\\\/heliantus.pl\\\/szkola\\\/\",\"name\":\"Szko\u0142a Podstawowa Heliantus | Niepubliczna szko\u0142a Ursyn\u00f3w, J\u00f3zefos\u0142aw | Programowanie, j\u0119zyki, matematyka\",\"description\":\"MATEMATYKA INFORMATYKA J\u0118ZYKI\",\"publisher\":{\"@id\":\"https:\\\/\\\/heliantus.pl\\\/szkola\\\/#organization\"},\"alternateName\":\"SP Heliantus\",\"potentialAction\":[{\"@type\":\"SearchAction\",\"target\":{\"@type\":\"EntryPoint\",\"urlTemplate\":\"https:\\\/\\\/heliantus.pl\\\/szkola\\\/?s={search_term_string}\"},\"query-input\":{\"@type\":\"PropertyValueSpecification\",\"valueRequired\":true,\"valueName\":\"search_term_string\"}}],\"inLanguage\":\"pl-PL\"},{\"@type\":\"Organization\",\"@id\":\"https:\\\/\\\/heliantus.pl\\\/szkola\\\/#organization\",\"name\":\"Szko\u0142a Podstawowa Heliantus\",\"alternateName\":\"SP Heliantus\",\"url\":\"https:\\\/\\\/heliantus.pl\\\/szkola\\\/\",\"logo\":{\"@type\":\"ImageObject\",\"inLanguage\":\"pl-PL\",\"@id\":\"https:\\\/\\\/heliantus.pl\\\/szkola\\\/#\\\/schema\\\/logo\\\/image\\\/\",\"url\":\"https:\\\/\\\/heliantus.pl\\\/szkola\\\/wp-content\\\/uploads\\\/2017\\\/06\\\/SzkolaHeliantus-logo.png\",\"contentUrl\":\"https:\\\/\\\/heliantus.pl\\\/szkola\\\/wp-content\\\/uploads\\\/2017\\\/06\\\/SzkolaHeliantus-logo.png\",\"width\":736,\"height\":383,\"caption\":\"Szko\u0142a Podstawowa Heliantus\"},\"image\":{\"@id\":\"https:\\\/\\\/heliantus.pl\\\/szkola\\\/#\\\/schema\\\/logo\\\/image\\\/\"},\"sameAs\":[\"https:\\\/\\\/facebook.com\\\/SPHeliantus\",\"https:\\\/\\\/www.youtube.com\\\/channel\\\/UCjcaE5GVlsROqRDHQFVe6AA\"]},{\"@type\":\"Person\",\"@id\":\"https:\\\/\\\/heliantus.pl\\\/szkola\\\/#\\\/schema\\\/person\\\/a624713d1fe35413043b0557f7c923f7\",\"name\":\"Micha\u0142 K\u0119ska\",\"image\":{\"@type\":\"ImageObject\",\"inLanguage\":\"pl-PL\",\"@id\":\"https:\\\/\\\/secure.gravatar.com\\\/avatar\\\/ce6c43ad5dcc19d740ce48ca15b142320135e171dc0aaf39798cc0da24a5c044?s=96&d=mm&r=g\",\"url\":\"https:\\\/\\\/secure.gravatar.com\\\/avatar\\\/ce6c43ad5dcc19d740ce48ca15b142320135e171dc0aaf39798cc0da24a5c044?s=96&d=mm&r=g\",\"contentUrl\":\"https:\\\/\\\/secure.gravatar.com\\\/avatar\\\/ce6c43ad5dcc19d740ce48ca15b142320135e171dc0aaf39798cc0da24a5c044?s=96&d=mm&r=g\",\"caption\":\"Micha\u0142 K\u0119ska\"},\"url\":\"https:\\\/\\\/heliantus.pl\\\/szkola\\\/author\\\/michal-keska\\\/\"}]}<\/script>\n<!-- \/ Yoast SEO plugin. -->","yoast_head_json":{"title":"Organ Prowadz\u0105cy | Szko\u0142a Heliantus | Niepubliczna szko\u0142a Ursyn\u00f3w, J\u00f3zefos\u0142aw | Matematyka, programowanie, j\u0119zyki","description":"Krystyna i Tadeusz Sty\u015b odznaczeni medalem KEN. Zarz\u0105d sp\u00f3\u0142ki Heliantus sp. z o.o. w Warszawie, organ prowadz\u0105cy Szko\u0142\u0119 Heliantus","robots":{"index":"index","follow":"follow","max-snippet":"max-snippet:-1","max-image-preview":"max-image-preview:large","max-video-preview":"max-video-preview:-1"},"canonical":"https:\/\/heliantus.pl\/szkola\/zarzad\/","og_locale":"pl_PL","og_type":"article","og_title":"Organ Prowadz\u0105cy | Szko\u0142a Heliantus | Niepubliczna szko\u0142a Ursyn\u00f3w, J\u00f3zefos\u0142aw | Matematyka, programowanie, j\u0119zyki","og_description":"Krystyna i Tadeusz Sty\u015b odznaczeni medalem KEN. Zarz\u0105d sp\u00f3\u0142ki Heliantus sp. z o.o. w Warszawie, organ prowadz\u0105cy Szko\u0142\u0119 Heliantus","og_url":"https:\/\/heliantus.pl\/szkola\/zarzad\/","og_site_name":"Szko\u0142a Podstawowa Heliantus","article_publisher":"https:\/\/facebook.com\/SPHeliantus","article_modified_time":"2023-03-03T09:50:03+00:00","og_image":[{"url":"https:\/\/aktywnybaner.rzetelnafirma.pl\/ActiveBanner\/GetActiveBannerImage\/19\/0BE4LKHC","type":"","width":"","height":""}],"twitter_card":"summary_large_image","twitter_misc":{"Szacowany czas czytania":"4 minuty"},"schema":{"@context":"https:\/\/schema.org","@graph":[{"@type":"Article","@id":"https:\/\/heliantus.pl\/szkola\/zarzad\/#article","isPartOf":{"@id":"https:\/\/heliantus.pl\/szkola\/zarzad\/"},"author":{"name":"Micha\u0142 K\u0119ska","@id":"https:\/\/heliantus.pl\/szkola\/#\/schema\/person\/a624713d1fe35413043b0557f7c923f7"},"headline":"Organ Prowadz\u0105cy","datePublished":"2022-05-08T21:17:22+00:00","dateModified":"2023-03-03T09:50:03+00:00","mainEntityOfPage":{"@id":"https:\/\/heliantus.pl\/szkola\/zarzad\/"},"wordCount":522,"publisher":{"@id":"https:\/\/heliantus.pl\/szkola\/#organization"},"image":{"@id":"https:\/\/heliantus.pl\/szkola\/zarzad\/#primaryimage"},"thumbnailUrl":"https:\/\/aktywnybaner.rzetelnafirma.pl\/ActiveBanner\/GetActiveBannerImage\/19\/0BE4LKHC","inLanguage":"pl-PL"},{"@type":"WebPage","@id":"https:\/\/heliantus.pl\/szkola\/zarzad\/","url":"https:\/\/heliantus.pl\/szkola\/zarzad\/","name":"Organ Prowadz\u0105cy | Szko\u0142a Heliantus | Niepubliczna szko\u0142a Ursyn\u00f3w, J\u00f3zefos\u0142aw | Matematyka, programowanie, j\u0119zyki","isPartOf":{"@id":"https:\/\/heliantus.pl\/szkola\/#website"},"primaryImageOfPage":{"@id":"https:\/\/heliantus.pl\/szkola\/zarzad\/#primaryimage"},"image":{"@id":"https:\/\/heliantus.pl\/szkola\/zarzad\/#primaryimage"},"thumbnailUrl":"https:\/\/aktywnybaner.rzetelnafirma.pl\/ActiveBanner\/GetActiveBannerImage\/19\/0BE4LKHC","datePublished":"2022-05-08T21:17:22+00:00","dateModified":"2023-03-03T09:50:03+00:00","description":"Krystyna i Tadeusz Sty\u015b odznaczeni medalem KEN. Zarz\u0105d sp\u00f3\u0142ki Heliantus sp. z o.o. w Warszawie, organ prowadz\u0105cy Szko\u0142\u0119 Heliantus","breadcrumb":{"@id":"https:\/\/heliantus.pl\/szkola\/zarzad\/#breadcrumb"},"inLanguage":"pl-PL","potentialAction":[{"@type":"ReadAction","target":["https:\/\/heliantus.pl\/szkola\/zarzad\/"]}]},{"@type":"ImageObject","inLanguage":"pl-PL","@id":"https:\/\/heliantus.pl\/szkola\/zarzad\/#primaryimage","url":"https:\/\/aktywnybaner.rzetelnafirma.pl\/ActiveBanner\/GetActiveBannerImage\/19\/0BE4LKHC","contentUrl":"https:\/\/aktywnybaner.rzetelnafirma.pl\/ActiveBanner\/GetActiveBannerImage\/19\/0BE4LKHC"},{"@type":"BreadcrumbList","@id":"https:\/\/heliantus.pl\/szkola\/zarzad\/#breadcrumb","itemListElement":[{"@type":"ListItem","position":1,"name":"Szko\u0142a Podstawowa","item":"https:\/\/heliantus.pl\/szkola\/"},{"@type":"ListItem","position":2,"name":"Organ Prowadz\u0105cy"}]},{"@type":"WebSite","@id":"https:\/\/heliantus.pl\/szkola\/#website","url":"https:\/\/heliantus.pl\/szkola\/","name":"Szko\u0142a Podstawowa Heliantus | Niepubliczna szko\u0142a Ursyn\u00f3w, J\u00f3zefos\u0142aw | Programowanie, j\u0119zyki, matematyka","description":"MATEMATYKA INFORMATYKA J\u0118ZYKI","publisher":{"@id":"https:\/\/heliantus.pl\/szkola\/#organization"},"alternateName":"SP Heliantus","potentialAction":[{"@type":"SearchAction","target":{"@type":"EntryPoint","urlTemplate":"https:\/\/heliantus.pl\/szkola\/?s={search_term_string}"},"query-input":{"@type":"PropertyValueSpecification","valueRequired":true,"valueName":"search_term_string"}}],"inLanguage":"pl-PL"},{"@type":"Organization","@id":"https:\/\/heliantus.pl\/szkola\/#organization","name":"Szko\u0142a Podstawowa Heliantus","alternateName":"SP Heliantus","url":"https:\/\/heliantus.pl\/szkola\/","logo":{"@type":"ImageObject","inLanguage":"pl-PL","@id":"https:\/\/heliantus.pl\/szkola\/#\/schema\/logo\/image\/","url":"https:\/\/heliantus.pl\/szkola\/wp-content\/uploads\/2017\/06\/SzkolaHeliantus-logo.png","contentUrl":"https:\/\/heliantus.pl\/szkola\/wp-content\/uploads\/2017\/06\/SzkolaHeliantus-logo.png","width":736,"height":383,"caption":"Szko\u0142a Podstawowa Heliantus"},"image":{"@id":"https:\/\/heliantus.pl\/szkola\/#\/schema\/logo\/image\/"},"sameAs":["https:\/\/facebook.com\/SPHeliantus","https:\/\/www.youtube.com\/channel\/UCjcaE5GVlsROqRDHQFVe6AA"]},{"@type":"Person","@id":"https:\/\/heliantus.pl\/szkola\/#\/schema\/person\/a624713d1fe35413043b0557f7c923f7","name":"Micha\u0142 K\u0119ska","image":{"@type":"ImageObject","inLanguage":"pl-PL","@id":"https:\/\/secure.gravatar.com\/avatar\/ce6c43ad5dcc19d740ce48ca15b142320135e171dc0aaf39798cc0da24a5c044?s=96&d=mm&r=g","url":"https:\/\/secure.gravatar.com\/avatar\/ce6c43ad5dcc19d740ce48ca15b142320135e171dc0aaf39798cc0da24a5c044?s=96&d=mm&r=g","contentUrl":"https:\/\/secure.gravatar.com\/avatar\/ce6c43ad5dcc19d740ce48ca15b142320135e171dc0aaf39798cc0da24a5c044?s=96&d=mm&r=g","caption":"Micha\u0142 K\u0119ska"},"url":"https:\/\/heliantus.pl\/szkola\/author\/michal-keska\/"}]}},"amp_enabled":true,"_links":{"self":[{"href":"https:\/\/heliantus.pl\/szkola\/wp-json\/wp\/v2\/pages\/5271","targetHints":{"allow":["GET"]}}],"collection":[{"href":"https:\/\/heliantus.pl\/szkola\/wp-json\/wp\/v2\/pages"}],"about":[{"href":"https:\/\/heliantus.pl\/szkola\/wp-json\/wp\/v2\/types\/page"}],"author":[{"embeddable":true,"href":"https:\/\/heliantus.pl\/szkola\/wp-json\/wp\/v2\/users\/3"}],"replies":[{"embeddable":true,"href":"https:\/\/heliantus.pl\/szkola\/wp-json\/wp\/v2\/comments?post=5271"}],"version-history":[{"count":0,"href":"https:\/\/heliantus.pl\/szkola\/wp-json\/wp\/v2\/pages\/5271\/revisions"}],"wp:attachment":[{"href":"https:\/\/heliantus.pl\/szkola\/wp-json\/wp\/v2\/media?parent=5271"}],"curies":[{"name":"wp","href":"https:\/\/api.w.org\/{rel}","templated":true}]}}