{"id":486,"date":"2017-06-15T05:10:37","date_gmt":"2017-06-15T05:10:37","guid":{"rendered":"http:\/\/heliantus.pl\/szkola\/?page_id=486"},"modified":"2018-12-01T22:06:22","modified_gmt":"2018-12-01T21:06:22","slug":"kontakt","status":"publish","type":"page","link":"https:\/\/heliantus.pl\/szkola\/kontakt\/","title":{"rendered":"Kontakt"},"content":{"rendered":"\t\t<div data-elementor-type=\"wp-post\" data-elementor-id=\"486\" class=\"elementor elementor-486 elementor-bc-flex-widget\">\n\t\t\t\t\t\t<section class=\"has_eae_slider elementor-section elementor-top-section elementor-element elementor-element-f9629b3 elementor-section-boxed elementor-section-height-default elementor-section-height-default\" data-eae-slider=\"36689\" data-id=\"f9629b3\" data-element_type=\"section\" data-e-type=\"section\">\n\t\t\t\t\t\t<div class=\"elementor-container elementor-column-gap-default\">\n\t\t\t\t\t<div class=\"has_eae_slider elementor-column elementor-col-100 elementor-top-column elementor-element elementor-element-5c542377\" data-eae-slider=\"34532\" data-id=\"5c542377\" data-element_type=\"column\" data-e-type=\"column\">\n\t\t\t<div class=\"elementor-widget-wrap elementor-element-populated\">\n\t\t\t\t\t\t<div class=\"elementor-element elementor-element-27875421 elementor-widget elementor-widget-text-editor\" data-id=\"27875421\" data-element_type=\"widget\" data-e-type=\"widget\" data-widget_type=\"text-editor.default\">\n\t\t\t\t\t\t\t\t\t<h2>Po\u0142o\u017cenie szko\u0142y<\/h2><h3><a href=\"https:\/\/heliantus.pl\/szkola\/wp-content\/uploads\/2017\/12\/IMG_1227.jpg\" data-rel=\"lightbox-gallery-IWBFADX6\" data-rl_title=\"\" data-rl_caption=\"\" title=\"\"><img fetchpriority=\"high\" decoding=\"async\" class=\"size-medium wp-image-1585 alignleft\" src=\"https:\/\/heliantus.pl\/szkola\/wp-content\/uploads\/2017\/12\/IMG_1227-300x200.jpg\" alt=\"\" width=\"300\" height=\"200\" srcset=\"https:\/\/heliantus.pl\/szkola\/wp-content\/uploads\/2017\/12\/IMG_1227-300x200.jpg 300w, https:\/\/heliantus.pl\/szkola\/wp-content\/uploads\/2017\/12\/IMG_1227-768x512.jpg 768w, https:\/\/heliantus.pl\/szkola\/wp-content\/uploads\/2017\/12\/IMG_1227-1024x683.jpg 1024w, https:\/\/heliantus.pl\/szkola\/wp-content\/uploads\/2017\/12\/IMG_1227-600x400.jpg 600w, https:\/\/heliantus.pl\/szkola\/wp-content\/uploads\/2017\/12\/IMG_1227-360x240.jpg 360w, https:\/\/heliantus.pl\/szkola\/wp-content\/uploads\/2017\/12\/IMG_1227-272x182.jpg 272w\" sizes=\"(max-width: 300px) 100vw, 300px\" \/><\/a><\/h3><p>Niepubliczna Szko\u0142a Podstawowa Heliantus mie\u015bci si\u0119 przy skrzy\u017cowaniu ulic Ba\u017canciej i Koguciej na warszawskim Ursynowie. Po\u0142o\u017cenie szko\u0142y pomi\u0119dzy\u00a0\u00a0Julianowem i J\u00f3zefos\u0142awiem a ul. Pu\u0142awsk\u0105 pozwala na zostawienie dziecka w szkole po drodze do pracy (ju\u017c od godz. 7:00) i odbi\u00f3r w drodze powrotnej (do godz. 18:00).<\/p><p>Jad\u0105c od strony Julianowa \/ J\u00f3zefos\u0142awia\u00a0najlepiej jecha\u0107 ul. Cyraneczki, skr\u0119ci\u0107 w prawo w ul. Ogrodow\u0105 i przez ul. Kr\u00f3tk\u0105 oraz fragment ul. Osiedlowej dotrze\u0107 do ul. Ba\u017canciej. Szko\u0142a znajduje si\u0119 po prawej stronie. Jad\u0105c od strony Warszawy najlepiej zawr\u00f3ci\u0107 przy stacji Lukoil i skr\u0119ci\u0107 w prawo w ul. Ba\u017canci\u0105 by po 1 km dotrze\u0107 do Szko\u0142y znajduj\u0105cej si\u0119 po lewej stronie. Od strony Piaseczna za stacj\u0105 Lukoil skr\u0119camy w prawo w ul. Ba\u017canci\u0105.<\/p><p>Wej\u015bcie do szko\u0142y\u00a0jest od ul. Koguciej a wzd\u0142u\u017c niej znajduj\u0105 si\u0119 miejsca parkingowe.<\/p><h3>Dane adresowe:<\/h3><p>Niepubliczna Szko\u0142a Podstawowa Heliantus<br \/>Warszawa, Ursyn\u00f3w<br \/>przy granicy z J\u00f3zefos\u0142awiem<br \/>ul. Ba\u017cancia 16, 02-892<\/p><h4>Telefon:<\/h4><p>(+48) 787 315 656<\/p><h4>Email:<\/h4><p>heliantus@heliantus.pl<\/p>\t\t\t\t\t\t\t\t<\/div>\n\t\t\t\t\t<\/div>\n\t\t<\/div>\n\t\t\t\t\t<\/div>\n\t\t<\/section>\n\t\t\t\t<\/div>\n\t\t","protected":false},"excerpt":{"rendered":"<p>Po\u0142o\u017cenie szko\u0142y Niepubliczna Szko\u0142a Podstawowa Heliantus mie\u015bci si\u0119 na skrzy\u017cowaniu ulic Ba\u017canciej i Koguciej na warszawskim Ursynowie. Po\u0142o\u017cenie szko\u0142y pomi\u0119dzy\u00a0\u00a0Julianowem i J\u00f3zefos\u0142awiem a ul. Pu\u0142awsk\u0105 pozwala na zostawienie dziecka w szkole po drodze do pracy (ju\u017c od godz. 7:00) i <a href=\"https:\/\/heliantus.pl\/szkola\/kontakt\/\" class=\"read-more\">Czytaj dalej &#8230;<\/a><\/p>\n","protected":false},"author":1,"featured_media":0,"parent":0,"menu_order":0,"comment_status":"closed","ping_status":"closed","template":"elementor_header_footer","meta":{"_eb_attr":"","footnotes":""},"class_list":["post-486","page","type-page","status-publish","hentry"],"yoast_head":"<!-- This site is optimized with the Yoast SEO plugin v27.4 - https:\/\/yoast.com\/product\/yoast-seo-wordpress\/ -->\n<title>Kontakt | Szko\u0142a Heliantus | Niepubliczna szko\u0142a Ursyn\u00f3w, J\u00f3zefos\u0142aw | Matematyka, programowanie, j\u0119zyki<\/title>\n<meta name=\"description\" content=\"Heliantus le\u017cy po drodze z J\u00f3zefos\u0142awia do Warszawy. To jest jednak ju\u017c Warszawa, ul. Ba\u017cancia 16, Ursyn\u00f3w nieopodal lasy Kabackiego. J\u00f3zefos\u0142aw zaczyna si\u0119 kilkadziesi\u0105t metr\u00f3w dalej.\" \/>\n<meta name=\"robots\" content=\"index, follow, max-snippet:-1, max-image-preview:large, max-video-preview:-1\" \/>\n<link rel=\"canonical\" href=\"https:\/\/heliantus.pl\/szkola\/kontakt\/\" \/>\n<meta property=\"og:locale\" content=\"pl_PL\" \/>\n<meta property=\"og:type\" content=\"article\" \/>\n<meta property=\"og:title\" content=\"Heliantus - po drodze z J\u00f3zefos\u0142awia do Warszawy\" \/>\n<meta property=\"og:description\" content=\"Heliantus le\u017cy po drodze z J\u00f3zefos\u0142awia do Warszawy. To jest jednak ju\u017c Warszawa, ul. Ba\u017cancia 16, Ursyn\u00f3w nieopodal lasy Kabackiego. J\u00f3zefos\u0142aw zaczyna si\u0119 kilkadziesi\u0105t metr\u00f3w dalej.\" \/>\n<meta property=\"og:url\" content=\"https:\/\/heliantus.pl\/szkola\/kontakt\/\" \/>\n<meta property=\"og:site_name\" content=\"Szko\u0142a Podstawowa Heliantus\" \/>\n<meta property=\"article:publisher\" content=\"https:\/\/facebook.com\/SPHeliantus\" \/>\n<meta property=\"article:modified_time\" content=\"2018-12-01T21:06:22+00:00\" \/>\n<meta property=\"og:image\" content=\"https:\/\/heliantus.pl\/szkola\/wp-content\/uploads\/2017\/10\/Logo_sm.png\" \/>\n\t<meta property=\"og:image:width\" content=\"155\" \/>\n\t<meta property=\"og:image:height\" content=\"80\" \/>\n\t<meta property=\"og:image:type\" content=\"image\/png\" \/>\n<meta name=\"twitter:card\" content=\"summary_large_image\" \/>\n<meta name=\"twitter:label1\" content=\"Szacowany czas czytania\" \/>\n\t<meta name=\"twitter:data1\" content=\"1 minuta\" \/>\n<script type=\"application\/ld+json\" class=\"yoast-schema-graph\">{\"@context\":\"https:\\\/\\\/schema.org\",\"@graph\":[{\"@type\":\"WebPage\",\"@id\":\"https:\\\/\\\/heliantus.pl\\\/szkola\\\/kontakt\\\/\",\"url\":\"https:\\\/\\\/heliantus.pl\\\/szkola\\\/kontakt\\\/\",\"name\":\"Kontakt | Szko\u0142a Heliantus | Niepubliczna szko\u0142a Ursyn\u00f3w, J\u00f3zefos\u0142aw | Matematyka, programowanie, j\u0119zyki\",\"isPartOf\":{\"@id\":\"https:\\\/\\\/heliantus.pl\\\/szkola\\\/#website\"},\"datePublished\":\"2017-06-15T05:10:37+00:00\",\"dateModified\":\"2018-12-01T21:06:22+00:00\",\"description\":\"Heliantus le\u017cy po drodze z J\u00f3zefos\u0142awia do Warszawy. To jest jednak ju\u017c Warszawa, ul. Ba\u017cancia 16, Ursyn\u00f3w nieopodal lasy Kabackiego. J\u00f3zefos\u0142aw zaczyna si\u0119 kilkadziesi\u0105t metr\u00f3w dalej.\",\"breadcrumb\":{\"@id\":\"https:\\\/\\\/heliantus.pl\\\/szkola\\\/kontakt\\\/#breadcrumb\"},\"inLanguage\":\"pl-PL\",\"potentialAction\":[{\"@type\":\"ReadAction\",\"target\":[\"https:\\\/\\\/heliantus.pl\\\/szkola\\\/kontakt\\\/\"]}]},{\"@type\":\"BreadcrumbList\",\"@id\":\"https:\\\/\\\/heliantus.pl\\\/szkola\\\/kontakt\\\/#breadcrumb\",\"itemListElement\":[{\"@type\":\"ListItem\",\"position\":1,\"name\":\"Szko\u0142a Podstawowa\",\"item\":\"https:\\\/\\\/heliantus.pl\\\/szkola\\\/\"},{\"@type\":\"ListItem\",\"position\":2,\"name\":\"Kontakt\"}]},{\"@type\":\"WebSite\",\"@id\":\"https:\\\/\\\/heliantus.pl\\\/szkola\\\/#website\",\"url\":\"https:\\\/\\\/heliantus.pl\\\/szkola\\\/\",\"name\":\"Szko\u0142a Podstawowa Heliantus | Niepubliczna szko\u0142a Ursyn\u00f3w, J\u00f3zefos\u0142aw | Programowanie, j\u0119zyki, matematyka\",\"description\":\"MATEMATYKA INFORMATYKA J\u0118ZYKI\",\"publisher\":{\"@id\":\"https:\\\/\\\/heliantus.pl\\\/szkola\\\/#organization\"},\"alternateName\":\"SP Heliantus\",\"potentialAction\":[{\"@type\":\"SearchAction\",\"target\":{\"@type\":\"EntryPoint\",\"urlTemplate\":\"https:\\\/\\\/heliantus.pl\\\/szkola\\\/?s={search_term_string}\"},\"query-input\":{\"@type\":\"PropertyValueSpecification\",\"valueRequired\":true,\"valueName\":\"search_term_string\"}}],\"inLanguage\":\"pl-PL\"},{\"@type\":\"Organization\",\"@id\":\"https:\\\/\\\/heliantus.pl\\\/szkola\\\/#organization\",\"name\":\"Szko\u0142a Podstawowa Heliantus\",\"alternateName\":\"SP Heliantus\",\"url\":\"https:\\\/\\\/heliantus.pl\\\/szkola\\\/\",\"logo\":{\"@type\":\"ImageObject\",\"inLanguage\":\"pl-PL\",\"@id\":\"https:\\\/\\\/heliantus.pl\\\/szkola\\\/#\\\/schema\\\/logo\\\/image\\\/\",\"url\":\"https:\\\/\\\/heliantus.pl\\\/szkola\\\/wp-content\\\/uploads\\\/2017\\\/06\\\/SzkolaHeliantus-logo.png\",\"contentUrl\":\"https:\\\/\\\/heliantus.pl\\\/szkola\\\/wp-content\\\/uploads\\\/2017\\\/06\\\/SzkolaHeliantus-logo.png\",\"width\":736,\"height\":383,\"caption\":\"Szko\u0142a Podstawowa Heliantus\"},\"image\":{\"@id\":\"https:\\\/\\\/heliantus.pl\\\/szkola\\\/#\\\/schema\\\/logo\\\/image\\\/\"},\"sameAs\":[\"https:\\\/\\\/facebook.com\\\/SPHeliantus\",\"https:\\\/\\\/www.youtube.com\\\/channel\\\/UCjcaE5GVlsROqRDHQFVe6AA\"]}]}<\/script>\n<!-- \/ Yoast SEO plugin. -->","yoast_head_json":{"title":"Kontakt | Szko\u0142a Heliantus | Niepubliczna szko\u0142a Ursyn\u00f3w, J\u00f3zefos\u0142aw | Matematyka, programowanie, j\u0119zyki","description":"Heliantus le\u017cy po drodze z J\u00f3zefos\u0142awia do Warszawy. To jest jednak ju\u017c Warszawa, ul. Ba\u017cancia 16, Ursyn\u00f3w nieopodal lasy Kabackiego. J\u00f3zefos\u0142aw zaczyna si\u0119 kilkadziesi\u0105t metr\u00f3w dalej.","robots":{"index":"index","follow":"follow","max-snippet":"max-snippet:-1","max-image-preview":"max-image-preview:large","max-video-preview":"max-video-preview:-1"},"canonical":"https:\/\/heliantus.pl\/szkola\/kontakt\/","og_locale":"pl_PL","og_type":"article","og_title":"Heliantus - po drodze z J\u00f3zefos\u0142awia do Warszawy","og_description":"Heliantus le\u017cy po drodze z J\u00f3zefos\u0142awia do Warszawy. To jest jednak ju\u017c Warszawa, ul. Ba\u017cancia 16, Ursyn\u00f3w nieopodal lasy Kabackiego. J\u00f3zefos\u0142aw zaczyna si\u0119 kilkadziesi\u0105t metr\u00f3w dalej.","og_url":"https:\/\/heliantus.pl\/szkola\/kontakt\/","og_site_name":"Szko\u0142a Podstawowa Heliantus","article_publisher":"https:\/\/facebook.com\/SPHeliantus","article_modified_time":"2018-12-01T21:06:22+00:00","og_image":[{"width":155,"height":80,"url":"https:\/\/heliantus.pl\/szkola\/wp-content\/uploads\/2017\/10\/Logo_sm.png","type":"image\/png"}],"twitter_card":"summary_large_image","twitter_misc":{"Szacowany czas czytania":"1 minuta"},"schema":{"@context":"https:\/\/schema.org","@graph":[{"@type":"WebPage","@id":"https:\/\/heliantus.pl\/szkola\/kontakt\/","url":"https:\/\/heliantus.pl\/szkola\/kontakt\/","name":"Kontakt | Szko\u0142a Heliantus | Niepubliczna szko\u0142a Ursyn\u00f3w, J\u00f3zefos\u0142aw | Matematyka, programowanie, j\u0119zyki","isPartOf":{"@id":"https:\/\/heliantus.pl\/szkola\/#website"},"datePublished":"2017-06-15T05:10:37+00:00","dateModified":"2018-12-01T21:06:22+00:00","description":"Heliantus le\u017cy po drodze z J\u00f3zefos\u0142awia do Warszawy. To jest jednak ju\u017c Warszawa, ul. Ba\u017cancia 16, Ursyn\u00f3w nieopodal lasy Kabackiego. J\u00f3zefos\u0142aw zaczyna si\u0119 kilkadziesi\u0105t metr\u00f3w dalej.","breadcrumb":{"@id":"https:\/\/heliantus.pl\/szkola\/kontakt\/#breadcrumb"},"inLanguage":"pl-PL","potentialAction":[{"@type":"ReadAction","target":["https:\/\/heliantus.pl\/szkola\/kontakt\/"]}]},{"@type":"BreadcrumbList","@id":"https:\/\/heliantus.pl\/szkola\/kontakt\/#breadcrumb","itemListElement":[{"@type":"ListItem","position":1,"name":"Szko\u0142a Podstawowa","item":"https:\/\/heliantus.pl\/szkola\/"},{"@type":"ListItem","position":2,"name":"Kontakt"}]},{"@type":"WebSite","@id":"https:\/\/heliantus.pl\/szkola\/#website","url":"https:\/\/heliantus.pl\/szkola\/","name":"Szko\u0142a Podstawowa Heliantus | Niepubliczna szko\u0142a Ursyn\u00f3w, J\u00f3zefos\u0142aw | Programowanie, j\u0119zyki, matematyka","description":"MATEMATYKA INFORMATYKA J\u0118ZYKI","publisher":{"@id":"https:\/\/heliantus.pl\/szkola\/#organization"},"alternateName":"SP Heliantus","potentialAction":[{"@type":"SearchAction","target":{"@type":"EntryPoint","urlTemplate":"https:\/\/heliantus.pl\/szkola\/?s={search_term_string}"},"query-input":{"@type":"PropertyValueSpecification","valueRequired":true,"valueName":"search_term_string"}}],"inLanguage":"pl-PL"},{"@type":"Organization","@id":"https:\/\/heliantus.pl\/szkola\/#organization","name":"Szko\u0142a Podstawowa Heliantus","alternateName":"SP Heliantus","url":"https:\/\/heliantus.pl\/szkola\/","logo":{"@type":"ImageObject","inLanguage":"pl-PL","@id":"https:\/\/heliantus.pl\/szkola\/#\/schema\/logo\/image\/","url":"https:\/\/heliantus.pl\/szkola\/wp-content\/uploads\/2017\/06\/SzkolaHeliantus-logo.png","contentUrl":"https:\/\/heliantus.pl\/szkola\/wp-content\/uploads\/2017\/06\/SzkolaHeliantus-logo.png","width":736,"height":383,"caption":"Szko\u0142a Podstawowa Heliantus"},"image":{"@id":"https:\/\/heliantus.pl\/szkola\/#\/schema\/logo\/image\/"},"sameAs":["https:\/\/facebook.com\/SPHeliantus","https:\/\/www.youtube.com\/channel\/UCjcaE5GVlsROqRDHQFVe6AA"]}]}},"amp_enabled":false,"_links":{"self":[{"href":"https:\/\/heliantus.pl\/szkola\/wp-json\/wp\/v2\/pages\/486","targetHints":{"allow":["GET"]}}],"collection":[{"href":"https:\/\/heliantus.pl\/szkola\/wp-json\/wp\/v2\/pages"}],"about":[{"href":"https:\/\/heliantus.pl\/szkola\/wp-json\/wp\/v2\/types\/page"}],"author":[{"embeddable":true,"href":"https:\/\/heliantus.pl\/szkola\/wp-json\/wp\/v2\/users\/1"}],"replies":[{"embeddable":true,"href":"https:\/\/heliantus.pl\/szkola\/wp-json\/wp\/v2\/comments?post=486"}],"version-history":[{"count":0,"href":"https:\/\/heliantus.pl\/szkola\/wp-json\/wp\/v2\/pages\/486\/revisions"}],"wp:attachment":[{"href":"https:\/\/heliantus.pl\/szkola\/wp-json\/wp\/v2\/media?parent=486"}],"curies":[{"name":"wp","href":"https:\/\/api.w.org\/{rel}","templated":true}]}}