{"id":4699,"date":"2021-03-25T12:38:30","date_gmt":"2021-03-25T11:38:30","guid":{"rendered":"https:\/\/heliantus.pl\/szkola\/?page_id=4699"},"modified":"2023-05-16T21:37:24","modified_gmt":"2023-05-16T20:37:24","slug":"kdr","status":"publish","type":"page","link":"https:\/\/heliantus.pl\/szkola\/kdr\/","title":{"rendered":"Karta Du\u017cej Rodziny"},"content":{"rendered":"\n<div class=\"wp-block-media-text alignwide has-media-on-the-right is-stacked-on-mobile is-vertically-aligned-top\" style=\"grid-template-columns:auto 52%\"><div class=\"wp-block-media-text__content\">\n<p class=\"has-large-font-size\">Nasza Szko\u0142a jest partnerem programu Karta Du\u017cej Rodziny<\/p>\n\n\n\n<p class=\"has-large-font-size\">Posiadaczom karty oferujemy nast\u0119puj\u0105ce zni\u017cki:<\/p>\n\n\n\n<ul class=\"wp-block-list\">\n<li>5% zni\u017cki dla posiadaczy KDR dla jednego dziecka z rodziny w plac\u00f3wkach Heliantus* (Szkole lub Przedszkolu), https:\/\/www.heliantus.pl<\/li>\n\n\n\n<li>10% zni\u017cki dla ka\u017cdego z dwojga dzieci ucz\u0119szczaj\u0105cych jednocze\u015bnie do plac\u00f3wek Heliantus (Szko\u0142y podstawowej lub Przedszkola), <\/li>\n\n\n\n<li>20% zni\u017cki dla dla ka\u017cdego z trojga dzieci ucz\u0119szczaj\u0105cych jednocze\u015bnie do plac\u00f3wek Heliantus (Szko\u0142y podstawowej lub Przedszkola)<\/li>\n\n\n\n<li>45% zni\u017cki dla dla ka\u017cdego z czworga i ka\u017cdego nast\u0119pnego dziecka z rodziny ucz\u0119szczaj\u0105cych jednocze\u015bnie do plac\u00f3wek Heliantus (Szko\u0142y podstawowej lub Przedszkola)<\/li>\n<\/ul>\n\n\n\n<p><\/p>\n\n\n\n<p>Zni\u017cki dotycz\u0105 czesnego oraz wy\u017cywienia (obiad\u00f3w) w szkole.<\/p>\n\n\n\n<p>Zni\u017cki nie \u0142\u0105cz\u0105 si\u0119 z innymi zni\u017ckami i promocjami. Do zapisu niezdb\u0119dne jest pokazanie Karty Du\u017cej Rodziny<\/p>\n\n\n\n<p>szczeg\u00f3\u0142y programu na: <a href=\"https:\/\/empatia.mpips.gov.pl\/kdr\">Wyszukiwanie partner\u00f3w Karty Du\u017cej Rodziny &#8211; Emp@tia (mpips.gov.pl)<\/a><\/p>\n\n\n\n<p><\/p>\n<\/div><figure class=\"wp-block-media-text__media\"><img fetchpriority=\"high\" decoding=\"async\" width=\"1024\" height=\"623\" src=\"https:\/\/heliantus.pl\/szkola\/wp-content\/uploads\/2021\/03\/Logo-KDR-1024x623.jpg\" alt=\"\" class=\"wp-image-4700 size-full\" srcset=\"https:\/\/heliantus.pl\/szkola\/wp-content\/uploads\/2021\/03\/Logo-KDR-1024x623.jpg 1024w, https:\/\/heliantus.pl\/szkola\/wp-content\/uploads\/2021\/03\/Logo-KDR-300x183.jpg 300w, https:\/\/heliantus.pl\/szkola\/wp-content\/uploads\/2021\/03\/Logo-KDR-768x468.jpg 768w, https:\/\/heliantus.pl\/szkola\/wp-content\/uploads\/2021\/03\/Logo-KDR-360x219.jpg 360w, https:\/\/heliantus.pl\/szkola\/wp-content\/uploads\/2021\/03\/Logo-KDR.jpg 1148w\" sizes=\"(max-width: 1024px) 100vw, 1024px\" \/><\/figure><\/div>\n","protected":false},"excerpt":{"rendered":"","protected":false},"author":3,"featured_media":4707,"parent":0,"menu_order":0,"comment_status":"closed","ping_status":"closed","template":"elementor_header_footer","meta":{"_eb_attr":"","footnotes":""},"class_list":["post-4699","page","type-page","status-publish","has-post-thumbnail","hentry"],"yoast_head":"<!-- This site is optimized with the Yoast SEO plugin v27.6 - https:\/\/yoast.com\/product\/yoast-seo-wordpress\/ -->\n<title>Karta Du\u017cej Rodziny | Szko\u0142a Heliantus | Niepubliczna szko\u0142a Ursyn\u00f3w, J\u00f3zefos\u0142aw | Matematyka, programowanie, j\u0119zyki<\/title>\n<meta name=\"description\" content=\"Niepubliczna szko\u0142a podstawowa na Ursynowie (blisko J\u00f3zefos\u0142awia). Ma\u0142e klasy, programowanie, matematyka i j\u0119zyki obce (angielski, hiszpa\u0144ski). Wspieramy rozw\u00f3j, uczymy praktycznie. Rekrutacja 2026\/27\" \/>\n<meta name=\"robots\" content=\"index, follow, max-snippet:-1, max-image-preview:large, max-video-preview:-1\" \/>\n<link rel=\"canonical\" href=\"https:\/\/heliantus.pl\/szkola\/kdr\/\" \/>\n<meta property=\"og:locale\" content=\"pl_PL\" \/>\n<meta property=\"og:type\" content=\"article\" \/>\n<meta property=\"og:title\" content=\"Karta Du\u017cej Rodziny | Szko\u0142a Heliantus | Niepubliczna szko\u0142a Ursyn\u00f3w, J\u00f3zefos\u0142aw | Matematyka, programowanie, j\u0119zyki\" \/>\n<meta property=\"og:description\" content=\"Niepubliczna szko\u0142a podstawowa na Ursynowie (blisko J\u00f3zefos\u0142awia). Ma\u0142e klasy, programowanie, matematyka i j\u0119zyki obce (angielski, hiszpa\u0144ski). Wspieramy rozw\u00f3j, uczymy praktycznie. Rekrutacja 2026\/27\" \/>\n<meta property=\"og:url\" content=\"https:\/\/heliantus.pl\/szkola\/kdr\/\" \/>\n<meta property=\"og:site_name\" content=\"Szko\u0142a Podstawowa Heliantus\" \/>\n<meta property=\"article:publisher\" content=\"https:\/\/facebook.com\/SPHeliantus\" \/>\n<meta property=\"article:modified_time\" content=\"2023-05-16T20:37:24+00:00\" \/>\n<meta property=\"og:image\" content=\"https:\/\/heliantus.pl\/szkola\/wp-content\/uploads\/2021\/03\/ban_kdr-01.png\" \/>\n\t<meta property=\"og:image:width\" content=\"3000\" \/>\n\t<meta property=\"og:image:height\" content=\"1146\" \/>\n\t<meta property=\"og:image:type\" content=\"image\/png\" \/>\n<meta name=\"twitter:card\" content=\"summary_large_image\" \/>\n<meta name=\"twitter:label1\" content=\"Szacowany czas czytania\" \/>\n\t<meta name=\"twitter:data1\" content=\"1 minuta\" \/>\n<script type=\"application\/ld+json\" class=\"yoast-schema-graph\">{\"@context\":\"https:\\\/\\\/schema.org\",\"@graph\":[{\"@type\":\"Article\",\"@id\":\"https:\\\/\\\/heliantus.pl\\\/szkola\\\/kdr\\\/#article\",\"isPartOf\":{\"@id\":\"https:\\\/\\\/heliantus.pl\\\/szkola\\\/kdr\\\/\"},\"author\":{\"name\":\"Micha\u0142 K\u0119ska\",\"@id\":\"https:\\\/\\\/heliantus.pl\\\/szkola\\\/#\\\/schema\\\/person\\\/a624713d1fe35413043b0557f7c923f7\"},\"headline\":\"Karta Du\u017cej Rodziny\",\"datePublished\":\"2021-03-25T11:38:30+00:00\",\"dateModified\":\"2023-05-16T20:37:24+00:00\",\"mainEntityOfPage\":{\"@id\":\"https:\\\/\\\/heliantus.pl\\\/szkola\\\/kdr\\\/\"},\"wordCount\":167,\"publisher\":{\"@id\":\"https:\\\/\\\/heliantus.pl\\\/szkola\\\/#organization\"},\"image\":{\"@id\":\"https:\\\/\\\/heliantus.pl\\\/szkola\\\/kdr\\\/#primaryimage\"},\"thumbnailUrl\":\"https:\\\/\\\/heliantus.pl\\\/szkola\\\/wp-content\\\/uploads\\\/2021\\\/03\\\/ban_kdr-01.png\",\"inLanguage\":\"pl-PL\"},{\"@type\":\"WebPage\",\"@id\":\"https:\\\/\\\/heliantus.pl\\\/szkola\\\/kdr\\\/\",\"url\":\"https:\\\/\\\/heliantus.pl\\\/szkola\\\/kdr\\\/\",\"name\":\"Karta Du\u017cej Rodziny | Szko\u0142a Heliantus | Niepubliczna szko\u0142a Ursyn\u00f3w, J\u00f3zefos\u0142aw | Matematyka, programowanie, j\u0119zyki\",\"isPartOf\":{\"@id\":\"https:\\\/\\\/heliantus.pl\\\/szkola\\\/#website\"},\"primaryImageOfPage\":{\"@id\":\"https:\\\/\\\/heliantus.pl\\\/szkola\\\/kdr\\\/#primaryimage\"},\"image\":{\"@id\":\"https:\\\/\\\/heliantus.pl\\\/szkola\\\/kdr\\\/#primaryimage\"},\"thumbnailUrl\":\"https:\\\/\\\/heliantus.pl\\\/szkola\\\/wp-content\\\/uploads\\\/2021\\\/03\\\/ban_kdr-01.png\",\"datePublished\":\"2021-03-25T11:38:30+00:00\",\"dateModified\":\"2023-05-16T20:37:24+00:00\",\"description\":\"Niepubliczna szko\u0142a podstawowa na Ursynowie (blisko J\u00f3zefos\u0142awia). Ma\u0142e klasy, programowanie, matematyka i j\u0119zyki obce (angielski, hiszpa\u0144ski). Wspieramy rozw\u00f3j, uczymy praktycznie. Rekrutacja 2026\\\/27\",\"breadcrumb\":{\"@id\":\"https:\\\/\\\/heliantus.pl\\\/szkola\\\/kdr\\\/#breadcrumb\"},\"inLanguage\":\"pl-PL\",\"potentialAction\":[{\"@type\":\"ReadAction\",\"target\":[\"https:\\\/\\\/heliantus.pl\\\/szkola\\\/kdr\\\/\"]}]},{\"@type\":\"ImageObject\",\"inLanguage\":\"pl-PL\",\"@id\":\"https:\\\/\\\/heliantus.pl\\\/szkola\\\/kdr\\\/#primaryimage\",\"url\":\"https:\\\/\\\/heliantus.pl\\\/szkola\\\/wp-content\\\/uploads\\\/2021\\\/03\\\/ban_kdr-01.png\",\"contentUrl\":\"https:\\\/\\\/heliantus.pl\\\/szkola\\\/wp-content\\\/uploads\\\/2021\\\/03\\\/ban_kdr-01.png\",\"width\":3000,\"height\":1146},{\"@type\":\"BreadcrumbList\",\"@id\":\"https:\\\/\\\/heliantus.pl\\\/szkola\\\/kdr\\\/#breadcrumb\",\"itemListElement\":[{\"@type\":\"ListItem\",\"position\":1,\"name\":\"Szko\u0142a Podstawowa\",\"item\":\"https:\\\/\\\/heliantus.pl\\\/szkola\\\/\"},{\"@type\":\"ListItem\",\"position\":2,\"name\":\"Karta Du\u017cej Rodziny\"}]},{\"@type\":\"WebSite\",\"@id\":\"https:\\\/\\\/heliantus.pl\\\/szkola\\\/#website\",\"url\":\"https:\\\/\\\/heliantus.pl\\\/szkola\\\/\",\"name\":\"Szko\u0142a Podstawowa Heliantus | Niepubliczna szko\u0142a Ursyn\u00f3w, J\u00f3zefos\u0142aw | Programowanie, j\u0119zyki, matematyka\",\"description\":\"MATEMATYKA INFORMATYKA J\u0118ZYKI\",\"publisher\":{\"@id\":\"https:\\\/\\\/heliantus.pl\\\/szkola\\\/#organization\"},\"alternateName\":\"SP Heliantus\",\"potentialAction\":[{\"@type\":\"SearchAction\",\"target\":{\"@type\":\"EntryPoint\",\"urlTemplate\":\"https:\\\/\\\/heliantus.pl\\\/szkola\\\/?s={search_term_string}\"},\"query-input\":{\"@type\":\"PropertyValueSpecification\",\"valueRequired\":true,\"valueName\":\"search_term_string\"}}],\"inLanguage\":\"pl-PL\"},{\"@type\":\"Organization\",\"@id\":\"https:\\\/\\\/heliantus.pl\\\/szkola\\\/#organization\",\"name\":\"Szko\u0142a Podstawowa Heliantus\",\"alternateName\":\"SP Heliantus\",\"url\":\"https:\\\/\\\/heliantus.pl\\\/szkola\\\/\",\"logo\":{\"@type\":\"ImageObject\",\"inLanguage\":\"pl-PL\",\"@id\":\"https:\\\/\\\/heliantus.pl\\\/szkola\\\/#\\\/schema\\\/logo\\\/image\\\/\",\"url\":\"https:\\\/\\\/heliantus.pl\\\/szkola\\\/wp-content\\\/uploads\\\/2017\\\/06\\\/SzkolaHeliantus-logo.png\",\"contentUrl\":\"https:\\\/\\\/heliantus.pl\\\/szkola\\\/wp-content\\\/uploads\\\/2017\\\/06\\\/SzkolaHeliantus-logo.png\",\"width\":736,\"height\":383,\"caption\":\"Szko\u0142a Podstawowa Heliantus\"},\"image\":{\"@id\":\"https:\\\/\\\/heliantus.pl\\\/szkola\\\/#\\\/schema\\\/logo\\\/image\\\/\"},\"sameAs\":[\"https:\\\/\\\/facebook.com\\\/SPHeliantus\",\"https:\\\/\\\/www.youtube.com\\\/channel\\\/UCjcaE5GVlsROqRDHQFVe6AA\"]},{\"@type\":\"Person\",\"@id\":\"https:\\\/\\\/heliantus.pl\\\/szkola\\\/#\\\/schema\\\/person\\\/a624713d1fe35413043b0557f7c923f7\",\"name\":\"Micha\u0142 K\u0119ska\",\"image\":{\"@type\":\"ImageObject\",\"inLanguage\":\"pl-PL\",\"@id\":\"https:\\\/\\\/secure.gravatar.com\\\/avatar\\\/ce6c43ad5dcc19d740ce48ca15b142320135e171dc0aaf39798cc0da24a5c044?s=96&d=mm&r=g\",\"url\":\"https:\\\/\\\/secure.gravatar.com\\\/avatar\\\/ce6c43ad5dcc19d740ce48ca15b142320135e171dc0aaf39798cc0da24a5c044?s=96&d=mm&r=g\",\"contentUrl\":\"https:\\\/\\\/secure.gravatar.com\\\/avatar\\\/ce6c43ad5dcc19d740ce48ca15b142320135e171dc0aaf39798cc0da24a5c044?s=96&d=mm&r=g\",\"caption\":\"Micha\u0142 K\u0119ska\"},\"url\":\"https:\\\/\\\/heliantus.pl\\\/szkola\\\/author\\\/michal-keska\\\/\"}]}<\/script>\n<!-- \/ Yoast SEO plugin. -->","yoast_head_json":{"title":"Karta Du\u017cej Rodziny | Szko\u0142a Heliantus | Niepubliczna szko\u0142a Ursyn\u00f3w, J\u00f3zefos\u0142aw | Matematyka, programowanie, j\u0119zyki","description":"Niepubliczna szko\u0142a podstawowa na Ursynowie (blisko J\u00f3zefos\u0142awia). Ma\u0142e klasy, programowanie, matematyka i j\u0119zyki obce (angielski, hiszpa\u0144ski). Wspieramy rozw\u00f3j, uczymy praktycznie. Rekrutacja 2026\/27","robots":{"index":"index","follow":"follow","max-snippet":"max-snippet:-1","max-image-preview":"max-image-preview:large","max-video-preview":"max-video-preview:-1"},"canonical":"https:\/\/heliantus.pl\/szkola\/kdr\/","og_locale":"pl_PL","og_type":"article","og_title":"Karta Du\u017cej Rodziny | Szko\u0142a Heliantus | Niepubliczna szko\u0142a Ursyn\u00f3w, J\u00f3zefos\u0142aw | Matematyka, programowanie, j\u0119zyki","og_description":"Niepubliczna szko\u0142a podstawowa na Ursynowie (blisko J\u00f3zefos\u0142awia). Ma\u0142e klasy, programowanie, matematyka i j\u0119zyki obce (angielski, hiszpa\u0144ski). Wspieramy rozw\u00f3j, uczymy praktycznie. Rekrutacja 2026\/27","og_url":"https:\/\/heliantus.pl\/szkola\/kdr\/","og_site_name":"Szko\u0142a Podstawowa Heliantus","article_publisher":"https:\/\/facebook.com\/SPHeliantus","article_modified_time":"2023-05-16T20:37:24+00:00","og_image":[{"width":3000,"height":1146,"url":"https:\/\/heliantus.pl\/szkola\/wp-content\/uploads\/2021\/03\/ban_kdr-01.png","type":"image\/png"}],"twitter_card":"summary_large_image","twitter_misc":{"Szacowany czas czytania":"1 minuta"},"schema":{"@context":"https:\/\/schema.org","@graph":[{"@type":"Article","@id":"https:\/\/heliantus.pl\/szkola\/kdr\/#article","isPartOf":{"@id":"https:\/\/heliantus.pl\/szkola\/kdr\/"},"author":{"name":"Micha\u0142 K\u0119ska","@id":"https:\/\/heliantus.pl\/szkola\/#\/schema\/person\/a624713d1fe35413043b0557f7c923f7"},"headline":"Karta Du\u017cej Rodziny","datePublished":"2021-03-25T11:38:30+00:00","dateModified":"2023-05-16T20:37:24+00:00","mainEntityOfPage":{"@id":"https:\/\/heliantus.pl\/szkola\/kdr\/"},"wordCount":167,"publisher":{"@id":"https:\/\/heliantus.pl\/szkola\/#organization"},"image":{"@id":"https:\/\/heliantus.pl\/szkola\/kdr\/#primaryimage"},"thumbnailUrl":"https:\/\/heliantus.pl\/szkola\/wp-content\/uploads\/2021\/03\/ban_kdr-01.png","inLanguage":"pl-PL"},{"@type":"WebPage","@id":"https:\/\/heliantus.pl\/szkola\/kdr\/","url":"https:\/\/heliantus.pl\/szkola\/kdr\/","name":"Karta Du\u017cej Rodziny | Szko\u0142a Heliantus | Niepubliczna szko\u0142a Ursyn\u00f3w, J\u00f3zefos\u0142aw | Matematyka, programowanie, j\u0119zyki","isPartOf":{"@id":"https:\/\/heliantus.pl\/szkola\/#website"},"primaryImageOfPage":{"@id":"https:\/\/heliantus.pl\/szkola\/kdr\/#primaryimage"},"image":{"@id":"https:\/\/heliantus.pl\/szkola\/kdr\/#primaryimage"},"thumbnailUrl":"https:\/\/heliantus.pl\/szkola\/wp-content\/uploads\/2021\/03\/ban_kdr-01.png","datePublished":"2021-03-25T11:38:30+00:00","dateModified":"2023-05-16T20:37:24+00:00","description":"Niepubliczna szko\u0142a podstawowa na Ursynowie (blisko J\u00f3zefos\u0142awia). Ma\u0142e klasy, programowanie, matematyka i j\u0119zyki obce (angielski, hiszpa\u0144ski). Wspieramy rozw\u00f3j, uczymy praktycznie. Rekrutacja 2026\/27","breadcrumb":{"@id":"https:\/\/heliantus.pl\/szkola\/kdr\/#breadcrumb"},"inLanguage":"pl-PL","potentialAction":[{"@type":"ReadAction","target":["https:\/\/heliantus.pl\/szkola\/kdr\/"]}]},{"@type":"ImageObject","inLanguage":"pl-PL","@id":"https:\/\/heliantus.pl\/szkola\/kdr\/#primaryimage","url":"https:\/\/heliantus.pl\/szkola\/wp-content\/uploads\/2021\/03\/ban_kdr-01.png","contentUrl":"https:\/\/heliantus.pl\/szkola\/wp-content\/uploads\/2021\/03\/ban_kdr-01.png","width":3000,"height":1146},{"@type":"BreadcrumbList","@id":"https:\/\/heliantus.pl\/szkola\/kdr\/#breadcrumb","itemListElement":[{"@type":"ListItem","position":1,"name":"Szko\u0142a Podstawowa","item":"https:\/\/heliantus.pl\/szkola\/"},{"@type":"ListItem","position":2,"name":"Karta Du\u017cej Rodziny"}]},{"@type":"WebSite","@id":"https:\/\/heliantus.pl\/szkola\/#website","url":"https:\/\/heliantus.pl\/szkola\/","name":"Szko\u0142a Podstawowa Heliantus | Niepubliczna szko\u0142a Ursyn\u00f3w, J\u00f3zefos\u0142aw | Programowanie, j\u0119zyki, matematyka","description":"MATEMATYKA INFORMATYKA J\u0118ZYKI","publisher":{"@id":"https:\/\/heliantus.pl\/szkola\/#organization"},"alternateName":"SP Heliantus","potentialAction":[{"@type":"SearchAction","target":{"@type":"EntryPoint","urlTemplate":"https:\/\/heliantus.pl\/szkola\/?s={search_term_string}"},"query-input":{"@type":"PropertyValueSpecification","valueRequired":true,"valueName":"search_term_string"}}],"inLanguage":"pl-PL"},{"@type":"Organization","@id":"https:\/\/heliantus.pl\/szkola\/#organization","name":"Szko\u0142a Podstawowa Heliantus","alternateName":"SP Heliantus","url":"https:\/\/heliantus.pl\/szkola\/","logo":{"@type":"ImageObject","inLanguage":"pl-PL","@id":"https:\/\/heliantus.pl\/szkola\/#\/schema\/logo\/image\/","url":"https:\/\/heliantus.pl\/szkola\/wp-content\/uploads\/2017\/06\/SzkolaHeliantus-logo.png","contentUrl":"https:\/\/heliantus.pl\/szkola\/wp-content\/uploads\/2017\/06\/SzkolaHeliantus-logo.png","width":736,"height":383,"caption":"Szko\u0142a Podstawowa Heliantus"},"image":{"@id":"https:\/\/heliantus.pl\/szkola\/#\/schema\/logo\/image\/"},"sameAs":["https:\/\/facebook.com\/SPHeliantus","https:\/\/www.youtube.com\/channel\/UCjcaE5GVlsROqRDHQFVe6AA"]},{"@type":"Person","@id":"https:\/\/heliantus.pl\/szkola\/#\/schema\/person\/a624713d1fe35413043b0557f7c923f7","name":"Micha\u0142 K\u0119ska","image":{"@type":"ImageObject","inLanguage":"pl-PL","@id":"https:\/\/secure.gravatar.com\/avatar\/ce6c43ad5dcc19d740ce48ca15b142320135e171dc0aaf39798cc0da24a5c044?s=96&d=mm&r=g","url":"https:\/\/secure.gravatar.com\/avatar\/ce6c43ad5dcc19d740ce48ca15b142320135e171dc0aaf39798cc0da24a5c044?s=96&d=mm&r=g","contentUrl":"https:\/\/secure.gravatar.com\/avatar\/ce6c43ad5dcc19d740ce48ca15b142320135e171dc0aaf39798cc0da24a5c044?s=96&d=mm&r=g","caption":"Micha\u0142 K\u0119ska"},"url":"https:\/\/heliantus.pl\/szkola\/author\/michal-keska\/"}]}},"amp_enabled":false,"_links":{"self":[{"href":"https:\/\/heliantus.pl\/szkola\/wp-json\/wp\/v2\/pages\/4699","targetHints":{"allow":["GET"]}}],"collection":[{"href":"https:\/\/heliantus.pl\/szkola\/wp-json\/wp\/v2\/pages"}],"about":[{"href":"https:\/\/heliantus.pl\/szkola\/wp-json\/wp\/v2\/types\/page"}],"author":[{"embeddable":true,"href":"https:\/\/heliantus.pl\/szkola\/wp-json\/wp\/v2\/users\/3"}],"replies":[{"embeddable":true,"href":"https:\/\/heliantus.pl\/szkola\/wp-json\/wp\/v2\/comments?post=4699"}],"version-history":[{"count":2,"href":"https:\/\/heliantus.pl\/szkola\/wp-json\/wp\/v2\/pages\/4699\/revisions"}],"predecessor-version":[{"id":5959,"href":"https:\/\/heliantus.pl\/szkola\/wp-json\/wp\/v2\/pages\/4699\/revisions\/5959"}],"wp:featuredmedia":[{"embeddable":true,"href":"https:\/\/heliantus.pl\/szkola\/wp-json\/wp\/v2\/media\/4707"}],"wp:attachment":[{"href":"https:\/\/heliantus.pl\/szkola\/wp-json\/wp\/v2\/media?parent=4699"}],"curies":[{"name":"wp","href":"https:\/\/api.w.org\/{rel}","templated":true}]}}