{"id":454,"date":"2017-06-07T13:03:30","date_gmt":"2017-06-07T13:03:30","guid":{"rendered":"http:\/\/heliantus.pl\/szkola\/?page_id=454"},"modified":"2019-03-17T22:58:20","modified_gmt":"2019-03-17T21:58:20","slug":"sport","status":"publish","type":"page","link":"https:\/\/heliantus.pl\/szkola\/o-szkole\/sport\/","title":{"rendered":"Sport"},"content":{"rendered":"\t\t<div data-elementor-type=\"wp-post\" data-elementor-id=\"454\" class=\"elementor elementor-454\">\n\t\t\t\t\t\t<section class=\"has_eae_slider elementor-section elementor-top-section elementor-element elementor-element-1733e502 elementor-section-height-min-height elementor-section-items-top elementor-section-content-bottom elementor-section-boxed elementor-section-height-default\" data-eae-slider=\"15813\" data-id=\"1733e502\" data-element_type=\"section\" data-e-type=\"section\">\n\t\t\t\t\t\t<div class=\"elementor-container elementor-column-gap-no\">\n\t\t\t\t\t<div class=\"has_eae_slider elementor-column elementor-col-100 elementor-top-column elementor-element elementor-element-1c103a5f\" data-eae-slider=\"79497\" data-id=\"1c103a5f\" data-element_type=\"column\" data-e-type=\"column\">\n\t\t\t<div class=\"elementor-widget-wrap elementor-element-populated\">\n\t\t\t\t\t\t<div class=\"elementor-element elementor-element-7c4f1cd2 elementor-widget elementor-widget-text-editor\" data-id=\"7c4f1cd2\" data-element_type=\"widget\" data-e-type=\"widget\" data-widget_type=\"text-editor.default\">\n\t\t\t\t\t\t\t\t\t<blockquote><em>Ruch jest w stanie zast\u0105pi\u0107 prawie ka\u017cde lekarstwo, ale wszystkie leki razem wzi\u0119te, nie zast\u0105pi\u0105 ruchu.<\/em><\/blockquote>\nZatem zgodnie z t\u0105 tez\u0105 dajemy uczniom wiele mo\u017cliwo\u015bci rozwijania sportowych pasji i umiej\u0119tno\u015bci zar\u00f3wno na zaj\u0119ciach z podstawy programowej, jak te\u017c podczas zaj\u0119\u0107 pozalekcyjnych.\nKoszyk\u00f3wka, pi\u0142ka no\u017cna, unihokej, biegi na orientacj\u0119, czy te\u017c gry i zabawy ruchowe, sprawiaj\u0105, \u017ce Wasze dzieci mog\u0105 zaspokoi\u0107 swoje potrzeby zwi\u0105zane z ruchem. Zaj\u0119cia sportowe stymuluj\u0105 napi\u0119cie mi\u0119\u015bniowe oraz odpowiednie dokrwienie i dotlenienie organizmu. Dzieci podczas zaj\u0119\u0107 sportowych odkrywaj\u0105 swoje mo\u017cliwo\u015bci fizyczne, a aktywno\u015b\u0107 fizyczna podczas zaj\u0119\u0107 zwi\u0119ksza \u015bwiadomo\u015b\u0107 kontroli nad w\u0142asnym cia\u0142em. Wsp\u00f3\u0142praca w grupach pozwala na lepsz\u0105 komunikacj\u0119 mi\u0119dzy uczniami, co przek\u0142ada si\u0119 na lepsz\u0105 aklimatyzacj\u0119 w klasie i szkole.\n\nDysponujemy pe\u0142nowymiarow\u0105 sal\u0105 gimnastyczn\u0105 z pe\u0142nym zaplecazem oraz boiskiem szkolnym\n<h2>Nasza filozofia zaj\u0119\u0107 ruchowych:<\/h2>\n<h3>Zabawa:<\/h3>\nWierzymy \u017ce dobra zabawa jest tym, co przyci\u0105ga dzieci do sportu. Dzieci uwielbiaj\u0105 opanowywanie nowych umiej\u0119tno\u015bci sportowych, a w\u0142a\u015bnie zabawa jest \u015bwietn\u0105 form\u0105 nauki. Dla nas nie s\u0105 najwa\u017cniejsze wyniki, lecz ch\u0119\u0107 uczestnictwa w zaj\u0119ciach sportowych.\n<h3>Bezpiecze\u0144stwo:<\/h3>\nW naszej plac\u00f3wce zaj\u0119cia sportowe prowadzone s\u0105 przez wykwalifikowan\u0105 kadr\u0119 pedagog\u00f3w, kt\u00f3rzy uko\u0144czyli Akademi\u0119 Wychowania Fizycznego. Instruktorzy s\u0105 odpowiednio przygotowani do pracy i k\u0142ad\u0105 du\u017cy nacisk na przestrzeganie wszystkich zasad i procedur zwi\u0105zanych z bezpiecze\u0144stwem.\n<h3>Wiedza:<\/h3>\nNa zaj\u0119ciach dzieci ucz\u0105 si\u0119, jak pracuj\u0105 ich narz\u0105dy ruchu, kt\u00f3re bior\u0105 udzia\u0142 w wysi\u0142ku fizycznym, wykonywanym w danym momencie wykonuj\u0105. Udowodniono, \u017ce skojarzenia pozwalaj\u0105 na \u0142atwiejsze zapami\u0119tywanie, zatem dzieci, posiadaj\u0105c wiedz\u0119, na temat mi\u0119\u015bni, staw\u00f3w, ko\u015bci oraz swoich organ\u00f3w, b\u0119d\u0105 mia\u0142y lepszy wp\u0142yw na swoje zdrowie w przysz\u0142o\u015bci.\n<h3>R\u00f3\u017cnorodno\u015b\u0107:<\/h3>\nOd pocz\u0105tku przygody z edukacj\u0105 dzieci w naszej szkole uczestnicz\u0105 w profesjonalnie przygotowanych zaj\u0119ciach sportowych. Najpopularniejsze dyscypliny w Heliantusie to: koszyk\u00f3wka, pi\u0142ka no\u017cna, siatk\u00f3wka, biegi na orientacj\u0119, unihokej oraz zabawy i gry na \u015bwie\u017cym powietrzu. W ramach lekcji w-fu dzieci ucz\u0105 si\u0119 p\u0142ywania na krytym basenie. Tak urozmaicony program sportowy nie pozwala naszym uczniom na nud\u0119.\n<h3>Rywalizacja:<\/h3>\nNasza szko\u0142a bardzo ch\u0119tnie bierze udzia\u0142 w r\u00f3\u017cnych projektach sportowych organizowanych na terenie wojew\u00f3dztwa mazowieckiego. Nie zapominamy o uzdolnionych dzieciach, kt\u00f3re mog\u0105 reprezentowa\u0107 szko\u0142\u0119 w rozgrywkach i zawodach organizowanych przez Szkolny Zwi\u0105zek Sportowy.\t\t\t\t\t\t\t\t<\/div>\n\t\t\t\t\t<\/div>\n\t\t<\/div>\n\t\t\t\t\t<\/div>\n\t\t<\/section>\n\t\t\t\t<\/div>\n\t\t","protected":false},"excerpt":{"rendered":"<p>Ruch jest w stanie zast\u0105pi\u0107 prawie ka\u017cde lekarstwo, ale wszystkie leki razem wzi\u0119te, nie zast\u0105pi\u0105 ruchu. Zatem zgodnie z t\u0105 tez\u0105 dajemy uczniom wiele mo\u017cliwo\u015bci rozwijania sportowych pasji i umiej\u0119tno\u015bci zar\u00f3wno na zaj\u0119ciach z podstawy programowej, jak te\u017c podczas zaj\u0119\u0107 <a href=\"https:\/\/heliantus.pl\/szkola\/o-szkole\/sport\/\" class=\"read-more\">Czytaj dalej &#8230;<\/a><\/p>\n","protected":false},"author":1,"featured_media":2550,"parent":440,"menu_order":0,"comment_status":"closed","ping_status":"closed","template":"","meta":{"_eb_attr":"","footnotes":""},"class_list":["post-454","page","type-page","status-publish","has-post-thumbnail","hentry"],"yoast_head":"<!-- This site is optimized with the Yoast SEO plugin v27.6 - https:\/\/yoast.com\/product\/yoast-seo-wordpress\/ -->\n<title>Sport | Szko\u0142a Heliantus | Niepubliczna szko\u0142a Ursyn\u00f3w, J\u00f3zefos\u0142aw | Matematyka, programowanie, j\u0119zyki<\/title>\n<meta name=\"description\" content=\"Ruch jest w stanie zast\u0105pi\u0107 prawie ka\u017cde lekarstwo, ale wszystkie leki razem wzi\u0119te, nie zast\u0105pi\u0105 ruchu.Zatem zgodnie z t\u0105 tez\u0105 dajemy uczniom wiele\" \/>\n<meta name=\"robots\" content=\"index, follow, max-snippet:-1, max-image-preview:large, max-video-preview:-1\" \/>\n<link rel=\"canonical\" href=\"https:\/\/heliantus.pl\/szkola\/o-szkole\/sport\/\" \/>\n<meta property=\"og:locale\" content=\"pl_PL\" \/>\n<meta property=\"og:type\" content=\"article\" \/>\n<meta property=\"og:title\" content=\"Sport | Szko\u0142a Heliantus | Niepubliczna szko\u0142a Ursyn\u00f3w, J\u00f3zefos\u0142aw | Matematyka, programowanie, j\u0119zyki\" \/>\n<meta property=\"og:description\" content=\"Ruch jest w stanie zast\u0105pi\u0107 prawie ka\u017cde lekarstwo, ale wszystkie leki razem wzi\u0119te, nie zast\u0105pi\u0105 ruchu.Zatem zgodnie z t\u0105 tez\u0105 dajemy uczniom wiele\" \/>\n<meta property=\"og:url\" content=\"https:\/\/heliantus.pl\/szkola\/o-szkole\/sport\/\" \/>\n<meta property=\"og:site_name\" content=\"Szko\u0142a Podstawowa Heliantus\" \/>\n<meta property=\"article:publisher\" content=\"https:\/\/facebook.com\/SPHeliantus\" \/>\n<meta property=\"article:modified_time\" content=\"2019-03-17T21:58:20+00:00\" \/>\n<meta property=\"og:image\" content=\"https:\/\/heliantus.pl\/szkola\/wp-content\/uploads\/2018\/10\/b_sport.jpg\" \/>\n\t<meta property=\"og:image:width\" content=\"1440\" \/>\n\t<meta property=\"og:image:height\" content=\"550\" \/>\n\t<meta property=\"og:image:type\" content=\"image\/jpeg\" \/>\n<meta name=\"twitter:card\" content=\"summary_large_image\" \/>\n<meta name=\"twitter:label1\" content=\"Szacowany czas czytania\" \/>\n\t<meta name=\"twitter:data1\" content=\"2 minuty\" \/>\n<script type=\"application\/ld+json\" class=\"yoast-schema-graph\">{\"@context\":\"https:\\\/\\\/schema.org\",\"@graph\":[{\"@type\":\"Article\",\"@id\":\"https:\\\/\\\/heliantus.pl\\\/szkola\\\/o-szkole\\\/sport\\\/#article\",\"isPartOf\":{\"@id\":\"https:\\\/\\\/heliantus.pl\\\/szkola\\\/o-szkole\\\/sport\\\/\"},\"author\":{\"name\":\"Heliantus\",\"@id\":\"https:\\\/\\\/heliantus.pl\\\/szkola\\\/#\\\/schema\\\/person\\\/81a1410eaff929555dc31a770dfd618d\"},\"headline\":\"Sport\",\"datePublished\":\"2017-06-07T13:03:30+00:00\",\"dateModified\":\"2019-03-17T21:58:20+00:00\",\"mainEntityOfPage\":{\"@id\":\"https:\\\/\\\/heliantus.pl\\\/szkola\\\/o-szkole\\\/sport\\\/\"},\"wordCount\":417,\"publisher\":{\"@id\":\"https:\\\/\\\/heliantus.pl\\\/szkola\\\/#organization\"},\"image\":{\"@id\":\"https:\\\/\\\/heliantus.pl\\\/szkola\\\/o-szkole\\\/sport\\\/#primaryimage\"},\"thumbnailUrl\":\"https:\\\/\\\/heliantus.pl\\\/szkola\\\/wp-content\\\/uploads\\\/2018\\\/10\\\/b_sport.jpg\",\"inLanguage\":\"pl-PL\"},{\"@type\":\"WebPage\",\"@id\":\"https:\\\/\\\/heliantus.pl\\\/szkola\\\/o-szkole\\\/sport\\\/\",\"url\":\"https:\\\/\\\/heliantus.pl\\\/szkola\\\/o-szkole\\\/sport\\\/\",\"name\":\"Sport | Szko\u0142a Heliantus | Niepubliczna szko\u0142a Ursyn\u00f3w, J\u00f3zefos\u0142aw | Matematyka, programowanie, j\u0119zyki\",\"isPartOf\":{\"@id\":\"https:\\\/\\\/heliantus.pl\\\/szkola\\\/#website\"},\"primaryImageOfPage\":{\"@id\":\"https:\\\/\\\/heliantus.pl\\\/szkola\\\/o-szkole\\\/sport\\\/#primaryimage\"},\"image\":{\"@id\":\"https:\\\/\\\/heliantus.pl\\\/szkola\\\/o-szkole\\\/sport\\\/#primaryimage\"},\"thumbnailUrl\":\"https:\\\/\\\/heliantus.pl\\\/szkola\\\/wp-content\\\/uploads\\\/2018\\\/10\\\/b_sport.jpg\",\"datePublished\":\"2017-06-07T13:03:30+00:00\",\"dateModified\":\"2019-03-17T21:58:20+00:00\",\"description\":\"Ruch jest w stanie zast\u0105pi\u0107 prawie ka\u017cde lekarstwo, ale wszystkie leki razem wzi\u0119te, nie zast\u0105pi\u0105 ruchu.Zatem zgodnie z t\u0105 tez\u0105 dajemy uczniom wiele\",\"breadcrumb\":{\"@id\":\"https:\\\/\\\/heliantus.pl\\\/szkola\\\/o-szkole\\\/sport\\\/#breadcrumb\"},\"inLanguage\":\"pl-PL\",\"potentialAction\":[{\"@type\":\"ReadAction\",\"target\":[\"https:\\\/\\\/heliantus.pl\\\/szkola\\\/o-szkole\\\/sport\\\/\"]}]},{\"@type\":\"ImageObject\",\"inLanguage\":\"pl-PL\",\"@id\":\"https:\\\/\\\/heliantus.pl\\\/szkola\\\/o-szkole\\\/sport\\\/#primaryimage\",\"url\":\"https:\\\/\\\/heliantus.pl\\\/szkola\\\/wp-content\\\/uploads\\\/2018\\\/10\\\/b_sport.jpg\",\"contentUrl\":\"https:\\\/\\\/heliantus.pl\\\/szkola\\\/wp-content\\\/uploads\\\/2018\\\/10\\\/b_sport.jpg\",\"width\":1440,\"height\":550},{\"@type\":\"BreadcrumbList\",\"@id\":\"https:\\\/\\\/heliantus.pl\\\/szkola\\\/o-szkole\\\/sport\\\/#breadcrumb\",\"itemListElement\":[{\"@type\":\"ListItem\",\"position\":1,\"name\":\"Szko\u0142a Podstawowa\",\"item\":\"https:\\\/\\\/heliantus.pl\\\/szkola\\\/\"},{\"@type\":\"ListItem\",\"position\":2,\"name\":\"O Szkole\",\"item\":\"https:\\\/\\\/heliantus.pl\\\/szkola\\\/o-szkole\\\/\"},{\"@type\":\"ListItem\",\"position\":3,\"name\":\"Sport\"}]},{\"@type\":\"WebSite\",\"@id\":\"https:\\\/\\\/heliantus.pl\\\/szkola\\\/#website\",\"url\":\"https:\\\/\\\/heliantus.pl\\\/szkola\\\/\",\"name\":\"Szko\u0142a Podstawowa Heliantus | Niepubliczna szko\u0142a Ursyn\u00f3w, J\u00f3zefos\u0142aw | Programowanie, j\u0119zyki, matematyka\",\"description\":\"MATEMATYKA INFORMATYKA J\u0118ZYKI\",\"publisher\":{\"@id\":\"https:\\\/\\\/heliantus.pl\\\/szkola\\\/#organization\"},\"alternateName\":\"SP Heliantus\",\"potentialAction\":[{\"@type\":\"SearchAction\",\"target\":{\"@type\":\"EntryPoint\",\"urlTemplate\":\"https:\\\/\\\/heliantus.pl\\\/szkola\\\/?s={search_term_string}\"},\"query-input\":{\"@type\":\"PropertyValueSpecification\",\"valueRequired\":true,\"valueName\":\"search_term_string\"}}],\"inLanguage\":\"pl-PL\"},{\"@type\":\"Organization\",\"@id\":\"https:\\\/\\\/heliantus.pl\\\/szkola\\\/#organization\",\"name\":\"Szko\u0142a Podstawowa Heliantus\",\"alternateName\":\"SP Heliantus\",\"url\":\"https:\\\/\\\/heliantus.pl\\\/szkola\\\/\",\"logo\":{\"@type\":\"ImageObject\",\"inLanguage\":\"pl-PL\",\"@id\":\"https:\\\/\\\/heliantus.pl\\\/szkola\\\/#\\\/schema\\\/logo\\\/image\\\/\",\"url\":\"https:\\\/\\\/heliantus.pl\\\/szkola\\\/wp-content\\\/uploads\\\/2017\\\/06\\\/SzkolaHeliantus-logo.png\",\"contentUrl\":\"https:\\\/\\\/heliantus.pl\\\/szkola\\\/wp-content\\\/uploads\\\/2017\\\/06\\\/SzkolaHeliantus-logo.png\",\"width\":736,\"height\":383,\"caption\":\"Szko\u0142a Podstawowa Heliantus\"},\"image\":{\"@id\":\"https:\\\/\\\/heliantus.pl\\\/szkola\\\/#\\\/schema\\\/logo\\\/image\\\/\"},\"sameAs\":[\"https:\\\/\\\/facebook.com\\\/SPHeliantus\",\"https:\\\/\\\/www.youtube.com\\\/channel\\\/UCjcaE5GVlsROqRDHQFVe6AA\"]},{\"@type\":\"Person\",\"@id\":\"https:\\\/\\\/heliantus.pl\\\/szkola\\\/#\\\/schema\\\/person\\\/81a1410eaff929555dc31a770dfd618d\",\"name\":\"Heliantus\",\"image\":{\"@type\":\"ImageObject\",\"inLanguage\":\"pl-PL\",\"@id\":\"https:\\\/\\\/secure.gravatar.com\\\/avatar\\\/825d0a11f80b9cb86f147ea3e02c48f23be33653c910718db45d4e4453580332?s=96&d=mm&r=g\",\"url\":\"https:\\\/\\\/secure.gravatar.com\\\/avatar\\\/825d0a11f80b9cb86f147ea3e02c48f23be33653c910718db45d4e4453580332?s=96&d=mm&r=g\",\"contentUrl\":\"https:\\\/\\\/secure.gravatar.com\\\/avatar\\\/825d0a11f80b9cb86f147ea3e02c48f23be33653c910718db45d4e4453580332?s=96&d=mm&r=g\",\"caption\":\"Heliantus\"},\"url\":\"https:\\\/\\\/heliantus.pl\\\/szkola\\\/author\\\/heliantus\\\/\"}]}<\/script>\n<!-- \/ Yoast SEO plugin. -->","yoast_head_json":{"title":"Sport | Szko\u0142a Heliantus | Niepubliczna szko\u0142a Ursyn\u00f3w, J\u00f3zefos\u0142aw | Matematyka, programowanie, j\u0119zyki","description":"Ruch jest w stanie zast\u0105pi\u0107 prawie ka\u017cde lekarstwo, ale wszystkie leki razem wzi\u0119te, nie zast\u0105pi\u0105 ruchu.Zatem zgodnie z t\u0105 tez\u0105 dajemy uczniom wiele","robots":{"index":"index","follow":"follow","max-snippet":"max-snippet:-1","max-image-preview":"max-image-preview:large","max-video-preview":"max-video-preview:-1"},"canonical":"https:\/\/heliantus.pl\/szkola\/o-szkole\/sport\/","og_locale":"pl_PL","og_type":"article","og_title":"Sport | Szko\u0142a Heliantus | Niepubliczna szko\u0142a Ursyn\u00f3w, J\u00f3zefos\u0142aw | Matematyka, programowanie, j\u0119zyki","og_description":"Ruch jest w stanie zast\u0105pi\u0107 prawie ka\u017cde lekarstwo, ale wszystkie leki razem wzi\u0119te, nie zast\u0105pi\u0105 ruchu.Zatem zgodnie z t\u0105 tez\u0105 dajemy uczniom wiele","og_url":"https:\/\/heliantus.pl\/szkola\/o-szkole\/sport\/","og_site_name":"Szko\u0142a Podstawowa Heliantus","article_publisher":"https:\/\/facebook.com\/SPHeliantus","article_modified_time":"2019-03-17T21:58:20+00:00","og_image":[{"width":1440,"height":550,"url":"https:\/\/heliantus.pl\/szkola\/wp-content\/uploads\/2018\/10\/b_sport.jpg","type":"image\/jpeg"}],"twitter_card":"summary_large_image","twitter_misc":{"Szacowany czas czytania":"2 minuty"},"schema":{"@context":"https:\/\/schema.org","@graph":[{"@type":"Article","@id":"https:\/\/heliantus.pl\/szkola\/o-szkole\/sport\/#article","isPartOf":{"@id":"https:\/\/heliantus.pl\/szkola\/o-szkole\/sport\/"},"author":{"name":"Heliantus","@id":"https:\/\/heliantus.pl\/szkola\/#\/schema\/person\/81a1410eaff929555dc31a770dfd618d"},"headline":"Sport","datePublished":"2017-06-07T13:03:30+00:00","dateModified":"2019-03-17T21:58:20+00:00","mainEntityOfPage":{"@id":"https:\/\/heliantus.pl\/szkola\/o-szkole\/sport\/"},"wordCount":417,"publisher":{"@id":"https:\/\/heliantus.pl\/szkola\/#organization"},"image":{"@id":"https:\/\/heliantus.pl\/szkola\/o-szkole\/sport\/#primaryimage"},"thumbnailUrl":"https:\/\/heliantus.pl\/szkola\/wp-content\/uploads\/2018\/10\/b_sport.jpg","inLanguage":"pl-PL"},{"@type":"WebPage","@id":"https:\/\/heliantus.pl\/szkola\/o-szkole\/sport\/","url":"https:\/\/heliantus.pl\/szkola\/o-szkole\/sport\/","name":"Sport | Szko\u0142a Heliantus | Niepubliczna szko\u0142a Ursyn\u00f3w, J\u00f3zefos\u0142aw | Matematyka, programowanie, j\u0119zyki","isPartOf":{"@id":"https:\/\/heliantus.pl\/szkola\/#website"},"primaryImageOfPage":{"@id":"https:\/\/heliantus.pl\/szkola\/o-szkole\/sport\/#primaryimage"},"image":{"@id":"https:\/\/heliantus.pl\/szkola\/o-szkole\/sport\/#primaryimage"},"thumbnailUrl":"https:\/\/heliantus.pl\/szkola\/wp-content\/uploads\/2018\/10\/b_sport.jpg","datePublished":"2017-06-07T13:03:30+00:00","dateModified":"2019-03-17T21:58:20+00:00","description":"Ruch jest w stanie zast\u0105pi\u0107 prawie ka\u017cde lekarstwo, ale wszystkie leki razem wzi\u0119te, nie zast\u0105pi\u0105 ruchu.Zatem zgodnie z t\u0105 tez\u0105 dajemy uczniom wiele","breadcrumb":{"@id":"https:\/\/heliantus.pl\/szkola\/o-szkole\/sport\/#breadcrumb"},"inLanguage":"pl-PL","potentialAction":[{"@type":"ReadAction","target":["https:\/\/heliantus.pl\/szkola\/o-szkole\/sport\/"]}]},{"@type":"ImageObject","inLanguage":"pl-PL","@id":"https:\/\/heliantus.pl\/szkola\/o-szkole\/sport\/#primaryimage","url":"https:\/\/heliantus.pl\/szkola\/wp-content\/uploads\/2018\/10\/b_sport.jpg","contentUrl":"https:\/\/heliantus.pl\/szkola\/wp-content\/uploads\/2018\/10\/b_sport.jpg","width":1440,"height":550},{"@type":"BreadcrumbList","@id":"https:\/\/heliantus.pl\/szkola\/o-szkole\/sport\/#breadcrumb","itemListElement":[{"@type":"ListItem","position":1,"name":"Szko\u0142a Podstawowa","item":"https:\/\/heliantus.pl\/szkola\/"},{"@type":"ListItem","position":2,"name":"O Szkole","item":"https:\/\/heliantus.pl\/szkola\/o-szkole\/"},{"@type":"ListItem","position":3,"name":"Sport"}]},{"@type":"WebSite","@id":"https:\/\/heliantus.pl\/szkola\/#website","url":"https:\/\/heliantus.pl\/szkola\/","name":"Szko\u0142a Podstawowa Heliantus | Niepubliczna szko\u0142a Ursyn\u00f3w, J\u00f3zefos\u0142aw | Programowanie, j\u0119zyki, matematyka","description":"MATEMATYKA INFORMATYKA J\u0118ZYKI","publisher":{"@id":"https:\/\/heliantus.pl\/szkola\/#organization"},"alternateName":"SP Heliantus","potentialAction":[{"@type":"SearchAction","target":{"@type":"EntryPoint","urlTemplate":"https:\/\/heliantus.pl\/szkola\/?s={search_term_string}"},"query-input":{"@type":"PropertyValueSpecification","valueRequired":true,"valueName":"search_term_string"}}],"inLanguage":"pl-PL"},{"@type":"Organization","@id":"https:\/\/heliantus.pl\/szkola\/#organization","name":"Szko\u0142a Podstawowa Heliantus","alternateName":"SP Heliantus","url":"https:\/\/heliantus.pl\/szkola\/","logo":{"@type":"ImageObject","inLanguage":"pl-PL","@id":"https:\/\/heliantus.pl\/szkola\/#\/schema\/logo\/image\/","url":"https:\/\/heliantus.pl\/szkola\/wp-content\/uploads\/2017\/06\/SzkolaHeliantus-logo.png","contentUrl":"https:\/\/heliantus.pl\/szkola\/wp-content\/uploads\/2017\/06\/SzkolaHeliantus-logo.png","width":736,"height":383,"caption":"Szko\u0142a Podstawowa Heliantus"},"image":{"@id":"https:\/\/heliantus.pl\/szkola\/#\/schema\/logo\/image\/"},"sameAs":["https:\/\/facebook.com\/SPHeliantus","https:\/\/www.youtube.com\/channel\/UCjcaE5GVlsROqRDHQFVe6AA"]},{"@type":"Person","@id":"https:\/\/heliantus.pl\/szkola\/#\/schema\/person\/81a1410eaff929555dc31a770dfd618d","name":"Heliantus","image":{"@type":"ImageObject","inLanguage":"pl-PL","@id":"https:\/\/secure.gravatar.com\/avatar\/825d0a11f80b9cb86f147ea3e02c48f23be33653c910718db45d4e4453580332?s=96&d=mm&r=g","url":"https:\/\/secure.gravatar.com\/avatar\/825d0a11f80b9cb86f147ea3e02c48f23be33653c910718db45d4e4453580332?s=96&d=mm&r=g","contentUrl":"https:\/\/secure.gravatar.com\/avatar\/825d0a11f80b9cb86f147ea3e02c48f23be33653c910718db45d4e4453580332?s=96&d=mm&r=g","caption":"Heliantus"},"url":"https:\/\/heliantus.pl\/szkola\/author\/heliantus\/"}]}},"amp_enabled":true,"_links":{"self":[{"href":"https:\/\/heliantus.pl\/szkola\/wp-json\/wp\/v2\/pages\/454","targetHints":{"allow":["GET"]}}],"collection":[{"href":"https:\/\/heliantus.pl\/szkola\/wp-json\/wp\/v2\/pages"}],"about":[{"href":"https:\/\/heliantus.pl\/szkola\/wp-json\/wp\/v2\/types\/page"}],"author":[{"embeddable":true,"href":"https:\/\/heliantus.pl\/szkola\/wp-json\/wp\/v2\/users\/1"}],"replies":[{"embeddable":true,"href":"https:\/\/heliantus.pl\/szkola\/wp-json\/wp\/v2\/comments?post=454"}],"version-history":[{"count":0,"href":"https:\/\/heliantus.pl\/szkola\/wp-json\/wp\/v2\/pages\/454\/revisions"}],"up":[{"embeddable":true,"href":"https:\/\/heliantus.pl\/szkola\/wp-json\/wp\/v2\/pages\/440"}],"wp:featuredmedia":[{"embeddable":true,"href":"https:\/\/heliantus.pl\/szkola\/wp-json\/wp\/v2\/media\/2550"}],"wp:attachment":[{"href":"https:\/\/heliantus.pl\/szkola\/wp-json\/wp\/v2\/media?parent=454"}],"curies":[{"name":"wp","href":"https:\/\/api.w.org\/{rel}","templated":true}]}}