{"id":440,"date":"2017-06-07T12:05:28","date_gmt":"2017-06-07T12:05:28","guid":{"rendered":"http:\/\/heliantus.pl\/szkola\/?page_id=440"},"modified":"2018-12-01T22:32:43","modified_gmt":"2018-12-01T21:32:43","slug":"o-szkole","status":"publish","type":"page","link":"https:\/\/heliantus.pl\/szkola\/o-szkole\/","title":{"rendered":"O Szkole"},"content":{"rendered":"<h2>Program Szko\u0142y Heliantus<\/h2>\n<p>Jako zesp\u00f3\u0142 Szko\u0142y Podstawowej Heliantus pragniemy inspirowa\u0107 naszych wychowank\u00f3w do podejmowania samodzielnych wyzwa\u0144, rozwijania pasji, poszukiwania swojej drogi i czerpania rado\u015bci z samego procesu uczenia si\u0119.<br \/>\nStworzyli\u015bmy wi\u0119c program, kt\u00f3ry:<br \/>\n&#8211; daje potrzebn\u0105 baz\u0119 wiedzy i umiej\u0119tno\u015bci, by przej\u015b\u0107 na kolejne etapy edukacji,<br \/>\n&#8211; umo\u017cliwia naszym uczniom uczestnictwo w r\u00f3\u017cnorodnych przedsi\u0119wzi\u0119ciach, by mogli do\u015bwiadczy\u0107 wielu ciekawych form aktywno\u015bci i by\u0107 mo\u017ce w\u015br\u00f3d nich odnale\u017a\u0107 swoj\u0105 pasj\u0119,<br \/>\n&#8211; umo\u017cliwia rozw\u00f3j indywidualny oraz uczy pracy zespo\u0142owej,<br \/>\n-wszystkim uczniom daje mo\u017cliwo\u015b\u0107 odnalezienia w\u0142asnych mocnych stron i daje odwag\u0119 do prezentowania siebie,<br \/>\n&#8211; nie obci\u0105\u017ca dodatkowo bud\u017cetu Rodzic\u00f3w.<\/p>\n<p><a href=\"http:\/\/heliantus.pl\/szkola\/program\/\">wi\u0119cej informacji &gt;&gt;<\/a><\/p>\n<h2>\u015awietlica<\/h2>\n<p>Plan pracy \u015bwietlicy w roku szkolnym 2016\/2017 przewiduje dla uczni\u00f3w szereg zaj\u0119\u0107 umo\u017cliwiaj\u0105cych rozwijanie pasji i uzdolnie\u0144, pog\u0142\u0119bianie wiedzy, kszta\u0142towanie umiej\u0119tno\u015bci oraz nabywanie nowych.<\/p>\n<p>Decyzja odno\u015bnie tego w jakich projektach poza podstawowym bardzo bogatym programem b\u0119d\u0105 uczestniczy\u0107 dzieci nale\u017cy do rodzic\u00f3w i oczywi\u015bcie zale\u017cy od ch\u0119ci dzieci.<\/p>\n<p>Przy podejmowaniu decyzji zach\u0119camy by kierowali si\u0119 Pa\u0144stwo dobrem dzieci, znaj\u0105c ich mo\u017cliwo\u015bci umiej\u0119tnie zr\u00f3wnowa\u017cyli potrzeb\u0119 swobodnej zabawy i odpoczynku po intensywnym dniu nauki ze stwarzaniem stymuluj\u0105cych warunk\u00f3w do wielokierunkowego rozwoju.<\/p>\n<p><a href=\"http:\/\/heliantus.pl\/szkola\/o-szkole\/swietlica\/\">wi\u0119cej informacji &gt;&gt;<\/a><\/p>\n<h2>Sport<\/h2>\n<p>Ruch jest w stanie zast\u0105pi\u0107 prawie ka\u017cde lekarstwo, ale wszystkie leki razem wzi\u0119te, nie zast\u0105pi\u0105 ruchu.<br \/>\nZatem zgodnie z t\u0105 tez\u0105 dajemy uczniom wiele mo\u017cliwo\u015bci rozwijania sportowych pasji i umiej\u0119tno\u015bci zar\u00f3wno na zaj\u0119ciach z podstawy programowej, jak te\u017c podczas zaj\u0119\u0107 pozalekcyjnych.<br \/>\nKoszyk\u00f3wka, pi\u0142ka no\u017cna, unihokej, biegi na orientacj\u0119, czy te\u017c gry i zabawy ruchowe, sprawiaj\u0105, \u017ce Wasze dzieci mog\u0105 zaspokoi\u0107 swoje potrzeby zwi\u0105zane z ruchem. Zaj\u0119cia sportowe stymuluj\u0105 napi\u0119cie mi\u0119\u015bniowe oraz odpowiednie dokrwienie i dotlenienie organizmu. Dzieci podczas zaj\u0119\u0107 sportowych odkrywaj\u0105 swoje mo\u017cliwo\u015bci fizyczne, a aktywno\u015b\u0107 fizyczna podczas zaj\u0119\u0107 zwi\u0119ksza \u015bwiadomo\u015b\u0107 kontroli nad w\u0142asnym cia\u0142em. Wsp\u00f3\u0142praca w grupach pozwala na lepsz\u0105 komunikacj\u0119 mi\u0119dzy uczniami, co przek\u0142ada si\u0119 na lepsz\u0105 aklimatyzacj\u0119 w klasie i szkole.<\/p>\n<p><a href=\"http:\/\/heliantus.pl\/szkola\/o-szkole\/sport\/\">wi\u0119cej informacji &gt;&gt;<\/a><\/p>\n<h2>Warunki lokalowe i \u015brodowisko szko\u0142y<\/h2>\n<p>Budynek szko\u0142y zosta\u0142 zaprojektowany w taki spos\u00f3b, by:<br \/>\n&#8211; maksymalnie wykorzysta\u0107 \u015bwiat\u0142o dzienne, niezb\u0119dne do rozwoju dzieci,<br \/>\n&#8211; stworzy\u0107 dobr\u0105 akustyk\u0119,<br \/>\n&#8211; wykorzysta\u0107 kolor i struktur\u0119,<br \/>\n&#8211; zapewni\u0107 dobr\u0105 wentylacj\u0119,<br \/>\n&#8211; zapewni\u0107 bie\u017c\u0105cy dost\u0119p do wody pitnej,<br \/>\n&#8211; s\u0142u\u017cy\u0107 przestrzeni\u0105 i przyjazn\u0105 atmosfer\u0105.<br \/>\nPrzestrze\u0144 wewn\u0119trzna szko\u0142y jest elastyczna na tyle, by w zale\u017cno\u015bci od potrzeb, umo\u017cliwia\u0142a i zach\u0119ca\u0142a do podejmowania r\u00f3\u017cnorodnych form nauki, rozwoju , wypoczynku, integracji, zdrowego \u017cywienia.<br \/>\nBudynek zosta\u0142 przystosowany do potrzeb os\u00f3b z niepe\u0142nosprawno\u015bci\u0105 : posiada wind\u0119, toalety z odpowiednimi zabezpieczeniami, antypo\u015blizgowe pod\u0142ogi oraz podjazd dla w\u00f3zk\u00f3w.<\/p>\n<p><a href=\"http:\/\/heliantus.pl\/szkola\/o-szkole\/nasze-atuty\/\">wi\u0119cej informacji &gt;&gt;<\/a><\/p>\n<h2>Rekrutacja<\/h2>\n<p>Osoby zainteresowane zapisaniem dziecka do szko\u0142y na rok szkolny 2019\/2020 zapraszamy na indywidualne spotkania, podczas kt\u00f3rych b\u0119dzie mo\u017cna uzyska\u0107 szczeg\u00f3\u0142owe informacje o organizacji pracy szko\u0142y i programie nauczania.<\/p>\n<p><a href=\"http:\/\/heliantus.pl\/szkola\/rekrutacja\/\">wi\u0119cej informacji &gt;&gt;<\/a><\/p>\n<h2>Dyplomy<\/h2>\n<p>Nasi uczniowie bior\u0105 udzia\u0142 w wielu aktywno\u015bciach, nasza szko\u0142a nale\u017cy do wielu program\u00f3w.<\/p>\n<p><a href=\"http:\/\/heliantus.pl\/szkola\/o-szkole\/dyplomy-i-certyfikaty\">wi\u0119cej informacji &gt;&gt;<\/a><\/p>\n","protected":false},"excerpt":{"rendered":"<p>Program Szko\u0142y Heliantus Jako zesp\u00f3\u0142 Szko\u0142y Podstawowej Heliantus pragniemy inspirowa\u0107 naszych wychowank\u00f3w do podejmowania samodzielnych wyzwa\u0144, rozwijania pasji, poszukiwania swojej drogi i czerpania rado\u015bci z samego procesu uczenia si\u0119. Stworzyli\u015bmy wi\u0119c program, kt\u00f3ry: &#8211; daje potrzebn\u0105 baz\u0119 wiedzy i umiej\u0119tno\u015bci, <a href=\"https:\/\/heliantus.pl\/szkola\/o-szkole\/\" class=\"read-more\">Czytaj dalej &#8230;<\/a><\/p>\n","protected":false},"author":1,"featured_media":0,"parent":0,"menu_order":0,"comment_status":"closed","ping_status":"closed","template":"","meta":{"_eb_attr":"","footnotes":""},"class_list":["post-440","page","type-page","status-publish","hentry"],"yoast_head":"<!-- This site is optimized with the Yoast SEO plugin v27.6 - https:\/\/yoast.com\/product\/yoast-seo-wordpress\/ -->\n<title>O Szkole | Szko\u0142a Heliantus | J\u00f3zefos\u0142aw, Piaseczno, Warszawa<\/title>\n<meta name=\"description\" content=\"Jako zesp\u00f3\u0142 Szko\u0142y Heliantus pragniemy inspirowa\u0107 naszych wychowank\u00f3w do podejmowania samodzielnych wyzwa\u0144, rozwijania pasji, poszukiwania swojej drogi i czerpania rado\u015bci z samego procesu uczenia si\u0119.\" \/>\n<meta name=\"robots\" content=\"index, follow, max-snippet:-1, max-image-preview:large, max-video-preview:-1\" \/>\n<link rel=\"canonical\" href=\"https:\/\/heliantus.pl\/szkola\/o-szkole\/\" \/>\n<meta property=\"og:locale\" content=\"pl_PL\" \/>\n<meta property=\"og:type\" content=\"article\" \/>\n<meta property=\"og:title\" content=\"O Szkole | Szko\u0142a Heliantus | J\u00f3zefos\u0142aw, Piaseczno, Warszawa\" \/>\n<meta property=\"og:description\" content=\"Jako zesp\u00f3\u0142 Szko\u0142y Heliantus pragniemy inspirowa\u0107 naszych wychowank\u00f3w do podejmowania samodzielnych wyzwa\u0144, rozwijania pasji, poszukiwania swojej drogi i czerpania rado\u015bci z samego procesu uczenia si\u0119.\" \/>\n<meta property=\"og:url\" content=\"https:\/\/heliantus.pl\/szkola\/o-szkole\/\" \/>\n<meta property=\"og:site_name\" content=\"Szko\u0142a Podstawowa Heliantus\" \/>\n<meta property=\"article:publisher\" content=\"https:\/\/facebook.com\/SPHeliantus\" \/>\n<meta property=\"article:modified_time\" content=\"2018-12-01T21:32:43+00:00\" \/>\n<meta property=\"og:image\" content=\"https:\/\/heliantus.pl\/szkola\/wp-content\/uploads\/2017\/10\/Logo_sm.png\" \/>\n\t<meta property=\"og:image:width\" content=\"155\" \/>\n\t<meta property=\"og:image:height\" content=\"80\" \/>\n\t<meta property=\"og:image:type\" content=\"image\/png\" \/>\n<meta name=\"twitter:card\" content=\"summary_large_image\" \/>\n<meta name=\"twitter:label1\" content=\"Szacowany czas czytania\" \/>\n\t<meta name=\"twitter:data1\" content=\"3 minuty\" \/>\n<script type=\"application\/ld+json\" class=\"yoast-schema-graph\">{\"@context\":\"https:\\\/\\\/schema.org\",\"@graph\":[{\"@type\":\"Article\",\"@id\":\"https:\\\/\\\/heliantus.pl\\\/szkola\\\/o-szkole\\\/#article\",\"isPartOf\":{\"@id\":\"https:\\\/\\\/heliantus.pl\\\/szkola\\\/o-szkole\\\/\"},\"author\":{\"name\":\"Heliantus\",\"@id\":\"https:\\\/\\\/heliantus.pl\\\/szkola\\\/#\\\/schema\\\/person\\\/81a1410eaff929555dc31a770dfd618d\"},\"headline\":\"O Szkole\",\"datePublished\":\"2017-06-07T12:05:28+00:00\",\"dateModified\":\"2018-12-01T21:32:43+00:00\",\"mainEntityOfPage\":{\"@id\":\"https:\\\/\\\/heliantus.pl\\\/szkola\\\/o-szkole\\\/\"},\"wordCount\":567,\"publisher\":{\"@id\":\"https:\\\/\\\/heliantus.pl\\\/szkola\\\/#organization\"},\"inLanguage\":\"pl-PL\"},{\"@type\":\"WebPage\",\"@id\":\"https:\\\/\\\/heliantus.pl\\\/szkola\\\/o-szkole\\\/\",\"url\":\"https:\\\/\\\/heliantus.pl\\\/szkola\\\/o-szkole\\\/\",\"name\":\"O Szkole | Szko\u0142a Heliantus | J\u00f3zefos\u0142aw, Piaseczno, Warszawa\",\"isPartOf\":{\"@id\":\"https:\\\/\\\/heliantus.pl\\\/szkola\\\/#website\"},\"datePublished\":\"2017-06-07T12:05:28+00:00\",\"dateModified\":\"2018-12-01T21:32:43+00:00\",\"description\":\"Jako zesp\u00f3\u0142 Szko\u0142y Heliantus pragniemy inspirowa\u0107 naszych wychowank\u00f3w do podejmowania samodzielnych wyzwa\u0144, rozwijania pasji, poszukiwania swojej drogi i czerpania rado\u015bci z samego procesu uczenia si\u0119.\",\"breadcrumb\":{\"@id\":\"https:\\\/\\\/heliantus.pl\\\/szkola\\\/o-szkole\\\/#breadcrumb\"},\"inLanguage\":\"pl-PL\",\"potentialAction\":[{\"@type\":\"ReadAction\",\"target\":[\"https:\\\/\\\/heliantus.pl\\\/szkola\\\/o-szkole\\\/\"]}]},{\"@type\":\"BreadcrumbList\",\"@id\":\"https:\\\/\\\/heliantus.pl\\\/szkola\\\/o-szkole\\\/#breadcrumb\",\"itemListElement\":[{\"@type\":\"ListItem\",\"position\":1,\"name\":\"Szko\u0142a Podstawowa\",\"item\":\"https:\\\/\\\/heliantus.pl\\\/szkola\\\/\"},{\"@type\":\"ListItem\",\"position\":2,\"name\":\"O Szkole\"}]},{\"@type\":\"WebSite\",\"@id\":\"https:\\\/\\\/heliantus.pl\\\/szkola\\\/#website\",\"url\":\"https:\\\/\\\/heliantus.pl\\\/szkola\\\/\",\"name\":\"Szko\u0142a Podstawowa Heliantus | Niepubliczna szko\u0142a Ursyn\u00f3w, J\u00f3zefos\u0142aw | Programowanie, j\u0119zyki, matematyka\",\"description\":\"MATEMATYKA INFORMATYKA J\u0118ZYKI\",\"publisher\":{\"@id\":\"https:\\\/\\\/heliantus.pl\\\/szkola\\\/#organization\"},\"alternateName\":\"SP Heliantus\",\"potentialAction\":[{\"@type\":\"SearchAction\",\"target\":{\"@type\":\"EntryPoint\",\"urlTemplate\":\"https:\\\/\\\/heliantus.pl\\\/szkola\\\/?s={search_term_string}\"},\"query-input\":{\"@type\":\"PropertyValueSpecification\",\"valueRequired\":true,\"valueName\":\"search_term_string\"}}],\"inLanguage\":\"pl-PL\"},{\"@type\":\"Organization\",\"@id\":\"https:\\\/\\\/heliantus.pl\\\/szkola\\\/#organization\",\"name\":\"Szko\u0142a Podstawowa Heliantus\",\"alternateName\":\"SP Heliantus\",\"url\":\"https:\\\/\\\/heliantus.pl\\\/szkola\\\/\",\"logo\":{\"@type\":\"ImageObject\",\"inLanguage\":\"pl-PL\",\"@id\":\"https:\\\/\\\/heliantus.pl\\\/szkola\\\/#\\\/schema\\\/logo\\\/image\\\/\",\"url\":\"https:\\\/\\\/heliantus.pl\\\/szkola\\\/wp-content\\\/uploads\\\/2017\\\/06\\\/SzkolaHeliantus-logo.png\",\"contentUrl\":\"https:\\\/\\\/heliantus.pl\\\/szkola\\\/wp-content\\\/uploads\\\/2017\\\/06\\\/SzkolaHeliantus-logo.png\",\"width\":736,\"height\":383,\"caption\":\"Szko\u0142a Podstawowa Heliantus\"},\"image\":{\"@id\":\"https:\\\/\\\/heliantus.pl\\\/szkola\\\/#\\\/schema\\\/logo\\\/image\\\/\"},\"sameAs\":[\"https:\\\/\\\/facebook.com\\\/SPHeliantus\",\"https:\\\/\\\/www.youtube.com\\\/channel\\\/UCjcaE5GVlsROqRDHQFVe6AA\"]},{\"@type\":\"Person\",\"@id\":\"https:\\\/\\\/heliantus.pl\\\/szkola\\\/#\\\/schema\\\/person\\\/81a1410eaff929555dc31a770dfd618d\",\"name\":\"Heliantus\",\"image\":{\"@type\":\"ImageObject\",\"inLanguage\":\"pl-PL\",\"@id\":\"https:\\\/\\\/secure.gravatar.com\\\/avatar\\\/825d0a11f80b9cb86f147ea3e02c48f23be33653c910718db45d4e4453580332?s=96&d=mm&r=g\",\"url\":\"https:\\\/\\\/secure.gravatar.com\\\/avatar\\\/825d0a11f80b9cb86f147ea3e02c48f23be33653c910718db45d4e4453580332?s=96&d=mm&r=g\",\"contentUrl\":\"https:\\\/\\\/secure.gravatar.com\\\/avatar\\\/825d0a11f80b9cb86f147ea3e02c48f23be33653c910718db45d4e4453580332?s=96&d=mm&r=g\",\"caption\":\"Heliantus\"},\"url\":\"https:\\\/\\\/heliantus.pl\\\/szkola\\\/author\\\/heliantus\\\/\"}]}<\/script>\n<!-- \/ Yoast SEO plugin. -->","yoast_head_json":{"title":"O Szkole | Szko\u0142a Heliantus | J\u00f3zefos\u0142aw, Piaseczno, Warszawa","description":"Jako zesp\u00f3\u0142 Szko\u0142y Heliantus pragniemy inspirowa\u0107 naszych wychowank\u00f3w do podejmowania samodzielnych wyzwa\u0144, rozwijania pasji, poszukiwania swojej drogi i czerpania rado\u015bci z samego procesu uczenia si\u0119.","robots":{"index":"index","follow":"follow","max-snippet":"max-snippet:-1","max-image-preview":"max-image-preview:large","max-video-preview":"max-video-preview:-1"},"canonical":"https:\/\/heliantus.pl\/szkola\/o-szkole\/","og_locale":"pl_PL","og_type":"article","og_title":"O Szkole | Szko\u0142a Heliantus | J\u00f3zefos\u0142aw, Piaseczno, Warszawa","og_description":"Jako zesp\u00f3\u0142 Szko\u0142y Heliantus pragniemy inspirowa\u0107 naszych wychowank\u00f3w do podejmowania samodzielnych wyzwa\u0144, rozwijania pasji, poszukiwania swojej drogi i czerpania rado\u015bci z samego procesu uczenia si\u0119.","og_url":"https:\/\/heliantus.pl\/szkola\/o-szkole\/","og_site_name":"Szko\u0142a Podstawowa Heliantus","article_publisher":"https:\/\/facebook.com\/SPHeliantus","article_modified_time":"2018-12-01T21:32:43+00:00","og_image":[{"width":155,"height":80,"url":"https:\/\/heliantus.pl\/szkola\/wp-content\/uploads\/2017\/10\/Logo_sm.png","type":"image\/png"}],"twitter_card":"summary_large_image","twitter_misc":{"Szacowany czas czytania":"3 minuty"},"schema":{"@context":"https:\/\/schema.org","@graph":[{"@type":"Article","@id":"https:\/\/heliantus.pl\/szkola\/o-szkole\/#article","isPartOf":{"@id":"https:\/\/heliantus.pl\/szkola\/o-szkole\/"},"author":{"name":"Heliantus","@id":"https:\/\/heliantus.pl\/szkola\/#\/schema\/person\/81a1410eaff929555dc31a770dfd618d"},"headline":"O Szkole","datePublished":"2017-06-07T12:05:28+00:00","dateModified":"2018-12-01T21:32:43+00:00","mainEntityOfPage":{"@id":"https:\/\/heliantus.pl\/szkola\/o-szkole\/"},"wordCount":567,"publisher":{"@id":"https:\/\/heliantus.pl\/szkola\/#organization"},"inLanguage":"pl-PL"},{"@type":"WebPage","@id":"https:\/\/heliantus.pl\/szkola\/o-szkole\/","url":"https:\/\/heliantus.pl\/szkola\/o-szkole\/","name":"O Szkole | Szko\u0142a Heliantus | J\u00f3zefos\u0142aw, Piaseczno, Warszawa","isPartOf":{"@id":"https:\/\/heliantus.pl\/szkola\/#website"},"datePublished":"2017-06-07T12:05:28+00:00","dateModified":"2018-12-01T21:32:43+00:00","description":"Jako zesp\u00f3\u0142 Szko\u0142y Heliantus pragniemy inspirowa\u0107 naszych wychowank\u00f3w do podejmowania samodzielnych wyzwa\u0144, rozwijania pasji, poszukiwania swojej drogi i czerpania rado\u015bci z samego procesu uczenia si\u0119.","breadcrumb":{"@id":"https:\/\/heliantus.pl\/szkola\/o-szkole\/#breadcrumb"},"inLanguage":"pl-PL","potentialAction":[{"@type":"ReadAction","target":["https:\/\/heliantus.pl\/szkola\/o-szkole\/"]}]},{"@type":"BreadcrumbList","@id":"https:\/\/heliantus.pl\/szkola\/o-szkole\/#breadcrumb","itemListElement":[{"@type":"ListItem","position":1,"name":"Szko\u0142a Podstawowa","item":"https:\/\/heliantus.pl\/szkola\/"},{"@type":"ListItem","position":2,"name":"O Szkole"}]},{"@type":"WebSite","@id":"https:\/\/heliantus.pl\/szkola\/#website","url":"https:\/\/heliantus.pl\/szkola\/","name":"Szko\u0142a Podstawowa Heliantus | Niepubliczna szko\u0142a Ursyn\u00f3w, J\u00f3zefos\u0142aw | Programowanie, j\u0119zyki, matematyka","description":"MATEMATYKA INFORMATYKA J\u0118ZYKI","publisher":{"@id":"https:\/\/heliantus.pl\/szkola\/#organization"},"alternateName":"SP Heliantus","potentialAction":[{"@type":"SearchAction","target":{"@type":"EntryPoint","urlTemplate":"https:\/\/heliantus.pl\/szkola\/?s={search_term_string}"},"query-input":{"@type":"PropertyValueSpecification","valueRequired":true,"valueName":"search_term_string"}}],"inLanguage":"pl-PL"},{"@type":"Organization","@id":"https:\/\/heliantus.pl\/szkola\/#organization","name":"Szko\u0142a Podstawowa Heliantus","alternateName":"SP Heliantus","url":"https:\/\/heliantus.pl\/szkola\/","logo":{"@type":"ImageObject","inLanguage":"pl-PL","@id":"https:\/\/heliantus.pl\/szkola\/#\/schema\/logo\/image\/","url":"https:\/\/heliantus.pl\/szkola\/wp-content\/uploads\/2017\/06\/SzkolaHeliantus-logo.png","contentUrl":"https:\/\/heliantus.pl\/szkola\/wp-content\/uploads\/2017\/06\/SzkolaHeliantus-logo.png","width":736,"height":383,"caption":"Szko\u0142a Podstawowa Heliantus"},"image":{"@id":"https:\/\/heliantus.pl\/szkola\/#\/schema\/logo\/image\/"},"sameAs":["https:\/\/facebook.com\/SPHeliantus","https:\/\/www.youtube.com\/channel\/UCjcaE5GVlsROqRDHQFVe6AA"]},{"@type":"Person","@id":"https:\/\/heliantus.pl\/szkola\/#\/schema\/person\/81a1410eaff929555dc31a770dfd618d","name":"Heliantus","image":{"@type":"ImageObject","inLanguage":"pl-PL","@id":"https:\/\/secure.gravatar.com\/avatar\/825d0a11f80b9cb86f147ea3e02c48f23be33653c910718db45d4e4453580332?s=96&d=mm&r=g","url":"https:\/\/secure.gravatar.com\/avatar\/825d0a11f80b9cb86f147ea3e02c48f23be33653c910718db45d4e4453580332?s=96&d=mm&r=g","contentUrl":"https:\/\/secure.gravatar.com\/avatar\/825d0a11f80b9cb86f147ea3e02c48f23be33653c910718db45d4e4453580332?s=96&d=mm&r=g","caption":"Heliantus"},"url":"https:\/\/heliantus.pl\/szkola\/author\/heliantus\/"}]}},"amp_enabled":true,"_links":{"self":[{"href":"https:\/\/heliantus.pl\/szkola\/wp-json\/wp\/v2\/pages\/440","targetHints":{"allow":["GET"]}}],"collection":[{"href":"https:\/\/heliantus.pl\/szkola\/wp-json\/wp\/v2\/pages"}],"about":[{"href":"https:\/\/heliantus.pl\/szkola\/wp-json\/wp\/v2\/types\/page"}],"author":[{"embeddable":true,"href":"https:\/\/heliantus.pl\/szkola\/wp-json\/wp\/v2\/users\/1"}],"replies":[{"embeddable":true,"href":"https:\/\/heliantus.pl\/szkola\/wp-json\/wp\/v2\/comments?post=440"}],"version-history":[{"count":0,"href":"https:\/\/heliantus.pl\/szkola\/wp-json\/wp\/v2\/pages\/440\/revisions"}],"wp:attachment":[{"href":"https:\/\/heliantus.pl\/szkola\/wp-json\/wp\/v2\/media?parent=440"}],"curies":[{"name":"wp","href":"https:\/\/api.w.org\/{rel}","templated":true}]}}