{"id":3840,"date":"2020-01-03T01:10:59","date_gmt":"2020-01-03T00:10:59","guid":{"rendered":"https:\/\/heliantus.pl\/szkola\/?page_id=3840"},"modified":"2025-11-07T21:32:59","modified_gmt":"2025-11-07T20:32:59","slug":"rekrutacja-do-szkoly","status":"publish","type":"page","link":"https:\/\/heliantus.pl\/szkola\/rekrutacja-do-szkoly\/","title":{"rendered":"Rekrutacja do szko\u0142y"},"content":{"rendered":"\t\t<div data-elementor-type=\"wp-page\" data-elementor-id=\"3840\" class=\"elementor elementor-3840\">\n\t\t\t\t\t\t<section class=\"has_eae_slider elementor-section elementor-top-section elementor-element elementor-element-a27858e elementor-section-boxed elementor-section-height-default elementor-section-height-default\" data-eae-slider=\"23610\" data-id=\"a27858e\" data-element_type=\"section\" data-e-type=\"section\">\n\t\t\t\t\t\t<div class=\"elementor-container elementor-column-gap-default\">\n\t\t\t\t\t<div class=\"has_eae_slider elementor-column elementor-col-100 elementor-top-column elementor-element elementor-element-9af8619\" data-eae-slider=\"31846\" data-id=\"9af8619\" data-element_type=\"column\" data-e-type=\"column\">\n\t\t\t<div class=\"elementor-widget-wrap elementor-element-populated\">\n\t\t\t\t\t\t<div class=\"elementor-element elementor-element-bd776f3 elementor-widget elementor-widget-heading\" data-id=\"bd776f3\" data-element_type=\"widget\" data-e-type=\"widget\" data-widget_type=\"heading.default\">\n\t\t\t\t\t<h1 class=\"elementor-heading-title elementor-size-default\">REKRUTACJA DO SZKO\u0141Y HELIANTUS<\/h1>\t\t\t\t<\/div>\n\t\t\t\t\t<\/div>\n\t\t<\/div>\n\t\t\t\t\t<\/div>\n\t\t<\/section>\n\t\t\t\t<section class=\"has_eae_slider elementor-section elementor-top-section elementor-element elementor-element-1f27026 elementor-section-boxed elementor-section-height-default elementor-section-height-default\" data-eae-slider=\"2255\" data-id=\"1f27026\" data-element_type=\"section\" data-e-type=\"section\">\n\t\t\t\t\t\t<div class=\"elementor-container elementor-column-gap-default\">\n\t\t\t\t\t<div class=\"has_eae_slider elementor-column elementor-col-100 elementor-top-column elementor-element elementor-element-8772526\" data-eae-slider=\"95714\" data-id=\"8772526\" data-element_type=\"column\" data-e-type=\"column\">\n\t\t\t<div class=\"elementor-widget-wrap elementor-element-populated\">\n\t\t\t\t\t\t<section class=\"has_eae_slider elementor-section elementor-inner-section elementor-element elementor-element-5cdebc9 elementor-section-boxed elementor-section-height-default elementor-section-height-default\" data-eae-slider=\"68760\" data-id=\"5cdebc9\" data-element_type=\"section\" data-e-type=\"section\">\n\t\t\t\t\t\t<div class=\"elementor-container elementor-column-gap-default\">\n\t\t\t\t\t<div class=\"has_eae_slider elementor-column elementor-col-50 elementor-inner-column elementor-element elementor-element-892d6cb\" data-eae-slider=\"48687\" data-id=\"892d6cb\" data-element_type=\"column\" data-e-type=\"column\" data-settings=\"{&quot;background_background&quot;:&quot;classic&quot;}\">\n\t\t\t<div class=\"elementor-widget-wrap elementor-element-populated\">\n\t\t\t\t\t\t<div class=\"elementor-element elementor-element-c66a0c5 elementor-widget elementor-widget-text-editor\" data-id=\"c66a0c5\" data-element_type=\"widget\" data-e-type=\"widget\" data-widget_type=\"text-editor.default\">\n\t\t\t\t\t\t\t\t\t<h2 style=\"color: #f4a024;\">PROCES REKRUTACJI<\/h2>\n<span style=\"color: white;\">W celu zapisania ucznia do szko\u0142y nale\u017cy:<\/span>\n<ol>\n \t<li>Um\u00f3wi\u0107 si\u0119 na spotkanie z dyrektorem szko\u0142y drog\u0105 mailow\u0105, pisz\u0105c na adres: <a style=\"color: white;\" href=\"mailto:heliantus@heliantus.pl\">heliantus@heliantus.pl<\/a> lub telefonicznie ( 787-315-656 ).<\/li>\n \t<li>Z\u0142o\u017cy\u0107 w sekretariacie wype\u0142nion\u0105 kart\u0119 rekrutacyjna ucznia.<\/li>\n \t<li>Ustali\u0107 termin dni adaptacyjnych, w kt\u00f3rych dziecko we\u017amie udzia\u0142.<\/li>\n \t<li>Zapozna\u0107 si\u0119 z dokumentacj\u0105 Szko\u0142y, w tym ze statutem i regulaminem szko\u0142y.<\/li>\n \t<li>Po otrzymaniu informacji z sekretariatu o przyj\u0119ciu ucznia do Szko\u0142y podpisa\u0107 umow\u0119.<\/li>\n<\/ol>\n<h3><span style=\"color: #ff9900;\"><a style=\"color: #ff9900;\" href=\"https:\/\/heliantus.pl\/szkola\/dokumenty-do-pobrania\/\">Dokumenty do pobrania<\/a><\/span><\/h3>\t\t\t\t\t\t\t\t<\/div>\n\t\t\t\t<div class=\"elementor-element elementor-element-80b57e0 elementor-invisible elementor-widget elementor-widget-heading\" data-id=\"80b57e0\" data-element_type=\"widget\" data-e-type=\"widget\" data-settings=\"{&quot;_animation&quot;:&quot;fadeIn&quot;}\" data-widget_type=\"heading.default\">\n\t\t\t\t\t<h2 class=\"elementor-heading-title elementor-size-default\">Najbli\u017cszy dzie\u0144 otwarty:<br>\n15 listopada 2025 r.<br>\ngodzina 10.30<\/h2>\t\t\t\t<\/div>\n\t\t\t\t\t<\/div>\n\t\t<\/div>\n\t\t\t\t<div class=\"has_eae_slider elementor-column elementor-col-50 elementor-inner-column elementor-element elementor-element-e5bf6ff\" data-eae-slider=\"23106\" data-id=\"e5bf6ff\" data-element_type=\"column\" data-e-type=\"column\">\n\t\t\t<div class=\"elementor-widget-wrap elementor-element-populated\">\n\t\t\t\t\t\t<div class=\"elementor-element elementor-element-fce28eb elementor-widget elementor-widget-text-editor\" data-id=\"fce28eb\" data-element_type=\"widget\" data-e-type=\"widget\" data-widget_type=\"text-editor.default\">\n\t\t\t\t\t\t\t\t\t<div><h3><img fetchpriority=\"high\" decoding=\"async\" style=\"margin-right: 15px;\" src=\"https:\/\/heliantus.pl\/szkola\/wp-content\/uploads\/2018\/10\/43952815_1982517668438013_4694841618979618816_n-169x300.jpg\" alt=\"\" width=\"169\" height=\"300\" align=\"left\" \/><\/h3><h2 data-start=\"336\" data-end=\"371\">Rekrutacja do Szko\u0142y Heliantus<\/h2><p data-start=\"373\" data-end=\"709\"><strong data-start=\"373\" data-end=\"393\">Szko\u0142a Heliantus<\/strong> to <strong data-start=\"397\" data-end=\"446\">niepubliczna szko\u0142a podstawowa w J\u00f3zefos\u0142awiu<\/strong>, dzia\u0142aj\u0105ca w duchu warto\u015bci oraz personalistycznego podej\u015bcia do ucznia.<br \/><br data-start=\"502\" data-end=\"505\" \/>Wyb\u00f3r szko\u0142y to jedna z najwa\u017cniejszych decyzji na pocz\u0105tku edukacyjnej drogi Dziecka \u2013 dlatego warto dobrze pozna\u0107 miejsce, w kt\u00f3rym b\u0119dzie rozwija\u0107 swoje pasje, zdobywa\u0107 wiedz\u0119 i poczucie sprawczo\u015bci.<\/p><p data-start=\"711\" data-end=\"827\">Zapraszamy do zapoznania si\u0119 z nasz\u0105 <strong data-start=\"748\" data-end=\"769\">ofert\u0105 edukacyjn\u0105<\/strong>, programem nauczania oraz codziennym \u017cyciem Heliantusa.<\/p><p data-start=\"711\" data-end=\"827\">\u00a0<\/p><p data-start=\"711\" data-end=\"827\">\u00a0<\/p><p data-start=\"711\" data-end=\"827\">\u00a0<\/p><p data-start=\"711\" data-end=\"827\">\u00a0<\/p><\/div><p data-start=\"711\" data-end=\"827\">\u00a0<\/p><div><hr data-start=\"829\" data-end=\"832\" \/><h2 data-start=\"834\" data-end=\"875\">Dni Otwarte i spotkania indywidualne<\/h2><h3 data-start=\"877\" data-end=\"907\">Najbli\u017cszy Dzie\u0144 Otwarty<\/h3><p data-start=\"908\" data-end=\"965\"><img decoding=\"async\" class=\"emoji\" role=\"img\" draggable=\"false\" src=\"https:\/\/s.w.org\/images\/core\/emoji\/16.0.1\/svg\/1f4c5.svg\" alt=\"\ud83d\udcc5\" \/> <strong data-start=\"911\" data-end=\"944\">15 listopada 2025 r. (sobota)<\/strong><br data-start=\"944\" data-end=\"947\" \/><img decoding=\"async\" class=\"emoji\" role=\"img\" draggable=\"false\" src=\"https:\/\/s.w.org\/images\/core\/emoji\/16.0.1\/svg\/1f565.svg\" alt=\"\ud83d\udd65\" \/> <strong data-start=\"950\" data-end=\"965\">godz. 10.30<\/strong><\/p><p data-start=\"967\" data-end=\"987\">Podczas spotkania:<\/p><ul data-start=\"988\" data-end=\"1124\"><li data-start=\"988\" data-end=\"1039\"><p data-start=\"990\" data-end=\"1039\">Rodzice poznaj\u0105 dyrektora i nauczycieli szko\u0142y,<\/p><\/li><li data-start=\"1040\" data-end=\"1124\"><p data-start=\"1042\" data-end=\"1124\">Dzieci wezm\u0105 udzia\u0142 w ciekawych zaj\u0119ciach przygotowanych przez kadr\u0119 Heliantusa.<\/p><\/li><\/ul><p data-start=\"1126\" data-end=\"1303\">To doskona\u0142a okazja, by zobaczy\u0107, jak wygl\u0105da codzienno\u015b\u0107 w <strong data-start=\"1186\" data-end=\"1233\">szkole podstawowej Heliantus w J\u00f3zefos\u0142awiu<\/strong>, oraz poczu\u0107 atmosfer\u0119 nauki i wsp\u00f3\u0142pracy, z kt\u00f3rej jeste\u015bmy znani.<\/p><p data-start=\"1126\" data-end=\"1303\">\u00a0<\/p><hr data-start=\"1305\" data-end=\"1308\" \/><h3 data-start=\"1310\" data-end=\"1338\">Spotkania indywidualne<\/h3><p data-start=\"1340\" data-end=\"1447\">Zapraszamy tak\u017ce na <strong data-start=\"1398\" data-end=\"1444\">indywidualne spotkania z dyrektorem szko\u0142y<\/strong>.<\/p><p data-start=\"1449\" data-end=\"1633\">Podczas rozmowy mo\u017cna pozna\u0107 szczeg\u00f3\u0142y programu nauczania, zobaczy\u0107 klasy, porozmawia\u0107 o indywidualnych potrzebach dziecka i sprawdzi\u0107, jak wygl\u0105da codzienne \u017cycie w naszej plac\u00f3wce.<\/p><p data-start=\"1635\" data-end=\"1781\"><img decoding=\"async\" class=\"emoji\" role=\"img\" draggable=\"false\" src=\"https:\/\/s.w.org\/images\/core\/emoji\/16.0.1\/svg\/1f4de.svg\" alt=\"\ud83d\udcde\" \/> <strong data-start=\"1638\" data-end=\"1653\">787 315 656<\/strong><br data-start=\"1653\" data-end=\"1656\" \/><img decoding=\"async\" class=\"emoji\" role=\"img\" draggable=\"false\" src=\"https:\/\/s.w.org\/images\/core\/emoji\/16.0.1\/svg\/1f4e7.svg\" alt=\"\ud83d\udce7\" \/> <strong data-start=\"1659\" data-end=\"1685\"><a class=\"decorated-link cursor-pointer\" rel=\"noopener\" data-start=\"1661\" data-end=\"1683\">heliantus@heliantus.pl<\/a><\/strong><br data-start=\"1685\" data-end=\"1688\" \/><img decoding=\"async\" class=\"emoji\" role=\"img\" draggable=\"false\" src=\"https:\/\/s.w.org\/images\/core\/emoji\/16.0.1\/svg\/1f553.svg\" alt=\"\ud83d\udd53\" \/> Terminy spotka\u0144 ustalamy telefonicznie, mailowo lub bezpo\u015brednio w sekretariacie szko\u0142y.<\/p><p data-start=\"1635\" data-end=\"1781\">\u00a0<\/p><hr data-start=\"1783\" data-end=\"1786\" \/><h2 data-start=\"1788\" data-end=\"1817\">Rekrutacja uzupe\u0142niaj\u0105ca<\/h2><p data-start=\"1819\" data-end=\"1898\">Prowadzimy tak\u017ce <strong data-start=\"1836\" data-end=\"1864\">rekrutacj\u0119 uzupe\u0142niaj\u0105c\u0105<\/strong> do klas, kt\u00f3re ju\u017c funkcjonuj\u0105.<\/p><p data-start=\"1900\" data-end=\"2132\">Dzieci przyjmowane w trakcie roku szkolnego zapraszamy na kilka dni adaptacyjnych (3\u20135 dni).<br data-start=\"1992\" data-end=\"1995\" \/>To czas, w kt\u00f3rym poznaj\u0105 szko\u0142\u0119, nauczycieli i r\u00f3wie\u015bnik\u00f3w, a nauczyciele maj\u0105 okazj\u0119 pozna\u0107 nowego ucznia i jego potrzeby edukacyjne.<\/p><p data-start=\"2134\" data-end=\"2287\">Po okresie adaptacyjnym spotykamy si\u0119 z Rodzicami, by om\u00f3wi\u0107 wsp\u00f3lne obserwacje i wsp\u00f3lnie podj\u0105\u0107 decyzj\u0119 o kontynuowaniu nauki w <strong data-start=\"2264\" data-end=\"2284\">Szkole Heliantus<\/strong>.<\/p><p data-start=\"2134\" data-end=\"2287\">\u00a0<\/p><hr data-start=\"2289\" data-end=\"2292\" \/><h2 data-start=\"2294\" data-end=\"2324\">Szko\u0142a Muzyczna Heliantus<\/h2><p data-start=\"2326\" data-end=\"2529\">Dzieci, kt\u00f3re maj\u0105 predyspozycje muzyczne, mog\u0105 dodatkowo ucz\u0119szcza\u0107 do <strong data-start=\"2398\" data-end=\"2428\">Szko\u0142y Muzycznej Heliantus<\/strong>.<br data-start=\"2429\" data-end=\"2432\" \/>To idealne po\u0142\u0105czenie nauki i rozwijania talent\u00f3w artystycznych \u2013 w jednym, przyjaznym miejscu.<\/p><hr data-start=\"2531\" data-end=\"2534\" \/><h2 data-start=\"2536\" data-end=\"2566\">Lokalizacja i spo\u0142eczno\u015b\u0107<\/h2><p data-start=\"2568\" data-end=\"2801\">Nasza szko\u0142a znajduje si\u0119 na <strong data-start=\"2597\" data-end=\"2622\">warszawskim Ursynowie<\/strong>, w dogodnej lokalizacji dla mieszka\u0144c\u00f3w:<br data-start=\"2663\" data-end=\"2666\" \/><strong data-start=\"2666\" data-end=\"2771\">J\u00f3zefos\u0142awia, Kierszka, Julianowa, Konstancina, Mysiad\u0142a, Piaseczna, Zamienia, Lesznowoli, Dawid, \u0141ad<\/strong> i okolicznych miejscowo\u015bci.<\/p><p data-start=\"2803\" data-end=\"2963\">Zapraszamy wszystkie Rodziny, kt\u00f3re szukaj\u0105 <strong data-start=\"2847\" data-end=\"2906\">prywatnej szko\u0142y podstawowej, opartej na warto\u015bciach,\u00a0 z personalistycznym podej\u015bciem<\/strong>, ciep\u0142\u0105 atmosfer\u0105 i nowoczesnym programem edukacyjnym.<\/p><div>\u00a0<\/div><\/div>\t\t\t\t\t\t\t\t<\/div>\n\t\t\t\t\t<\/div>\n\t\t<\/div>\n\t\t\t\t\t<\/div>\n\t\t<\/section>\n\t\t\t\t\t<\/div>\n\t\t<\/div>\n\t\t\t\t\t<\/div>\n\t\t<\/section>\n\t\t<div class=\"has_eae_slider elementor-element elementor-element-73db202 e-flex e-con-boxed e-con e-parent\" data-eae-slider=\"10179\" data-id=\"73db202\" data-element_type=\"container\" data-e-type=\"container\">\n\t\t\t\t\t<div class=\"e-con-inner\">\n\t\t\t\t<div class=\"elementor-element elementor-element-590600d elementor-widget elementor-widget-heading\" data-id=\"590600d\" data-element_type=\"widget\" data-e-type=\"widget\" data-widget_type=\"heading.default\">\n\t\t\t\t\t<h2 class=\"elementor-heading-title elementor-size-default\">Posiadamy wolne miejsca w klasach 2-8 na bie\u017c\u0105cy rok szkolny<\/h2>\t\t\t\t<\/div>\n\t\t\t\t\t<\/div>\n\t\t\t\t<\/div>\n\t\t\t\t<\/div>\n\t\t","protected":false},"excerpt":{"rendered":"<p>REKRUTACJA DO SZKO\u0141Y HELIANTUS PROCES REKRUTACJI W celu zapisania ucznia do szko\u0142y nale\u017cy: Um\u00f3wi\u0107 si\u0119 na spotkanie z dyrektorem szko\u0142y drog\u0105 mailow\u0105, pisz\u0105c na adres: heliantus@heliantus.pl lub telefonicznie ( 787-315-656 ). Z\u0142o\u017cy\u0107 w sekretariacie wype\u0142nion\u0105 kart\u0119 rekrutacyjna ucznia. Ustali\u0107 termin <a href=\"https:\/\/heliantus.pl\/szkola\/rekrutacja-do-szkoly\/\" class=\"read-more\">Czytaj dalej &#8230;<\/a><\/p>\n","protected":false},"author":3,"featured_media":3860,"parent":0,"menu_order":0,"comment_status":"closed","ping_status":"closed","template":"elementor_header_footer","meta":{"_eb_attr":"","footnotes":""},"class_list":["post-3840","page","type-page","status-publish","has-post-thumbnail","hentry"],"yoast_head":"<!-- This site is optimized with the Yoast SEO plugin v27.4 - https:\/\/yoast.com\/product\/yoast-seo-wordpress\/ -->\n<title>Rekrutacja do szko\u0142y | Szko\u0142a Heliantus | Niepubliczna szko\u0142a Ursyn\u00f3w, J\u00f3zefos\u0142aw | Matematyka, programowanie, j\u0119zyki<\/title>\n<meta name=\"description\" content=\"Rekrutacja do Heliantusa\" \/>\n<meta name=\"robots\" content=\"index, follow, max-snippet:-1, max-image-preview:large, max-video-preview:-1\" \/>\n<link rel=\"canonical\" href=\"https:\/\/heliantus.pl\/szkola\/rekrutacja-do-szkoly\/\" \/>\n<meta property=\"og:locale\" content=\"pl_PL\" \/>\n<meta property=\"og:type\" content=\"article\" \/>\n<meta property=\"og:title\" content=\"Rekrutacja do szko\u0142y | Szko\u0142a Heliantus | Niepubliczna szko\u0142a Ursyn\u00f3w, J\u00f3zefos\u0142aw | Matematyka, programowanie, j\u0119zyki\" \/>\n<meta property=\"og:description\" content=\"Rekrutacja do Heliantusa\" \/>\n<meta property=\"og:url\" content=\"https:\/\/heliantus.pl\/szkola\/rekrutacja-do-szkoly\/\" \/>\n<meta property=\"og:site_name\" content=\"Szko\u0142a Podstawowa Heliantus\" \/>\n<meta property=\"article:publisher\" content=\"https:\/\/facebook.com\/SPHeliantus\" \/>\n<meta property=\"article:modified_time\" content=\"2025-11-07T20:32:59+00:00\" \/>\n<meta property=\"og:image\" content=\"https:\/\/heliantus.pl\/szkola\/wp-content\/uploads\/2020\/01\/rekrut.jpg\" \/>\n\t<meta property=\"og:image:width\" content=\"1442\" \/>\n\t<meta property=\"og:image:height\" content=\"550\" \/>\n\t<meta property=\"og:image:type\" content=\"image\/jpeg\" \/>\n<meta name=\"twitter:card\" content=\"summary_large_image\" \/>\n<meta name=\"twitter:label1\" content=\"Szacowany czas czytania\" \/>\n\t<meta name=\"twitter:data1\" content=\"4 minuty\" \/>\n<script type=\"application\/ld+json\" class=\"yoast-schema-graph\">{\"@context\":\"https:\\\/\\\/schema.org\",\"@graph\":[{\"@type\":\"WebPage\",\"@id\":\"https:\\\/\\\/heliantus.pl\\\/szkola\\\/rekrutacja-do-szkoly\\\/\",\"url\":\"https:\\\/\\\/heliantus.pl\\\/szkola\\\/rekrutacja-do-szkoly\\\/\",\"name\":\"Rekrutacja do szko\u0142y | Szko\u0142a Heliantus | Niepubliczna szko\u0142a Ursyn\u00f3w, J\u00f3zefos\u0142aw | Matematyka, programowanie, j\u0119zyki\",\"isPartOf\":{\"@id\":\"https:\\\/\\\/heliantus.pl\\\/szkola\\\/#website\"},\"primaryImageOfPage\":{\"@id\":\"https:\\\/\\\/heliantus.pl\\\/szkola\\\/rekrutacja-do-szkoly\\\/#primaryimage\"},\"image\":{\"@id\":\"https:\\\/\\\/heliantus.pl\\\/szkola\\\/rekrutacja-do-szkoly\\\/#primaryimage\"},\"thumbnailUrl\":\"https:\\\/\\\/heliantus.pl\\\/szkola\\\/wp-content\\\/uploads\\\/2020\\\/01\\\/rekrut.jpg\",\"datePublished\":\"2020-01-03T00:10:59+00:00\",\"dateModified\":\"2025-11-07T20:32:59+00:00\",\"description\":\"Rekrutacja do Heliantusa\",\"breadcrumb\":{\"@id\":\"https:\\\/\\\/heliantus.pl\\\/szkola\\\/rekrutacja-do-szkoly\\\/#breadcrumb\"},\"inLanguage\":\"pl-PL\",\"potentialAction\":[{\"@type\":\"ReadAction\",\"target\":[\"https:\\\/\\\/heliantus.pl\\\/szkola\\\/rekrutacja-do-szkoly\\\/\"]}]},{\"@type\":\"ImageObject\",\"inLanguage\":\"pl-PL\",\"@id\":\"https:\\\/\\\/heliantus.pl\\\/szkola\\\/rekrutacja-do-szkoly\\\/#primaryimage\",\"url\":\"https:\\\/\\\/heliantus.pl\\\/szkola\\\/wp-content\\\/uploads\\\/2020\\\/01\\\/rekrut.jpg\",\"contentUrl\":\"https:\\\/\\\/heliantus.pl\\\/szkola\\\/wp-content\\\/uploads\\\/2020\\\/01\\\/rekrut.jpg\",\"width\":1442,\"height\":550},{\"@type\":\"BreadcrumbList\",\"@id\":\"https:\\\/\\\/heliantus.pl\\\/szkola\\\/rekrutacja-do-szkoly\\\/#breadcrumb\",\"itemListElement\":[{\"@type\":\"ListItem\",\"position\":1,\"name\":\"Szko\u0142a Podstawowa\",\"item\":\"https:\\\/\\\/heliantus.pl\\\/szkola\\\/\"},{\"@type\":\"ListItem\",\"position\":2,\"name\":\"Rekrutacja do szko\u0142y\"}]},{\"@type\":\"WebSite\",\"@id\":\"https:\\\/\\\/heliantus.pl\\\/szkola\\\/#website\",\"url\":\"https:\\\/\\\/heliantus.pl\\\/szkola\\\/\",\"name\":\"Szko\u0142a Podstawowa Heliantus | Niepubliczna szko\u0142a Ursyn\u00f3w, J\u00f3zefos\u0142aw | Programowanie, j\u0119zyki, matematyka\",\"description\":\"MATEMATYKA INFORMATYKA J\u0118ZYKI\",\"publisher\":{\"@id\":\"https:\\\/\\\/heliantus.pl\\\/szkola\\\/#organization\"},\"alternateName\":\"SP Heliantus\",\"potentialAction\":[{\"@type\":\"SearchAction\",\"target\":{\"@type\":\"EntryPoint\",\"urlTemplate\":\"https:\\\/\\\/heliantus.pl\\\/szkola\\\/?s={search_term_string}\"},\"query-input\":{\"@type\":\"PropertyValueSpecification\",\"valueRequired\":true,\"valueName\":\"search_term_string\"}}],\"inLanguage\":\"pl-PL\"},{\"@type\":\"Organization\",\"@id\":\"https:\\\/\\\/heliantus.pl\\\/szkola\\\/#organization\",\"name\":\"Szko\u0142a Podstawowa Heliantus\",\"alternateName\":\"SP Heliantus\",\"url\":\"https:\\\/\\\/heliantus.pl\\\/szkola\\\/\",\"logo\":{\"@type\":\"ImageObject\",\"inLanguage\":\"pl-PL\",\"@id\":\"https:\\\/\\\/heliantus.pl\\\/szkola\\\/#\\\/schema\\\/logo\\\/image\\\/\",\"url\":\"https:\\\/\\\/heliantus.pl\\\/szkola\\\/wp-content\\\/uploads\\\/2017\\\/06\\\/SzkolaHeliantus-logo.png\",\"contentUrl\":\"https:\\\/\\\/heliantus.pl\\\/szkola\\\/wp-content\\\/uploads\\\/2017\\\/06\\\/SzkolaHeliantus-logo.png\",\"width\":736,\"height\":383,\"caption\":\"Szko\u0142a Podstawowa Heliantus\"},\"image\":{\"@id\":\"https:\\\/\\\/heliantus.pl\\\/szkola\\\/#\\\/schema\\\/logo\\\/image\\\/\"},\"sameAs\":[\"https:\\\/\\\/facebook.com\\\/SPHeliantus\",\"https:\\\/\\\/www.youtube.com\\\/channel\\\/UCjcaE5GVlsROqRDHQFVe6AA\"]}]}<\/script>\n<!-- \/ Yoast SEO plugin. -->","yoast_head_json":{"title":"Rekrutacja do szko\u0142y | Szko\u0142a Heliantus | Niepubliczna szko\u0142a Ursyn\u00f3w, J\u00f3zefos\u0142aw | Matematyka, programowanie, j\u0119zyki","description":"Rekrutacja do Heliantusa","robots":{"index":"index","follow":"follow","max-snippet":"max-snippet:-1","max-image-preview":"max-image-preview:large","max-video-preview":"max-video-preview:-1"},"canonical":"https:\/\/heliantus.pl\/szkola\/rekrutacja-do-szkoly\/","og_locale":"pl_PL","og_type":"article","og_title":"Rekrutacja do szko\u0142y | Szko\u0142a Heliantus | Niepubliczna szko\u0142a Ursyn\u00f3w, J\u00f3zefos\u0142aw | Matematyka, programowanie, j\u0119zyki","og_description":"Rekrutacja do Heliantusa","og_url":"https:\/\/heliantus.pl\/szkola\/rekrutacja-do-szkoly\/","og_site_name":"Szko\u0142a Podstawowa Heliantus","article_publisher":"https:\/\/facebook.com\/SPHeliantus","article_modified_time":"2025-11-07T20:32:59+00:00","og_image":[{"width":1442,"height":550,"url":"https:\/\/heliantus.pl\/szkola\/wp-content\/uploads\/2020\/01\/rekrut.jpg","type":"image\/jpeg"}],"twitter_card":"summary_large_image","twitter_misc":{"Szacowany czas czytania":"4 minuty"},"schema":{"@context":"https:\/\/schema.org","@graph":[{"@type":"WebPage","@id":"https:\/\/heliantus.pl\/szkola\/rekrutacja-do-szkoly\/","url":"https:\/\/heliantus.pl\/szkola\/rekrutacja-do-szkoly\/","name":"Rekrutacja do szko\u0142y | Szko\u0142a Heliantus | Niepubliczna szko\u0142a Ursyn\u00f3w, J\u00f3zefos\u0142aw | Matematyka, programowanie, j\u0119zyki","isPartOf":{"@id":"https:\/\/heliantus.pl\/szkola\/#website"},"primaryImageOfPage":{"@id":"https:\/\/heliantus.pl\/szkola\/rekrutacja-do-szkoly\/#primaryimage"},"image":{"@id":"https:\/\/heliantus.pl\/szkola\/rekrutacja-do-szkoly\/#primaryimage"},"thumbnailUrl":"https:\/\/heliantus.pl\/szkola\/wp-content\/uploads\/2020\/01\/rekrut.jpg","datePublished":"2020-01-03T00:10:59+00:00","dateModified":"2025-11-07T20:32:59+00:00","description":"Rekrutacja do Heliantusa","breadcrumb":{"@id":"https:\/\/heliantus.pl\/szkola\/rekrutacja-do-szkoly\/#breadcrumb"},"inLanguage":"pl-PL","potentialAction":[{"@type":"ReadAction","target":["https:\/\/heliantus.pl\/szkola\/rekrutacja-do-szkoly\/"]}]},{"@type":"ImageObject","inLanguage":"pl-PL","@id":"https:\/\/heliantus.pl\/szkola\/rekrutacja-do-szkoly\/#primaryimage","url":"https:\/\/heliantus.pl\/szkola\/wp-content\/uploads\/2020\/01\/rekrut.jpg","contentUrl":"https:\/\/heliantus.pl\/szkola\/wp-content\/uploads\/2020\/01\/rekrut.jpg","width":1442,"height":550},{"@type":"BreadcrumbList","@id":"https:\/\/heliantus.pl\/szkola\/rekrutacja-do-szkoly\/#breadcrumb","itemListElement":[{"@type":"ListItem","position":1,"name":"Szko\u0142a Podstawowa","item":"https:\/\/heliantus.pl\/szkola\/"},{"@type":"ListItem","position":2,"name":"Rekrutacja do szko\u0142y"}]},{"@type":"WebSite","@id":"https:\/\/heliantus.pl\/szkola\/#website","url":"https:\/\/heliantus.pl\/szkola\/","name":"Szko\u0142a Podstawowa Heliantus | Niepubliczna szko\u0142a Ursyn\u00f3w, J\u00f3zefos\u0142aw | Programowanie, j\u0119zyki, matematyka","description":"MATEMATYKA INFORMATYKA J\u0118ZYKI","publisher":{"@id":"https:\/\/heliantus.pl\/szkola\/#organization"},"alternateName":"SP Heliantus","potentialAction":[{"@type":"SearchAction","target":{"@type":"EntryPoint","urlTemplate":"https:\/\/heliantus.pl\/szkola\/?s={search_term_string}"},"query-input":{"@type":"PropertyValueSpecification","valueRequired":true,"valueName":"search_term_string"}}],"inLanguage":"pl-PL"},{"@type":"Organization","@id":"https:\/\/heliantus.pl\/szkola\/#organization","name":"Szko\u0142a Podstawowa Heliantus","alternateName":"SP Heliantus","url":"https:\/\/heliantus.pl\/szkola\/","logo":{"@type":"ImageObject","inLanguage":"pl-PL","@id":"https:\/\/heliantus.pl\/szkola\/#\/schema\/logo\/image\/","url":"https:\/\/heliantus.pl\/szkola\/wp-content\/uploads\/2017\/06\/SzkolaHeliantus-logo.png","contentUrl":"https:\/\/heliantus.pl\/szkola\/wp-content\/uploads\/2017\/06\/SzkolaHeliantus-logo.png","width":736,"height":383,"caption":"Szko\u0142a Podstawowa Heliantus"},"image":{"@id":"https:\/\/heliantus.pl\/szkola\/#\/schema\/logo\/image\/"},"sameAs":["https:\/\/facebook.com\/SPHeliantus","https:\/\/www.youtube.com\/channel\/UCjcaE5GVlsROqRDHQFVe6AA"]}]}},"amp_enabled":false,"_links":{"self":[{"href":"https:\/\/heliantus.pl\/szkola\/wp-json\/wp\/v2\/pages\/3840","targetHints":{"allow":["GET"]}}],"collection":[{"href":"https:\/\/heliantus.pl\/szkola\/wp-json\/wp\/v2\/pages"}],"about":[{"href":"https:\/\/heliantus.pl\/szkola\/wp-json\/wp\/v2\/types\/page"}],"author":[{"embeddable":true,"href":"https:\/\/heliantus.pl\/szkola\/wp-json\/wp\/v2\/users\/3"}],"replies":[{"embeddable":true,"href":"https:\/\/heliantus.pl\/szkola\/wp-json\/wp\/v2\/comments?post=3840"}],"version-history":[{"count":119,"href":"https:\/\/heliantus.pl\/szkola\/wp-json\/wp\/v2\/pages\/3840\/revisions"}],"predecessor-version":[{"id":7518,"href":"https:\/\/heliantus.pl\/szkola\/wp-json\/wp\/v2\/pages\/3840\/revisions\/7518"}],"wp:featuredmedia":[{"embeddable":true,"href":"https:\/\/heliantus.pl\/szkola\/wp-json\/wp\/v2\/media\/3860"}],"wp:attachment":[{"href":"https:\/\/heliantus.pl\/szkola\/wp-json\/wp\/v2\/media?parent=3840"}],"curies":[{"name":"wp","href":"https:\/\/api.w.org\/{rel}","templated":true}]}}