{"id":3710,"date":"2019-11-18T23:56:07","date_gmt":"2019-11-18T22:56:07","guid":{"rendered":"https:\/\/heliantus.pl\/szkola\/?page_id=3710"},"modified":"2019-11-19T00:01:57","modified_gmt":"2019-11-18T23:01:57","slug":"orly-edukacji-2019","status":"publish","type":"page","link":"https:\/\/heliantus.pl\/szkola\/orly-edukacji-2019\/","title":{"rendered":"Or\u0142y Edukacji 2019"},"content":{"rendered":"\n<div class=\"wp-block-image is-style-default\"><figure class=\"alignleft size-large is-resized\"><img decoding=\"async\" src=\"https:\/\/heliantus.pl\/szkola\/wp-content\/uploads\/2019\/11\/EDUKACJI-LOGO-1500-906x1024.jpg\" alt=\"\" class=\"wp-image-3706\" width=\"140\" height=\"157\" srcset=\"https:\/\/heliantus.pl\/szkola\/wp-content\/uploads\/2019\/11\/EDUKACJI-LOGO-1500-906x1024.jpg 906w, https:\/\/heliantus.pl\/szkola\/wp-content\/uploads\/2019\/11\/EDUKACJI-LOGO-1500-265x300.jpg 265w, https:\/\/heliantus.pl\/szkola\/wp-content\/uploads\/2019\/11\/EDUKACJI-LOGO-1500-768x868.jpg 768w, https:\/\/heliantus.pl\/szkola\/wp-content\/uploads\/2019\/11\/EDUKACJI-LOGO-1500-1359x1536.jpg 1359w, https:\/\/heliantus.pl\/szkola\/wp-content\/uploads\/2019\/11\/EDUKACJI-LOGO-1500-239x270.jpg 239w, https:\/\/heliantus.pl\/szkola\/wp-content\/uploads\/2019\/11\/EDUKACJI-LOGO-1500.jpg 1500w\" sizes=\"(max-width: 140px) 100vw, 140px\" \/><\/figure><\/div>\n\n\n\n<p>W sierpniu 2019 roku Szko\u0142a Heliantus zosta\u0142a laureatem nagrody Or\u0142y Edukacji 2019 a w listopadzie <a href=\"https:\/\/www.orlyedukacji.pl\/profile-270563-szkola-podstawowa-heliantus\/\" target=\"_blank\" rel=\"noreferrer noopener\" aria-label=\"Z\u0142ot\u0105 nagrod\u0105 Or\u0142y Edukacji  (otwiera si\u0119 na nowej zak\u0142adce)\">Z\u0142ot\u0105 nagrod\u0105 Or\u0142y Edukacji <\/a><\/p>\n","protected":false},"excerpt":{"rendered":"<p>W sierpniu 2019 roku Szko\u0142a Heliantus zosta\u0142a laureatem nagrody Or\u0142y Edukacji 2019 a w listopadzie Z\u0142ot\u0105 nagrod\u0105 Or\u0142y Edukacji<\/p>\n","protected":false},"author":3,"featured_media":3709,"parent":0,"menu_order":0,"comment_status":"closed","ping_status":"closed","template":"","meta":{"_eb_attr":"","footnotes":""},"class_list":["post-3710","page","type-page","status-publish","has-post-thumbnail","hentry"],"yoast_head":"<!-- This site is optimized with the Yoast SEO plugin v27.3 - https:\/\/yoast.com\/product\/yoast-seo-wordpress\/ -->\n<title>Or\u0142y Edukacji 2019 | Szko\u0142a Heliantus | Niepubliczna szko\u0142a Ursyn\u00f3w, J\u00f3zefos\u0142aw | Matematyka, programowanie, j\u0119zyki<\/title>\n<meta name=\"description\" content=\"Niepubliczna szko\u0142a podstawowa na Ursynowie (blisko J\u00f3zefos\u0142awia). Ma\u0142e klasy, programowanie, matematyka i j\u0119zyki obce (angielski, hiszpa\u0144ski). Wspieramy rozw\u00f3j, uczymy praktycznie. Rekrutacja 2026\/27\" \/>\n<meta name=\"robots\" content=\"index, follow, max-snippet:-1, max-image-preview:large, max-video-preview:-1\" \/>\n<link rel=\"canonical\" href=\"https:\/\/heliantus.pl\/szkola\/orly-edukacji-2019\/\" \/>\n<meta property=\"og:locale\" content=\"pl_PL\" \/>\n<meta property=\"og:type\" content=\"article\" \/>\n<meta property=\"og:title\" content=\"Or\u0142y Edukacji 2019 | Szko\u0142a Heliantus | Niepubliczna szko\u0142a Ursyn\u00f3w, J\u00f3zefos\u0142aw | Matematyka, programowanie, j\u0119zyki\" \/>\n<meta property=\"og:description\" content=\"Niepubliczna szko\u0142a podstawowa na Ursynowie (blisko J\u00f3zefos\u0142awia). Ma\u0142e klasy, programowanie, matematyka i j\u0119zyki obce (angielski, hiszpa\u0144ski). Wspieramy rozw\u00f3j, uczymy praktycznie. Rekrutacja 2026\/27\" \/>\n<meta property=\"og:url\" content=\"https:\/\/heliantus.pl\/szkola\/orly-edukacji-2019\/\" \/>\n<meta property=\"og:site_name\" content=\"Szko\u0142a Podstawowa Heliantus\" \/>\n<meta property=\"article:publisher\" content=\"https:\/\/facebook.com\/SPHeliantus\" \/>\n<meta property=\"article:modified_time\" content=\"2019-11-18T23:01:57+00:00\" \/>\n<meta property=\"og:image\" content=\"https:\/\/heliantus.pl\/szkola\/wp-content\/uploads\/2019\/11\/ban_or-01-scaled.png\" \/>\n\t<meta property=\"og:image:width\" content=\"2560\" \/>\n\t<meta property=\"og:image:height\" content=\"978\" \/>\n\t<meta property=\"og:image:type\" content=\"image\/png\" \/>\n<meta name=\"twitter:card\" content=\"summary_large_image\" \/>\n<script type=\"application\/ld+json\" class=\"yoast-schema-graph\">{\"@context\":\"https:\\\/\\\/schema.org\",\"@graph\":[{\"@type\":\"WebPage\",\"@id\":\"https:\\\/\\\/heliantus.pl\\\/szkola\\\/orly-edukacji-2019\\\/\",\"url\":\"https:\\\/\\\/heliantus.pl\\\/szkola\\\/orly-edukacji-2019\\\/\",\"name\":\"Or\u0142y Edukacji 2019 | Szko\u0142a Heliantus | Niepubliczna szko\u0142a Ursyn\u00f3w, J\u00f3zefos\u0142aw | Matematyka, programowanie, j\u0119zyki\",\"isPartOf\":{\"@id\":\"https:\\\/\\\/heliantus.pl\\\/szkola\\\/#website\"},\"primaryImageOfPage\":{\"@id\":\"https:\\\/\\\/heliantus.pl\\\/szkola\\\/orly-edukacji-2019\\\/#primaryimage\"},\"image\":{\"@id\":\"https:\\\/\\\/heliantus.pl\\\/szkola\\\/orly-edukacji-2019\\\/#primaryimage\"},\"thumbnailUrl\":\"https:\\\/\\\/heliantus.pl\\\/szkola\\\/wp-content\\\/uploads\\\/2019\\\/11\\\/ban_or-01-scaled.png\",\"datePublished\":\"2019-11-18T22:56:07+00:00\",\"dateModified\":\"2019-11-18T23:01:57+00:00\",\"description\":\"Niepubliczna szko\u0142a podstawowa na Ursynowie (blisko J\u00f3zefos\u0142awia). Ma\u0142e klasy, programowanie, matematyka i j\u0119zyki obce (angielski, hiszpa\u0144ski). Wspieramy rozw\u00f3j, uczymy praktycznie. Rekrutacja 2026\\\/27\",\"breadcrumb\":{\"@id\":\"https:\\\/\\\/heliantus.pl\\\/szkola\\\/orly-edukacji-2019\\\/#breadcrumb\"},\"inLanguage\":\"pl-PL\",\"potentialAction\":[{\"@type\":\"ReadAction\",\"target\":[\"https:\\\/\\\/heliantus.pl\\\/szkola\\\/orly-edukacji-2019\\\/\"]}]},{\"@type\":\"ImageObject\",\"inLanguage\":\"pl-PL\",\"@id\":\"https:\\\/\\\/heliantus.pl\\\/szkola\\\/orly-edukacji-2019\\\/#primaryimage\",\"url\":\"https:\\\/\\\/heliantus.pl\\\/szkola\\\/wp-content\\\/uploads\\\/2019\\\/11\\\/ban_or-01-scaled.png\",\"contentUrl\":\"https:\\\/\\\/heliantus.pl\\\/szkola\\\/wp-content\\\/uploads\\\/2019\\\/11\\\/ban_or-01-scaled.png\",\"width\":2560,\"height\":978},{\"@type\":\"BreadcrumbList\",\"@id\":\"https:\\\/\\\/heliantus.pl\\\/szkola\\\/orly-edukacji-2019\\\/#breadcrumb\",\"itemListElement\":[{\"@type\":\"ListItem\",\"position\":1,\"name\":\"Szko\u0142a Podstawowa\",\"item\":\"https:\\\/\\\/heliantus.pl\\\/szkola\\\/\"},{\"@type\":\"ListItem\",\"position\":2,\"name\":\"Or\u0142y Edukacji 2019\"}]},{\"@type\":\"WebSite\",\"@id\":\"https:\\\/\\\/heliantus.pl\\\/szkola\\\/#website\",\"url\":\"https:\\\/\\\/heliantus.pl\\\/szkola\\\/\",\"name\":\"Szko\u0142a Podstawowa Heliantus | Niepubliczna szko\u0142a Ursyn\u00f3w, J\u00f3zefos\u0142aw | Programowanie, j\u0119zyki, matematyka\",\"description\":\"MATEMATYKA INFORMATYKA J\u0118ZYKI\",\"publisher\":{\"@id\":\"https:\\\/\\\/heliantus.pl\\\/szkola\\\/#organization\"},\"alternateName\":\"SP Heliantus\",\"potentialAction\":[{\"@type\":\"SearchAction\",\"target\":{\"@type\":\"EntryPoint\",\"urlTemplate\":\"https:\\\/\\\/heliantus.pl\\\/szkola\\\/?s={search_term_string}\"},\"query-input\":{\"@type\":\"PropertyValueSpecification\",\"valueRequired\":true,\"valueName\":\"search_term_string\"}}],\"inLanguage\":\"pl-PL\"},{\"@type\":\"Organization\",\"@id\":\"https:\\\/\\\/heliantus.pl\\\/szkola\\\/#organization\",\"name\":\"Szko\u0142a Podstawowa Heliantus\",\"alternateName\":\"SP Heliantus\",\"url\":\"https:\\\/\\\/heliantus.pl\\\/szkola\\\/\",\"logo\":{\"@type\":\"ImageObject\",\"inLanguage\":\"pl-PL\",\"@id\":\"https:\\\/\\\/heliantus.pl\\\/szkola\\\/#\\\/schema\\\/logo\\\/image\\\/\",\"url\":\"https:\\\/\\\/heliantus.pl\\\/szkola\\\/wp-content\\\/uploads\\\/2017\\\/06\\\/SzkolaHeliantus-logo.png\",\"contentUrl\":\"https:\\\/\\\/heliantus.pl\\\/szkola\\\/wp-content\\\/uploads\\\/2017\\\/06\\\/SzkolaHeliantus-logo.png\",\"width\":736,\"height\":383,\"caption\":\"Szko\u0142a Podstawowa Heliantus\"},\"image\":{\"@id\":\"https:\\\/\\\/heliantus.pl\\\/szkola\\\/#\\\/schema\\\/logo\\\/image\\\/\"},\"sameAs\":[\"https:\\\/\\\/facebook.com\\\/SPHeliantus\",\"https:\\\/\\\/www.youtube.com\\\/channel\\\/UCjcaE5GVlsROqRDHQFVe6AA\"]}]}<\/script>\n<!-- \/ Yoast SEO plugin. -->","yoast_head_json":{"title":"Or\u0142y Edukacji 2019 | Szko\u0142a Heliantus | Niepubliczna szko\u0142a Ursyn\u00f3w, J\u00f3zefos\u0142aw | Matematyka, programowanie, j\u0119zyki","description":"Niepubliczna szko\u0142a podstawowa na Ursynowie (blisko J\u00f3zefos\u0142awia). Ma\u0142e klasy, programowanie, matematyka i j\u0119zyki obce (angielski, hiszpa\u0144ski). Wspieramy rozw\u00f3j, uczymy praktycznie. Rekrutacja 2026\/27","robots":{"index":"index","follow":"follow","max-snippet":"max-snippet:-1","max-image-preview":"max-image-preview:large","max-video-preview":"max-video-preview:-1"},"canonical":"https:\/\/heliantus.pl\/szkola\/orly-edukacji-2019\/","og_locale":"pl_PL","og_type":"article","og_title":"Or\u0142y Edukacji 2019 | Szko\u0142a Heliantus | Niepubliczna szko\u0142a Ursyn\u00f3w, J\u00f3zefos\u0142aw | Matematyka, programowanie, j\u0119zyki","og_description":"Niepubliczna szko\u0142a podstawowa na Ursynowie (blisko J\u00f3zefos\u0142awia). Ma\u0142e klasy, programowanie, matematyka i j\u0119zyki obce (angielski, hiszpa\u0144ski). Wspieramy rozw\u00f3j, uczymy praktycznie. Rekrutacja 2026\/27","og_url":"https:\/\/heliantus.pl\/szkola\/orly-edukacji-2019\/","og_site_name":"Szko\u0142a Podstawowa Heliantus","article_publisher":"https:\/\/facebook.com\/SPHeliantus","article_modified_time":"2019-11-18T23:01:57+00:00","og_image":[{"width":2560,"height":978,"url":"https:\/\/heliantus.pl\/szkola\/wp-content\/uploads\/2019\/11\/ban_or-01-scaled.png","type":"image\/png"}],"twitter_card":"summary_large_image","schema":{"@context":"https:\/\/schema.org","@graph":[{"@type":"WebPage","@id":"https:\/\/heliantus.pl\/szkola\/orly-edukacji-2019\/","url":"https:\/\/heliantus.pl\/szkola\/orly-edukacji-2019\/","name":"Or\u0142y Edukacji 2019 | Szko\u0142a Heliantus | Niepubliczna szko\u0142a Ursyn\u00f3w, J\u00f3zefos\u0142aw | Matematyka, programowanie, j\u0119zyki","isPartOf":{"@id":"https:\/\/heliantus.pl\/szkola\/#website"},"primaryImageOfPage":{"@id":"https:\/\/heliantus.pl\/szkola\/orly-edukacji-2019\/#primaryimage"},"image":{"@id":"https:\/\/heliantus.pl\/szkola\/orly-edukacji-2019\/#primaryimage"},"thumbnailUrl":"https:\/\/heliantus.pl\/szkola\/wp-content\/uploads\/2019\/11\/ban_or-01-scaled.png","datePublished":"2019-11-18T22:56:07+00:00","dateModified":"2019-11-18T23:01:57+00:00","description":"Niepubliczna szko\u0142a podstawowa na Ursynowie (blisko J\u00f3zefos\u0142awia). Ma\u0142e klasy, programowanie, matematyka i j\u0119zyki obce (angielski, hiszpa\u0144ski). Wspieramy rozw\u00f3j, uczymy praktycznie. Rekrutacja 2026\/27","breadcrumb":{"@id":"https:\/\/heliantus.pl\/szkola\/orly-edukacji-2019\/#breadcrumb"},"inLanguage":"pl-PL","potentialAction":[{"@type":"ReadAction","target":["https:\/\/heliantus.pl\/szkola\/orly-edukacji-2019\/"]}]},{"@type":"ImageObject","inLanguage":"pl-PL","@id":"https:\/\/heliantus.pl\/szkola\/orly-edukacji-2019\/#primaryimage","url":"https:\/\/heliantus.pl\/szkola\/wp-content\/uploads\/2019\/11\/ban_or-01-scaled.png","contentUrl":"https:\/\/heliantus.pl\/szkola\/wp-content\/uploads\/2019\/11\/ban_or-01-scaled.png","width":2560,"height":978},{"@type":"BreadcrumbList","@id":"https:\/\/heliantus.pl\/szkola\/orly-edukacji-2019\/#breadcrumb","itemListElement":[{"@type":"ListItem","position":1,"name":"Szko\u0142a Podstawowa","item":"https:\/\/heliantus.pl\/szkola\/"},{"@type":"ListItem","position":2,"name":"Or\u0142y Edukacji 2019"}]},{"@type":"WebSite","@id":"https:\/\/heliantus.pl\/szkola\/#website","url":"https:\/\/heliantus.pl\/szkola\/","name":"Szko\u0142a Podstawowa Heliantus | Niepubliczna szko\u0142a Ursyn\u00f3w, J\u00f3zefos\u0142aw | Programowanie, j\u0119zyki, matematyka","description":"MATEMATYKA INFORMATYKA J\u0118ZYKI","publisher":{"@id":"https:\/\/heliantus.pl\/szkola\/#organization"},"alternateName":"SP Heliantus","potentialAction":[{"@type":"SearchAction","target":{"@type":"EntryPoint","urlTemplate":"https:\/\/heliantus.pl\/szkola\/?s={search_term_string}"},"query-input":{"@type":"PropertyValueSpecification","valueRequired":true,"valueName":"search_term_string"}}],"inLanguage":"pl-PL"},{"@type":"Organization","@id":"https:\/\/heliantus.pl\/szkola\/#organization","name":"Szko\u0142a Podstawowa Heliantus","alternateName":"SP Heliantus","url":"https:\/\/heliantus.pl\/szkola\/","logo":{"@type":"ImageObject","inLanguage":"pl-PL","@id":"https:\/\/heliantus.pl\/szkola\/#\/schema\/logo\/image\/","url":"https:\/\/heliantus.pl\/szkola\/wp-content\/uploads\/2017\/06\/SzkolaHeliantus-logo.png","contentUrl":"https:\/\/heliantus.pl\/szkola\/wp-content\/uploads\/2017\/06\/SzkolaHeliantus-logo.png","width":736,"height":383,"caption":"Szko\u0142a Podstawowa Heliantus"},"image":{"@id":"https:\/\/heliantus.pl\/szkola\/#\/schema\/logo\/image\/"},"sameAs":["https:\/\/facebook.com\/SPHeliantus","https:\/\/www.youtube.com\/channel\/UCjcaE5GVlsROqRDHQFVe6AA"]}]}},"amp_enabled":true,"_links":{"self":[{"href":"https:\/\/heliantus.pl\/szkola\/wp-json\/wp\/v2\/pages\/3710","targetHints":{"allow":["GET"]}}],"collection":[{"href":"https:\/\/heliantus.pl\/szkola\/wp-json\/wp\/v2\/pages"}],"about":[{"href":"https:\/\/heliantus.pl\/szkola\/wp-json\/wp\/v2\/types\/page"}],"author":[{"embeddable":true,"href":"https:\/\/heliantus.pl\/szkola\/wp-json\/wp\/v2\/users\/3"}],"replies":[{"embeddable":true,"href":"https:\/\/heliantus.pl\/szkola\/wp-json\/wp\/v2\/comments?post=3710"}],"version-history":[{"count":0,"href":"https:\/\/heliantus.pl\/szkola\/wp-json\/wp\/v2\/pages\/3710\/revisions"}],"wp:featuredmedia":[{"embeddable":true,"href":"https:\/\/heliantus.pl\/szkola\/wp-json\/wp\/v2\/media\/3709"}],"wp:attachment":[{"href":"https:\/\/heliantus.pl\/szkola\/wp-json\/wp\/v2\/media?parent=3710"}],"curies":[{"name":"wp","href":"https:\/\/api.w.org\/{rel}","templated":true}]}}