{"id":3481,"date":"2019-07-16T23:06:19","date_gmt":"2019-07-16T22:06:19","guid":{"rendered":"https:\/\/heliantus.pl\/szkola\/?page_id=3481"},"modified":"2025-06-17T13:49:47","modified_gmt":"2025-06-17T12:49:47","slug":"szkola-muzyczna","status":"publish","type":"page","link":"https:\/\/heliantus.pl\/szkola\/szkola-muzyczna\/","title":{"rendered":"Szko\u0142a muzyczna"},"content":{"rendered":"\n<figure class=\"wp-block-image size-large\"><a href=\"https:\/\/heliantus.pl\/szkola\/wp-content\/uploads\/2019\/08\/sz_muz_ban.png\" data-rel=\"lightbox-gallery-nUtQxrMS\" data-rl_title=\"\" data-rl_caption=\"\" title=\"\"><img fetchpriority=\"high\" decoding=\"async\" width=\"1024\" height=\"391\" src=\"https:\/\/heliantus.pl\/szkola\/wp-content\/uploads\/2019\/08\/sz_muz_ban-1024x391.png\" alt=\"\" class=\"wp-image-3498\" srcset=\"https:\/\/heliantus.pl\/szkola\/wp-content\/uploads\/2019\/08\/sz_muz_ban-1024x391.png 1024w, https:\/\/heliantus.pl\/szkola\/wp-content\/uploads\/2019\/08\/sz_muz_ban-300x115.png 300w, https:\/\/heliantus.pl\/szkola\/wp-content\/uploads\/2019\/08\/sz_muz_ban-768x293.png 768w, https:\/\/heliantus.pl\/szkola\/wp-content\/uploads\/2019\/08\/sz_muz_ban-360x138.png 360w, https:\/\/heliantus.pl\/szkola\/wp-content\/uploads\/2019\/08\/sz_muz_ban.png 1440w\" sizes=\"(max-width: 1024px) 100vw, 1024px\" \/><\/a><\/figure>\n\n\n\n<p class=\"has-text-align-center has-white-color has-blue-background-color has-text-color has-background\">Szko\u0142a Muzyczna I stopnia Heliantus w Warszawie istnieje od 2019 roku. <br>Poza klas\u0105 fortepianu mamy tak\u017ce klas\u0119 gitary oraz skrzypiec. <\/p>\n\n\n\n<div class=\"wp-block-group\"><div class=\"wp-block-group__inner-container is-layout-flow wp-block-group-is-layout-flow\"><\/div><\/div>\n\n\n\n<p><amp-fit-text layout=\"fixed-height\" min-font-size=\"6\" max-font-size=\"72\" height=\"80\">Szko\u0142a muzyczna Heliantus powsta\u0142a\nz pasji i mi\u0142o\u015bci do nauki i muzyki. Wiele bada\u0144 naukowych dowodzi ogromnego wp\u0142ywu\nkszta\u0142cenia muzycznego na zdolno\u015b\u0107 percepcji, zapami\u0119tywania, my\u015blenia\nlogicznego i pami\u0119ci. Muzyka rozwija, kszta\u0142tuje wyobra\u017ani\u0119, wra\u017cliwo\u015b\u0107 i\nnaturalne predyspozycje dziecka. Przeprowadzano\nwiele bada\u0144, kt\u00f3re wykaza\u0142y, \u017ce s\u0142uchanie muzyki wspomaga czytanie, nauk\u0119\nj\u0119zyk\u00f3w obcych, umiej\u0119tno\u015bci matematyczne, &nbsp;poprawia samoocen\u0119, kreatywno\u015b\u0107, rozwija\nzdolno\u015bci percepcyjno \u2013 motoryczne, psychosomatyczne oraz kompetencje\nspo\u0142eczne. <\/amp-fit-text><\/p>\n\n\n\n<p>Ponadto\nbadania wskazuj\u0105 na to, \u017ce s\u0142uchanie muzyki klasycznej wzmacnia pami\u0119\u0107, wyobra\u017ani\u0119\nprzestrzenn\u0105, rozumowanie i my\u015blenie logiczne. Pod wp\u0142ywem muzyki zwi\u0119ksza si\u0119\npoziom katecholamin oraz serotoniny &#8211; neuroprzeka\u017anik\u00f3w bior\u0105cych udzia\u0142 w\nprocesie uczenia si\u0119. Muzyka stymuluje uk\u0142ad limbiczny, kt\u00f3ry jest emocjonalnym\ncentrum m\u00f3zgu i ma \u015bcis\u0142y zwi\u0105zek z uczeniem si\u0119, w zwi\u0105zku z tym ulepsza i\nutrwala proces zapami\u0119tywania.<\/p>\n\n\n\n<p>Wsp\u00f3lne granie wp\u0142ywa na rozw\u00f3j relacji mi\u0119dzy osobami zaanga\u017cowanymi w ten proces.&nbsp; Dlatego tak wa\u017cne s\u0105 dla nas umiej\u0119tno\u015bci zwi\u0105zane z gr\u0105 na instrumentach i muzyk\u0105 sam\u0105 w sobie. Pragniemy kszta\u0142towa\u0107 edukacj\u0119 muzyczn\u0105 w oparciu o wytyczne Centrum Edukacji Artystycznej \u2013 organu odpowiedzialnego za edukacj\u0119 artystyczn\u0105 w Polsce. Ostatnia wizytacja CEA udowodni\u0142a, \u017ce szko\u0142a realizuje program zgodnie z ram\u00f3wk\u0105 i podstaw\u0105 programow\u0105 CEA.<\/p>\n\n\n\n<figure class=\"wp-block-embed is-type-video is-provider-youtube wp-block-embed-youtube wp-embed-aspect-16-9 wp-has-aspect-ratio\"><div class=\"wp-block-embed__wrapper\">\n<iframe title=\"Koncert noworoczny 2024\" width=\"847\" height=\"476\" src=\"https:\/\/www.youtube.com\/embed\/sj5Cut0i7N8?feature=oembed\" frameborder=\"0\" allow=\"accelerometer; autoplay; clipboard-write; encrypted-media; gyroscope; picture-in-picture; web-share\" referrerpolicy=\"strict-origin-when-cross-origin\" allowfullscreen><\/iframe>\n<\/div><figcaption class=\"wp-element-caption\">Koncert noworoczny &#8211; 2024<\/figcaption><\/figure>\n\n\n\n<figure class=\"wp-block-embed is-type-video is-provider-youtube wp-block-embed-youtube wp-embed-aspect-16-9 wp-has-aspect-ratio\"><div class=\"wp-block-embed__wrapper\">\n<iframe title=\"Skr\u00f3t Koncertu Noworocznego uczni\u00f3w SP i SM Heliantus\" width=\"847\" height=\"476\" src=\"https:\/\/www.youtube.com\/embed\/Gp_cJRK7kmQ?feature=oembed\" frameborder=\"0\" allow=\"accelerometer; autoplay; clipboard-write; encrypted-media; gyroscope; picture-in-picture; web-share\" referrerpolicy=\"strict-origin-when-cross-origin\" allowfullscreen><\/iframe>\n<\/div><figcaption class=\"wp-element-caption\">Skr\u00f3t Koncertu Noworocznego, stycze\u0144 2023<\/figcaption><\/figure>\n\n\n\n<p><\/p>\n\n\n\n<p>Istnieje mo\u017cliwo\u015bc kszta\u0142cenia w dwu cyklach, w zale\u017cno\u015bci od wieku osoby ucz\u0105cej si\u0119.<\/p>\n\n\n\n<ol class=\"wp-block-list\">\n<li>W cyklu 6 &#8211; letnim dla uczni\u00f3w w wieku 6-9 lat<\/li>\n\n\n\n<li>W cyklu 4 \u2013letnim dla uczni\u00f3w w wieku 9-14 lat.<\/li>\n<\/ol>\n\n\n\n<p class=\"has-white-color has-navy-blue-background-color has-text-color has-background\">Przy zapisie do szko\u0142y Rodzic wybiera Dziecku instrument g\u0142\u00f3wny &#8211; <strong>w tym roku s\u0105 to fortepian, gitara i skrzypce<\/strong>.<\/p>\n\n\n\n<p>Baza instrument\u00f3w jest poszerzana, jeste\u015bmy tak\u017ce otwarci na oczekiwania Rodzic\u00f3w.<\/p>\n\n\n\n<p>Instrument g\u0142\u00f3wny mo\u017ce by\u0107 zmieniony za zgod\u0105 nauczyciela\nprowadz\u0105cego nauk\u0119 gry na instrumencie.<\/p>\n\n\n\n<p><strong>Szko\u0142a nie zapewnia\ninstrument\u00f3w muzycznych dla dzieci (poza pianinem). <\/strong><\/p>\n\n\n\n<p>Czesne (od 1 wrze\u015bnia 2025 roku) w szkole w klasie I to 750  z\u0142 za miesi\u0105c. Czesne p\u0142atne jest przez 10 miesi\u0119cy.<\/p>\n\n\n\n<p>W klasach od II w cyklu 4-letnim i od III w cyklu 6-letnim ze wzgl\u0119du na wi\u0119ksza liczb\u0119 zaj\u0119\u0107 wzrasta do 850 z\u0142.<\/p>\n\n\n\n<p>Jednorazowe wpisowe to koszt 300 z\u0142.<\/p>\n\n\n\n<p>Zaj\u0119cia odbywaj\u0105 si\u0119 w godzinach 15-19 na terenie szko\u0142y Heliantus.<\/p>\n\n\n\n<p>Szczeg\u00f3\u0142owe informacje o godzinach zaj\u0119\u0107 indywidualnych i\ngrupowych zostan\u0105 przekazane na pocz\u0105tku wrze\u015bnia.<\/p>\n\n\n\n<p>Warunkiem rekrutacji do szko\u0142y jest zdanie przez Ucznia\ntestu sprawdzaj\u0105cego predyspozycje do nauki w szkole muzycznej.<\/p>\n\n\n\n<figure class=\"wp-block-table is-style-stripes\"><table><tbody><tr><td><\/td><td>cykl 6-letni<\/td><td><\/td><td><\/td><td>cykl 4-letni<\/td><td><\/td><\/tr><tr><td>\n  KLASA I\n  <\/td><td>instrument g\u0142\u00f3wny<br>kszta\u0142cenie s\u0142uchu<br>rytmika<\/td><td>2\u00d730<br>2\u00d745<br>1\u00d745<\/td><td>\n  KLASA I\n  <\/td><td>instrument g\u0142\u00f3wny<br>kszta\u0142cenie s\u0142uchu<\/td><td>2\u00d745<br>2\u00d745<\/td><\/tr><tr><td>\n  KLASA II\n  <\/td><td>instrument g\u0142\u00f3wny<br>kszta\u0142cenie s\u0142uchu<br>rytmika<\/td><td>2\u00d745<br>2\u00d745<br>1\u00d745<\/td><td>\n  KLASA II\n  <\/td><td>instrument g\u0142\u00f3wny<br>kszta\u0142cenie s\u0142uchu<br>audycje muzyczne<br>ch\u00f3r\/zesp\u00f3\u0142<\/td><td>2\u00d745<br>2\u00d745<br>1\u00d745<br>2\u00d745<\/td><\/tr><tr><td>\n  KLASA III\n  <\/td><td>instrument g\u0142\u00f3wny<br>kszta\u0142cenie s\u0142uchu<br>rytmika<\/td><td>2\u00d745<br>2\u00d745<br>1\u00d745<\/td><td>\n  KLASA III\n  <\/td><td>instrument g\u0142\u00f3wny<br>fortepian dodatkowy<br>kszta\u0142cenie s\u0142uchu<br>audycje muzyczne<br>ch\u00f3r\/zesp\u00f3\u0142<\/td><td>2\u00d745<br>1\u00d730<br>2\u00d745<br>1\u00d745<br>2\u00d745<\/td><\/tr><tr><td>\n  KLASA IV\n  <\/td><td>instrument g\u0142\u00f3wny<br>fortepian dodatkowy<br>kszta\u0142cenie s\u0142uchu<br>audycje muzyczne<br>ch\u00f3r\/zesp\u00f3\u0142<\/td><td>2\u00d745<br>1\u00d730<br>2\u00d745<br>1\u00d745<br>2\u00d745<\/td><td>\n  KLASA IV\n  <\/td><td>instrument g\u0142\u00f3wny<br>fortepian dodatkowy<br>kszta\u0142cenie s\u0142uchu<br>audycje muzyczne<br>ch\u00f3r\/zesp\u00f3\u0142<\/td><td>2\u00d745<br>1\u00d730<br>2\u00d745<br>1\u00d745<br>2\u00d745<\/td><\/tr><tr><td>\n  KLASA V\n  <\/td><td>instrument g\u0142\u00f3wny<br>fortepian dodatkowy<br>kszta\u0142cenie s\u0142uchu<br>audycje muzyczne<br>ch\u00f3r\/zesp\u00f3\u0142<\/td><td>2\u00d745<br>1\u00d730<br>2\u00d745<br>1\u00d745<br>2\u00d745<\/td><td>\n  \u2014\u2014\n  <\/td><td>\n  \u2014\u2014\n  <\/td><td><\/td><\/tr><tr><td>\n  KLASA VI\n  <\/td><td>instrument g\u0142\u00f3wny<br>kszta\u0142cenie s\u0142uchu<br>audycje muzyczne<br>ch\u00f3r\/zesp\u00f3\u0142<\/td><td>2\u00d745 <br>2\u00d745<br>1\u00d745<br>2\u00d745<\/td><td>\n  \u2014\u2014\n  <\/td><td>\n  \u2014\u2014\n  <\/td><td><\/td><\/tr><\/tbody><\/table><\/figure>\n\n\n\n<p>Zaj\u0119cia z instrumentu g\u0142\u00f3wnego odbywaj\u0105 si\u0119 indywidualnie, pozosta\u0142e zaj\u0119cia w grupach.<\/p>\n\n\n\n<figure class=\"wp-block-image size-full\"><a href=\"https:\/\/heliantus.pl\/szkola\/wp-content\/uploads\/2023\/03\/Dyplom_OSliwinska.jpg\" data-rel=\"lightbox-gallery-nUtQxrMS\" data-rl_title=\"\" data-rl_caption=\"\" title=\"\"><img decoding=\"async\" width=\"1002\" height=\"708\" src=\"https:\/\/heliantus.pl\/szkola\/wp-content\/uploads\/2023\/03\/Dyplom_OSliwinska.jpg\" alt=\"\" class=\"wp-image-5846\" srcset=\"https:\/\/heliantus.pl\/szkola\/wp-content\/uploads\/2023\/03\/Dyplom_OSliwinska.jpg 1002w, https:\/\/heliantus.pl\/szkola\/wp-content\/uploads\/2023\/03\/Dyplom_OSliwinska-300x212.jpg 300w, https:\/\/heliantus.pl\/szkola\/wp-content\/uploads\/2023\/03\/Dyplom_OSliwinska-768x543.jpg 768w, https:\/\/heliantus.pl\/szkola\/wp-content\/uploads\/2023\/03\/Dyplom_OSliwinska-360x254.jpg 360w\" sizes=\"(max-width: 1002px) 100vw, 1002px\" \/><\/a><figcaption class=\"wp-element-caption\">Uczennica IV klasy Szko\u0142y Muzycznej Heliantus w Warszawie<\/figcaption><\/figure>\n\n\n\n<p class=\"has-white-color has-blue-background-color has-text-color has-background\">Szczeg\u00f3\u0142owe informacje i zapisy w sekretariacie szko\u0142y Heliantus, przy ulicy Ba\u017canciej 16, <br>tel.: 787315656, <br>adres e-mail: muzyczna@heliantus.pl<\/p>\n","protected":false},"excerpt":{"rendered":"<p>Szko\u0142a Muzyczna I stopnia Heliantus w Warszawie istnieje od 2019 roku. Poza klas\u0105 fortepianu mamy tak\u017ce klas\u0119 gitary oraz skrzypiec. Szko\u0142a muzyczna Heliantus powsta\u0142a z pasji i mi\u0142o\u015bci do nauki i muzyki. Wiele bada\u0144 naukowych dowodzi ogromnego wp\u0142ywu kszta\u0142cenia muzycznego <a href=\"https:\/\/heliantus.pl\/szkola\/szkola-muzyczna\/\" class=\"read-more\">Czytaj dalej &#8230;<\/a><\/p>\n","protected":false},"author":3,"featured_media":3498,"parent":0,"menu_order":0,"comment_status":"closed","ping_status":"closed","template":"","meta":{"_eb_attr":"","footnotes":""},"class_list":["post-3481","page","type-page","status-publish","has-post-thumbnail","hentry"],"yoast_head":"<!-- This site is optimized with the Yoast SEO plugin v27.6 - https:\/\/yoast.com\/product\/yoast-seo-wordpress\/ -->\n<title>Szko\u0142a muzyczna | Szko\u0142a Heliantus | Niepubliczna szko\u0142a Ursyn\u00f3w, J\u00f3zefos\u0142aw | Matematyka, programowanie, j\u0119zyki<\/title>\n<meta name=\"description\" content=\"Szko\u0142a Muzyczna Heliantus zaprasza m\u0142ode talenty - dzieci, kt\u00f3re chc\u0105 rozwija\u0107 swoje pasje muzyczne. Rekrutacja zosta\u0142a otwarta.\" \/>\n<meta name=\"robots\" content=\"index, follow, max-snippet:-1, max-image-preview:large, max-video-preview:-1\" \/>\n<link rel=\"canonical\" href=\"https:\/\/heliantus.pl\/szkola\/szkola-muzyczna\/\" \/>\n<meta property=\"og:locale\" content=\"pl_PL\" \/>\n<meta property=\"og:type\" content=\"article\" \/>\n<meta property=\"og:title\" content=\"Szko\u0142a muzyczna | Szko\u0142a Heliantus | Niepubliczna szko\u0142a Ursyn\u00f3w, J\u00f3zefos\u0142aw | Matematyka, programowanie, j\u0119zyki\" \/>\n<meta property=\"og:description\" content=\"Szko\u0142a Muzyczna Heliantus zaprasza m\u0142ode talenty - dzieci, kt\u00f3re chc\u0105 rozwija\u0107 swoje pasje muzyczne. Rekrutacja zosta\u0142a otwarta.\" \/>\n<meta property=\"og:url\" content=\"https:\/\/heliantus.pl\/szkola\/szkola-muzyczna\/\" \/>\n<meta property=\"og:site_name\" content=\"Szko\u0142a Podstawowa Heliantus\" \/>\n<meta property=\"article:publisher\" content=\"https:\/\/facebook.com\/SPHeliantus\" \/>\n<meta property=\"article:modified_time\" content=\"2025-06-17T12:49:47+00:00\" \/>\n<meta property=\"og:image\" content=\"https:\/\/heliantus.pl\/szkola\/wp-content\/uploads\/2019\/08\/sz_muz_ban.png\" \/>\n\t<meta property=\"og:image:width\" content=\"1440\" \/>\n\t<meta property=\"og:image:height\" content=\"550\" \/>\n\t<meta property=\"og:image:type\" content=\"image\/png\" \/>\n<meta name=\"twitter:card\" content=\"summary_large_image\" \/>\n<meta name=\"twitter:label1\" content=\"Szacowany czas czytania\" \/>\n\t<meta name=\"twitter:data1\" content=\"4 minuty\" \/>\n<script type=\"application\/ld+json\" class=\"yoast-schema-graph\">{\"@context\":\"https:\\\/\\\/schema.org\",\"@graph\":[{\"@type\":\"Article\",\"@id\":\"https:\\\/\\\/heliantus.pl\\\/szkola\\\/szkola-muzyczna\\\/#article\",\"isPartOf\":{\"@id\":\"https:\\\/\\\/heliantus.pl\\\/szkola\\\/szkola-muzyczna\\\/\"},\"author\":{\"name\":\"Micha\u0142 K\u0119ska\",\"@id\":\"https:\\\/\\\/heliantus.pl\\\/szkola\\\/#\\\/schema\\\/person\\\/a624713d1fe35413043b0557f7c923f7\"},\"headline\":\"Szko\u0142a muzyczna\",\"datePublished\":\"2019-07-16T22:06:19+00:00\",\"dateModified\":\"2025-06-17T12:49:47+00:00\",\"mainEntityOfPage\":{\"@id\":\"https:\\\/\\\/heliantus.pl\\\/szkola\\\/szkola-muzyczna\\\/\"},\"wordCount\":632,\"publisher\":{\"@id\":\"https:\\\/\\\/heliantus.pl\\\/szkola\\\/#organization\"},\"image\":{\"@id\":\"https:\\\/\\\/heliantus.pl\\\/szkola\\\/szkola-muzyczna\\\/#primaryimage\"},\"thumbnailUrl\":\"https:\\\/\\\/heliantus.pl\\\/szkola\\\/wp-content\\\/uploads\\\/2019\\\/08\\\/sz_muz_ban.png\",\"inLanguage\":\"pl-PL\"},{\"@type\":\"WebPage\",\"@id\":\"https:\\\/\\\/heliantus.pl\\\/szkola\\\/szkola-muzyczna\\\/\",\"url\":\"https:\\\/\\\/heliantus.pl\\\/szkola\\\/szkola-muzyczna\\\/\",\"name\":\"Szko\u0142a muzyczna | Szko\u0142a Heliantus | Niepubliczna szko\u0142a Ursyn\u00f3w, J\u00f3zefos\u0142aw | Matematyka, programowanie, j\u0119zyki\",\"isPartOf\":{\"@id\":\"https:\\\/\\\/heliantus.pl\\\/szkola\\\/#website\"},\"primaryImageOfPage\":{\"@id\":\"https:\\\/\\\/heliantus.pl\\\/szkola\\\/szkola-muzyczna\\\/#primaryimage\"},\"image\":{\"@id\":\"https:\\\/\\\/heliantus.pl\\\/szkola\\\/szkola-muzyczna\\\/#primaryimage\"},\"thumbnailUrl\":\"https:\\\/\\\/heliantus.pl\\\/szkola\\\/wp-content\\\/uploads\\\/2019\\\/08\\\/sz_muz_ban.png\",\"datePublished\":\"2019-07-16T22:06:19+00:00\",\"dateModified\":\"2025-06-17T12:49:47+00:00\",\"description\":\"Szko\u0142a Muzyczna Heliantus zaprasza m\u0142ode talenty - dzieci, kt\u00f3re chc\u0105 rozwija\u0107 swoje pasje muzyczne. Rekrutacja zosta\u0142a otwarta.\",\"breadcrumb\":{\"@id\":\"https:\\\/\\\/heliantus.pl\\\/szkola\\\/szkola-muzyczna\\\/#breadcrumb\"},\"inLanguage\":\"pl-PL\",\"potentialAction\":[{\"@type\":\"ReadAction\",\"target\":[\"https:\\\/\\\/heliantus.pl\\\/szkola\\\/szkola-muzyczna\\\/\"]}]},{\"@type\":\"ImageObject\",\"inLanguage\":\"pl-PL\",\"@id\":\"https:\\\/\\\/heliantus.pl\\\/szkola\\\/szkola-muzyczna\\\/#primaryimage\",\"url\":\"https:\\\/\\\/heliantus.pl\\\/szkola\\\/wp-content\\\/uploads\\\/2019\\\/08\\\/sz_muz_ban.png\",\"contentUrl\":\"https:\\\/\\\/heliantus.pl\\\/szkola\\\/wp-content\\\/uploads\\\/2019\\\/08\\\/sz_muz_ban.png\",\"width\":1440,\"height\":550},{\"@type\":\"BreadcrumbList\",\"@id\":\"https:\\\/\\\/heliantus.pl\\\/szkola\\\/szkola-muzyczna\\\/#breadcrumb\",\"itemListElement\":[{\"@type\":\"ListItem\",\"position\":1,\"name\":\"Szko\u0142a Podstawowa\",\"item\":\"https:\\\/\\\/heliantus.pl\\\/szkola\\\/\"},{\"@type\":\"ListItem\",\"position\":2,\"name\":\"Szko\u0142a muzyczna\"}]},{\"@type\":\"WebSite\",\"@id\":\"https:\\\/\\\/heliantus.pl\\\/szkola\\\/#website\",\"url\":\"https:\\\/\\\/heliantus.pl\\\/szkola\\\/\",\"name\":\"Szko\u0142a Podstawowa Heliantus | Niepubliczna szko\u0142a Ursyn\u00f3w, J\u00f3zefos\u0142aw | Programowanie, j\u0119zyki, matematyka\",\"description\":\"MATEMATYKA INFORMATYKA J\u0118ZYKI\",\"publisher\":{\"@id\":\"https:\\\/\\\/heliantus.pl\\\/szkola\\\/#organization\"},\"alternateName\":\"SP Heliantus\",\"potentialAction\":[{\"@type\":\"SearchAction\",\"target\":{\"@type\":\"EntryPoint\",\"urlTemplate\":\"https:\\\/\\\/heliantus.pl\\\/szkola\\\/?s={search_term_string}\"},\"query-input\":{\"@type\":\"PropertyValueSpecification\",\"valueRequired\":true,\"valueName\":\"search_term_string\"}}],\"inLanguage\":\"pl-PL\"},{\"@type\":\"Organization\",\"@id\":\"https:\\\/\\\/heliantus.pl\\\/szkola\\\/#organization\",\"name\":\"Szko\u0142a Podstawowa Heliantus\",\"alternateName\":\"SP Heliantus\",\"url\":\"https:\\\/\\\/heliantus.pl\\\/szkola\\\/\",\"logo\":{\"@type\":\"ImageObject\",\"inLanguage\":\"pl-PL\",\"@id\":\"https:\\\/\\\/heliantus.pl\\\/szkola\\\/#\\\/schema\\\/logo\\\/image\\\/\",\"url\":\"https:\\\/\\\/heliantus.pl\\\/szkola\\\/wp-content\\\/uploads\\\/2017\\\/06\\\/SzkolaHeliantus-logo.png\",\"contentUrl\":\"https:\\\/\\\/heliantus.pl\\\/szkola\\\/wp-content\\\/uploads\\\/2017\\\/06\\\/SzkolaHeliantus-logo.png\",\"width\":736,\"height\":383,\"caption\":\"Szko\u0142a Podstawowa Heliantus\"},\"image\":{\"@id\":\"https:\\\/\\\/heliantus.pl\\\/szkola\\\/#\\\/schema\\\/logo\\\/image\\\/\"},\"sameAs\":[\"https:\\\/\\\/facebook.com\\\/SPHeliantus\",\"https:\\\/\\\/www.youtube.com\\\/channel\\\/UCjcaE5GVlsROqRDHQFVe6AA\"]},{\"@type\":\"Person\",\"@id\":\"https:\\\/\\\/heliantus.pl\\\/szkola\\\/#\\\/schema\\\/person\\\/a624713d1fe35413043b0557f7c923f7\",\"name\":\"Micha\u0142 K\u0119ska\",\"image\":{\"@type\":\"ImageObject\",\"inLanguage\":\"pl-PL\",\"@id\":\"https:\\\/\\\/secure.gravatar.com\\\/avatar\\\/ce6c43ad5dcc19d740ce48ca15b142320135e171dc0aaf39798cc0da24a5c044?s=96&d=mm&r=g\",\"url\":\"https:\\\/\\\/secure.gravatar.com\\\/avatar\\\/ce6c43ad5dcc19d740ce48ca15b142320135e171dc0aaf39798cc0da24a5c044?s=96&d=mm&r=g\",\"contentUrl\":\"https:\\\/\\\/secure.gravatar.com\\\/avatar\\\/ce6c43ad5dcc19d740ce48ca15b142320135e171dc0aaf39798cc0da24a5c044?s=96&d=mm&r=g\",\"caption\":\"Micha\u0142 K\u0119ska\"},\"url\":\"https:\\\/\\\/heliantus.pl\\\/szkola\\\/author\\\/michal-keska\\\/\"}]}<\/script>\n<!-- \/ Yoast SEO plugin. -->","yoast_head_json":{"title":"Szko\u0142a muzyczna | Szko\u0142a Heliantus | Niepubliczna szko\u0142a Ursyn\u00f3w, J\u00f3zefos\u0142aw | Matematyka, programowanie, j\u0119zyki","description":"Szko\u0142a Muzyczna Heliantus zaprasza m\u0142ode talenty - dzieci, kt\u00f3re chc\u0105 rozwija\u0107 swoje pasje muzyczne. Rekrutacja zosta\u0142a otwarta.","robots":{"index":"index","follow":"follow","max-snippet":"max-snippet:-1","max-image-preview":"max-image-preview:large","max-video-preview":"max-video-preview:-1"},"canonical":"https:\/\/heliantus.pl\/szkola\/szkola-muzyczna\/","og_locale":"pl_PL","og_type":"article","og_title":"Szko\u0142a muzyczna | Szko\u0142a Heliantus | Niepubliczna szko\u0142a Ursyn\u00f3w, J\u00f3zefos\u0142aw | Matematyka, programowanie, j\u0119zyki","og_description":"Szko\u0142a Muzyczna Heliantus zaprasza m\u0142ode talenty - dzieci, kt\u00f3re chc\u0105 rozwija\u0107 swoje pasje muzyczne. Rekrutacja zosta\u0142a otwarta.","og_url":"https:\/\/heliantus.pl\/szkola\/szkola-muzyczna\/","og_site_name":"Szko\u0142a Podstawowa Heliantus","article_publisher":"https:\/\/facebook.com\/SPHeliantus","article_modified_time":"2025-06-17T12:49:47+00:00","og_image":[{"width":1440,"height":550,"url":"https:\/\/heliantus.pl\/szkola\/wp-content\/uploads\/2019\/08\/sz_muz_ban.png","type":"image\/png"}],"twitter_card":"summary_large_image","twitter_misc":{"Szacowany czas czytania":"4 minuty"},"schema":{"@context":"https:\/\/schema.org","@graph":[{"@type":"Article","@id":"https:\/\/heliantus.pl\/szkola\/szkola-muzyczna\/#article","isPartOf":{"@id":"https:\/\/heliantus.pl\/szkola\/szkola-muzyczna\/"},"author":{"name":"Micha\u0142 K\u0119ska","@id":"https:\/\/heliantus.pl\/szkola\/#\/schema\/person\/a624713d1fe35413043b0557f7c923f7"},"headline":"Szko\u0142a muzyczna","datePublished":"2019-07-16T22:06:19+00:00","dateModified":"2025-06-17T12:49:47+00:00","mainEntityOfPage":{"@id":"https:\/\/heliantus.pl\/szkola\/szkola-muzyczna\/"},"wordCount":632,"publisher":{"@id":"https:\/\/heliantus.pl\/szkola\/#organization"},"image":{"@id":"https:\/\/heliantus.pl\/szkola\/szkola-muzyczna\/#primaryimage"},"thumbnailUrl":"https:\/\/heliantus.pl\/szkola\/wp-content\/uploads\/2019\/08\/sz_muz_ban.png","inLanguage":"pl-PL"},{"@type":"WebPage","@id":"https:\/\/heliantus.pl\/szkola\/szkola-muzyczna\/","url":"https:\/\/heliantus.pl\/szkola\/szkola-muzyczna\/","name":"Szko\u0142a muzyczna | Szko\u0142a Heliantus | Niepubliczna szko\u0142a Ursyn\u00f3w, J\u00f3zefos\u0142aw | Matematyka, programowanie, j\u0119zyki","isPartOf":{"@id":"https:\/\/heliantus.pl\/szkola\/#website"},"primaryImageOfPage":{"@id":"https:\/\/heliantus.pl\/szkola\/szkola-muzyczna\/#primaryimage"},"image":{"@id":"https:\/\/heliantus.pl\/szkola\/szkola-muzyczna\/#primaryimage"},"thumbnailUrl":"https:\/\/heliantus.pl\/szkola\/wp-content\/uploads\/2019\/08\/sz_muz_ban.png","datePublished":"2019-07-16T22:06:19+00:00","dateModified":"2025-06-17T12:49:47+00:00","description":"Szko\u0142a Muzyczna Heliantus zaprasza m\u0142ode talenty - dzieci, kt\u00f3re chc\u0105 rozwija\u0107 swoje pasje muzyczne. Rekrutacja zosta\u0142a otwarta.","breadcrumb":{"@id":"https:\/\/heliantus.pl\/szkola\/szkola-muzyczna\/#breadcrumb"},"inLanguage":"pl-PL","potentialAction":[{"@type":"ReadAction","target":["https:\/\/heliantus.pl\/szkola\/szkola-muzyczna\/"]}]},{"@type":"ImageObject","inLanguage":"pl-PL","@id":"https:\/\/heliantus.pl\/szkola\/szkola-muzyczna\/#primaryimage","url":"https:\/\/heliantus.pl\/szkola\/wp-content\/uploads\/2019\/08\/sz_muz_ban.png","contentUrl":"https:\/\/heliantus.pl\/szkola\/wp-content\/uploads\/2019\/08\/sz_muz_ban.png","width":1440,"height":550},{"@type":"BreadcrumbList","@id":"https:\/\/heliantus.pl\/szkola\/szkola-muzyczna\/#breadcrumb","itemListElement":[{"@type":"ListItem","position":1,"name":"Szko\u0142a Podstawowa","item":"https:\/\/heliantus.pl\/szkola\/"},{"@type":"ListItem","position":2,"name":"Szko\u0142a muzyczna"}]},{"@type":"WebSite","@id":"https:\/\/heliantus.pl\/szkola\/#website","url":"https:\/\/heliantus.pl\/szkola\/","name":"Szko\u0142a Podstawowa Heliantus | Niepubliczna szko\u0142a Ursyn\u00f3w, J\u00f3zefos\u0142aw | Programowanie, j\u0119zyki, matematyka","description":"MATEMATYKA INFORMATYKA J\u0118ZYKI","publisher":{"@id":"https:\/\/heliantus.pl\/szkola\/#organization"},"alternateName":"SP Heliantus","potentialAction":[{"@type":"SearchAction","target":{"@type":"EntryPoint","urlTemplate":"https:\/\/heliantus.pl\/szkola\/?s={search_term_string}"},"query-input":{"@type":"PropertyValueSpecification","valueRequired":true,"valueName":"search_term_string"}}],"inLanguage":"pl-PL"},{"@type":"Organization","@id":"https:\/\/heliantus.pl\/szkola\/#organization","name":"Szko\u0142a Podstawowa Heliantus","alternateName":"SP Heliantus","url":"https:\/\/heliantus.pl\/szkola\/","logo":{"@type":"ImageObject","inLanguage":"pl-PL","@id":"https:\/\/heliantus.pl\/szkola\/#\/schema\/logo\/image\/","url":"https:\/\/heliantus.pl\/szkola\/wp-content\/uploads\/2017\/06\/SzkolaHeliantus-logo.png","contentUrl":"https:\/\/heliantus.pl\/szkola\/wp-content\/uploads\/2017\/06\/SzkolaHeliantus-logo.png","width":736,"height":383,"caption":"Szko\u0142a Podstawowa Heliantus"},"image":{"@id":"https:\/\/heliantus.pl\/szkola\/#\/schema\/logo\/image\/"},"sameAs":["https:\/\/facebook.com\/SPHeliantus","https:\/\/www.youtube.com\/channel\/UCjcaE5GVlsROqRDHQFVe6AA"]},{"@type":"Person","@id":"https:\/\/heliantus.pl\/szkola\/#\/schema\/person\/a624713d1fe35413043b0557f7c923f7","name":"Micha\u0142 K\u0119ska","image":{"@type":"ImageObject","inLanguage":"pl-PL","@id":"https:\/\/secure.gravatar.com\/avatar\/ce6c43ad5dcc19d740ce48ca15b142320135e171dc0aaf39798cc0da24a5c044?s=96&d=mm&r=g","url":"https:\/\/secure.gravatar.com\/avatar\/ce6c43ad5dcc19d740ce48ca15b142320135e171dc0aaf39798cc0da24a5c044?s=96&d=mm&r=g","contentUrl":"https:\/\/secure.gravatar.com\/avatar\/ce6c43ad5dcc19d740ce48ca15b142320135e171dc0aaf39798cc0da24a5c044?s=96&d=mm&r=g","caption":"Micha\u0142 K\u0119ska"},"url":"https:\/\/heliantus.pl\/szkola\/author\/michal-keska\/"}]}},"amp_enabled":true,"_links":{"self":[{"href":"https:\/\/heliantus.pl\/szkola\/wp-json\/wp\/v2\/pages\/3481","targetHints":{"allow":["GET"]}}],"collection":[{"href":"https:\/\/heliantus.pl\/szkola\/wp-json\/wp\/v2\/pages"}],"about":[{"href":"https:\/\/heliantus.pl\/szkola\/wp-json\/wp\/v2\/types\/page"}],"author":[{"embeddable":true,"href":"https:\/\/heliantus.pl\/szkola\/wp-json\/wp\/v2\/users\/3"}],"replies":[{"embeddable":true,"href":"https:\/\/heliantus.pl\/szkola\/wp-json\/wp\/v2\/comments?post=3481"}],"version-history":[{"count":6,"href":"https:\/\/heliantus.pl\/szkola\/wp-json\/wp\/v2\/pages\/3481\/revisions"}],"predecessor-version":[{"id":7248,"href":"https:\/\/heliantus.pl\/szkola\/wp-json\/wp\/v2\/pages\/3481\/revisions\/7248"}],"wp:featuredmedia":[{"embeddable":true,"href":"https:\/\/heliantus.pl\/szkola\/wp-json\/wp\/v2\/media\/3498"}],"wp:attachment":[{"href":"https:\/\/heliantus.pl\/szkola\/wp-json\/wp\/v2\/media?parent=3481"}],"curies":[{"name":"wp","href":"https:\/\/api.w.org\/{rel}","templated":true}]}}