{"id":247,"date":"2017-01-15T14:37:31","date_gmt":"2017-01-15T13:37:31","guid":{"rendered":"http:\/\/heliantus.pl\/szkola\/?page_id=247"},"modified":"2020-01-03T01:02:32","modified_gmt":"2020-01-03T00:02:32","slug":"rekrutacja_strona","status":"publish","type":"page","link":"https:\/\/heliantus.pl\/szkola\/rekrutacja_strona\/","title":{"rendered":"Rekrutacja_old"},"content":{"rendered":"<h2><a href=\"https:\/\/heliantus.pl\/szkola\/wp-content\/uploads\/2018\/10\/DSC02377-e1540673527881.jpg\" data-rel=\"lightbox-gallery-cyI6W395\" data-rl_title=\"\" data-rl_caption=\"\" title=\"\"><img fetchpriority=\"high\" decoding=\"async\" src=\"https:\/\/heliantus.pl\/szkola\/wp-content\/uploads\/2018\/10\/DSC02377-300x200.jpg\" alt=\"\" width=\"300\" height=\"200\" \/><\/a>Osoby zainteresowane zapisaniem dziecka do Szko\u0142y na rok szkolny 2020\/2021 zapraszamy na indywidualne spotkania, podczas kt\u00f3rych b\u0119dzie mo\u017cna uzyska\u0107 szczeg\u00f3\u0142owe informacje o organizacji pracy szko\u0142y i programie nauczania.<\/h2>\n<h3>Rekrutacja<\/h3>\n<p>Zaproszenie kierujemy szczeg\u00f3lnie do os\u00f3b mieszkaj\u0105cych na terenie J\u00f3zefos\u0142awia, Kierszka, Julianowa, Konstancina, Piaseczna i okolicznych miejscowo\u015bci oraz warszawskiego Ursynowa.<\/p>\n<p>Terminy spotka\u0144 mo\u017cna uzgodni\u0107 w sekretariacie szko\u0142y osobi\u015bcie, telefonicznie (787-315-656) lub poprzez poczt\u0119 elektroniczn\u0105 (<a href=\"mailto:heliantus@heliantus.pl\">heliantus@heliantus.pl<\/a>).<\/p>\n<p>Wst\u0119pne karty rekrutacyjne dost\u0119pne s\u0105 \u00a0na stronie Szko\u0142y. Kart\u0119 rejestracyjn\u0105 mo\u017cna wype\u0142ni\u0107 i przekaza\u0107 do sekretariatu lub przes\u0142a\u0107 poczt\u0105 elektroniczn\u0105.<\/p>\n<h3><b>JAK PRZEBIEGA REKRUTACJA DO SZKO\u0141Y<\/b><\/h3>\n<p>W celu zapisania ucznia do szko\u0142y nale\u017cy:<\/p>\n<ol>\n<li>Um\u00f3wi\u0107 si\u0119 na spotkanie z dyrektorem szko\u0142y drog\u0105 mailow\u0105, pisz\u0105c na adres: <a href=\"mailto:heliantus@heliantus.pl\">heliantus@heliantus.pl<\/a> lub telefonicznie ( 787-315-656 ).<\/li>\n<li>Z\u0142o\u017cy\u0107 w sekretariacie wype\u0142nion\u0105 kart\u0119 rekrutacyjna ucznia.<\/li>\n<li>Ustali\u0107 termin dni adaptacyjnych, w kt\u00f3rych dziecko we\u017amie udzia\u0142.<\/li>\n<li>Zapozna\u0107 si\u0119 z dokumentacj\u0105 Szko\u0142y, w tym ze statutem i regulaminem szko\u0142y.<\/li>\n<li>Po otrzymaniu informacji z sekretariatu o przyj\u0119ciu ucznia do Szko\u0142y podpisa\u0107 umow\u0119.<\/li>\n<\/ol>\n<p>Zapraszamy na spotkania oraz do odwiedzin szko\u0142y, najlepiej z Kandydatem.<\/p>\n<p><strong>Trwa ju\u017c zapis dzieci na nowy rok szkolny oraz nab\u00f3r uzupe\u0142niej\u0105cy do klas ju\u017c istniej\u0105cych.<\/strong><\/p>\n<p><strong>\u00a0<\/strong><\/p>\n<h3><strong>DZIE\u0143 OTWARTY\u00a0 ju\u017c wkr\u00f3tce<br \/>\n<\/strong><\/h3>\n<p>Pierwszy dzien otwarty w naszej szkole 11 stycznia 2020 roku o godzinie 11.30. Zapraszamy Rodzic\u00f3w z Dzie\u0107mi. B\u0119da Pa\u0144stwo mogli pozna\u0107 naszych nauczycieli, zobaczyc Szko\u0142\u0119. Dzieci mi\u0142o sp\u0119dz\u0105 czas podczas przygotowanych przez naszych Pracownik\u00f3w warsztatach, Rodzice spotkaj\u0105 si\u0119 w tym czasie z Dyrekcj\u0105 Szko\u0142y<\/p>\n<h2>Do pobrania<\/h2>\n<p><a style=\"color: #ffffff;\" href=\"https:\/\/heliantus.pl\/szkola\/wp-content\/uploads\/2018\/10\/KartaRej_2018.pdf\">\u00a0Karta Rejestracyjna<\/a><\/p>\n<style type=\"text\/css\" data-panels-style-for-post=\"247\">@import url(https:\/\/heliantus.pl\/szkola\/wp-content\/plugins\/siteorigin-panels\/css\/front-flex.min.css); #pgc-247-0-0 { width:79.9543%;width:calc(79.9543% - ( 0.20045731707317 * 30px ) ) } #pl-247 #panel-247-0-0-0 , #pl-247 #panel-247-0-1-0 {  } #pgc-247-0-1 { width:20.0457%;width:calc(20.0457% - ( 0.79954268292683 * 30px ) ) } #pl-247 .so-panel { margin-bottom:30px } #pl-247 .so-panel:last-child { margin-bottom:0px } #pg-247-0.panel-no-style, #pg-247-0.panel-has-style > .panel-row-style { -webkit-align-items:flex-start;align-items:flex-start } #panel-247-0-1-0> .panel-widget-style { background-color:#294a70;padding:20px 20px 20px 20px } @media (max-width:780px){ #pg-247-0.panel-no-style, #pg-247-0.panel-has-style > .panel-row-style { -webkit-flex-direction:column;-ms-flex-direction:column;flex-direction:column } #pg-247-0 .panel-grid-cell { margin-right:0 } #pg-247-0 .panel-grid-cell { width:100% } #pgc-247-0-0 { margin-bottom:30px } #pl-247 .panel-grid-cell { padding:0 } #pl-247 .panel-grid .panel-grid-cell-empty { display:none } #pl-247 .panel-grid .panel-grid-cell-mobile-last { margin-bottom:0px } #panel-247-0-1-0> .panel-widget-style { padding:5px 5px 5px 5px }  } <\/style>\n","protected":false},"excerpt":{"rendered":"<p>Osoby zainteresowane zapisaniem dziecka do Szko\u0142y na rok szkolny 2020\/2021 zapraszamy na indywidualne spotkania, podczas kt\u00f3rych b\u0119dzie mo\u017cna uzyska\u0107 szczeg\u00f3\u0142owe informacje o organizacji pracy szko\u0142y i programie nauczania. Rekrutacja Zaproszenie kierujemy szczeg\u00f3lnie do os\u00f3b mieszkaj\u0105cych na terenie J\u00f3zefos\u0142awia, Kierszka, Julianowa, <a href=\"https:\/\/heliantus.pl\/szkola\/rekrutacja_strona\/\" class=\"read-more\">Czytaj dalej &#8230;<\/a><\/p>\n","protected":false},"author":1,"featured_media":1500,"parent":0,"menu_order":0,"comment_status":"closed","ping_status":"closed","template":"","meta":{"_eb_attr":"","footnotes":""},"class_list":["post-247","page","type-page","status-publish","has-post-thumbnail","hentry"],"yoast_head":"<!-- This site is optimized with the Yoast SEO plugin v27.6 - https:\/\/yoast.com\/product\/yoast-seo-wordpress\/ -->\n<title>Rekrutacja_old | Szko\u0142a Heliantus | Niepubliczna szko\u0142a Ursyn\u00f3w, J\u00f3zefos\u0142aw | Matematyka, programowanie, j\u0119zyki<\/title>\n<meta name=\"description\" content=\"Rekrutacja na rok szkolny 2020\/21 rozpocz\u0119ta. J\u00f3zefos\u0142aw, Julian\u00f3w, Piaseczno, Konstancin, Warszawa. Zapraszamy na spotkania indywidualne i dni otwarte.\" \/>\n<meta name=\"robots\" content=\"index, follow, max-snippet:-1, max-image-preview:large, max-video-preview:-1\" \/>\n<link rel=\"canonical\" href=\"https:\/\/heliantus.pl\/szkola\/rekrutacja_strona\/\" \/>\n<meta property=\"og:locale\" content=\"pl_PL\" \/>\n<meta property=\"og:type\" content=\"article\" \/>\n<meta property=\"og:title\" content=\"Heliantus rekrutacja\" \/>\n<meta property=\"og:description\" content=\"Rekrutacja na rok szkolny 2020\/21 rozpocz\u0119ta. J\u00f3zefos\u0142aw, Julian\u00f3w, Piaseczno, Konstancin, Warszawa. Zapraszamy na spotkania indywidualne i dni otwarte.\" \/>\n<meta property=\"og:url\" content=\"https:\/\/heliantus.pl\/szkola\/rekrutacja_strona\/\" \/>\n<meta property=\"og:site_name\" content=\"Szko\u0142a Podstawowa Heliantus\" \/>\n<meta property=\"article:publisher\" content=\"https:\/\/facebook.com\/SPHeliantus\" \/>\n<meta property=\"article:modified_time\" content=\"2020-01-03T00:02:32+00:00\" \/>\n<meta property=\"og:image\" content=\"https:\/\/heliantus.pl\/szkola\/wp-content\/uploads\/2017\/12\/ban_rekrut.jpg\" \/>\n\t<meta property=\"og:image:width\" content=\"1440\" \/>\n\t<meta property=\"og:image:height\" content=\"550\" \/>\n\t<meta property=\"og:image:type\" content=\"image\/jpeg\" \/>\n<meta name=\"twitter:card\" content=\"summary_large_image\" \/>\n<meta name=\"twitter:label1\" content=\"Szacowany czas czytania\" \/>\n\t<meta name=\"twitter:data1\" content=\"1 minuta\" \/>\n<script type=\"application\/ld+json\" class=\"yoast-schema-graph\">{\"@context\":\"https:\\\/\\\/schema.org\",\"@graph\":[{\"@type\":\"Article\",\"@id\":\"https:\\\/\\\/heliantus.pl\\\/szkola\\\/rekrutacja_strona\\\/#article\",\"isPartOf\":{\"@id\":\"https:\\\/\\\/heliantus.pl\\\/szkola\\\/rekrutacja_strona\\\/\"},\"author\":{\"name\":\"Heliantus\",\"@id\":\"https:\\\/\\\/heliantus.pl\\\/szkola\\\/#\\\/schema\\\/person\\\/81a1410eaff929555dc31a770dfd618d\"},\"headline\":\"Rekrutacja_old\",\"datePublished\":\"2017-01-15T13:37:31+00:00\",\"dateModified\":\"2020-01-03T00:02:32+00:00\",\"mainEntityOfPage\":{\"@id\":\"https:\\\/\\\/heliantus.pl\\\/szkola\\\/rekrutacja_strona\\\/\"},\"wordCount\":282,\"publisher\":{\"@id\":\"https:\\\/\\\/heliantus.pl\\\/szkola\\\/#organization\"},\"image\":{\"@id\":\"https:\\\/\\\/heliantus.pl\\\/szkola\\\/rekrutacja_strona\\\/#primaryimage\"},\"thumbnailUrl\":\"https:\\\/\\\/heliantus.pl\\\/szkola\\\/wp-content\\\/uploads\\\/2017\\\/12\\\/ban_rekrut.jpg\",\"inLanguage\":\"pl-PL\"},{\"@type\":\"WebPage\",\"@id\":\"https:\\\/\\\/heliantus.pl\\\/szkola\\\/rekrutacja_strona\\\/\",\"url\":\"https:\\\/\\\/heliantus.pl\\\/szkola\\\/rekrutacja_strona\\\/\",\"name\":\"Rekrutacja_old | Szko\u0142a Heliantus | Niepubliczna szko\u0142a Ursyn\u00f3w, J\u00f3zefos\u0142aw | Matematyka, programowanie, j\u0119zyki\",\"isPartOf\":{\"@id\":\"https:\\\/\\\/heliantus.pl\\\/szkola\\\/#website\"},\"primaryImageOfPage\":{\"@id\":\"https:\\\/\\\/heliantus.pl\\\/szkola\\\/rekrutacja_strona\\\/#primaryimage\"},\"image\":{\"@id\":\"https:\\\/\\\/heliantus.pl\\\/szkola\\\/rekrutacja_strona\\\/#primaryimage\"},\"thumbnailUrl\":\"https:\\\/\\\/heliantus.pl\\\/szkola\\\/wp-content\\\/uploads\\\/2017\\\/12\\\/ban_rekrut.jpg\",\"datePublished\":\"2017-01-15T13:37:31+00:00\",\"dateModified\":\"2020-01-03T00:02:32+00:00\",\"description\":\"Rekrutacja na rok szkolny 2020\\\/21 rozpocz\u0119ta. J\u00f3zefos\u0142aw, Julian\u00f3w, Piaseczno, Konstancin, Warszawa. Zapraszamy na spotkania indywidualne i dni otwarte.\",\"breadcrumb\":{\"@id\":\"https:\\\/\\\/heliantus.pl\\\/szkola\\\/rekrutacja_strona\\\/#breadcrumb\"},\"inLanguage\":\"pl-PL\",\"potentialAction\":[{\"@type\":\"ReadAction\",\"target\":[\"https:\\\/\\\/heliantus.pl\\\/szkola\\\/rekrutacja_strona\\\/\"]}]},{\"@type\":\"ImageObject\",\"inLanguage\":\"pl-PL\",\"@id\":\"https:\\\/\\\/heliantus.pl\\\/szkola\\\/rekrutacja_strona\\\/#primaryimage\",\"url\":\"https:\\\/\\\/heliantus.pl\\\/szkola\\\/wp-content\\\/uploads\\\/2017\\\/12\\\/ban_rekrut.jpg\",\"contentUrl\":\"https:\\\/\\\/heliantus.pl\\\/szkola\\\/wp-content\\\/uploads\\\/2017\\\/12\\\/ban_rekrut.jpg\",\"width\":1440,\"height\":550,\"caption\":\"SONY DSC\"},{\"@type\":\"BreadcrumbList\",\"@id\":\"https:\\\/\\\/heliantus.pl\\\/szkola\\\/rekrutacja_strona\\\/#breadcrumb\",\"itemListElement\":[{\"@type\":\"ListItem\",\"position\":1,\"name\":\"Szko\u0142a Podstawowa\",\"item\":\"https:\\\/\\\/heliantus.pl\\\/szkola\\\/\"},{\"@type\":\"ListItem\",\"position\":2,\"name\":\"Rekrutacja\"}]},{\"@type\":\"WebSite\",\"@id\":\"https:\\\/\\\/heliantus.pl\\\/szkola\\\/#website\",\"url\":\"https:\\\/\\\/heliantus.pl\\\/szkola\\\/\",\"name\":\"Szko\u0142a Podstawowa Heliantus | Niepubliczna szko\u0142a Ursyn\u00f3w, J\u00f3zefos\u0142aw | Programowanie, j\u0119zyki, matematyka\",\"description\":\"MATEMATYKA INFORMATYKA J\u0118ZYKI\",\"publisher\":{\"@id\":\"https:\\\/\\\/heliantus.pl\\\/szkola\\\/#organization\"},\"alternateName\":\"SP Heliantus\",\"potentialAction\":[{\"@type\":\"SearchAction\",\"target\":{\"@type\":\"EntryPoint\",\"urlTemplate\":\"https:\\\/\\\/heliantus.pl\\\/szkola\\\/?s={search_term_string}\"},\"query-input\":{\"@type\":\"PropertyValueSpecification\",\"valueRequired\":true,\"valueName\":\"search_term_string\"}}],\"inLanguage\":\"pl-PL\"},{\"@type\":\"Organization\",\"@id\":\"https:\\\/\\\/heliantus.pl\\\/szkola\\\/#organization\",\"name\":\"Szko\u0142a Podstawowa Heliantus\",\"alternateName\":\"SP Heliantus\",\"url\":\"https:\\\/\\\/heliantus.pl\\\/szkola\\\/\",\"logo\":{\"@type\":\"ImageObject\",\"inLanguage\":\"pl-PL\",\"@id\":\"https:\\\/\\\/heliantus.pl\\\/szkola\\\/#\\\/schema\\\/logo\\\/image\\\/\",\"url\":\"https:\\\/\\\/heliantus.pl\\\/szkola\\\/wp-content\\\/uploads\\\/2017\\\/06\\\/SzkolaHeliantus-logo.png\",\"contentUrl\":\"https:\\\/\\\/heliantus.pl\\\/szkola\\\/wp-content\\\/uploads\\\/2017\\\/06\\\/SzkolaHeliantus-logo.png\",\"width\":736,\"height\":383,\"caption\":\"Szko\u0142a Podstawowa Heliantus\"},\"image\":{\"@id\":\"https:\\\/\\\/heliantus.pl\\\/szkola\\\/#\\\/schema\\\/logo\\\/image\\\/\"},\"sameAs\":[\"https:\\\/\\\/facebook.com\\\/SPHeliantus\",\"https:\\\/\\\/www.youtube.com\\\/channel\\\/UCjcaE5GVlsROqRDHQFVe6AA\"]},{\"@type\":\"Person\",\"@id\":\"https:\\\/\\\/heliantus.pl\\\/szkola\\\/#\\\/schema\\\/person\\\/81a1410eaff929555dc31a770dfd618d\",\"name\":\"Heliantus\",\"image\":{\"@type\":\"ImageObject\",\"inLanguage\":\"pl-PL\",\"@id\":\"https:\\\/\\\/secure.gravatar.com\\\/avatar\\\/825d0a11f80b9cb86f147ea3e02c48f23be33653c910718db45d4e4453580332?s=96&d=mm&r=g\",\"url\":\"https:\\\/\\\/secure.gravatar.com\\\/avatar\\\/825d0a11f80b9cb86f147ea3e02c48f23be33653c910718db45d4e4453580332?s=96&d=mm&r=g\",\"contentUrl\":\"https:\\\/\\\/secure.gravatar.com\\\/avatar\\\/825d0a11f80b9cb86f147ea3e02c48f23be33653c910718db45d4e4453580332?s=96&d=mm&r=g\",\"caption\":\"Heliantus\"},\"url\":\"https:\\\/\\\/heliantus.pl\\\/szkola\\\/author\\\/heliantus\\\/\"}]}<\/script>\n<!-- \/ Yoast SEO plugin. -->","yoast_head_json":{"title":"Rekrutacja_old | Szko\u0142a Heliantus | Niepubliczna szko\u0142a Ursyn\u00f3w, J\u00f3zefos\u0142aw | Matematyka, programowanie, j\u0119zyki","description":"Rekrutacja na rok szkolny 2020\/21 rozpocz\u0119ta. J\u00f3zefos\u0142aw, Julian\u00f3w, Piaseczno, Konstancin, Warszawa. Zapraszamy na spotkania indywidualne i dni otwarte.","robots":{"index":"index","follow":"follow","max-snippet":"max-snippet:-1","max-image-preview":"max-image-preview:large","max-video-preview":"max-video-preview:-1"},"canonical":"https:\/\/heliantus.pl\/szkola\/rekrutacja_strona\/","og_locale":"pl_PL","og_type":"article","og_title":"Heliantus rekrutacja","og_description":"Rekrutacja na rok szkolny 2020\/21 rozpocz\u0119ta. J\u00f3zefos\u0142aw, Julian\u00f3w, Piaseczno, Konstancin, Warszawa. Zapraszamy na spotkania indywidualne i dni otwarte.","og_url":"https:\/\/heliantus.pl\/szkola\/rekrutacja_strona\/","og_site_name":"Szko\u0142a Podstawowa Heliantus","article_publisher":"https:\/\/facebook.com\/SPHeliantus","article_modified_time":"2020-01-03T00:02:32+00:00","og_image":[{"width":1440,"height":550,"url":"https:\/\/heliantus.pl\/szkola\/wp-content\/uploads\/2017\/12\/ban_rekrut.jpg","type":"image\/jpeg"}],"twitter_card":"summary_large_image","twitter_misc":{"Szacowany czas czytania":"1 minuta"},"schema":{"@context":"https:\/\/schema.org","@graph":[{"@type":"Article","@id":"https:\/\/heliantus.pl\/szkola\/rekrutacja_strona\/#article","isPartOf":{"@id":"https:\/\/heliantus.pl\/szkola\/rekrutacja_strona\/"},"author":{"name":"Heliantus","@id":"https:\/\/heliantus.pl\/szkola\/#\/schema\/person\/81a1410eaff929555dc31a770dfd618d"},"headline":"Rekrutacja_old","datePublished":"2017-01-15T13:37:31+00:00","dateModified":"2020-01-03T00:02:32+00:00","mainEntityOfPage":{"@id":"https:\/\/heliantus.pl\/szkola\/rekrutacja_strona\/"},"wordCount":282,"publisher":{"@id":"https:\/\/heliantus.pl\/szkola\/#organization"},"image":{"@id":"https:\/\/heliantus.pl\/szkola\/rekrutacja_strona\/#primaryimage"},"thumbnailUrl":"https:\/\/heliantus.pl\/szkola\/wp-content\/uploads\/2017\/12\/ban_rekrut.jpg","inLanguage":"pl-PL"},{"@type":"WebPage","@id":"https:\/\/heliantus.pl\/szkola\/rekrutacja_strona\/","url":"https:\/\/heliantus.pl\/szkola\/rekrutacja_strona\/","name":"Rekrutacja_old | Szko\u0142a Heliantus | Niepubliczna szko\u0142a Ursyn\u00f3w, J\u00f3zefos\u0142aw | Matematyka, programowanie, j\u0119zyki","isPartOf":{"@id":"https:\/\/heliantus.pl\/szkola\/#website"},"primaryImageOfPage":{"@id":"https:\/\/heliantus.pl\/szkola\/rekrutacja_strona\/#primaryimage"},"image":{"@id":"https:\/\/heliantus.pl\/szkola\/rekrutacja_strona\/#primaryimage"},"thumbnailUrl":"https:\/\/heliantus.pl\/szkola\/wp-content\/uploads\/2017\/12\/ban_rekrut.jpg","datePublished":"2017-01-15T13:37:31+00:00","dateModified":"2020-01-03T00:02:32+00:00","description":"Rekrutacja na rok szkolny 2020\/21 rozpocz\u0119ta. J\u00f3zefos\u0142aw, Julian\u00f3w, Piaseczno, Konstancin, Warszawa. Zapraszamy na spotkania indywidualne i dni otwarte.","breadcrumb":{"@id":"https:\/\/heliantus.pl\/szkola\/rekrutacja_strona\/#breadcrumb"},"inLanguage":"pl-PL","potentialAction":[{"@type":"ReadAction","target":["https:\/\/heliantus.pl\/szkola\/rekrutacja_strona\/"]}]},{"@type":"ImageObject","inLanguage":"pl-PL","@id":"https:\/\/heliantus.pl\/szkola\/rekrutacja_strona\/#primaryimage","url":"https:\/\/heliantus.pl\/szkola\/wp-content\/uploads\/2017\/12\/ban_rekrut.jpg","contentUrl":"https:\/\/heliantus.pl\/szkola\/wp-content\/uploads\/2017\/12\/ban_rekrut.jpg","width":1440,"height":550,"caption":"SONY DSC"},{"@type":"BreadcrumbList","@id":"https:\/\/heliantus.pl\/szkola\/rekrutacja_strona\/#breadcrumb","itemListElement":[{"@type":"ListItem","position":1,"name":"Szko\u0142a Podstawowa","item":"https:\/\/heliantus.pl\/szkola\/"},{"@type":"ListItem","position":2,"name":"Rekrutacja"}]},{"@type":"WebSite","@id":"https:\/\/heliantus.pl\/szkola\/#website","url":"https:\/\/heliantus.pl\/szkola\/","name":"Szko\u0142a Podstawowa Heliantus | Niepubliczna szko\u0142a Ursyn\u00f3w, J\u00f3zefos\u0142aw | Programowanie, j\u0119zyki, matematyka","description":"MATEMATYKA INFORMATYKA J\u0118ZYKI","publisher":{"@id":"https:\/\/heliantus.pl\/szkola\/#organization"},"alternateName":"SP Heliantus","potentialAction":[{"@type":"SearchAction","target":{"@type":"EntryPoint","urlTemplate":"https:\/\/heliantus.pl\/szkola\/?s={search_term_string}"},"query-input":{"@type":"PropertyValueSpecification","valueRequired":true,"valueName":"search_term_string"}}],"inLanguage":"pl-PL"},{"@type":"Organization","@id":"https:\/\/heliantus.pl\/szkola\/#organization","name":"Szko\u0142a Podstawowa Heliantus","alternateName":"SP Heliantus","url":"https:\/\/heliantus.pl\/szkola\/","logo":{"@type":"ImageObject","inLanguage":"pl-PL","@id":"https:\/\/heliantus.pl\/szkola\/#\/schema\/logo\/image\/","url":"https:\/\/heliantus.pl\/szkola\/wp-content\/uploads\/2017\/06\/SzkolaHeliantus-logo.png","contentUrl":"https:\/\/heliantus.pl\/szkola\/wp-content\/uploads\/2017\/06\/SzkolaHeliantus-logo.png","width":736,"height":383,"caption":"Szko\u0142a Podstawowa Heliantus"},"image":{"@id":"https:\/\/heliantus.pl\/szkola\/#\/schema\/logo\/image\/"},"sameAs":["https:\/\/facebook.com\/SPHeliantus","https:\/\/www.youtube.com\/channel\/UCjcaE5GVlsROqRDHQFVe6AA"]},{"@type":"Person","@id":"https:\/\/heliantus.pl\/szkola\/#\/schema\/person\/81a1410eaff929555dc31a770dfd618d","name":"Heliantus","image":{"@type":"ImageObject","inLanguage":"pl-PL","@id":"https:\/\/secure.gravatar.com\/avatar\/825d0a11f80b9cb86f147ea3e02c48f23be33653c910718db45d4e4453580332?s=96&d=mm&r=g","url":"https:\/\/secure.gravatar.com\/avatar\/825d0a11f80b9cb86f147ea3e02c48f23be33653c910718db45d4e4453580332?s=96&d=mm&r=g","contentUrl":"https:\/\/secure.gravatar.com\/avatar\/825d0a11f80b9cb86f147ea3e02c48f23be33653c910718db45d4e4453580332?s=96&d=mm&r=g","caption":"Heliantus"},"url":"https:\/\/heliantus.pl\/szkola\/author\/heliantus\/"}]}},"amp_enabled":true,"_links":{"self":[{"href":"https:\/\/heliantus.pl\/szkola\/wp-json\/wp\/v2\/pages\/247","targetHints":{"allow":["GET"]}}],"collection":[{"href":"https:\/\/heliantus.pl\/szkola\/wp-json\/wp\/v2\/pages"}],"about":[{"href":"https:\/\/heliantus.pl\/szkola\/wp-json\/wp\/v2\/types\/page"}],"author":[{"embeddable":true,"href":"https:\/\/heliantus.pl\/szkola\/wp-json\/wp\/v2\/users\/1"}],"replies":[{"embeddable":true,"href":"https:\/\/heliantus.pl\/szkola\/wp-json\/wp\/v2\/comments?post=247"}],"version-history":[{"count":0,"href":"https:\/\/heliantus.pl\/szkola\/wp-json\/wp\/v2\/pages\/247\/revisions"}],"wp:featuredmedia":[{"embeddable":true,"href":"https:\/\/heliantus.pl\/szkola\/wp-json\/wp\/v2\/media\/1500"}],"wp:attachment":[{"href":"https:\/\/heliantus.pl\/szkola\/wp-json\/wp\/v2\/media?parent=247"}],"curies":[{"name":"wp","href":"https:\/\/api.w.org\/{rel}","templated":true}]}}