{"id":1886,"date":"2018-02-14T10:10:57","date_gmt":"2018-02-14T09:10:57","guid":{"rendered":"https:\/\/heliantus.pl\/szkola\/?page_id=1886"},"modified":"2023-11-30T23:11:30","modified_gmt":"2023-11-30T22:11:30","slug":"jezyki-obce-heliantusie","status":"publish","type":"page","link":"https:\/\/heliantus.pl\/szkola\/jezyki-obce-heliantusie\/","title":{"rendered":"J\u0119zyki obce w Heliantusie"},"content":{"rendered":"\t\t<div data-elementor-type=\"wp-post\" data-elementor-id=\"1886\" class=\"elementor elementor-1886\">\n\t\t\t\t\t\t<section class=\"has_eae_slider elementor-section elementor-top-section elementor-element elementor-element-25e71e3b elementor-section-boxed elementor-section-height-default elementor-section-height-default\" data-eae-slider=\"69526\" data-id=\"25e71e3b\" data-element_type=\"section\" data-e-type=\"section\">\n\t\t\t\t\t\t<div class=\"elementor-container elementor-column-gap-default\">\n\t\t\t\t\t<div class=\"has_eae_slider elementor-column elementor-col-100 elementor-top-column elementor-element elementor-element-2af10369\" data-eae-slider=\"49288\" data-id=\"2af10369\" data-element_type=\"column\" data-e-type=\"column\">\n\t\t\t<div class=\"elementor-widget-wrap elementor-element-populated\">\n\t\t\t\t\t\t<div class=\"elementor-element elementor-element-6c9ba53c elementor-widget elementor-widget-text-editor\" data-id=\"6c9ba53c\" data-element_type=\"widget\" data-e-type=\"widget\" data-widget_type=\"text-editor.default\">\n\t\t\t\t\t\t\t\t\t<p><strong>Program<\/strong><\/p><p><span style=\"color: #333399;\"><strong>I etap edukacyjny<\/strong><\/span><\/p><p>W\u00a0klasach 1-3 realizowany jest program rozszerzony w stosunku do do\u00a0podstawy programowej.\u00a0<\/p><p>Szko\u0142a Podstawowa Heliantus oferuje swoim uczniom 6 godz.\u00a0j\u0119zyka angielskiego blokach na\u00a0poziomie podstawowym i rozszerzonym.\u00a0<\/p><p>\u00a0W\u00a0ramach bloku zaj\u0119\u0107 j\u0119zyka rozszerzonego przygotowujemy uczni\u00f3w do\u00a0egzaminu Young Learners:Starters, Movers, Flyers w\u00a0nowej formule od\u00a02018r.<\/p><p>Od drugiej klasy 2 godziny j. angielskiego przeznaczamy na Science.<\/p><p>\u00a0<\/p><p><span style=\"color: #333399;\"><strong>II etap edukacyjny<\/strong><\/span><\/p><p>Na\u00a0drugim etapie edukacyjnym program szko\u0142y zak\u0142ada 6 godz.\u00a0j\u0119zyka angielskiego oraz\u00a02 godz.\u00a0drugiego j\u0119zyka obcego nowo\u017cytnego (j\u0119zyk hiszpa\u0144ski). Szko\u0142a realizuje program rozszerzony w\u00a0stosunku do\u00a0podstawy programowej oparty na\u00a0blokach zaj\u0119\u0107, podczas kt\u00f3rych\u00a0realizowana jest podstawa programowa, oraz rozszerzonych, gdzie realizowany jest podobnie jak na\u00a01 etapie edukacyjnym Science<\/p><p>Realizujemy tak\u017ce kurs przygotowuj\u0105cy do\u00a0egzaminu Cambridge Young Learners: Starters, Movers, Flyers w\u00a0nowej formule oraz KET i PET\u00a0<\/p><p>Jako szko\u0142a dbamy o\u00a0to, \u017ceby\u00a0uczniowie reprezentowali szko\u0142\u0119 na\u00a0olimpiadach i\u00a0konkursach przedmiotowych tak\u00a0na poziomie krajowym jak i\u00a0mi\u0119dzyszkolnym. Szko\u0142a oferuje r\u00f3wnie\u017c zaj\u0119cia fakultatywne z\u00a0j\u0119zyka angielskiego pt: Young Masters Club, podczas kt\u00f3rych\u00a0realizowany jest program rozszerzony przygotowuj\u0105cy uczni\u00f3w do\u00a0udzia\u0142u w\u00a0olimpiadach i\u00a0konkursach.<\/p><p>Ponadto, szko\u0142a w\u00a0swojej codziennej praktyce wykorzystuje najnowsze urz\u0105dzenie do\u00a0komunikacji tylko\u00a0w\u00a0j\u0119zyku angielskim tj. Amazon Alexa.<\/p>\t\t\t\t\t\t\t\t<\/div>\n\t\t\t\t\t<\/div>\n\t\t<\/div>\n\t\t\t\t\t<\/div>\n\t\t<\/section>\n\t\t\t\t<section class=\"has_eae_slider elementor-section elementor-top-section elementor-element elementor-element-fb1ef57 elementor-section-boxed elementor-section-height-default elementor-section-height-default\" data-eae-slider=\"10802\" data-id=\"fb1ef57\" data-element_type=\"section\" data-e-type=\"section\">\n\t\t\t\t\t\t<div class=\"elementor-container elementor-column-gap-default\">\n\t\t\t\t\t<div class=\"has_eae_slider elementor-column elementor-col-100 elementor-top-column elementor-element elementor-element-f1236b9\" data-eae-slider=\"70231\" data-id=\"f1236b9\" data-element_type=\"column\" data-e-type=\"column\">\n\t\t\t<div class=\"elementor-widget-wrap\">\n\t\t\t\t\t\t\t<\/div>\n\t\t<\/div>\n\t\t\t\t\t<\/div>\n\t\t<\/section>\n\t\t\t\t<\/div>\n\t\t","protected":false},"excerpt":{"rendered":"<p>Program I etap edukacyjny W\u00a0klasach 1-3 realizowany jest program rozszerzony w stosunku do do\u00a0podstawy programowej.\u00a0 Szko\u0142a Podstawowa Heliantus oferuje swoim uczniom 6 godz.\u00a0j\u0119zyka angielskiego blokach na\u00a0poziomie podstawowym i rozszerzonym.\u00a0 \u00a0W\u00a0ramach bloku zaj\u0119\u0107 j\u0119zyka rozszerzonego przygotowujemy uczni\u00f3w do\u00a0egzaminu Young Learners:Starters, Movers, <a href=\"https:\/\/heliantus.pl\/szkola\/jezyki-obce-heliantusie\/\" class=\"read-more\">Czytaj dalej &#8230;<\/a><\/p>\n","protected":false},"author":1,"featured_media":0,"parent":0,"menu_order":0,"comment_status":"closed","ping_status":"closed","template":"","meta":{"_eb_attr":"","footnotes":""},"class_list":["post-1886","page","type-page","status-publish","hentry"],"yoast_head":"<!-- This site is optimized with the Yoast SEO plugin v27.5 - https:\/\/yoast.com\/product\/yoast-seo-wordpress\/ -->\n<title>J\u0119zyki obce w Heliantusie | Szko\u0142a Heliantus | Niepubliczna szko\u0142a Ursyn\u00f3w, J\u00f3zefos\u0142aw | Matematyka, programowanie, j\u0119zyki<\/title>\n<meta name=\"description\" content=\"J\u0119zyki obce w Heliantusie to: sze\u015b\u0107 godzin j. angielskiego w ka\u017cdej klasie, dodatkowe zaj\u0119cia pozalekcyjne w j\u0119zyku angielskim, drugi j\u0119zyk obcy ju\u017c w drugiej klasie w wymiarze 2 godzin w tygodniu.\" \/>\n<meta name=\"robots\" content=\"index, follow, max-snippet:-1, max-image-preview:large, max-video-preview:-1\" \/>\n<link rel=\"canonical\" href=\"https:\/\/heliantus.pl\/szkola\/jezyki-obce-heliantusie\/\" \/>\n<meta property=\"og:locale\" content=\"pl_PL\" \/>\n<meta property=\"og:type\" content=\"article\" \/>\n<meta property=\"og:title\" content=\"J\u0119zyki obce w Heliantusie | Szko\u0142a Heliantus | Niepubliczna szko\u0142a Ursyn\u00f3w, J\u00f3zefos\u0142aw | Matematyka, programowanie, j\u0119zyki\" \/>\n<meta property=\"og:description\" content=\"J\u0119zyki obce w Heliantusie to: sze\u015b\u0107 godzin j. angielskiego w ka\u017cdej klasie, dodatkowe zaj\u0119cia pozalekcyjne w j\u0119zyku angielskim, drugi j\u0119zyk obcy ju\u017c w drugiej klasie w wymiarze 2 godzin w tygodniu.\" \/>\n<meta property=\"og:url\" content=\"https:\/\/heliantus.pl\/szkola\/jezyki-obce-heliantusie\/\" \/>\n<meta property=\"og:site_name\" content=\"Szko\u0142a Podstawowa Heliantus\" \/>\n<meta property=\"article:publisher\" content=\"https:\/\/facebook.com\/SPHeliantus\" \/>\n<meta property=\"article:modified_time\" content=\"2023-11-30T22:11:30+00:00\" \/>\n<meta property=\"og:image\" content=\"https:\/\/heliantus.pl\/szkola\/wp-content\/uploads\/2017\/10\/Logo_sm.png\" \/>\n\t<meta property=\"og:image:width\" content=\"155\" \/>\n\t<meta property=\"og:image:height\" content=\"80\" \/>\n\t<meta property=\"og:image:type\" content=\"image\/png\" \/>\n<meta name=\"twitter:card\" content=\"summary_large_image\" \/>\n<meta name=\"twitter:label1\" content=\"Szacowany czas czytania\" \/>\n\t<meta name=\"twitter:data1\" content=\"2 minuty\" \/>\n<script type=\"application\/ld+json\" class=\"yoast-schema-graph\">{\"@context\":\"https:\\\/\\\/schema.org\",\"@graph\":[{\"@type\":\"Article\",\"@id\":\"https:\\\/\\\/heliantus.pl\\\/szkola\\\/jezyki-obce-heliantusie\\\/#article\",\"isPartOf\":{\"@id\":\"https:\\\/\\\/heliantus.pl\\\/szkola\\\/jezyki-obce-heliantusie\\\/\"},\"author\":{\"name\":\"Heliantus\",\"@id\":\"https:\\\/\\\/heliantus.pl\\\/szkola\\\/#\\\/schema\\\/person\\\/81a1410eaff929555dc31a770dfd618d\"},\"headline\":\"J\u0119zyki obce w Heliantusie\",\"datePublished\":\"2018-02-14T09:10:57+00:00\",\"dateModified\":\"2023-11-30T22:11:30+00:00\",\"mainEntityOfPage\":{\"@id\":\"https:\\\/\\\/heliantus.pl\\\/szkola\\\/jezyki-obce-heliantusie\\\/\"},\"wordCount\":229,\"publisher\":{\"@id\":\"https:\\\/\\\/heliantus.pl\\\/szkola\\\/#organization\"},\"inLanguage\":\"pl-PL\"},{\"@type\":\"WebPage\",\"@id\":\"https:\\\/\\\/heliantus.pl\\\/szkola\\\/jezyki-obce-heliantusie\\\/\",\"url\":\"https:\\\/\\\/heliantus.pl\\\/szkola\\\/jezyki-obce-heliantusie\\\/\",\"name\":\"J\u0119zyki obce w Heliantusie | Szko\u0142a Heliantus | Niepubliczna szko\u0142a Ursyn\u00f3w, J\u00f3zefos\u0142aw | Matematyka, programowanie, j\u0119zyki\",\"isPartOf\":{\"@id\":\"https:\\\/\\\/heliantus.pl\\\/szkola\\\/#website\"},\"datePublished\":\"2018-02-14T09:10:57+00:00\",\"dateModified\":\"2023-11-30T22:11:30+00:00\",\"description\":\"J\u0119zyki obce w Heliantusie to: sze\u015b\u0107 godzin j. angielskiego w ka\u017cdej klasie, dodatkowe zaj\u0119cia pozalekcyjne w j\u0119zyku angielskim, drugi j\u0119zyk obcy ju\u017c w drugiej klasie w wymiarze 2 godzin w tygodniu.\",\"breadcrumb\":{\"@id\":\"https:\\\/\\\/heliantus.pl\\\/szkola\\\/jezyki-obce-heliantusie\\\/#breadcrumb\"},\"inLanguage\":\"pl-PL\",\"potentialAction\":[{\"@type\":\"ReadAction\",\"target\":[\"https:\\\/\\\/heliantus.pl\\\/szkola\\\/jezyki-obce-heliantusie\\\/\"]}]},{\"@type\":\"BreadcrumbList\",\"@id\":\"https:\\\/\\\/heliantus.pl\\\/szkola\\\/jezyki-obce-heliantusie\\\/#breadcrumb\",\"itemListElement\":[{\"@type\":\"ListItem\",\"position\":1,\"name\":\"Szko\u0142a Podstawowa\",\"item\":\"https:\\\/\\\/heliantus.pl\\\/szkola\\\/\"},{\"@type\":\"ListItem\",\"position\":2,\"name\":\"J\u0119zyki obce w Heliantusie\"}]},{\"@type\":\"WebSite\",\"@id\":\"https:\\\/\\\/heliantus.pl\\\/szkola\\\/#website\",\"url\":\"https:\\\/\\\/heliantus.pl\\\/szkola\\\/\",\"name\":\"Szko\u0142a Podstawowa Heliantus | Niepubliczna szko\u0142a Ursyn\u00f3w, J\u00f3zefos\u0142aw | Programowanie, j\u0119zyki, matematyka\",\"description\":\"MATEMATYKA INFORMATYKA J\u0118ZYKI\",\"publisher\":{\"@id\":\"https:\\\/\\\/heliantus.pl\\\/szkola\\\/#organization\"},\"alternateName\":\"SP Heliantus\",\"potentialAction\":[{\"@type\":\"SearchAction\",\"target\":{\"@type\":\"EntryPoint\",\"urlTemplate\":\"https:\\\/\\\/heliantus.pl\\\/szkola\\\/?s={search_term_string}\"},\"query-input\":{\"@type\":\"PropertyValueSpecification\",\"valueRequired\":true,\"valueName\":\"search_term_string\"}}],\"inLanguage\":\"pl-PL\"},{\"@type\":\"Organization\",\"@id\":\"https:\\\/\\\/heliantus.pl\\\/szkola\\\/#organization\",\"name\":\"Szko\u0142a Podstawowa Heliantus\",\"alternateName\":\"SP Heliantus\",\"url\":\"https:\\\/\\\/heliantus.pl\\\/szkola\\\/\",\"logo\":{\"@type\":\"ImageObject\",\"inLanguage\":\"pl-PL\",\"@id\":\"https:\\\/\\\/heliantus.pl\\\/szkola\\\/#\\\/schema\\\/logo\\\/image\\\/\",\"url\":\"https:\\\/\\\/heliantus.pl\\\/szkola\\\/wp-content\\\/uploads\\\/2017\\\/06\\\/SzkolaHeliantus-logo.png\",\"contentUrl\":\"https:\\\/\\\/heliantus.pl\\\/szkola\\\/wp-content\\\/uploads\\\/2017\\\/06\\\/SzkolaHeliantus-logo.png\",\"width\":736,\"height\":383,\"caption\":\"Szko\u0142a Podstawowa Heliantus\"},\"image\":{\"@id\":\"https:\\\/\\\/heliantus.pl\\\/szkola\\\/#\\\/schema\\\/logo\\\/image\\\/\"},\"sameAs\":[\"https:\\\/\\\/facebook.com\\\/SPHeliantus\",\"https:\\\/\\\/www.youtube.com\\\/channel\\\/UCjcaE5GVlsROqRDHQFVe6AA\"]},{\"@type\":\"Person\",\"@id\":\"https:\\\/\\\/heliantus.pl\\\/szkola\\\/#\\\/schema\\\/person\\\/81a1410eaff929555dc31a770dfd618d\",\"name\":\"Heliantus\",\"image\":{\"@type\":\"ImageObject\",\"inLanguage\":\"pl-PL\",\"@id\":\"https:\\\/\\\/secure.gravatar.com\\\/avatar\\\/825d0a11f80b9cb86f147ea3e02c48f23be33653c910718db45d4e4453580332?s=96&d=mm&r=g\",\"url\":\"https:\\\/\\\/secure.gravatar.com\\\/avatar\\\/825d0a11f80b9cb86f147ea3e02c48f23be33653c910718db45d4e4453580332?s=96&d=mm&r=g\",\"contentUrl\":\"https:\\\/\\\/secure.gravatar.com\\\/avatar\\\/825d0a11f80b9cb86f147ea3e02c48f23be33653c910718db45d4e4453580332?s=96&d=mm&r=g\",\"caption\":\"Heliantus\"},\"url\":\"https:\\\/\\\/heliantus.pl\\\/szkola\\\/author\\\/heliantus\\\/\"}]}<\/script>\n<!-- \/ Yoast SEO plugin. -->","yoast_head_json":{"title":"J\u0119zyki obce w Heliantusie | Szko\u0142a Heliantus | Niepubliczna szko\u0142a Ursyn\u00f3w, J\u00f3zefos\u0142aw | Matematyka, programowanie, j\u0119zyki","description":"J\u0119zyki obce w Heliantusie to: sze\u015b\u0107 godzin j. angielskiego w ka\u017cdej klasie, dodatkowe zaj\u0119cia pozalekcyjne w j\u0119zyku angielskim, drugi j\u0119zyk obcy ju\u017c w drugiej klasie w wymiarze 2 godzin w tygodniu.","robots":{"index":"index","follow":"follow","max-snippet":"max-snippet:-1","max-image-preview":"max-image-preview:large","max-video-preview":"max-video-preview:-1"},"canonical":"https:\/\/heliantus.pl\/szkola\/jezyki-obce-heliantusie\/","og_locale":"pl_PL","og_type":"article","og_title":"J\u0119zyki obce w Heliantusie | Szko\u0142a Heliantus | Niepubliczna szko\u0142a Ursyn\u00f3w, J\u00f3zefos\u0142aw | Matematyka, programowanie, j\u0119zyki","og_description":"J\u0119zyki obce w Heliantusie to: sze\u015b\u0107 godzin j. angielskiego w ka\u017cdej klasie, dodatkowe zaj\u0119cia pozalekcyjne w j\u0119zyku angielskim, drugi j\u0119zyk obcy ju\u017c w drugiej klasie w wymiarze 2 godzin w tygodniu.","og_url":"https:\/\/heliantus.pl\/szkola\/jezyki-obce-heliantusie\/","og_site_name":"Szko\u0142a Podstawowa Heliantus","article_publisher":"https:\/\/facebook.com\/SPHeliantus","article_modified_time":"2023-11-30T22:11:30+00:00","og_image":[{"width":155,"height":80,"url":"https:\/\/heliantus.pl\/szkola\/wp-content\/uploads\/2017\/10\/Logo_sm.png","type":"image\/png"}],"twitter_card":"summary_large_image","twitter_misc":{"Szacowany czas czytania":"2 minuty"},"schema":{"@context":"https:\/\/schema.org","@graph":[{"@type":"Article","@id":"https:\/\/heliantus.pl\/szkola\/jezyki-obce-heliantusie\/#article","isPartOf":{"@id":"https:\/\/heliantus.pl\/szkola\/jezyki-obce-heliantusie\/"},"author":{"name":"Heliantus","@id":"https:\/\/heliantus.pl\/szkola\/#\/schema\/person\/81a1410eaff929555dc31a770dfd618d"},"headline":"J\u0119zyki obce w Heliantusie","datePublished":"2018-02-14T09:10:57+00:00","dateModified":"2023-11-30T22:11:30+00:00","mainEntityOfPage":{"@id":"https:\/\/heliantus.pl\/szkola\/jezyki-obce-heliantusie\/"},"wordCount":229,"publisher":{"@id":"https:\/\/heliantus.pl\/szkola\/#organization"},"inLanguage":"pl-PL"},{"@type":"WebPage","@id":"https:\/\/heliantus.pl\/szkola\/jezyki-obce-heliantusie\/","url":"https:\/\/heliantus.pl\/szkola\/jezyki-obce-heliantusie\/","name":"J\u0119zyki obce w Heliantusie | Szko\u0142a Heliantus | Niepubliczna szko\u0142a Ursyn\u00f3w, J\u00f3zefos\u0142aw | Matematyka, programowanie, j\u0119zyki","isPartOf":{"@id":"https:\/\/heliantus.pl\/szkola\/#website"},"datePublished":"2018-02-14T09:10:57+00:00","dateModified":"2023-11-30T22:11:30+00:00","description":"J\u0119zyki obce w Heliantusie to: sze\u015b\u0107 godzin j. angielskiego w ka\u017cdej klasie, dodatkowe zaj\u0119cia pozalekcyjne w j\u0119zyku angielskim, drugi j\u0119zyk obcy ju\u017c w drugiej klasie w wymiarze 2 godzin w tygodniu.","breadcrumb":{"@id":"https:\/\/heliantus.pl\/szkola\/jezyki-obce-heliantusie\/#breadcrumb"},"inLanguage":"pl-PL","potentialAction":[{"@type":"ReadAction","target":["https:\/\/heliantus.pl\/szkola\/jezyki-obce-heliantusie\/"]}]},{"@type":"BreadcrumbList","@id":"https:\/\/heliantus.pl\/szkola\/jezyki-obce-heliantusie\/#breadcrumb","itemListElement":[{"@type":"ListItem","position":1,"name":"Szko\u0142a Podstawowa","item":"https:\/\/heliantus.pl\/szkola\/"},{"@type":"ListItem","position":2,"name":"J\u0119zyki obce w Heliantusie"}]},{"@type":"WebSite","@id":"https:\/\/heliantus.pl\/szkola\/#website","url":"https:\/\/heliantus.pl\/szkola\/","name":"Szko\u0142a Podstawowa Heliantus | Niepubliczna szko\u0142a Ursyn\u00f3w, J\u00f3zefos\u0142aw | Programowanie, j\u0119zyki, matematyka","description":"MATEMATYKA INFORMATYKA J\u0118ZYKI","publisher":{"@id":"https:\/\/heliantus.pl\/szkola\/#organization"},"alternateName":"SP Heliantus","potentialAction":[{"@type":"SearchAction","target":{"@type":"EntryPoint","urlTemplate":"https:\/\/heliantus.pl\/szkola\/?s={search_term_string}"},"query-input":{"@type":"PropertyValueSpecification","valueRequired":true,"valueName":"search_term_string"}}],"inLanguage":"pl-PL"},{"@type":"Organization","@id":"https:\/\/heliantus.pl\/szkola\/#organization","name":"Szko\u0142a Podstawowa Heliantus","alternateName":"SP Heliantus","url":"https:\/\/heliantus.pl\/szkola\/","logo":{"@type":"ImageObject","inLanguage":"pl-PL","@id":"https:\/\/heliantus.pl\/szkola\/#\/schema\/logo\/image\/","url":"https:\/\/heliantus.pl\/szkola\/wp-content\/uploads\/2017\/06\/SzkolaHeliantus-logo.png","contentUrl":"https:\/\/heliantus.pl\/szkola\/wp-content\/uploads\/2017\/06\/SzkolaHeliantus-logo.png","width":736,"height":383,"caption":"Szko\u0142a Podstawowa Heliantus"},"image":{"@id":"https:\/\/heliantus.pl\/szkola\/#\/schema\/logo\/image\/"},"sameAs":["https:\/\/facebook.com\/SPHeliantus","https:\/\/www.youtube.com\/channel\/UCjcaE5GVlsROqRDHQFVe6AA"]},{"@type":"Person","@id":"https:\/\/heliantus.pl\/szkola\/#\/schema\/person\/81a1410eaff929555dc31a770dfd618d","name":"Heliantus","image":{"@type":"ImageObject","inLanguage":"pl-PL","@id":"https:\/\/secure.gravatar.com\/avatar\/825d0a11f80b9cb86f147ea3e02c48f23be33653c910718db45d4e4453580332?s=96&d=mm&r=g","url":"https:\/\/secure.gravatar.com\/avatar\/825d0a11f80b9cb86f147ea3e02c48f23be33653c910718db45d4e4453580332?s=96&d=mm&r=g","contentUrl":"https:\/\/secure.gravatar.com\/avatar\/825d0a11f80b9cb86f147ea3e02c48f23be33653c910718db45d4e4453580332?s=96&d=mm&r=g","caption":"Heliantus"},"url":"https:\/\/heliantus.pl\/szkola\/author\/heliantus\/"}]}},"amp_enabled":true,"_links":{"self":[{"href":"https:\/\/heliantus.pl\/szkola\/wp-json\/wp\/v2\/pages\/1886","targetHints":{"allow":["GET"]}}],"collection":[{"href":"https:\/\/heliantus.pl\/szkola\/wp-json\/wp\/v2\/pages"}],"about":[{"href":"https:\/\/heliantus.pl\/szkola\/wp-json\/wp\/v2\/types\/page"}],"author":[{"embeddable":true,"href":"https:\/\/heliantus.pl\/szkola\/wp-json\/wp\/v2\/users\/1"}],"replies":[{"embeddable":true,"href":"https:\/\/heliantus.pl\/szkola\/wp-json\/wp\/v2\/comments?post=1886"}],"version-history":[{"count":3,"href":"https:\/\/heliantus.pl\/szkola\/wp-json\/wp\/v2\/pages\/1886\/revisions"}],"predecessor-version":[{"id":6540,"href":"https:\/\/heliantus.pl\/szkola\/wp-json\/wp\/v2\/pages\/1886\/revisions\/6540"}],"wp:attachment":[{"href":"https:\/\/heliantus.pl\/szkola\/wp-json\/wp\/v2\/media?parent=1886"}],"curies":[{"name":"wp","href":"https:\/\/api.w.org\/{rel}","templated":true}]}}