{"id":1340,"date":"2017-11-21T09:59:39","date_gmt":"2017-11-21T08:59:39","guid":{"rendered":"http:\/\/heliantus.pl\/szkola\/?page_id=1340"},"modified":"2019-11-25T23:28:37","modified_gmt":"2019-11-25T22:28:37","slug":"informatyka","status":"publish","type":"page","link":"https:\/\/heliantus.pl\/szkola\/informatyka\/","title":{"rendered":"Informatyka w Heliantusie"},"content":{"rendered":"\t\t<div data-elementor-type=\"wp-post\" data-elementor-id=\"1340\" class=\"elementor elementor-1340\">\n\t\t\t\t\t\t<section class=\"has_eae_slider elementor-section elementor-top-section elementor-element elementor-element-113fb3a3 elementor-section-boxed elementor-section-height-default elementor-section-height-default\" data-eae-slider=\"13287\" data-id=\"113fb3a3\" data-element_type=\"section\" data-e-type=\"section\">\n\t\t\t\t\t\t<div class=\"elementor-container elementor-column-gap-default\">\n\t\t\t\t\t<div class=\"has_eae_slider elementor-column elementor-col-100 elementor-top-column elementor-element elementor-element-6c0fb8ba\" data-eae-slider=\"15893\" data-id=\"6c0fb8ba\" data-element_type=\"column\" data-e-type=\"column\">\n\t\t\t<div class=\"elementor-widget-wrap elementor-element-populated\">\n\t\t\t\t\t\t<div class=\"elementor-element elementor-element-4f2a4bfb elementor-widget elementor-widget-text-editor\" data-id=\"4f2a4bfb\" data-element_type=\"widget\" data-e-type=\"widget\" data-widget_type=\"text-editor.default\">\n\t\t\t\t\t\t\t\t\t<p>Informatyka w dzisiejszych czasach to jedna z kompetencji kluczowych XXI wieku. K\u0142adziemy na ni\u0105 bardzo du\u017cy nacisk.<\/p><h2>Program<\/h2><h4><span style=\"color: #3366ff;\">KLASY M\u0141ODSZE<\/span><\/h4><p>Program nauczania informatyki w Heliantusie zosta\u0142 rozszerzony w stosunku do podstawy programowej. Ju\u017c od I klasy w ramach przedmiotu Logicus, nasi uczniowie przez dwie godziny w tygodniu ucz\u0105 si\u0119 niezwykle istotnej umiej\u0119tno\u015bci logicznego my\u015blenia. Rozwi\u0105zuj\u0105 zadania logiczne, niekiedy graj\u0105 w gry, kt\u00f3re wymagaj\u0105 wysi\u0142ku umys\u0142owego. Zaczynaj\u0105 tak\u017ce swoj\u0105 przygod\u0119 z programowaniem. Baltie, Scratch, code.org s\u0105 im dobrze znane. Poza tym maj\u0105 jeszcze informatyk\u0119, gdzie realizowane s\u0105 tre\u015bci podstawy. Daje to w sumie trzy godziny w tygodniu na zadania zwi\u0105zane z IT, programowaniem i logicznym my\u015bleniem, kt\u00f3re jest kwintesencj\u0105 ca\u0142ego procesu dydaktycznego.<\/p><h4><span style=\"color: #0000ff;\">KLASY STARSZE<\/span><\/h4><p>W klasach starszych poza realizacj\u0105 podstawy programowej uczniowie rozwijaj\u0105 umiej\u0119tno\u015b\u0107 programowania. W ka\u017cdej klasie s\u0105 dwie godziny informatyki. To o godzin\u0119 wi\u0119cej ni\u017c w szkole publicznej. Dzieci rozszerzaj\u0105 swoje umiej\u0119tno\u015bci przygotowuj\u0105c si\u0119 do konkurs\u00f3w programowania i tworz\u0105c ciekawe i tw\u00f3rcze rozwi\u0105zania zada\u0144 wymagaj\u0105cych znajomo\u015bci podstaw algorytmiki i konstruowania program\u00f3w. Uczniowie klas V-VI poznaj\u0105 formalne j\u0119zyki programowania &#8211; processing, Pythona, C++.<\/p><p>Dodatkowo uczniowie mog\u0105 rozwija\u0107 pasj\u0119 informatyczn\u0105 podczas zaj\u0119\u0107 dodatkowych m.in. bloku MCI, gdzie ucz\u0105 si\u0119 formalnego j\u0119zyka programowania. W tym roku szkolnym realizujemy program AI for Schools &#8211; nauke o sztucznej inteligencji z elementami programowania.<\/p><p>Nasza szko\u0142a uczestniczy\u0142a w ustanowieniu rekordu Guinessa w najwi\u0119kszej lekcji\u00a0 w programowaniu na \u015bwiecie &#8211; w tym samym czasie programowa\u0142o kilka tysi\u0119cy uczni\u00f3w z kilkuset szk\u00f3\u0142 w ca\u0142ej Polsce.<\/p><p>Brali\u015bmy udzia\u0142 w warsztatach mechatronicznych i robotycznych, konkursach informatycznych i innych eventach dotycz\u0105cych informatyki.<\/p><p>Nauczycielem informatyki w Heliantusie jest autor wielu podr\u0119cznik\u00f3w do Zaj\u0119\u0107 komputerowych i Informatyki w klasach I-III i IV-VI, dyrektor szko\u0142y p. Micha\u0142 K\u0119ska<\/p>\t\t\t\t\t\t\t\t<\/div>\n\t\t\t\t\t<\/div>\n\t\t<\/div>\n\t\t\t\t\t<\/div>\n\t\t<\/section>\n\t\t\t\t<section class=\"has_eae_slider elementor-section elementor-top-section elementor-element elementor-element-3f04179 elementor-section-boxed elementor-section-height-default elementor-section-height-default\" data-eae-slider=\"3088\" data-id=\"3f04179\" data-element_type=\"section\" data-e-type=\"section\">\n\t\t\t\t\t\t<div class=\"elementor-container elementor-column-gap-default\">\n\t\t\t\t\t<div class=\"has_eae_slider elementor-column elementor-col-100 elementor-top-column elementor-element elementor-element-8a04b00\" data-eae-slider=\"11548\" data-id=\"8a04b00\" data-element_type=\"column\" data-e-type=\"column\">\n\t\t\t<div class=\"elementor-widget-wrap elementor-element-populated\">\n\t\t\t\t\t\t<div class=\"elementor-element elementor-element-f317dac elementor-arrows-position-inside elementor-pagination-position-outside elementor-widget elementor-widget-image-carousel\" data-id=\"f317dac\" data-element_type=\"widget\" data-e-type=\"widget\" data-settings=\"{&quot;navigation&quot;:&quot;both&quot;,&quot;autoplay&quot;:&quot;yes&quot;,&quot;pause_on_hover&quot;:&quot;yes&quot;,&quot;pause_on_interaction&quot;:&quot;yes&quot;,&quot;autoplay_speed&quot;:5000,&quot;infinite&quot;:&quot;yes&quot;,&quot;speed&quot;:500}\" data-widget_type=\"image-carousel.default\">\n\t\t\t\t\t\t\t<div class=\"elementor-image-carousel-wrapper swiper\" role=\"region\" aria-roledescription=\"carousel\" aria-label=\"Karuzela obrazk\u00f3w\" dir=\"ltr\">\n\t\t\t<div class=\"elementor-image-carousel swiper-wrapper\" aria-live=\"off\">\n\t\t\t\t\t\t\t\t<div class=\"swiper-slide\" role=\"group\" aria-roledescription=\"slide\" aria-label=\"1 z 15\"><figure class=\"swiper-slide-inner\"><img decoding=\"async\" class=\"swiper-slide-image\" src=\"https:\/\/heliantus.pl\/szkola\/wp-content\/uploads\/2017\/12\/25152243_1615974008425716_1569643460590062492_n-300x168.jpg\" alt=\"25152243_1615974008425716_1569643460590062492_n\" \/><\/figure><\/div><div class=\"swiper-slide\" role=\"group\" aria-roledescription=\"slide\" aria-label=\"2 z 15\"><figure class=\"swiper-slide-inner\"><img decoding=\"async\" class=\"swiper-slide-image\" src=\"https:\/\/heliantus.pl\/szkola\/wp-content\/uploads\/2017\/12\/24993290_1615974048425712_7151017439853429570_n-300x168.jpg\" alt=\"24993290_1615974048425712_7151017439853429570_n\" \/><\/figure><\/div><div class=\"swiper-slide\" role=\"group\" aria-roledescription=\"slide\" aria-label=\"3 z 15\"><figure class=\"swiper-slide-inner\"><img decoding=\"async\" class=\"swiper-slide-image\" src=\"https:\/\/heliantus.pl\/szkola\/wp-content\/uploads\/2017\/12\/IMG_0097-1-300x200.jpg\" alt=\"IMG_0097\" \/><\/figure><\/div><div class=\"swiper-slide\" role=\"group\" aria-roledescription=\"slide\" aria-label=\"4 z 15\"><figure class=\"swiper-slide-inner\"><img decoding=\"async\" class=\"swiper-slide-image\" src=\"https:\/\/heliantus.pl\/szkola\/wp-content\/uploads\/2017\/12\/IMG_0083-1-300x200.jpg\" alt=\"IMG_0083\" \/><\/figure><\/div><div class=\"swiper-slide\" role=\"group\" aria-roledescription=\"slide\" aria-label=\"5 z 15\"><figure class=\"swiper-slide-inner\"><img decoding=\"async\" class=\"swiper-slide-image\" src=\"https:\/\/heliantus.pl\/szkola\/wp-content\/uploads\/2017\/12\/IMG_0082-1-300x200.jpg\" alt=\"IMG_0082\" \/><\/figure><\/div><div class=\"swiper-slide\" role=\"group\" aria-roledescription=\"slide\" aria-label=\"6 z 15\"><figure class=\"swiper-slide-inner\"><img decoding=\"async\" class=\"swiper-slide-image\" src=\"https:\/\/heliantus.pl\/szkola\/wp-content\/uploads\/2017\/12\/IMG_0078-1-300x200.jpg\" alt=\"IMG_0078\" \/><\/figure><\/div><div class=\"swiper-slide\" role=\"group\" aria-roledescription=\"slide\" aria-label=\"7 z 15\"><figure class=\"swiper-slide-inner\"><img decoding=\"async\" class=\"swiper-slide-image\" src=\"https:\/\/heliantus.pl\/szkola\/wp-content\/uploads\/2017\/12\/IMG_0076-1-300x200.jpg\" alt=\"IMG_0076\" \/><\/figure><\/div><div class=\"swiper-slide\" role=\"group\" aria-roledescription=\"slide\" aria-label=\"8 z 15\"><figure class=\"swiper-slide-inner\"><img decoding=\"async\" class=\"swiper-slide-image\" src=\"https:\/\/heliantus.pl\/szkola\/wp-content\/uploads\/2017\/10\/IMG_20171018_134524-300x168.jpg\" alt=\"Scratch\" \/><\/figure><\/div><div class=\"swiper-slide\" role=\"group\" aria-roledescription=\"slide\" aria-label=\"9 z 15\"><figure class=\"swiper-slide-inner\"><img decoding=\"async\" class=\"swiper-slide-image\" src=\"https:\/\/heliantus.pl\/szkola\/wp-content\/uploads\/2017\/10\/IMG_20170927_133645-300x168.jpg\" alt=\"Baltie\" \/><\/figure><\/div><div class=\"swiper-slide\" role=\"group\" aria-roledescription=\"slide\" aria-label=\"10 z 15\"><figure class=\"swiper-slide-inner\"><img decoding=\"async\" class=\"swiper-slide-image\" src=\"https:\/\/heliantus.pl\/szkola\/wp-content\/uploads\/2017\/10\/IMG_20170926_134734-168x300.jpg\" alt=\"Baltie\" \/><\/figure><\/div><div class=\"swiper-slide\" role=\"group\" aria-roledescription=\"slide\" aria-label=\"11 z 15\"><figure class=\"swiper-slide-inner\"><img decoding=\"async\" class=\"swiper-slide-image\" src=\"https:\/\/heliantus.pl\/szkola\/wp-content\/uploads\/2019\/11\/IMG_20180327_130628-300x168.jpg\" alt=\"IMG_20180327_130628\" \/><\/figure><\/div><div class=\"swiper-slide\" role=\"group\" aria-roledescription=\"slide\" aria-label=\"12 z 15\"><figure class=\"swiper-slide-inner\"><img decoding=\"async\" class=\"swiper-slide-image\" src=\"https:\/\/heliantus.pl\/szkola\/wp-content\/uploads\/2019\/11\/IMG_20180519_103751-300x168.jpg\" alt=\"IMG_20180519_103751\" \/><\/figure><\/div><div class=\"swiper-slide\" role=\"group\" aria-roledescription=\"slide\" aria-label=\"13 z 15\"><figure class=\"swiper-slide-inner\"><img decoding=\"async\" class=\"swiper-slide-image\" src=\"https:\/\/heliantus.pl\/szkola\/wp-content\/uploads\/2019\/11\/IMG_20190102_173623-300x233.jpg\" alt=\"IMG_20190102_173623\" \/><\/figure><\/div><div class=\"swiper-slide\" role=\"group\" aria-roledescription=\"slide\" aria-label=\"14 z 15\"><figure class=\"swiper-slide-inner\"><img decoding=\"async\" class=\"swiper-slide-image\" src=\"https:\/\/heliantus.pl\/szkola\/wp-content\/uploads\/2019\/11\/IMG_20190308_084541-300x225.jpg\" alt=\"IMG_20190308_084541\" \/><\/figure><\/div><div class=\"swiper-slide\" role=\"group\" aria-roledescription=\"slide\" aria-label=\"15 z 15\"><figure class=\"swiper-slide-inner\"><img decoding=\"async\" class=\"swiper-slide-image\" src=\"https:\/\/heliantus.pl\/szkola\/wp-content\/uploads\/2019\/11\/IMG_20190925_163322-1-300x225.jpg\" alt=\"IMG_20190925_163322 (1)\" \/><\/figure><\/div>\t\t\t<\/div>\n\t\t\t\t\t\t\t\t\t\t\t\t<div class=\"elementor-swiper-button elementor-swiper-button-prev\" role=\"button\" tabindex=\"0\">\n\t\t\t\t\t\t<svg aria-hidden=\"true\" class=\"e-font-icon-svg e-eicon-chevron-left\" viewBox=\"0 0 1000 1000\" xmlns=\"http:\/\/www.w3.org\/2000\/svg\"><path d=\"M646 125C629 125 613 133 604 142L308 442C296 454 292 471 292 487 292 504 296 521 308 533L604 854C617 867 629 875 646 875 663 875 679 871 692 858 704 846 713 829 713 812 713 796 708 779 692 767L438 487 692 225C700 217 708 204 708 187 708 171 704 154 692 142 675 129 663 125 646 125Z\"><\/path><\/svg>\t\t\t\t\t<\/div>\n\t\t\t\t\t<div class=\"elementor-swiper-button elementor-swiper-button-next\" role=\"button\" tabindex=\"0\">\n\t\t\t\t\t\t<svg aria-hidden=\"true\" class=\"e-font-icon-svg e-eicon-chevron-right\" viewBox=\"0 0 1000 1000\" xmlns=\"http:\/\/www.w3.org\/2000\/svg\"><path d=\"M696 533C708 521 713 504 713 487 713 471 708 454 696 446L400 146C388 133 375 125 354 125 338 125 325 129 313 142 300 154 292 171 292 187 292 204 296 221 308 233L563 492 304 771C292 783 288 800 288 817 288 833 296 850 308 863 321 871 338 875 354 875 371 875 388 867 400 854L696 533Z\"><\/path><\/svg>\t\t\t\t\t<\/div>\n\t\t\t\t\n\t\t\t\t\t\t\t\t\t<div class=\"swiper-pagination\"><\/div>\n\t\t\t\t\t\t\t\t\t<\/div>\n\t\t\t\t\t\t<\/div>\n\t\t\t\t\t<\/div>\n\t\t<\/div>\n\t\t\t\t\t<\/div>\n\t\t<\/section>\n\t\t\t\t<\/div>\n\t\t","protected":false},"excerpt":{"rendered":"<p>Informatyka w dzisiejszych czasach to jedna z kompetencji kluczowych XXI wieku. K\u0142adziemy na ni\u0105 bardzo du\u017cy nacisk. Program KLASY M\u0141ODSZE Program nauczania informatyki w Heliantusie zosta\u0142 rozszerzony w stosunku do podstawy programowej. Ju\u017c od I klasy w ramach przedmiotu Logicus, <a href=\"https:\/\/heliantus.pl\/szkola\/informatyka\/\" class=\"read-more\">Czytaj dalej &#8230;<\/a><\/p>\n","protected":false},"author":1,"featured_media":2562,"parent":0,"menu_order":0,"comment_status":"closed","ping_status":"closed","template":"","meta":{"_eb_attr":"","footnotes":""},"class_list":["post-1340","page","type-page","status-publish","has-post-thumbnail","hentry"],"yoast_head":"<!-- This site is optimized with the Yoast SEO plugin v27.4 - https:\/\/yoast.com\/product\/yoast-seo-wordpress\/ -->\n<title>Informatyka | Szko\u0142a Heliantus | J\u00f3zefos\u0142aw, Piaseczno, Warszawa<\/title>\n<meta name=\"description\" content=\"Informatyka w Heliantusie jest wraz z matematyk\u0105 i j\u0119zykami obcymi kluczow\u0105 kompetencj\u0105, kt\u00f3r\u0105 kszta\u0142cimy. Rozszerzyli\u015bmy liczb\u0119 godzin informatyki w tygodniu ju\u017c od I klasy.\" \/>\n<meta name=\"robots\" content=\"index, follow, max-snippet:-1, max-image-preview:large, max-video-preview:-1\" \/>\n<link rel=\"canonical\" href=\"https:\/\/heliantus.pl\/szkola\/informatyka\/\" \/>\n<meta property=\"og:locale\" content=\"pl_PL\" \/>\n<meta property=\"og:type\" content=\"article\" \/>\n<meta property=\"og:title\" content=\"Informatyka | Szko\u0142a Heliantus | J\u00f3zefos\u0142aw, Piaseczno, Warszawa\" \/>\n<meta property=\"og:description\" content=\"Informatyka w Heliantusie jest wraz z matematyk\u0105 i j\u0119zykami obcymi kluczow\u0105 kompetencj\u0105, kt\u00f3r\u0105 kszta\u0142cimy. Rozszerzyli\u015bmy liczb\u0119 godzin informatyki w tygodniu ju\u017c od I klasy.\" \/>\n<meta property=\"og:url\" content=\"https:\/\/heliantus.pl\/szkola\/informatyka\/\" \/>\n<meta property=\"og:site_name\" content=\"Szko\u0142a Podstawowa Heliantus\" \/>\n<meta property=\"article:publisher\" content=\"https:\/\/facebook.com\/SPHeliantus\" \/>\n<meta property=\"article:modified_time\" content=\"2019-11-25T22:28:37+00:00\" \/>\n<meta property=\"og:image\" content=\"https:\/\/heliantus.pl\/szkola\/wp-content\/uploads\/2018\/10\/DSC0142-1024x391.jpg\" \/>\n\t<meta property=\"og:image:width\" content=\"1024\" \/>\n\t<meta property=\"og:image:height\" content=\"391\" \/>\n\t<meta property=\"og:image:type\" content=\"image\/jpeg\" \/>\n<meta name=\"twitter:card\" content=\"summary_large_image\" \/>\n<meta name=\"twitter:label1\" content=\"Szacowany czas czytania\" \/>\n\t<meta name=\"twitter:data1\" content=\"2 minuty\" \/>\n<script type=\"application\/ld+json\" class=\"yoast-schema-graph\">{\"@context\":\"https:\\\/\\\/schema.org\",\"@graph\":[{\"@type\":\"WebPage\",\"@id\":\"https:\\\/\\\/heliantus.pl\\\/szkola\\\/informatyka\\\/\",\"url\":\"https:\\\/\\\/heliantus.pl\\\/szkola\\\/informatyka\\\/\",\"name\":\"Informatyka | Szko\u0142a Heliantus | J\u00f3zefos\u0142aw, Piaseczno, Warszawa\",\"isPartOf\":{\"@id\":\"https:\\\/\\\/heliantus.pl\\\/szkola\\\/#website\"},\"primaryImageOfPage\":{\"@id\":\"https:\\\/\\\/heliantus.pl\\\/szkola\\\/informatyka\\\/#primaryimage\"},\"image\":{\"@id\":\"https:\\\/\\\/heliantus.pl\\\/szkola\\\/informatyka\\\/#primaryimage\"},\"thumbnailUrl\":\"https:\\\/\\\/heliantus.pl\\\/szkola\\\/wp-content\\\/uploads\\\/2018\\\/10\\\/DSC0142.jpg\",\"datePublished\":\"2017-11-21T08:59:39+00:00\",\"dateModified\":\"2019-11-25T22:28:37+00:00\",\"description\":\"Informatyka w Heliantusie jest wraz z matematyk\u0105 i j\u0119zykami obcymi kluczow\u0105 kompetencj\u0105, kt\u00f3r\u0105 kszta\u0142cimy. Rozszerzyli\u015bmy liczb\u0119 godzin informatyki w tygodniu ju\u017c od I klasy.\",\"breadcrumb\":{\"@id\":\"https:\\\/\\\/heliantus.pl\\\/szkola\\\/informatyka\\\/#breadcrumb\"},\"inLanguage\":\"pl-PL\",\"potentialAction\":[{\"@type\":\"ReadAction\",\"target\":[\"https:\\\/\\\/heliantus.pl\\\/szkola\\\/informatyka\\\/\"]}]},{\"@type\":\"ImageObject\",\"inLanguage\":\"pl-PL\",\"@id\":\"https:\\\/\\\/heliantus.pl\\\/szkola\\\/informatyka\\\/#primaryimage\",\"url\":\"https:\\\/\\\/heliantus.pl\\\/szkola\\\/wp-content\\\/uploads\\\/2018\\\/10\\\/DSC0142.jpg\",\"contentUrl\":\"https:\\\/\\\/heliantus.pl\\\/szkola\\\/wp-content\\\/uploads\\\/2018\\\/10\\\/DSC0142.jpg\",\"width\":5723,\"height\":2186,\"caption\":\"SONY DSC\"},{\"@type\":\"BreadcrumbList\",\"@id\":\"https:\\\/\\\/heliantus.pl\\\/szkola\\\/informatyka\\\/#breadcrumb\",\"itemListElement\":[{\"@type\":\"ListItem\",\"position\":1,\"name\":\"Szko\u0142a Podstawowa\",\"item\":\"https:\\\/\\\/heliantus.pl\\\/szkola\\\/\"},{\"@type\":\"ListItem\",\"position\":2,\"name\":\"Informatyka w Heliantusie\"}]},{\"@type\":\"WebSite\",\"@id\":\"https:\\\/\\\/heliantus.pl\\\/szkola\\\/#website\",\"url\":\"https:\\\/\\\/heliantus.pl\\\/szkola\\\/\",\"name\":\"Szko\u0142a Podstawowa Heliantus | Niepubliczna szko\u0142a Ursyn\u00f3w, J\u00f3zefos\u0142aw | Programowanie, j\u0119zyki, matematyka\",\"description\":\"MATEMATYKA INFORMATYKA J\u0118ZYKI\",\"publisher\":{\"@id\":\"https:\\\/\\\/heliantus.pl\\\/szkola\\\/#organization\"},\"alternateName\":\"SP Heliantus\",\"potentialAction\":[{\"@type\":\"SearchAction\",\"target\":{\"@type\":\"EntryPoint\",\"urlTemplate\":\"https:\\\/\\\/heliantus.pl\\\/szkola\\\/?s={search_term_string}\"},\"query-input\":{\"@type\":\"PropertyValueSpecification\",\"valueRequired\":true,\"valueName\":\"search_term_string\"}}],\"inLanguage\":\"pl-PL\"},{\"@type\":\"Organization\",\"@id\":\"https:\\\/\\\/heliantus.pl\\\/szkola\\\/#organization\",\"name\":\"Szko\u0142a Podstawowa Heliantus\",\"alternateName\":\"SP Heliantus\",\"url\":\"https:\\\/\\\/heliantus.pl\\\/szkola\\\/\",\"logo\":{\"@type\":\"ImageObject\",\"inLanguage\":\"pl-PL\",\"@id\":\"https:\\\/\\\/heliantus.pl\\\/szkola\\\/#\\\/schema\\\/logo\\\/image\\\/\",\"url\":\"https:\\\/\\\/heliantus.pl\\\/szkola\\\/wp-content\\\/uploads\\\/2017\\\/06\\\/SzkolaHeliantus-logo.png\",\"contentUrl\":\"https:\\\/\\\/heliantus.pl\\\/szkola\\\/wp-content\\\/uploads\\\/2017\\\/06\\\/SzkolaHeliantus-logo.png\",\"width\":736,\"height\":383,\"caption\":\"Szko\u0142a Podstawowa Heliantus\"},\"image\":{\"@id\":\"https:\\\/\\\/heliantus.pl\\\/szkola\\\/#\\\/schema\\\/logo\\\/image\\\/\"},\"sameAs\":[\"https:\\\/\\\/facebook.com\\\/SPHeliantus\",\"https:\\\/\\\/www.youtube.com\\\/channel\\\/UCjcaE5GVlsROqRDHQFVe6AA\"]}]}<\/script>\n<!-- \/ Yoast SEO plugin. -->","yoast_head_json":{"title":"Informatyka | Szko\u0142a Heliantus | J\u00f3zefos\u0142aw, Piaseczno, Warszawa","description":"Informatyka w Heliantusie jest wraz z matematyk\u0105 i j\u0119zykami obcymi kluczow\u0105 kompetencj\u0105, kt\u00f3r\u0105 kszta\u0142cimy. Rozszerzyli\u015bmy liczb\u0119 godzin informatyki w tygodniu ju\u017c od I klasy.","robots":{"index":"index","follow":"follow","max-snippet":"max-snippet:-1","max-image-preview":"max-image-preview:large","max-video-preview":"max-video-preview:-1"},"canonical":"https:\/\/heliantus.pl\/szkola\/informatyka\/","og_locale":"pl_PL","og_type":"article","og_title":"Informatyka | Szko\u0142a Heliantus | J\u00f3zefos\u0142aw, Piaseczno, Warszawa","og_description":"Informatyka w Heliantusie jest wraz z matematyk\u0105 i j\u0119zykami obcymi kluczow\u0105 kompetencj\u0105, kt\u00f3r\u0105 kszta\u0142cimy. Rozszerzyli\u015bmy liczb\u0119 godzin informatyki w tygodniu ju\u017c od I klasy.","og_url":"https:\/\/heliantus.pl\/szkola\/informatyka\/","og_site_name":"Szko\u0142a Podstawowa Heliantus","article_publisher":"https:\/\/facebook.com\/SPHeliantus","article_modified_time":"2019-11-25T22:28:37+00:00","og_image":[{"width":1024,"height":391,"url":"https:\/\/heliantus.pl\/szkola\/wp-content\/uploads\/2018\/10\/DSC0142-1024x391.jpg","type":"image\/jpeg"}],"twitter_card":"summary_large_image","twitter_misc":{"Szacowany czas czytania":"2 minuty"},"schema":{"@context":"https:\/\/schema.org","@graph":[{"@type":"WebPage","@id":"https:\/\/heliantus.pl\/szkola\/informatyka\/","url":"https:\/\/heliantus.pl\/szkola\/informatyka\/","name":"Informatyka | Szko\u0142a Heliantus | J\u00f3zefos\u0142aw, Piaseczno, Warszawa","isPartOf":{"@id":"https:\/\/heliantus.pl\/szkola\/#website"},"primaryImageOfPage":{"@id":"https:\/\/heliantus.pl\/szkola\/informatyka\/#primaryimage"},"image":{"@id":"https:\/\/heliantus.pl\/szkola\/informatyka\/#primaryimage"},"thumbnailUrl":"https:\/\/heliantus.pl\/szkola\/wp-content\/uploads\/2018\/10\/DSC0142.jpg","datePublished":"2017-11-21T08:59:39+00:00","dateModified":"2019-11-25T22:28:37+00:00","description":"Informatyka w Heliantusie jest wraz z matematyk\u0105 i j\u0119zykami obcymi kluczow\u0105 kompetencj\u0105, kt\u00f3r\u0105 kszta\u0142cimy. Rozszerzyli\u015bmy liczb\u0119 godzin informatyki w tygodniu ju\u017c od I klasy.","breadcrumb":{"@id":"https:\/\/heliantus.pl\/szkola\/informatyka\/#breadcrumb"},"inLanguage":"pl-PL","potentialAction":[{"@type":"ReadAction","target":["https:\/\/heliantus.pl\/szkola\/informatyka\/"]}]},{"@type":"ImageObject","inLanguage":"pl-PL","@id":"https:\/\/heliantus.pl\/szkola\/informatyka\/#primaryimage","url":"https:\/\/heliantus.pl\/szkola\/wp-content\/uploads\/2018\/10\/DSC0142.jpg","contentUrl":"https:\/\/heliantus.pl\/szkola\/wp-content\/uploads\/2018\/10\/DSC0142.jpg","width":5723,"height":2186,"caption":"SONY DSC"},{"@type":"BreadcrumbList","@id":"https:\/\/heliantus.pl\/szkola\/informatyka\/#breadcrumb","itemListElement":[{"@type":"ListItem","position":1,"name":"Szko\u0142a Podstawowa","item":"https:\/\/heliantus.pl\/szkola\/"},{"@type":"ListItem","position":2,"name":"Informatyka w Heliantusie"}]},{"@type":"WebSite","@id":"https:\/\/heliantus.pl\/szkola\/#website","url":"https:\/\/heliantus.pl\/szkola\/","name":"Szko\u0142a Podstawowa Heliantus | Niepubliczna szko\u0142a Ursyn\u00f3w, J\u00f3zefos\u0142aw | Programowanie, j\u0119zyki, matematyka","description":"MATEMATYKA INFORMATYKA J\u0118ZYKI","publisher":{"@id":"https:\/\/heliantus.pl\/szkola\/#organization"},"alternateName":"SP Heliantus","potentialAction":[{"@type":"SearchAction","target":{"@type":"EntryPoint","urlTemplate":"https:\/\/heliantus.pl\/szkola\/?s={search_term_string}"},"query-input":{"@type":"PropertyValueSpecification","valueRequired":true,"valueName":"search_term_string"}}],"inLanguage":"pl-PL"},{"@type":"Organization","@id":"https:\/\/heliantus.pl\/szkola\/#organization","name":"Szko\u0142a Podstawowa Heliantus","alternateName":"SP Heliantus","url":"https:\/\/heliantus.pl\/szkola\/","logo":{"@type":"ImageObject","inLanguage":"pl-PL","@id":"https:\/\/heliantus.pl\/szkola\/#\/schema\/logo\/image\/","url":"https:\/\/heliantus.pl\/szkola\/wp-content\/uploads\/2017\/06\/SzkolaHeliantus-logo.png","contentUrl":"https:\/\/heliantus.pl\/szkola\/wp-content\/uploads\/2017\/06\/SzkolaHeliantus-logo.png","width":736,"height":383,"caption":"Szko\u0142a Podstawowa Heliantus"},"image":{"@id":"https:\/\/heliantus.pl\/szkola\/#\/schema\/logo\/image\/"},"sameAs":["https:\/\/facebook.com\/SPHeliantus","https:\/\/www.youtube.com\/channel\/UCjcaE5GVlsROqRDHQFVe6AA"]}]}},"amp_enabled":true,"_links":{"self":[{"href":"https:\/\/heliantus.pl\/szkola\/wp-json\/wp\/v2\/pages\/1340","targetHints":{"allow":["GET"]}}],"collection":[{"href":"https:\/\/heliantus.pl\/szkola\/wp-json\/wp\/v2\/pages"}],"about":[{"href":"https:\/\/heliantus.pl\/szkola\/wp-json\/wp\/v2\/types\/page"}],"author":[{"embeddable":true,"href":"https:\/\/heliantus.pl\/szkola\/wp-json\/wp\/v2\/users\/1"}],"replies":[{"embeddable":true,"href":"https:\/\/heliantus.pl\/szkola\/wp-json\/wp\/v2\/comments?post=1340"}],"version-history":[{"count":0,"href":"https:\/\/heliantus.pl\/szkola\/wp-json\/wp\/v2\/pages\/1340\/revisions"}],"wp:featuredmedia":[{"embeddable":true,"href":"https:\/\/heliantus.pl\/szkola\/wp-json\/wp\/v2\/media\/2562"}],"wp:attachment":[{"href":"https:\/\/heliantus.pl\/szkola\/wp-json\/wp\/v2\/media?parent=1340"}],"curies":[{"name":"wp","href":"https:\/\/api.w.org\/{rel}","templated":true}]}}