{"id":108,"date":"2016-12-24T10:13:59","date_gmt":"2016-12-24T10:13:59","guid":{"rendered":"http:\/\/julianbuduje.pl\/szkola\/?page_id=108"},"modified":"2019-08-23T22:27:33","modified_gmt":"2019-08-23T21:27:33","slug":"program","status":"publish","type":"page","link":"https:\/\/heliantus.pl\/szkola\/program\/","title":{"rendered":"Program"},"content":{"rendered":"\t\t<div data-elementor-type=\"wp-post\" data-elementor-id=\"108\" class=\"elementor elementor-108\">\n\t\t\t\t\t\t<section class=\"has_eae_slider elementor-section elementor-top-section elementor-element elementor-element-8bb6b6a elementor-section-boxed elementor-section-height-default elementor-section-height-default\" data-eae-slider=\"34091\" data-id=\"8bb6b6a\" data-element_type=\"section\" data-e-type=\"section\">\n\t\t\t\t\t\t<div class=\"elementor-container elementor-column-gap-default\">\n\t\t\t\t\t<div class=\"has_eae_slider elementor-column elementor-col-50 elementor-top-column elementor-element elementor-element-8c6cdf8\" data-eae-slider=\"84944\" data-id=\"8c6cdf8\" data-element_type=\"column\" data-e-type=\"column\">\n\t\t\t<div class=\"elementor-widget-wrap elementor-element-populated\">\n\t\t\t\t\t\t<div class=\"elementor-element elementor-element-ff6734c elementor-widget elementor-widget-image\" data-id=\"ff6734c\" data-element_type=\"widget\" data-e-type=\"widget\" data-widget_type=\"image.default\">\n\t\t\t\t\t\t\t\t\t\t\t\t\t\t\t\t<a href=\"https:\/\/heliantus.pl\/szkola\/wp-content\/uploads\/2018\/10\/IMG_2544-e1540674488673.jpg\" data-elementor-open-lightbox=\"yes\" data-elementor-lightbox-title=\"IMG_2544\" data-e-action-hash=\"#elementor-action%3Aaction%3Dlightbox%26settings%3DeyJpZCI6MjY0OCwidXJsIjoiaHR0cHM6XC9cL2hlbGlhbnR1cy5wbFwvc3prb2xhXC93cC1jb250ZW50XC91cGxvYWRzXC8yMDE4XC8xMFwvSU1HXzI1NDQtZTE1NDA2NzQ0ODg2NzMuanBnIn0%3D\" data-rel=\"lightbox-gallery-tFZ7Ge7l\" data-rl_title=\"\" data-rl_caption=\"\" title=\"\">\n\t\t\t\t\t\t\t<img fetchpriority=\"high\" decoding=\"async\" width=\"1024\" height=\"683\" src=\"https:\/\/heliantus.pl\/szkola\/wp-content\/uploads\/2018\/10\/IMG_2544-1024x683.jpg\" class=\"attachment-large size-large wp-image-2648\" alt=\"\" srcset=\"https:\/\/heliantus.pl\/szkola\/wp-content\/uploads\/2018\/10\/IMG_2544-1024x683.jpg 1024w, https:\/\/heliantus.pl\/szkola\/wp-content\/uploads\/2018\/10\/IMG_2544-300x200.jpg 300w, https:\/\/heliantus.pl\/szkola\/wp-content\/uploads\/2018\/10\/IMG_2544-768x512.jpg 768w, https:\/\/heliantus.pl\/szkola\/wp-content\/uploads\/2018\/10\/IMG_2544-600x400.jpg 600w, https:\/\/heliantus.pl\/szkola\/wp-content\/uploads\/2018\/10\/IMG_2544-360x240.jpg 360w, https:\/\/heliantus.pl\/szkola\/wp-content\/uploads\/2018\/10\/IMG_2544-272x182.jpg 272w, https:\/\/heliantus.pl\/szkola\/wp-content\/uploads\/2018\/10\/IMG_2544-e1540674488673.jpg 1500w\" sizes=\"(max-width: 1024px) 100vw, 1024px\" \/>\t\t\t\t\t\t\t\t<\/a>\n\t\t\t\t\t\t\t\t\t\t\t\t\t\t\t<\/div>\n\t\t\t\t\t<\/div>\n\t\t<\/div>\n\t\t\t\t<div class=\"has_eae_slider elementor-column elementor-col-50 elementor-top-column elementor-element elementor-element-55491f3\" data-eae-slider=\"71127\" data-id=\"55491f3\" data-element_type=\"column\" data-e-type=\"column\">\n\t\t\t<div class=\"elementor-widget-wrap elementor-element-populated\">\n\t\t\t\t\t\t<div class=\"elementor-element elementor-element-094e293 elementor-widget elementor-widget-text-editor\" data-id=\"094e293\" data-element_type=\"widget\" data-e-type=\"widget\" data-widget_type=\"text-editor.default\">\n\t\t\t\t\t\t\t\t\t<h2>Nauka w Heliantusie<\/h2><p>Jako zesp\u00f3\u0142 Szko\u0142y Podstawowej Heliantus pragniemy inspirowa\u0107 naszych wychowank\u00f3w do podejmowania samodzielnych wyzwa\u0144, rozwijania pasji, poszukiwania swojej drogi i czerpania rado\u015bci z samego procesu uczenia si\u0119.<br \/> Proces uczenia si\u0119 to przede wszystkim:<\/p><ul><li>umiej\u0119tno\u015bci i wiedza, by przej\u015b\u0107 na kolejne etapy edukacji,<\/li><li>uczestnictwo w r\u00f3\u017cnorodnych przedsi\u0119wzi\u0119ciach, do\u015bwiadczanie wielu ciekawych form aktywno\u015bci, by odnale\u017a\u0107 swoj\u0105 pasj\u0119,<\/li><li>integralny rozw\u00f3j indywidualny oraz praca zespo\u0142owa,<\/li><li>wsp\u00f3lne z nauczycielami poszukiwanie w\u0142asnych mocnych stron i zdobywanie odwagi do prezentowania siebie,<\/li><li>kszta\u0142towaniekompetencji przysz\u0142o\u015bci.<\/li><\/ul>\t\t\t\t\t\t\t\t<\/div>\n\t\t\t\t\t<\/div>\n\t\t<\/div>\n\t\t\t\t\t<\/div>\n\t\t<\/section>\n\t\t\t\t<section class=\"has_eae_slider elementor-section elementor-top-section elementor-element elementor-element-35006fc6 elementor-section-boxed elementor-section-height-default elementor-section-height-default\" data-eae-slider=\"66844\" data-id=\"35006fc6\" data-element_type=\"section\" data-e-type=\"section\">\n\t\t\t\t\t\t<div class=\"elementor-container elementor-column-gap-default\">\n\t\t\t\t\t<div class=\"has_eae_slider elementor-column elementor-col-100 elementor-top-column elementor-element elementor-element-30ead5e5\" data-eae-slider=\"56947\" data-id=\"30ead5e5\" data-element_type=\"column\" data-e-type=\"column\">\n\t\t\t<div class=\"elementor-widget-wrap elementor-element-populated\">\n\t\t\t\t\t\t<div class=\"elementor-element elementor-element-6f1d42d0 elementor-widget elementor-widget-text-editor\" data-id=\"6f1d42d0\" data-element_type=\"widget\" data-e-type=\"widget\" data-widget_type=\"text-editor.default\">\n\t\t\t\t\t\t\t\t\t<h3><strong>Podstawa programowa<\/strong><\/h3><p>Realizowana na podstawie wybranego przez nauczyciela programu i podr\u0119cznik\u00f3w zatwierdzonych przez MEN, rozszerzona o dodatkowe tre\u015bci:<\/p><ul><li>umiej\u0119tno\u015bci i wiedza,<\/li><li>postawy i warto\u015bci,<\/li><li>do\u015bwiadczanie i poszukiwanie,<\/li><li>dla pierwszego etapu edukacyjnego (kl. I \u2013 III) \u2013 20 godzin,<\/li><li>dla drugiego etapu edukacyjnego (kl. IV\u2013 VIII) \u2013 30-35 godziny,<\/li><li>w klasach IV \u2013 VIII rozszerzony j. angielski (\u0142\u0105cznie 6 godzin\/tyg.), matematyka (5 godz.\/tyg.), informatyka (2 godz.\/tyg.)<\/li><li>w klasach IV \u2013 VIII drugi j\u0119zyk \u2013\u00a0 hiszpa\u0144ski (2 godziny w tygodniu).<\/li><\/ul><h3><strong>Program profilowy<\/strong><\/h3><p>Uzupe\u0142nienie podstawy programowej w ramach priorytet\u00f3w Heliantusa.<\/p><p><strong>Program profilowy klasy 1 \u2013 3<\/strong><\/p><p><strong>ROZSZERZONY J. ANG.<br \/><\/strong>Rozszerzenie z 2 h w podstawie programowej do 6 godzin lekcyjnych. W klasach I \u2013 III oparty na piosenkach, prostych rymowankach, budowaniu s\u0142ownictwa, prostych konwersacjach ale tak\u017ce elementach projektu.<\/p><p><strong>AUTOPREZENTACJE<\/strong><br \/>Budowanie umiej\u0119tno\u015bci autoprezentacji i ekspresji tw\u00f3rczej, zaj\u0119cia teatralno \u2013 muzyczne, projektowanie, podstawy marketingu, reklamy.<br \/>Poszukiwanie i rozwijanie swoich mocnych stron.<\/p><p><strong>LOGICUS<\/strong><br \/>Logiczne my\u015blenie, precyzyjne wys\u0142awianie si\u0119, s\u0142uchanie i czytanie ze zrozumieniem \u2013 dla klasy 1.<br \/>Programowanie: Scratch, Baltie itp. \u2013 dla klas 2-3 na poziomie adekwatnym do wiedzy i umiej\u0119tno\u015bci uczni\u00f3w.<\/p><p><strong>DZIECI JAK MY<\/strong><br \/>Tematyka zaj\u0119\u0107 zale\u017cna od tematu rocznego (np. Cztery \u017bywio\u0142y, Czarodzieje S\u0142\u00f3w, Technika i wynalazki, Ekologika\u2026). Odniesienie do otaczaj\u0105cego nas \u015bwiata rzeczywistego, do\u015bwiadczanie, poznawanie zagadnie\u0144 poprzez dzia\u0142anie uczni\u00f3w, wprowadzenie do eTwinning &#8211; tworzenia projekt\u00f3w ze szko\u0142ami w innych cz\u0119\u015bciach Polski lun poza naszymi granicami.<\/p><p><strong>STUDY HALL<\/strong><br \/>Praca indywidualna w klasie: samodzielna praca dzieci, pomoc kole\u017ce\u0144ska przy nauce, praca indywidualna nauczyciela z poszczeg\u00f3lnymi uczniami. Rozwijanie uzdolnie\u0144 dzieci oraz wyr\u00f3wnywanie szans edukacyjnych.<\/p><p><strong>Program profilowy klasy 4 \u2013 8<\/strong><\/p><p><strong>LANGUAGE EDUCATION \u2013 <\/strong>EDUKACJA J\u0118ZYKOWA:<\/p><ul><li>metodologia CLIL (Content and Language Integrated Learning),<\/li><li>metoda komunikatywna.<\/li><\/ul><p><strong>M C I \u2013 <\/strong>MATHEMATICS, COMPUTER, INFORMATION TECHNOLOGY:<\/p><ul><li>nauka programowania w j\u0119zyku formalnym (Python, JavaScript)<\/li><li>szeroki zakres zastosowa\u0144 matematyki i informatyki w \u017cyciu codziennym,<\/li><li>umiej\u0119tno\u015b\u0107 wyszukiwania i wykorzystywania informacji w sieci,<\/li><li>wykorzystywanie umiej\u0119tno\u015bci matematycznych i informatycznych w kszta\u0142towaniu umiej\u0119tno\u015bci logicznego my\u015blenia.<\/li><\/ul><p><strong>SCIENCE \u2013 <\/strong>NAUKA \u2013 CHEMIA, FIZYKA, MECHANIKA, ELEKTRONIKA, WYNALAZKI, MY\u015aL TECHNICZNA:<\/p><ul><li>ciekawo\u015b\u0107,<\/li><li>poszukiwanie odpowiedzi,<\/li><li>zadawanie pyta\u0144,<\/li><li>do\u015bwiadczanie,<\/li><li>wiedza.<\/li><\/ul><p><strong>NAUKI HUMANISTYCZNE \u2013 <\/strong>(LITERATURA, KULTURA OG\u00d3LNA, TEATR, FILM, OPERA, KSI\u0104\u017bKA, HISTORIA\u2026)<\/p><p><strong><em>\u201eCz\u0142owiek zdobywa wiedz\u0119 przede wszystkim poprzez j\u0119zyk. Nauczanie j\u0119zyka ojczystego tworzy fundament og\u00f3lnego rozwoju ucznia, jest pomoc\u0105 w kszta\u0142towaniu osoby ucznia, stanowi g\u0142\u00f3wny punkt odniesienia ca\u0142ej edukacji szkolnej \u2013 wychowania i kszta\u0142cenia\u201d<\/em><\/strong><\/p><p><strong>ART EDUCATION \u2013 ARTS &amp; MUSIC:<\/strong><\/p><ul><li>aktywno\u015b\u0107: plastyczna, muzyczna, taneczna,<\/li><li>praca w grupie,<\/li><li>rozwijanie indywidualnych uzdolnie\u0144,<\/li><li>autoprezentacja.<\/li><\/ul><p><strong>SPORT I ZDROWIE:<\/strong><\/p><ul><li>zabawa,<\/li><li>bezpiecze\u0144stwo,<\/li><li>r\u00f3\u017cnorodno\u015b\u0107,<\/li><li>wiedza (sports and secrets of the human body),<\/li><li>rywalizacja,<\/li><li>fair play.<\/li><\/ul><h3><strong>Zaj\u0119cia fakultatywne<\/strong><\/h3><p>Bogaty program zaj\u0119\u0107 nastawionych na ciekawe wype\u0142nienie czasu sp\u0119dzanego przez uczni\u00f3w na \u015bwietlicy. W ka\u017cdym roku \u2013 szkolnym opracowywany jest r\u00f3wnie\u017c jako odpowied\u017a na potrzeby i zainteresowania uczni\u00f3w.<\/p><p><strong>ZAJ\u0118CIA ARTYSTYCZNE:<\/strong><\/p><ul><li>malarstwo\/rysunek\/grafika,<\/li><li>zesp\u00f3\u0142 muzyczny Helifunk,<\/li><li>ch\u00f3r szkolny<\/li><li>zajecia fletowe<\/li><li>ko\u0142o teatralne<\/li><li>hand made<\/li><\/ul><p><strong>ZAJ\u0118CIA SPORTOWE:<\/strong><\/p><ul><li>pi\u0142ka no\u017cna,<\/li><li>biegi na orientacj\u0119,<\/li><li>unihokej,<\/li><li>koszyk\u00f3wka.<\/li><\/ul><p><strong>ZAJ\u0118CIA WSPIERAJ\u0104CE DOSKONALENIE J\u0118ZYKOWE:<\/strong><\/p><ul><li>YMC &#8211; Young Masters Club<\/li><li>English Tech &#8211; ko\u0142o techniczne po angielsku<\/li><li>English Gym &#8211; zaj\u0119cia sportowe prowadzone w j\u0119zyku angielskim<\/li><\/ul><p><strong>INNE:<\/strong><\/p><ul><li>ko\u0142o kulinarne,<\/li><li>szachy,<\/li><li>nauka gry na instrumentach muzycznych (pianino, gitara, inne).<\/li><\/ul>\t\t\t\t\t\t\t\t<\/div>\n\t\t\t\t\t<\/div>\n\t\t<\/div>\n\t\t\t\t\t<\/div>\n\t\t<\/section>\n\t\t\t\t<\/div>\n\t\t","protected":false},"excerpt":{"rendered":"<p>Nauka w Heliantusie Jako zesp\u00f3\u0142 Szko\u0142y Podstawowej Heliantus pragniemy inspirowa\u0107 naszych wychowank\u00f3w do podejmowania samodzielnych wyzwa\u0144, rozwijania pasji, poszukiwania swojej drogi i czerpania rado\u015bci z samego procesu uczenia si\u0119. Proces uczenia si\u0119 to przede wszystkim: umiej\u0119tno\u015bci i wiedza, by przej\u015b\u0107 <a href=\"https:\/\/heliantus.pl\/szkola\/program\/\" class=\"read-more\">Czytaj dalej &#8230;<\/a><\/p>\n","protected":false},"author":1,"featured_media":0,"parent":0,"menu_order":0,"comment_status":"closed","ping_status":"closed","template":"","meta":{"_eb_attr":"","footnotes":""},"class_list":["post-108","page","type-page","status-publish","hentry"],"yoast_head":"<!-- This site is optimized with the Yoast SEO plugin v27.4 - https:\/\/yoast.com\/product\/yoast-seo-wordpress\/ -->\n<title>Program | Szko\u0142a Heliantus | Niepubliczna szko\u0142a Ursyn\u00f3w, J\u00f3zefos\u0142aw | Matematyka, programowanie, j\u0119zyki<\/title>\n<meta name=\"description\" content=\"Pragniemy inspirowa\u0107 naszych uczni\u00f3w do podejmowania samodzielnych wyzwa\u0144, rozwijania pasji, poszukiwania swojej drogi i czerpania rado\u015bci z samego procesu uczenia si\u0119. Kszta\u0142tujemy kompetencje przysz\u0142o\u015bci.\" \/>\n<meta name=\"robots\" content=\"index, follow, max-snippet:-1, max-image-preview:large, max-video-preview:-1\" \/>\n<link rel=\"canonical\" href=\"https:\/\/heliantus.pl\/szkola\/program\/\" \/>\n<meta property=\"og:locale\" content=\"pl_PL\" \/>\n<meta property=\"og:type\" content=\"article\" \/>\n<meta property=\"og:title\" content=\"Program | Szko\u0142a Heliantus | Niepubliczna szko\u0142a Ursyn\u00f3w, J\u00f3zefos\u0142aw | Matematyka, programowanie, j\u0119zyki\" \/>\n<meta property=\"og:description\" content=\"Pragniemy inspirowa\u0107 naszych uczni\u00f3w do podejmowania samodzielnych wyzwa\u0144, rozwijania pasji, poszukiwania swojej drogi i czerpania rado\u015bci z samego procesu uczenia si\u0119. Kszta\u0142tujemy kompetencje przysz\u0142o\u015bci.\" \/>\n<meta property=\"og:url\" content=\"https:\/\/heliantus.pl\/szkola\/program\/\" \/>\n<meta property=\"og:site_name\" content=\"Szko\u0142a Podstawowa Heliantus\" \/>\n<meta property=\"article:publisher\" content=\"https:\/\/facebook.com\/SPHeliantus\" \/>\n<meta property=\"article:modified_time\" content=\"2019-08-23T21:27:33+00:00\" \/>\n<meta property=\"og:image\" content=\"https:\/\/heliantus.pl\/szkola\/wp-content\/uploads\/2018\/10\/IMG_2544-1024x683.jpg\" \/>\n<meta name=\"twitter:card\" content=\"summary_large_image\" \/>\n<meta name=\"twitter:label1\" content=\"Szacowany czas czytania\" \/>\n\t<meta name=\"twitter:data1\" content=\"3 minuty\" \/>\n<script type=\"application\/ld+json\" class=\"yoast-schema-graph\">{\"@context\":\"https:\\\/\\\/schema.org\",\"@graph\":[{\"@type\":\"WebPage\",\"@id\":\"https:\\\/\\\/heliantus.pl\\\/szkola\\\/program\\\/\",\"url\":\"https:\\\/\\\/heliantus.pl\\\/szkola\\\/program\\\/\",\"name\":\"Program | Szko\u0142a Heliantus | Niepubliczna szko\u0142a Ursyn\u00f3w, J\u00f3zefos\u0142aw | Matematyka, programowanie, j\u0119zyki\",\"isPartOf\":{\"@id\":\"https:\\\/\\\/heliantus.pl\\\/szkola\\\/#website\"},\"primaryImageOfPage\":{\"@id\":\"https:\\\/\\\/heliantus.pl\\\/szkola\\\/program\\\/#primaryimage\"},\"image\":{\"@id\":\"https:\\\/\\\/heliantus.pl\\\/szkola\\\/program\\\/#primaryimage\"},\"thumbnailUrl\":\"https:\\\/\\\/heliantus.pl\\\/szkola\\\/wp-content\\\/uploads\\\/2018\\\/10\\\/IMG_2544-1024x683.jpg\",\"datePublished\":\"2016-12-24T10:13:59+00:00\",\"dateModified\":\"2019-08-23T21:27:33+00:00\",\"description\":\"Pragniemy inspirowa\u0107 naszych uczni\u00f3w do podejmowania samodzielnych wyzwa\u0144, rozwijania pasji, poszukiwania swojej drogi i czerpania rado\u015bci z samego procesu uczenia si\u0119. Kszta\u0142tujemy kompetencje przysz\u0142o\u015bci.\",\"breadcrumb\":{\"@id\":\"https:\\\/\\\/heliantus.pl\\\/szkola\\\/program\\\/#breadcrumb\"},\"inLanguage\":\"pl-PL\",\"potentialAction\":[{\"@type\":\"ReadAction\",\"target\":[\"https:\\\/\\\/heliantus.pl\\\/szkola\\\/program\\\/\"]}]},{\"@type\":\"ImageObject\",\"inLanguage\":\"pl-PL\",\"@id\":\"https:\\\/\\\/heliantus.pl\\\/szkola\\\/program\\\/#primaryimage\",\"url\":\"https:\\\/\\\/heliantus.pl\\\/szkola\\\/wp-content\\\/uploads\\\/2018\\\/10\\\/IMG_2544-1024x683.jpg\",\"contentUrl\":\"https:\\\/\\\/heliantus.pl\\\/szkola\\\/wp-content\\\/uploads\\\/2018\\\/10\\\/IMG_2544-1024x683.jpg\"},{\"@type\":\"BreadcrumbList\",\"@id\":\"https:\\\/\\\/heliantus.pl\\\/szkola\\\/program\\\/#breadcrumb\",\"itemListElement\":[{\"@type\":\"ListItem\",\"position\":1,\"name\":\"Szko\u0142a Podstawowa\",\"item\":\"https:\\\/\\\/heliantus.pl\\\/szkola\\\/\"},{\"@type\":\"ListItem\",\"position\":2,\"name\":\"Program\"}]},{\"@type\":\"WebSite\",\"@id\":\"https:\\\/\\\/heliantus.pl\\\/szkola\\\/#website\",\"url\":\"https:\\\/\\\/heliantus.pl\\\/szkola\\\/\",\"name\":\"Szko\u0142a Podstawowa Heliantus | Niepubliczna szko\u0142a Ursyn\u00f3w, J\u00f3zefos\u0142aw | Programowanie, j\u0119zyki, matematyka\",\"description\":\"MATEMATYKA INFORMATYKA J\u0118ZYKI\",\"publisher\":{\"@id\":\"https:\\\/\\\/heliantus.pl\\\/szkola\\\/#organization\"},\"alternateName\":\"SP Heliantus\",\"potentialAction\":[{\"@type\":\"SearchAction\",\"target\":{\"@type\":\"EntryPoint\",\"urlTemplate\":\"https:\\\/\\\/heliantus.pl\\\/szkola\\\/?s={search_term_string}\"},\"query-input\":{\"@type\":\"PropertyValueSpecification\",\"valueRequired\":true,\"valueName\":\"search_term_string\"}}],\"inLanguage\":\"pl-PL\"},{\"@type\":\"Organization\",\"@id\":\"https:\\\/\\\/heliantus.pl\\\/szkola\\\/#organization\",\"name\":\"Szko\u0142a Podstawowa Heliantus\",\"alternateName\":\"SP Heliantus\",\"url\":\"https:\\\/\\\/heliantus.pl\\\/szkola\\\/\",\"logo\":{\"@type\":\"ImageObject\",\"inLanguage\":\"pl-PL\",\"@id\":\"https:\\\/\\\/heliantus.pl\\\/szkola\\\/#\\\/schema\\\/logo\\\/image\\\/\",\"url\":\"https:\\\/\\\/heliantus.pl\\\/szkola\\\/wp-content\\\/uploads\\\/2017\\\/06\\\/SzkolaHeliantus-logo.png\",\"contentUrl\":\"https:\\\/\\\/heliantus.pl\\\/szkola\\\/wp-content\\\/uploads\\\/2017\\\/06\\\/SzkolaHeliantus-logo.png\",\"width\":736,\"height\":383,\"caption\":\"Szko\u0142a Podstawowa Heliantus\"},\"image\":{\"@id\":\"https:\\\/\\\/heliantus.pl\\\/szkola\\\/#\\\/schema\\\/logo\\\/image\\\/\"},\"sameAs\":[\"https:\\\/\\\/facebook.com\\\/SPHeliantus\",\"https:\\\/\\\/www.youtube.com\\\/channel\\\/UCjcaE5GVlsROqRDHQFVe6AA\"]}]}<\/script>\n<!-- \/ Yoast SEO plugin. -->","yoast_head_json":{"title":"Program | Szko\u0142a Heliantus | Niepubliczna szko\u0142a Ursyn\u00f3w, J\u00f3zefos\u0142aw | Matematyka, programowanie, j\u0119zyki","description":"Pragniemy inspirowa\u0107 naszych uczni\u00f3w do podejmowania samodzielnych wyzwa\u0144, rozwijania pasji, poszukiwania swojej drogi i czerpania rado\u015bci z samego procesu uczenia si\u0119. Kszta\u0142tujemy kompetencje przysz\u0142o\u015bci.","robots":{"index":"index","follow":"follow","max-snippet":"max-snippet:-1","max-image-preview":"max-image-preview:large","max-video-preview":"max-video-preview:-1"},"canonical":"https:\/\/heliantus.pl\/szkola\/program\/","og_locale":"pl_PL","og_type":"article","og_title":"Program | Szko\u0142a Heliantus | Niepubliczna szko\u0142a Ursyn\u00f3w, J\u00f3zefos\u0142aw | Matematyka, programowanie, j\u0119zyki","og_description":"Pragniemy inspirowa\u0107 naszych uczni\u00f3w do podejmowania samodzielnych wyzwa\u0144, rozwijania pasji, poszukiwania swojej drogi i czerpania rado\u015bci z samego procesu uczenia si\u0119. Kszta\u0142tujemy kompetencje przysz\u0142o\u015bci.","og_url":"https:\/\/heliantus.pl\/szkola\/program\/","og_site_name":"Szko\u0142a Podstawowa Heliantus","article_publisher":"https:\/\/facebook.com\/SPHeliantus","article_modified_time":"2019-08-23T21:27:33+00:00","og_image":[{"url":"https:\/\/heliantus.pl\/szkola\/wp-content\/uploads\/2018\/10\/IMG_2544-1024x683.jpg","type":"","width":"","height":""}],"twitter_card":"summary_large_image","twitter_misc":{"Szacowany czas czytania":"3 minuty"},"schema":{"@context":"https:\/\/schema.org","@graph":[{"@type":"WebPage","@id":"https:\/\/heliantus.pl\/szkola\/program\/","url":"https:\/\/heliantus.pl\/szkola\/program\/","name":"Program | Szko\u0142a Heliantus | Niepubliczna szko\u0142a Ursyn\u00f3w, J\u00f3zefos\u0142aw | Matematyka, programowanie, j\u0119zyki","isPartOf":{"@id":"https:\/\/heliantus.pl\/szkola\/#website"},"primaryImageOfPage":{"@id":"https:\/\/heliantus.pl\/szkola\/program\/#primaryimage"},"image":{"@id":"https:\/\/heliantus.pl\/szkola\/program\/#primaryimage"},"thumbnailUrl":"https:\/\/heliantus.pl\/szkola\/wp-content\/uploads\/2018\/10\/IMG_2544-1024x683.jpg","datePublished":"2016-12-24T10:13:59+00:00","dateModified":"2019-08-23T21:27:33+00:00","description":"Pragniemy inspirowa\u0107 naszych uczni\u00f3w do podejmowania samodzielnych wyzwa\u0144, rozwijania pasji, poszukiwania swojej drogi i czerpania rado\u015bci z samego procesu uczenia si\u0119. Kszta\u0142tujemy kompetencje przysz\u0142o\u015bci.","breadcrumb":{"@id":"https:\/\/heliantus.pl\/szkola\/program\/#breadcrumb"},"inLanguage":"pl-PL","potentialAction":[{"@type":"ReadAction","target":["https:\/\/heliantus.pl\/szkola\/program\/"]}]},{"@type":"ImageObject","inLanguage":"pl-PL","@id":"https:\/\/heliantus.pl\/szkola\/program\/#primaryimage","url":"https:\/\/heliantus.pl\/szkola\/wp-content\/uploads\/2018\/10\/IMG_2544-1024x683.jpg","contentUrl":"https:\/\/heliantus.pl\/szkola\/wp-content\/uploads\/2018\/10\/IMG_2544-1024x683.jpg"},{"@type":"BreadcrumbList","@id":"https:\/\/heliantus.pl\/szkola\/program\/#breadcrumb","itemListElement":[{"@type":"ListItem","position":1,"name":"Szko\u0142a Podstawowa","item":"https:\/\/heliantus.pl\/szkola\/"},{"@type":"ListItem","position":2,"name":"Program"}]},{"@type":"WebSite","@id":"https:\/\/heliantus.pl\/szkola\/#website","url":"https:\/\/heliantus.pl\/szkola\/","name":"Szko\u0142a Podstawowa Heliantus | Niepubliczna szko\u0142a Ursyn\u00f3w, J\u00f3zefos\u0142aw | Programowanie, j\u0119zyki, matematyka","description":"MATEMATYKA INFORMATYKA J\u0118ZYKI","publisher":{"@id":"https:\/\/heliantus.pl\/szkola\/#organization"},"alternateName":"SP Heliantus","potentialAction":[{"@type":"SearchAction","target":{"@type":"EntryPoint","urlTemplate":"https:\/\/heliantus.pl\/szkola\/?s={search_term_string}"},"query-input":{"@type":"PropertyValueSpecification","valueRequired":true,"valueName":"search_term_string"}}],"inLanguage":"pl-PL"},{"@type":"Organization","@id":"https:\/\/heliantus.pl\/szkola\/#organization","name":"Szko\u0142a Podstawowa Heliantus","alternateName":"SP Heliantus","url":"https:\/\/heliantus.pl\/szkola\/","logo":{"@type":"ImageObject","inLanguage":"pl-PL","@id":"https:\/\/heliantus.pl\/szkola\/#\/schema\/logo\/image\/","url":"https:\/\/heliantus.pl\/szkola\/wp-content\/uploads\/2017\/06\/SzkolaHeliantus-logo.png","contentUrl":"https:\/\/heliantus.pl\/szkola\/wp-content\/uploads\/2017\/06\/SzkolaHeliantus-logo.png","width":736,"height":383,"caption":"Szko\u0142a Podstawowa Heliantus"},"image":{"@id":"https:\/\/heliantus.pl\/szkola\/#\/schema\/logo\/image\/"},"sameAs":["https:\/\/facebook.com\/SPHeliantus","https:\/\/www.youtube.com\/channel\/UCjcaE5GVlsROqRDHQFVe6AA"]}]}},"amp_enabled":true,"_links":{"self":[{"href":"https:\/\/heliantus.pl\/szkola\/wp-json\/wp\/v2\/pages\/108","targetHints":{"allow":["GET"]}}],"collection":[{"href":"https:\/\/heliantus.pl\/szkola\/wp-json\/wp\/v2\/pages"}],"about":[{"href":"https:\/\/heliantus.pl\/szkola\/wp-json\/wp\/v2\/types\/page"}],"author":[{"embeddable":true,"href":"https:\/\/heliantus.pl\/szkola\/wp-json\/wp\/v2\/users\/1"}],"replies":[{"embeddable":true,"href":"https:\/\/heliantus.pl\/szkola\/wp-json\/wp\/v2\/comments?post=108"}],"version-history":[{"count":0,"href":"https:\/\/heliantus.pl\/szkola\/wp-json\/wp\/v2\/pages\/108\/revisions"}],"wp:attachment":[{"href":"https:\/\/heliantus.pl\/szkola\/wp-json\/wp\/v2\/media?parent=108"}],"curies":[{"name":"wp","href":"https:\/\/api.w.org\/{rel}","templated":true}]}}