{"id":865,"date":"2026-02-05T08:52:18","date_gmt":"2026-02-05T07:52:18","guid":{"rendered":"https:\/\/heliantus.pl\/przedszkole\/?page_id=865"},"modified":"2026-04-27T08:13:12","modified_gmt":"2026-04-27T06:13:12","slug":"rekrutacja-dzieci-3-5-letnie","status":"publish","type":"page","link":"https:\/\/heliantus.pl\/przedszkole\/rekrutacja-dzieci-3-5-letnie\/","title":{"rendered":"Rekrutacja &#8211; dzieci 3-5 letnie"},"content":{"rendered":"\t\t<div data-elementor-type=\"wp-page\" data-elementor-id=\"865\" class=\"elementor elementor-865\">\n\t\t\t\t\t\t<section class=\"elementor-section elementor-top-section elementor-element elementor-element-ad93dd8 elementor-section-boxed elementor-section-height-default elementor-section-height-default\" data-id=\"ad93dd8\" data-element_type=\"section\" data-e-type=\"section\">\n\t\t\t\t\t\t<div class=\"elementor-container elementor-column-gap-default\">\n\t\t\t\t\t\t<\/div>\n\t\t<\/section>\n\t\t\t\t<section class=\"elementor-section elementor-top-section elementor-element elementor-element-bb1081f elementor-section-boxed elementor-section-height-default elementor-section-height-default\" data-id=\"bb1081f\" data-element_type=\"section\" data-e-type=\"section\">\n\t\t\t\t\t\t<div class=\"elementor-container elementor-column-gap-default\">\n\t\t\t\t\t\t<\/div>\n\t\t<\/section>\n\t\t\t\t<section class=\"elementor-section elementor-top-section elementor-element elementor-element-4bfeca0 elementor-section-boxed elementor-section-height-default elementor-section-height-default\" data-id=\"4bfeca0\" data-element_type=\"section\" data-e-type=\"section\">\n\t\t\t\t\t\t<div class=\"elementor-container elementor-column-gap-default\">\n\t\t\t\t\t\t<\/div>\n\t\t<\/section>\n\t\t\t\t<section class=\"elementor-section elementor-top-section elementor-element elementor-element-073509f elementor-section-boxed elementor-section-height-default elementor-section-height-default\" data-id=\"073509f\" data-element_type=\"section\" data-e-type=\"section\">\n\t\t\t\t\t\t<div class=\"elementor-container elementor-column-gap-default\">\n\t\t\t\t\t\t<\/div>\n\t\t<\/section>\n\t\t\t\t<section class=\"elementor-section elementor-top-section elementor-element elementor-element-e0d649d elementor-section-boxed elementor-section-height-default elementor-section-height-default\" data-id=\"e0d649d\" data-element_type=\"section\" data-e-type=\"section\">\n\t\t\t\t\t\t<div class=\"elementor-container elementor-column-gap-default\">\n\t\t\t\t\t\t<\/div>\n\t\t<\/section>\n\t\t\t\t<section class=\"elementor-section elementor-top-section elementor-element elementor-element-567bac6 elementor-section-boxed elementor-section-height-default elementor-section-height-default\" data-id=\"567bac6\" data-element_type=\"section\" data-e-type=\"section\">\n\t\t\t\t\t\t<div class=\"elementor-container elementor-column-gap-default\">\n\t\t\t\t\t\t<\/div>\n\t\t<\/section>\n\t\t\t\t<section class=\"elementor-section elementor-top-section elementor-element elementor-element-b38d46c elementor-section-boxed elementor-section-height-default elementor-section-height-default\" data-id=\"b38d46c\" data-element_type=\"section\" data-e-type=\"section\">\n\t\t\t\t\t\t<div class=\"elementor-container elementor-column-gap-default\">\n\t\t\t\t\t<div class=\"elementor-column elementor-col-100 elementor-top-column elementor-element elementor-element-6927a26\" data-id=\"6927a26\" data-element_type=\"column\" data-e-type=\"column\">\n\t\t\t<div class=\"elementor-widget-wrap elementor-element-populated\">\n\t\t\t\t\t\t<div class=\"elementor-element elementor-element-b17aec1 elementor-widget elementor-widget-text-editor\" data-id=\"b17aec1\" data-element_type=\"widget\" data-e-type=\"widget\" data-widget_type=\"text-editor.default\">\n\t\t\t\t<div class=\"elementor-widget-container\">\n\t\t\t\t\t\t\t\t\t<h1><strong>REKRUTACJA &#8211; DZIECI TRZYLETNIE<\/strong><\/h1>\t\t\t\t\t\t\t\t<\/div>\n\t\t\t\t<\/div>\n\t\t\t\t\t<\/div>\n\t\t<\/div>\n\t\t\t\t\t<\/div>\n\t\t<\/section>\n\t\t\t\t<section class=\"elementor-section elementor-top-section elementor-element elementor-element-854d79e elementor-section-boxed elementor-section-height-default elementor-section-height-default\" data-id=\"854d79e\" data-element_type=\"section\" data-e-type=\"section\">\n\t\t\t\t\t\t<div class=\"elementor-container elementor-column-gap-default\">\n\t\t\t\t\t<div class=\"elementor-column elementor-col-50 elementor-top-column elementor-element elementor-element-f093c04\" data-id=\"f093c04\" data-element_type=\"column\" data-e-type=\"column\">\n\t\t\t<div class=\"elementor-widget-wrap elementor-element-populated\">\n\t\t\t\t\t\t<div class=\"elementor-element elementor-element-2fd1ee5 elementor-widget elementor-widget-image\" data-id=\"2fd1ee5\" data-element_type=\"widget\" data-e-type=\"widget\" data-widget_type=\"image.default\">\n\t\t\t\t<div class=\"elementor-widget-container\">\n\t\t\t\t\t\t\t\t\t\t\t\t\t\t\t<img fetchpriority=\"high\" decoding=\"async\" width=\"640\" height=\"969\" src=\"https:\/\/heliantus.pl\/przedszkole\/wp-content\/uploads\/2026\/02\/Zrzut-ekranu-2026-02-10-152019-4-676x1024.png\" class=\"attachment-large size-large wp-image-1202\" alt=\"\" srcset=\"https:\/\/heliantus.pl\/przedszkole\/wp-content\/uploads\/2026\/02\/Zrzut-ekranu-2026-02-10-152019-4-676x1024.png 676w, https:\/\/heliantus.pl\/przedszkole\/wp-content\/uploads\/2026\/02\/Zrzut-ekranu-2026-02-10-152019-4-198x300.png 198w, https:\/\/heliantus.pl\/przedszkole\/wp-content\/uploads\/2026\/02\/Zrzut-ekranu-2026-02-10-152019-4-768x1163.png 768w, https:\/\/heliantus.pl\/przedszkole\/wp-content\/uploads\/2026\/02\/Zrzut-ekranu-2026-02-10-152019-4.png 794w\" sizes=\"(max-width: 640px) 100vw, 640px\" \/>\t\t\t\t\t\t\t\t\t\t\t\t\t\t\t<\/div>\n\t\t\t\t<\/div>\n\t\t\t\t\t<\/div>\n\t\t<\/div>\n\t\t\t\t<div class=\"elementor-column elementor-col-50 elementor-top-column elementor-element elementor-element-297cf6e\" data-id=\"297cf6e\" data-element_type=\"column\" data-e-type=\"column\">\n\t\t\t<div class=\"elementor-widget-wrap elementor-element-populated\">\n\t\t\t\t\t\t<div class=\"elementor-element elementor-element-c503d71 elementor-widget elementor-widget-text-editor\" data-id=\"c503d71\" data-element_type=\"widget\" data-e-type=\"widget\" data-widget_type=\"text-editor.default\">\n\t\t\t\t<div class=\"elementor-widget-container\">\n\t\t\t\t\t\t\t\t\t<h3><strong>\u00a0<span style=\"text-decoration: underline;\">Rekrutacja do Przedszkola \u2013 jak to wygl\u0105da krok po kroku<\/span><\/strong><\/h3>\n<p><strong>Zapraszamy do naszego przedszkola dzieci, kt\u00f3re szukaj\u0105 ciep\u0142ego, bezpiecznego i inspiruj\u0105cego miejsca do codziennego odkrywania \u015bwiata.<\/strong><\/p>\n<p><strong>Proces rekrutacji jest prosty i przebiega w kilku etapach.<\/strong><\/p>\n<p><strong><span style=\"text-decoration: underline;\">Zg\u0142oszenie mailowe na adres<\/span>: biuro@heliantus.pl lub przez formularz zg\u0142oszeniowy:\u00a0<a href=\"https:\/\/heliantus.pl\/przedszkole\/kontakt-2\/\">https:\/\/heliantus.pl\/przedszkole\/kontakt-2\/<\/a>\u00a0<\/strong><\/p>\n<p><strong>Aby rozpocz\u0105\u0107 proces, prosimy o przes\u0142anie zg\u0142oszenia na adres przedszkola.<\/strong><\/p>\n<p><strong>W wiadomo\u015bci nale\u017cy poda\u0107:<\/strong><\/p>\n<p><strong>imi\u0119, nazwisko, wiek dziecka,<\/strong><\/p>\n<p><strong>imi\u0119 i nazwisko osoby kontaktowej,<\/strong><\/p>\n<p><strong>numer telefonu i adres e\u2011mail do kontaktu.<\/strong><\/p>\n<p><strong>Kontakt ze strony dyrektora<\/strong><\/p>\n<p><strong><span style=\"text-decoration: underline;\">Po otrzymaniu zg\u0142oszenia dyrektor skontaktuje si\u0119 z Pa\u0144stwem<\/span>, aby ustali\u0107 dogodny termin spotkania.<\/strong><\/p>\n<p><span style=\"text-decoration: underline;\"><strong>Spotkanie i zwiedzanie przedszkola<\/strong><\/span><\/p>\n<p><strong>Zapraszamy na indywidualne spotkanie po\u0142\u0105czone ze zwiedzaniem naszej przestrzeni.<\/strong><\/p>\n<p><strong>Na spotkanie mo\u017cna przyj\u015b\u0107 z dzieckiem lub samodzielnie.<\/strong><\/p>\n<p><strong>Godzin\u0119 wizyty ustalamy indywidualnie w przedziale 7:30\u201318:30.<\/strong><\/p>\n<p><span style=\"text-decoration: underline;\"><strong>Decyzja o przyj\u0119ciu i formalno\u015bci<\/strong><\/span><\/p>\n<p><strong>Po podj\u0119ciu decyzji o przyj\u0119ciu dziecka:<\/strong><\/p>\n<p><strong>podpisujemy umow\u0119,<\/strong><\/p>\n<p><strong>ustalamy termin rozpocz\u0119cia ucz\u0119szczania \u2014 mo\u017cliwe ju\u017c od pierwszego dnia wakacji poprzedzaj\u0105cych nowy rok szkolny lub w innym terminie.<\/strong><\/p>\n<p><strong>Przedszkole zapewnia opiek\u0119 i edukacj\u0119 w godzinach 7:00\u201318:00.<\/strong><\/p>\n<p><strong>Je\u015bli rodzina potrzebuje d\u0142u\u017cszego pobytu dziecka, istnieje mo\u017cliwo\u015b\u0107 indywidualnego ustalenia takiego rozwi\u0105zania z dyrektorem.<\/strong><\/p>\n<p><strong>Wymiar pe\u0142nych lub niepe\u0142nych godzin ustalany jest wsp\u00f3lnie z dyrektorem \u2014 tak, aby jak najlepiej dopasowa\u0107 organizacj\u0119 dnia do potrzeb dziecka i rytmu rodziny. Wierzymy, \u017ce decyzje dotycz\u0105ce czasu pobytu dziecka w przedszkolu powinny by\u0107 podejmowane w dialogu i we wzajemnym zrozumieniu.<\/strong><\/p>\n<p><strong>Indywidualna adaptacja<\/strong><\/p>\n<p><strong>Ustalamy wsp\u00f3lnie indywidualny plan adaptacji, dopasowany do potrzeb rodziny i tempa dziecka<\/strong>.<\/p>\t\t\t\t\t\t\t\t<\/div>\n\t\t\t\t<\/div>\n\t\t\t\t\t<\/div>\n\t\t<\/div>\n\t\t\t\t\t<\/div>\n\t\t<\/section>\n\t\t\t\t<section class=\"elementor-section elementor-top-section elementor-element elementor-element-405dd10 elementor-section-boxed elementor-section-height-default elementor-section-height-default\" data-id=\"405dd10\" data-element_type=\"section\" data-e-type=\"section\">\n\t\t\t\t\t\t<div class=\"elementor-container elementor-column-gap-default\">\n\t\t\t\t\t<div class=\"elementor-column elementor-col-100 elementor-top-column elementor-element elementor-element-936976b\" data-id=\"936976b\" data-element_type=\"column\" data-e-type=\"column\">\n\t\t\t<div class=\"elementor-widget-wrap elementor-element-populated\">\n\t\t\t\t\t\t<div class=\"elementor-element elementor-element-ecc21aa elementor-widget elementor-widget-text-editor\" data-id=\"ecc21aa\" data-element_type=\"widget\" data-e-type=\"widget\" data-widget_type=\"text-editor.default\">\n\t\t\t\t<div class=\"elementor-widget-container\">\n\t\t\t\t\t\t\t\t\t<h2><strong>DNI OTWARTE- ADAPTACJA<\/strong><\/h2>\n<p><style>\na {<br \/>\n    text-decoration: none;<br \/>\n    color: #464feb;<br \/>\n}<br \/>\ntr th, tr td {<br \/>\n    border: 1px solid #e6e6e6;<br \/>\n}<br \/>\ntr th {<br \/>\n    background-color: #f5f5f5;<br \/>\n}<br \/>\n<\/style><\/p>\n<div><strong>Dobra adaptacja w przedszkolu nie jest procesem przyspieszonym \u2013 jest procesem uwa\u017cnym.<\/strong><br \/>W edukacji przedszkolnej wci\u0105\u017c zbyt cz\u0119sto m\u00f3wi si\u0119 o \u201eszybkim przystosowaniu dziecka\u201d, podczas gdy kluczowe jest stworzenie warunk\u00f3w do bezpiecznego budowania relacji. Adaptacja nie polega na skr\u00f3ceniu emocji, ale na ich zauwa\u017ceniu i oswojeniu. Dziecko, kt\u00f3re ma czas, wsparcie<br \/>\u00a0i przewidywalne otoczenie, adaptuje si\u0119 trwale \u2013 nie \u201epozornie spokojnie\u201d, lecz wewn\u0119trznie bezpiecznie. To w\u0142a\u015bnie ta trwa\u0142o\u015b\u0107 daje fundament pod dalszy rozw\u00f3j emocjonalny i spo\u0142eczny.<\/div>\t\t\t\t\t\t\t\t<\/div>\n\t\t\t\t<\/div>\n\t\t\t\t\t<\/div>\n\t\t<\/div>\n\t\t\t\t\t<\/div>\n\t\t<\/section>\n\t\t\t\t<section class=\"elementor-section elementor-top-section elementor-element elementor-element-b35638c elementor-section-boxed elementor-section-height-default elementor-section-height-default\" data-id=\"b35638c\" data-element_type=\"section\" data-e-type=\"section\">\n\t\t\t\t\t\t<div class=\"elementor-container elementor-column-gap-default\">\n\t\t\t\t\t<div class=\"elementor-column elementor-col-50 elementor-top-column elementor-element elementor-element-0ebe89e\" data-id=\"0ebe89e\" data-element_type=\"column\" data-e-type=\"column\">\n\t\t\t<div class=\"elementor-widget-wrap elementor-element-populated\">\n\t\t\t\t\t\t<div class=\"elementor-element elementor-element-de146d5 elementor-widget elementor-widget-image\" data-id=\"de146d5\" data-element_type=\"widget\" data-e-type=\"widget\" data-widget_type=\"image.default\">\n\t\t\t\t<div class=\"elementor-widget-container\">\n\t\t\t\t\t\t\t\t\t\t\t\t\t\t\t<img decoding=\"async\" width=\"640\" height=\"640\" src=\"https:\/\/heliantus.pl\/przedszkole\/wp-content\/uploads\/2026\/03\/Dni-otwarte-w-Przedszkolu-Heliantus.png\" class=\"attachment-large size-large wp-image-1492\" alt=\"\" srcset=\"https:\/\/heliantus.pl\/przedszkole\/wp-content\/uploads\/2026\/03\/Dni-otwarte-w-Przedszkolu-Heliantus.png 1024w, https:\/\/heliantus.pl\/przedszkole\/wp-content\/uploads\/2026\/03\/Dni-otwarte-w-Przedszkolu-Heliantus-300x300.png 300w, https:\/\/heliantus.pl\/przedszkole\/wp-content\/uploads\/2026\/03\/Dni-otwarte-w-Przedszkolu-Heliantus-150x150.png 150w, https:\/\/heliantus.pl\/przedszkole\/wp-content\/uploads\/2026\/03\/Dni-otwarte-w-Przedszkolu-Heliantus-768x768.png 768w\" sizes=\"(max-width: 640px) 100vw, 640px\" \/>\t\t\t\t\t\t\t\t\t\t\t\t\t\t\t<\/div>\n\t\t\t\t<\/div>\n\t\t\t\t\t<\/div>\n\t\t<\/div>\n\t\t\t\t<div class=\"elementor-column elementor-col-50 elementor-top-column elementor-element elementor-element-2a1ce07\" data-id=\"2a1ce07\" data-element_type=\"column\" data-e-type=\"column\">\n\t\t\t<div class=\"elementor-widget-wrap elementor-element-populated\">\n\t\t\t\t\t\t<div class=\"elementor-element elementor-element-e42a016 elementor-widget elementor-widget-text-editor\" data-id=\"e42a016\" data-element_type=\"widget\" data-e-type=\"widget\" data-widget_type=\"text-editor.default\">\n\t\t\t\t<div class=\"elementor-widget-container\">\n\t\t\t\t\t\t\t\t\t<h3><span style=\"text-decoration: underline;\"><strong>Adaptacja<\/strong><\/span><\/h3>\n<p>Ka\u017cdy moment jest dobry, aby rozpocz\u0105\u0107 adaptacj\u0119 do przedszkola, a ka\u017cde dziecko przechodzi ten proces w swoim indywidualnym tempie. Wi\u0119cej o tym, jak wspieramy najm\u0142odszych w pierwszych krokach w Heliantusie, przeczytacie tutaj: <a href=\"https:\/\/heliantus.pl\/przedszkole\/adaptacja\/\">https:\/\/heliantus.pl\/przedszkole\/adaptacja\/<\/a><\/p>\n<p>W tym roku pierwsze <strong>bezp\u0142atne<\/strong> zaj\u0119cia adaptacyjne rozpoczynamy <strong>20 lutego<\/strong> i b\u0119d\u0105 odbywa\u0107 si\u0119 <strong>w ka\u017cdy pi\u0105tek w godzinach 11:00\u201313:00<\/strong>.\u00a0<\/p>\n<p>To nasze <strong>Dni Otwarte<\/strong>, kt\u00f3re jednocze\u015bnie pe\u0142ni\u0105 funkcj\u0119 <strong>dni adaptacyjnych<\/strong> \u2014 spokojnych, bezpiecznych spotka\u0144, podczas kt\u00f3rych dzieci mog\u0105 pozna\u0107 przestrze\u0144, rytm dnia i atmosfer\u0119 Heliantusa oraz <strong>sp\u0119dzi\u0107 czas na zabawach sensorycznych i nie tylko z Pani\u0105 Magd\u0105<\/strong> (psychologiem, terapeutk\u0105 SI i terapeutk\u0105 TUS).<\/p>\n<p>Na zaj\u0119cia adaptacyjne prosimy o przyniesienie obuwia na zmian\u0119 lub skarpetek antypo\u015blizgowych.<br \/>Dla dzieci i rodzic\u00f3w przygotowali\u015bmy szafk\u0119 z wieszakami oraz przegr\u00f3dk\u0105 na obuwie, aby ka\u017cdy m\u00f3g\u0142 wygodnie zostawi\u0107 swoje rzeczy i czu\u0107 si\u0119 swobodnie podczas zaj\u0119\u0107.<\/p>\n<p>W przedszkolu dost\u0119pne s\u0105 poide\u0142ka z wod\u0105, z kt\u00f3rych rodzice i dzieci mog\u0105 korzysta\u0107 w ka\u017cdej chwili.<\/p>\n<p><strong>Czekamy na Was z otwartymi drzwiami i otwartymi sercami<\/strong><\/p>\n<p><strong>KADRA PRZEDSZKOLA HELIANTUS<\/strong><\/p>\t\t\t\t\t\t\t\t<\/div>\n\t\t\t\t<\/div>\n\t\t\t\t\t<\/div>\n\t\t<\/div>\n\t\t\t\t\t<\/div>\n\t\t<\/section>\n\t\t\t\t<section class=\"elementor-section elementor-top-section elementor-element elementor-element-8248889 elementor-section-boxed elementor-section-height-default elementor-section-height-default\" data-id=\"8248889\" data-element_type=\"section\" data-e-type=\"section\">\n\t\t\t\t\t\t<div class=\"elementor-container elementor-column-gap-default\">\n\t\t\t\t\t<div class=\"elementor-column elementor-col-25 elementor-top-column elementor-element elementor-element-9088a13\" data-id=\"9088a13\" data-element_type=\"column\" data-e-type=\"column\">\n\t\t\t<div class=\"elementor-widget-wrap elementor-element-populated\">\n\t\t\t\t\t\t<div class=\"elementor-element elementor-element-eac955b elementor-widget elementor-widget-image\" data-id=\"eac955b\" data-element_type=\"widget\" data-e-type=\"widget\" data-widget_type=\"image.default\">\n\t\t\t\t<div class=\"elementor-widget-container\">\n\t\t\t\t\t\t\t\t\t\t\t\t\t\t\t<img decoding=\"async\" width=\"491\" height=\"708\" src=\"https:\/\/heliantus.pl\/przedszkole\/wp-content\/uploads\/2026\/02\/Zrzut-ekranu-2026-02-10-213338.png\" class=\"attachment-large size-large wp-image-1295\" alt=\"\" srcset=\"https:\/\/heliantus.pl\/przedszkole\/wp-content\/uploads\/2026\/02\/Zrzut-ekranu-2026-02-10-213338.png 491w, https:\/\/heliantus.pl\/przedszkole\/wp-content\/uploads\/2026\/02\/Zrzut-ekranu-2026-02-10-213338-208x300.png 208w\" sizes=\"(max-width: 491px) 100vw, 491px\" \/>\t\t\t\t\t\t\t\t\t\t\t\t\t\t\t<\/div>\n\t\t\t\t<\/div>\n\t\t\t\t\t<\/div>\n\t\t<\/div>\n\t\t\t\t<div class=\"elementor-column elementor-col-25 elementor-top-column elementor-element elementor-element-7ab385f\" data-id=\"7ab385f\" data-element_type=\"column\" data-e-type=\"column\">\n\t\t\t<div class=\"elementor-widget-wrap elementor-element-populated\">\n\t\t\t\t\t\t<div class=\"elementor-element elementor-element-4bf66c7 elementor-widget elementor-widget-image\" data-id=\"4bf66c7\" data-element_type=\"widget\" data-e-type=\"widget\" data-widget_type=\"image.default\">\n\t\t\t\t<div class=\"elementor-widget-container\">\n\t\t\t\t\t\t\t\t\t\t\t\t\t\t\t<img loading=\"lazy\" decoding=\"async\" width=\"640\" height=\"853\" src=\"https:\/\/heliantus.pl\/przedszkole\/wp-content\/uploads\/2026\/02\/0-1-768x1024.jpg\" class=\"attachment-large size-large wp-image-1300\" alt=\"\" srcset=\"https:\/\/heliantus.pl\/przedszkole\/wp-content\/uploads\/2026\/02\/0-1-768x1024.jpg 768w, https:\/\/heliantus.pl\/przedszkole\/wp-content\/uploads\/2026\/02\/0-1-225x300.jpg 225w, https:\/\/heliantus.pl\/przedszkole\/wp-content\/uploads\/2026\/02\/0-1.jpg 1096w\" sizes=\"(max-width: 640px) 100vw, 640px\" \/>\t\t\t\t\t\t\t\t\t\t\t\t\t\t\t<\/div>\n\t\t\t\t<\/div>\n\t\t\t\t\t<\/div>\n\t\t<\/div>\n\t\t\t\t<div class=\"elementor-column elementor-col-25 elementor-top-column elementor-element elementor-element-a206a7a\" data-id=\"a206a7a\" data-element_type=\"column\" data-e-type=\"column\">\n\t\t\t<div class=\"elementor-widget-wrap elementor-element-populated\">\n\t\t\t\t\t\t<div class=\"elementor-element elementor-element-90c635b elementor-widget elementor-widget-image\" data-id=\"90c635b\" data-element_type=\"widget\" data-e-type=\"widget\" data-widget_type=\"image.default\">\n\t\t\t\t<div class=\"elementor-widget-container\">\n\t\t\t\t\t\t\t\t\t\t\t\t\t\t\t<img loading=\"lazy\" decoding=\"async\" width=\"640\" height=\"862\" src=\"https:\/\/heliantus.pl\/przedszkole\/wp-content\/uploads\/2026\/02\/Zrzut-ekranu-2026-02-10-215207-760x1024.png\" class=\"attachment-large size-large wp-image-1296\" alt=\"\" srcset=\"https:\/\/heliantus.pl\/przedszkole\/wp-content\/uploads\/2026\/02\/Zrzut-ekranu-2026-02-10-215207-760x1024.png 760w, https:\/\/heliantus.pl\/przedszkole\/wp-content\/uploads\/2026\/02\/Zrzut-ekranu-2026-02-10-215207-223x300.png 223w, https:\/\/heliantus.pl\/przedszkole\/wp-content\/uploads\/2026\/02\/Zrzut-ekranu-2026-02-10-215207-768x1035.png 768w, https:\/\/heliantus.pl\/przedszkole\/wp-content\/uploads\/2026\/02\/Zrzut-ekranu-2026-02-10-215207.png 815w\" sizes=\"(max-width: 640px) 100vw, 640px\" \/>\t\t\t\t\t\t\t\t\t\t\t\t\t\t\t<\/div>\n\t\t\t\t<\/div>\n\t\t\t\t\t<\/div>\n\t\t<\/div>\n\t\t\t\t<div class=\"elementor-column elementor-col-25 elementor-top-column elementor-element elementor-element-9ca5e28\" data-id=\"9ca5e28\" data-element_type=\"column\" data-e-type=\"column\">\n\t\t\t<div class=\"elementor-widget-wrap elementor-element-populated\">\n\t\t\t\t\t\t<div class=\"elementor-element elementor-element-73b0f7f elementor-widget elementor-widget-image\" data-id=\"73b0f7f\" data-element_type=\"widget\" data-e-type=\"widget\" data-widget_type=\"image.default\">\n\t\t\t\t<div class=\"elementor-widget-container\">\n\t\t\t\t\t\t\t\t\t\t\t\t\t\t\t<img loading=\"lazy\" decoding=\"async\" width=\"640\" height=\"853\" src=\"https:\/\/heliantus.pl\/przedszkole\/wp-content\/uploads\/2026\/02\/0-2-768x1024.jpg\" class=\"attachment-large size-large wp-image-1302\" alt=\"\" srcset=\"https:\/\/heliantus.pl\/przedszkole\/wp-content\/uploads\/2026\/02\/0-2-768x1024.jpg 768w, https:\/\/heliantus.pl\/przedszkole\/wp-content\/uploads\/2026\/02\/0-2-225x300.jpg 225w, https:\/\/heliantus.pl\/przedszkole\/wp-content\/uploads\/2026\/02\/0-2.jpg 1053w\" sizes=\"(max-width: 640px) 100vw, 640px\" \/>\t\t\t\t\t\t\t\t\t\t\t\t\t\t\t<\/div>\n\t\t\t\t<\/div>\n\t\t\t\t\t<\/div>\n\t\t<\/div>\n\t\t\t\t\t<\/div>\n\t\t<\/section>\n\t\t\t\t<section class=\"elementor-section elementor-top-section elementor-element elementor-element-dda3131 elementor-section-boxed elementor-section-height-default elementor-section-height-default\" data-id=\"dda3131\" data-element_type=\"section\" data-e-type=\"section\">\n\t\t\t\t\t\t<div class=\"elementor-container elementor-column-gap-default\">\n\t\t\t\t\t<div class=\"elementor-column elementor-col-100 elementor-top-column elementor-element elementor-element-86dd7db\" data-id=\"86dd7db\" data-element_type=\"column\" data-e-type=\"column\">\n\t\t\t<div class=\"elementor-widget-wrap elementor-element-populated\">\n\t\t\t\t\t\t<div class=\"elementor-element elementor-element-5797c7c elementor-widget elementor-widget-text-editor\" data-id=\"5797c7c\" data-element_type=\"widget\" data-e-type=\"widget\" data-widget_type=\"text-editor.default\">\n\t\t\t\t<div class=\"elementor-widget-container\">\n\t\t\t\t\t\t\t\t\t<p>Lorem ipsum dolor sit amet, consectetur adipiscing elit. Ut elit tellus, luctus nec ullamcorper mattis, pulvinar dapibus leo.<\/p>\t\t\t\t\t\t\t\t<\/div>\n\t\t\t\t<\/div>\n\t\t\t\t\t<\/div>\n\t\t<\/div>\n\t\t\t\t\t<\/div>\n\t\t<\/section>\n\t\t\t\t<\/div>\n\t\t","protected":false},"excerpt":{"rendered":"<p>REKRUTACJA &#8211; DZIECI TRZYLETNIE \u00a0Rekrutacja do Przedszkola \u2013 jak to wygl\u0105da krok po kroku Zapraszamy do naszego przedszkola dzieci, kt\u00f3re szukaj\u0105 ciep\u0142ego, bezpiecznego i inspiruj\u0105cego [&hellip;]<\/p>\n","protected":false},"author":1,"featured_media":0,"parent":0,"menu_order":0,"comment_status":"closed","ping_status":"closed","template":"","meta":{"_eb_attr":"","_monsterinsights_skip_tracking":false,"_monsterinsights_sitenote_active":false,"_monsterinsights_sitenote_note":"","_monsterinsights_sitenote_category":0,"_uf_show_specific_survey":0,"_uf_disable_surveys":false,"footnotes":""},"class_list":["post-865","page","type-page","status-publish","hentry"],"aioseo_notices":[],"_links":{"self":[{"href":"https:\/\/heliantus.pl\/przedszkole\/wp-json\/wp\/v2\/pages\/865","targetHints":{"allow":["GET"]}}],"collection":[{"href":"https:\/\/heliantus.pl\/przedszkole\/wp-json\/wp\/v2\/pages"}],"about":[{"href":"https:\/\/heliantus.pl\/przedszkole\/wp-json\/wp\/v2\/types\/page"}],"author":[{"embeddable":true,"href":"https:\/\/heliantus.pl\/przedszkole\/wp-json\/wp\/v2\/users\/1"}],"replies":[{"embeddable":true,"href":"https:\/\/heliantus.pl\/przedszkole\/wp-json\/wp\/v2\/comments?post=865"}],"version-history":[{"count":76,"href":"https:\/\/heliantus.pl\/przedszkole\/wp-json\/wp\/v2\/pages\/865\/revisions"}],"predecessor-version":[{"id":1547,"href":"https:\/\/heliantus.pl\/przedszkole\/wp-json\/wp\/v2\/pages\/865\/revisions\/1547"}],"wp:attachment":[{"href":"https:\/\/heliantus.pl\/przedszkole\/wp-json\/wp\/v2\/media?parent=865"}],"curies":[{"name":"wp","href":"https:\/\/api.w.org\/{rel}","templated":true}]}}