{"id":72,"date":"2021-03-03T14:19:48","date_gmt":"2021-03-03T13:19:48","guid":{"rendered":"https:\/\/przedszkole.heliantus.pl\/?page_id=72"},"modified":"2026-02-11T14:53:04","modified_gmt":"2026-02-11T13:53:04","slug":"home","status":"publish","type":"page","link":"https:\/\/heliantus.pl\/przedszkole\/","title":{"rendered":"Home"},"content":{"rendered":"\t\t<div data-elementor-type=\"wp-page\" data-elementor-id=\"72\" class=\"elementor elementor-72\">\n\t\t\t\t\t\t<section class=\"elementor-section elementor-top-section elementor-element elementor-element-ecdc190 elementor-section-boxed elementor-section-height-default elementor-section-height-default\" data-id=\"ecdc190\" data-element_type=\"section\" data-e-type=\"section\">\n\t\t\t\t\t\t<div class=\"elementor-container elementor-column-gap-default\">\n\t\t\t\t\t<div class=\"elementor-column elementor-col-100 elementor-top-column elementor-element elementor-element-a5fee44\" data-id=\"a5fee44\" data-element_type=\"column\" data-e-type=\"column\">\n\t\t\t<div class=\"elementor-widget-wrap elementor-element-populated\">\n\t\t\t\t\t\t<div class=\"elementor-element elementor-element-fdefc77 elementor-widget elementor-widget-image\" data-id=\"fdefc77\" data-element_type=\"widget\" data-e-type=\"widget\" data-widget_type=\"image.default\">\n\t\t\t\t<div class=\"elementor-widget-container\">\n\t\t\t\t\t\t\t\t\t\t\t\t\t\t\t<img fetchpriority=\"high\" decoding=\"async\" width=\"640\" height=\"905\" src=\"https:\/\/heliantus.pl\/przedszkole\/wp-content\/uploads\/2025\/10\/PRZEDSZKOLE-HELIANTUS-1-724x1024.jpg\" class=\"attachment-large size-large wp-image-785\" alt=\"\" srcset=\"https:\/\/heliantus.pl\/przedszkole\/wp-content\/uploads\/2025\/10\/PRZEDSZKOLE-HELIANTUS-1-724x1024.jpg 724w, https:\/\/heliantus.pl\/przedszkole\/wp-content\/uploads\/2025\/10\/PRZEDSZKOLE-HELIANTUS-1-212x300.jpg 212w, https:\/\/heliantus.pl\/przedszkole\/wp-content\/uploads\/2025\/10\/PRZEDSZKOLE-HELIANTUS-1-768x1086.jpg 768w, https:\/\/heliantus.pl\/przedszkole\/wp-content\/uploads\/2025\/10\/PRZEDSZKOLE-HELIANTUS-1-1086x1536.jpg 1086w, https:\/\/heliantus.pl\/przedszkole\/wp-content\/uploads\/2025\/10\/PRZEDSZKOLE-HELIANTUS-1.jpg 1414w\" sizes=\"(max-width: 640px) 100vw, 640px\" \/>\t\t\t\t\t\t\t\t\t\t\t\t\t\t\t<\/div>\n\t\t\t\t<\/div>\n\t\t\t\t\t<\/div>\n\t\t<\/div>\n\t\t\t\t\t<\/div>\n\t\t<\/section>\n\t\t\t\t<section class=\"elementor-section elementor-top-section elementor-element elementor-element-66fd283e elementor-section-boxed elementor-section-height-default elementor-section-height-default\" data-id=\"66fd283e\" data-element_type=\"section\" data-e-type=\"section\">\n\t\t\t\t\t\t<div class=\"elementor-container elementor-column-gap-default\">\n\t\t\t\t\t<div class=\"elementor-column elementor-col-100 elementor-top-column elementor-element elementor-element-4fbfc143\" data-id=\"4fbfc143\" data-element_type=\"column\" data-e-type=\"column\">\n\t\t\t<div class=\"elementor-widget-wrap elementor-element-populated\">\n\t\t\t\t\t\t<div class=\"elementor-element elementor-element-343da0b7 elementor-widget elementor-widget-text-editor\" data-id=\"343da0b7\" data-element_type=\"widget\" data-e-type=\"widget\" data-widget_type=\"text-editor.default\">\n\t\t\t\t<div class=\"elementor-widget-container\">\n\t\t\t\t\t\t\t\t\t<p>\u00a0<\/p>\n<p><span style=\"color: #033b62; font-family: Sniglet, cursive; font-size: 42px;\">Przedszkole Heliantus \u2013 nowy rozdzia\u0142, te same warto\u015bci, jeszcze wi\u0119cej mo\u017cliwo\u015bci<\/span><\/p>\n<p data-start=\"455\" data-end=\"830\">W <strong data-start=\"457\" data-end=\"470\">Heliantus<\/strong> wierzymy, \u017ce ka\u017cda zmiana mo\u017ce by\u0107 pocz\u0105tkiem czego\u015b pi\u0119knego. Od lipca rozpocz\u0119li\u015bmy nowy etap w historii naszego przedszkola \u2013 poszerzyli\u015bmy zesp\u00f3\u0142, zaprosili\u015bmy do wsp\u00f3\u0142pracy do\u015bwiadczonych <strong data-start=\"664\" data-end=\"680\">specjalist\u00f3w<\/strong> (logoped\u00f3w, psycholog\u00f3w, terapeut\u00f3w integracji sensorycznej, pedagog\u00f3w specjalnych), a nasze programy wzbogacili\u015bmy o nowe formy wsparcia i zabawy.<\/p>\n<p data-start=\"832\" data-end=\"1140\">Dzi\u015b tworzymy <strong data-start=\"846\" data-end=\"890\">silny, zaanga\u017cowany i pe\u0142en pasji zesp\u00f3\u0142<\/strong>, kt\u00f3ry ka\u017cdego dnia z trosk\u0105 i profesjonalizmem towarzyszy dzieciom w ich rozwoju. Nasz\u0105 ambicj\u0105 jest, aby ka\u017cde dziecko w <strong data-start=\"1014\" data-end=\"1027\">Heliantus<\/strong> czu\u0142o si\u0119 bezpieczne, kochane i doceniane, a rodzice mieli pewno\u015b\u0107, \u017ce oddaj\u0105 swoje pociechy w najlepsze r\u0119ce.<\/p>\n<blockquote data-start=\"1142\" data-end=\"1283\">\n<p data-start=\"1144\" data-end=\"1283\">\u201eMotywacja i zaanga\u017cowanie s\u0105 nasz\u0105 si\u0142\u0105 sprawcz\u0105\u201d \u2013 od 2008 roku budujemy miejsce, kt\u00f3re inspiruje, daje rado\u015b\u0107 i poczucie bezpiecze\u0144stwa.<\/p>\n<\/blockquote>\n<p data-start=\"1285\" data-end=\"1327\">Dzi\u0119ki nowej energii i \u015bwie\u017cym pomys\u0142om:<\/p>\n<ul data-start=\"1328\" data-end=\"1612\">\n<li data-start=\"1328\" data-end=\"1436\">\n<p data-start=\"1330\" data-end=\"1436\">jeszcze lepiej przygotowujemy dzieci do szko\u0142y \u2013 dbaj\u0105c o ich rozw\u00f3j fizyczny, emocjonalny, spo\u0142eczny i poznawczy,<\/p>\n<\/li>\n<li data-start=\"1437\" data-end=\"1514\">\n<p data-start=\"1439\" data-end=\"1514\">wspieramy naszych wychowank\u00f3w specjalistycznie, aby mogli w pe\u0142ni rozwin\u0105\u0107 sw\u00f3j potencja\u0142,<\/p>\n<\/li>\n<li data-start=\"1515\" data-end=\"1612\">\n<p data-start=\"1517\" data-end=\"1612\">tworzymy ciep\u0142\u0105 atmosfer\u0119, w kt\u00f3rej dzieci chc\u0105 przebywa\u0107, a rodzice czuj\u0105 spok\u00f3j i zaufanie.<\/p>\n<\/li>\n<\/ul>\n<h4><b><span data-start=\"1614\" data-end=\"1627\">Heliantus<\/span> \u2013 tu zaczyna si\u0119 szcz\u0119\u015bliwe dzieci\u0144stwo.<\/b><\/h4>\n<h4><strong>Zapraszamy, by wsp\u00f3lnie pisa\u0107 ten nowy, pe\u0142en s\u0142o\u0144ca rozdzia\u0142!<\/strong><\/h4>\n<p><!-- \/wp:paragraph --><\/p>\t\t\t\t\t\t\t\t<\/div>\n\t\t\t\t<\/div>\n\t\t\t\t\t<\/div>\n\t\t<\/div>\n\t\t\t\t\t<\/div>\n\t\t<\/section>\n\t\t\t\t<section class=\"elementor-section elementor-top-section elementor-element elementor-element-5f9bae8 elementor-section-boxed elementor-section-height-default elementor-section-height-default\" data-id=\"5f9bae8\" data-element_type=\"section\" data-e-type=\"section\">\n\t\t\t\t\t\t<div class=\"elementor-container elementor-column-gap-default\">\n\t\t\t\t\t\t<\/div>\n\t\t<\/section>\n\t\t\t\t<section class=\"elementor-section elementor-top-section elementor-element elementor-element-5eef764 elementor-section-boxed elementor-section-height-default elementor-section-height-default\" data-id=\"5eef764\" data-element_type=\"section\" data-e-type=\"section\">\n\t\t\t\t\t\t<div class=\"elementor-container elementor-column-gap-default\">\n\t\t\t\t\t\t<\/div>\n\t\t<\/section>\n\t\t\t\t<section class=\"elementor-section elementor-top-section elementor-element elementor-element-de27ddc elementor-section-boxed elementor-section-height-default elementor-section-height-default\" data-id=\"de27ddc\" data-element_type=\"section\" data-e-type=\"section\">\n\t\t\t\t\t\t<div class=\"elementor-container elementor-column-gap-default\">\n\t\t\t\t\t\t<\/div>\n\t\t<\/section>\n\t\t\t\t<section class=\"elementor-section elementor-top-section elementor-element elementor-element-894b684 elementor-section-boxed elementor-section-height-default elementor-section-height-default\" data-id=\"894b684\" data-element_type=\"section\" data-e-type=\"section\">\n\t\t\t\t\t\t<div class=\"elementor-container elementor-column-gap-default\">\n\t\t\t\t\t\t<\/div>\n\t\t<\/section>\n\t\t\t\t<section class=\"elementor-section elementor-top-section elementor-element elementor-element-e91ef11 elementor-section-boxed elementor-section-height-default elementor-section-height-default\" data-id=\"e91ef11\" data-element_type=\"section\" data-e-type=\"section\">\n\t\t\t\t\t\t<div class=\"elementor-container elementor-column-gap-default\">\n\t\t\t\t\t<div class=\"elementor-column elementor-col-20 elementor-top-column elementor-element elementor-element-ce02fe8\" data-id=\"ce02fe8\" data-element_type=\"column\" data-e-type=\"column\">\n\t\t\t<div class=\"elementor-widget-wrap elementor-element-populated\">\n\t\t\t\t\t\t<div class=\"elementor-element elementor-element-3b1e5b2 elementor-widget elementor-widget-image\" data-id=\"3b1e5b2\" data-element_type=\"widget\" data-e-type=\"widget\" data-widget_type=\"image.default\">\n\t\t\t\t<div class=\"elementor-widget-container\">\n\t\t\t\t\t\t\t\t\t\t\t\t\t\t\t<img decoding=\"async\" width=\"640\" height=\"853\" src=\"https:\/\/heliantus.pl\/przedszkole\/wp-content\/uploads\/2026\/01\/0-4-768x1024.jpg\" class=\"attachment-large size-large wp-image-824\" alt=\"\" srcset=\"https:\/\/heliantus.pl\/przedszkole\/wp-content\/uploads\/2026\/01\/0-4-768x1024.jpg 768w, https:\/\/heliantus.pl\/przedszkole\/wp-content\/uploads\/2026\/01\/0-4-225x300.jpg 225w, https:\/\/heliantus.pl\/przedszkole\/wp-content\/uploads\/2026\/01\/0-4.jpg 1062w\" sizes=\"(max-width: 640px) 100vw, 640px\" \/>\t\t\t\t\t\t\t\t\t\t\t\t\t\t\t<\/div>\n\t\t\t\t<\/div>\n\t\t\t\t\t<\/div>\n\t\t<\/div>\n\t\t\t\t<div class=\"elementor-column elementor-col-20 elementor-top-column elementor-element elementor-element-eb8fc71\" data-id=\"eb8fc71\" data-element_type=\"column\" data-e-type=\"column\">\n\t\t\t<div class=\"elementor-widget-wrap elementor-element-populated\">\n\t\t\t\t\t\t<div class=\"elementor-element elementor-element-3fa8f21 elementor-widget elementor-widget-image\" data-id=\"3fa8f21\" data-element_type=\"widget\" data-e-type=\"widget\" data-widget_type=\"image.default\">\n\t\t\t\t<div class=\"elementor-widget-container\">\n\t\t\t\t\t\t\t\t\t\t\t\t\t\t\t<img decoding=\"async\" width=\"640\" height=\"853\" src=\"https:\/\/heliantus.pl\/przedszkole\/wp-content\/uploads\/2026\/01\/0-1-768x1024.jpg\" class=\"attachment-large size-large wp-image-821\" alt=\"\" srcset=\"https:\/\/heliantus.pl\/przedszkole\/wp-content\/uploads\/2026\/01\/0-1-768x1024.jpg 768w, https:\/\/heliantus.pl\/przedszkole\/wp-content\/uploads\/2026\/01\/0-1-225x300.jpg 225w, https:\/\/heliantus.pl\/przedszkole\/wp-content\/uploads\/2026\/01\/0-1.jpg 1062w\" sizes=\"(max-width: 640px) 100vw, 640px\" \/>\t\t\t\t\t\t\t\t\t\t\t\t\t\t\t<\/div>\n\t\t\t\t<\/div>\n\t\t\t\t\t<\/div>\n\t\t<\/div>\n\t\t\t\t<div class=\"elementor-column elementor-col-20 elementor-top-column elementor-element elementor-element-7e4d831\" data-id=\"7e4d831\" data-element_type=\"column\" data-e-type=\"column\">\n\t\t\t<div class=\"elementor-widget-wrap elementor-element-populated\">\n\t\t\t\t\t\t<div class=\"elementor-element elementor-element-f491117 elementor-widget elementor-widget-image\" data-id=\"f491117\" data-element_type=\"widget\" data-e-type=\"widget\" data-widget_type=\"image.default\">\n\t\t\t\t<div class=\"elementor-widget-container\">\n\t\t\t\t\t\t\t\t\t\t\t\t\t\t\t<img loading=\"lazy\" decoding=\"async\" width=\"640\" height=\"853\" src=\"https:\/\/heliantus.pl\/przedszkole\/wp-content\/uploads\/2026\/01\/0-768x1024.jpg\" class=\"attachment-large size-large wp-image-820\" alt=\"\" srcset=\"https:\/\/heliantus.pl\/przedszkole\/wp-content\/uploads\/2026\/01\/0-768x1024.jpg 768w, https:\/\/heliantus.pl\/przedszkole\/wp-content\/uploads\/2026\/01\/0-225x300.jpg 225w, https:\/\/heliantus.pl\/przedszkole\/wp-content\/uploads\/2026\/01\/0.jpg 1096w\" sizes=\"(max-width: 640px) 100vw, 640px\" \/>\t\t\t\t\t\t\t\t\t\t\t\t\t\t\t<\/div>\n\t\t\t\t<\/div>\n\t\t\t\t\t<\/div>\n\t\t<\/div>\n\t\t\t\t<div class=\"elementor-column elementor-col-20 elementor-top-column elementor-element elementor-element-bf9630b\" data-id=\"bf9630b\" data-element_type=\"column\" data-e-type=\"column\">\n\t\t\t<div class=\"elementor-widget-wrap elementor-element-populated\">\n\t\t\t\t\t\t<div class=\"elementor-element elementor-element-3343453 elementor-widget elementor-widget-image\" data-id=\"3343453\" data-element_type=\"widget\" data-e-type=\"widget\" data-widget_type=\"image.default\">\n\t\t\t\t<div class=\"elementor-widget-container\">\n\t\t\t\t\t\t\t\t\t\t\t\t\t\t\t<img loading=\"lazy\" decoding=\"async\" width=\"640\" height=\"853\" src=\"https:\/\/heliantus.pl\/przedszkole\/wp-content\/uploads\/2026\/01\/0-6-768x1024.jpg\" class=\"attachment-large size-large wp-image-826\" alt=\"\" srcset=\"https:\/\/heliantus.pl\/przedszkole\/wp-content\/uploads\/2026\/01\/0-6-768x1024.jpg 768w, https:\/\/heliantus.pl\/przedszkole\/wp-content\/uploads\/2026\/01\/0-6-225x300.jpg 225w, https:\/\/heliantus.pl\/przedszkole\/wp-content\/uploads\/2026\/01\/0-6.jpg 1062w\" sizes=\"(max-width: 640px) 100vw, 640px\" \/>\t\t\t\t\t\t\t\t\t\t\t\t\t\t\t<\/div>\n\t\t\t\t<\/div>\n\t\t\t\t\t<\/div>\n\t\t<\/div>\n\t\t\t\t<div class=\"elementor-column elementor-col-20 elementor-top-column elementor-element elementor-element-db1dcbe\" data-id=\"db1dcbe\" data-element_type=\"column\" data-e-type=\"column\">\n\t\t\t<div class=\"elementor-widget-wrap elementor-element-populated\">\n\t\t\t\t\t\t<div class=\"elementor-element elementor-element-c4645a8 elementor-widget elementor-widget-image\" data-id=\"c4645a8\" data-element_type=\"widget\" data-e-type=\"widget\" data-widget_type=\"image.default\">\n\t\t\t\t<div class=\"elementor-widget-container\">\n\t\t\t\t\t\t\t\t\t\t\t\t\t\t\t<img loading=\"lazy\" decoding=\"async\" width=\"640\" height=\"853\" src=\"https:\/\/heliantus.pl\/przedszkole\/wp-content\/uploads\/2026\/01\/0-5-768x1024.jpg\" class=\"attachment-large size-large wp-image-825\" alt=\"\" srcset=\"https:\/\/heliantus.pl\/przedszkole\/wp-content\/uploads\/2026\/01\/0-5-768x1024.jpg 768w, https:\/\/heliantus.pl\/przedszkole\/wp-content\/uploads\/2026\/01\/0-5-225x300.jpg 225w, https:\/\/heliantus.pl\/przedszkole\/wp-content\/uploads\/2026\/01\/0-5.jpg 1062w\" sizes=\"(max-width: 640px) 100vw, 640px\" \/>\t\t\t\t\t\t\t\t\t\t\t\t\t\t\t<\/div>\n\t\t\t\t<\/div>\n\t\t\t\t\t<\/div>\n\t\t<\/div>\n\t\t\t\t\t<\/div>\n\t\t<\/section>\n\t\t\t\t<section class=\"elementor-section elementor-top-section elementor-element elementor-element-02a8d04 elementor-section-boxed elementor-section-height-default elementor-section-height-default\" data-id=\"02a8d04\" data-element_type=\"section\" data-e-type=\"section\">\n\t\t\t\t\t\t<div class=\"elementor-container elementor-column-gap-default\">\n\t\t\t\t\t<div class=\"elementor-column elementor-col-50 elementor-top-column elementor-element elementor-element-6b7d127\" data-id=\"6b7d127\" data-element_type=\"column\" data-e-type=\"column\">\n\t\t\t<div class=\"elementor-widget-wrap elementor-element-populated\">\n\t\t\t\t\t\t<div class=\"elementor-element elementor-element-a01335b elementor-widget__width-initial elementor-widget elementor-widget-text-editor\" data-id=\"a01335b\" data-element_type=\"widget\" data-e-type=\"widget\" data-widget_type=\"text-editor.default\">\n\t\t\t\t<div class=\"elementor-widget-container\">\n\t\t\t\t\t\t\t\t\t<h3><strong>KOCHANI RODZICE,<\/strong><\/h3>\n<h4><strong>6 LUTEGO 2026<\/strong><\/h4>\n<h4><strong>RUSZA REKRUTACJA DO SZE\u015aCIOLATK\u00d3W<\/strong><\/h4>\n<h4><strong>LICZBA MIEJSC OGRANICZONA<\/strong><\/h4>\n<h4><strong>WI\u0118CEJ: <a href=\"https:\/\/heliantus.pl\/przedszkole\/rekrutacja-zerowka\/\">https:\/\/heliantus.pl\/przedszkole\/rekrutacja-zerowka\/<\/a><\/strong><\/h4>\n<h4><strong>CZEKAMY NA WAS\u00a0\u00a0<\/strong><\/h4>\t\t\t\t\t\t\t\t<\/div>\n\t\t\t\t<\/div>\n\t\t\t\t\t<\/div>\n\t\t<\/div>\n\t\t\t\t<div class=\"elementor-column elementor-col-50 elementor-top-column elementor-element elementor-element-1e2c1a0\" data-id=\"1e2c1a0\" data-element_type=\"column\" data-e-type=\"column\">\n\t\t\t<div class=\"elementor-widget-wrap elementor-element-populated\">\n\t\t\t\t\t\t<div class=\"elementor-element elementor-element-d95171a elementor-widget__width-initial elementor-widget elementor-widget-image\" data-id=\"d95171a\" data-element_type=\"widget\" data-e-type=\"widget\" data-widget_type=\"image.default\">\n\t\t\t\t<div class=\"elementor-widget-container\">\n\t\t\t\t\t\t\t\t\t\t\t\t\t\t\t<img loading=\"lazy\" decoding=\"async\" width=\"640\" height=\"947\" src=\"https:\/\/heliantus.pl\/przedszkole\/wp-content\/uploads\/2026\/02\/unnamed-5-692x1024.jpg\" class=\"attachment-large size-large wp-image-1234\" alt=\"\" srcset=\"https:\/\/heliantus.pl\/przedszkole\/wp-content\/uploads\/2026\/02\/unnamed-5-692x1024.jpg 692w, https:\/\/heliantus.pl\/przedszkole\/wp-content\/uploads\/2026\/02\/unnamed-5-203x300.jpg 203w, https:\/\/heliantus.pl\/przedszkole\/wp-content\/uploads\/2026\/02\/unnamed-5-768x1136.jpg 768w, https:\/\/heliantus.pl\/przedszkole\/wp-content\/uploads\/2026\/02\/unnamed-5.jpg 908w\" sizes=\"(max-width: 640px) 100vw, 640px\" \/>\t\t\t\t\t\t\t\t\t\t\t\t\t\t\t<\/div>\n\t\t\t\t<\/div>\n\t\t\t\t\t<\/div>\n\t\t<\/div>\n\t\t\t\t\t<\/div>\n\t\t<\/section>\n\t\t\t\t<section class=\"elementor-section elementor-top-section elementor-element elementor-element-9ed0e00 elementor-section-boxed elementor-section-height-default elementor-section-height-default\" data-id=\"9ed0e00\" data-element_type=\"section\" data-e-type=\"section\">\n\t\t\t\t\t\t<div class=\"elementor-container elementor-column-gap-default\">\n\t\t\t\t\t<div class=\"elementor-column elementor-col-33 elementor-top-column elementor-element elementor-element-6dd4f60\" data-id=\"6dd4f60\" data-element_type=\"column\" data-e-type=\"column\">\n\t\t\t<div class=\"elementor-widget-wrap elementor-element-populated\">\n\t\t\t\t\t\t<div class=\"elementor-element elementor-element-dac085d elementor-widget elementor-widget-text-editor\" data-id=\"dac085d\" data-element_type=\"widget\" data-e-type=\"widget\" data-widget_type=\"text-editor.default\">\n\t\t\t\t<div class=\"elementor-widget-container\">\n\t\t\t\t\t\t\t\t\t<h4><strong>KOCHANI RODZICE,<\/strong><\/h4><h4><strong>ROZPOCZYNAMY ZAPISY DO GRUPY \u017bABKI\u00a0<\/strong><\/h4><h4><strong>PRZYJMUJEMY DZIECI Z ROCZNIKA 2023<\/strong><\/h4><h4><strong>GRUPY LICZ\u0104 8-10 OS\u00d3B\u00a0<\/strong><\/h4><h4><strong>OD 20 LUTEGO 2026 ROZPOCZYNAMY DNI OTWARTE PO\u0141\u0104CZONE Z ADAPTACJ\u0104 W KA\u017bDY PIATEK W GODZINACH 11.00-13.00<\/strong><\/h4><h4><strong>POZNACIE NAS BLI\u017bEJ<\/strong><\/h4><h4><strong>WI\u0118CEJ NA:\u00a0<\/strong><\/h4><h4><strong><a href=\"https:\/\/heliantus.pl\/przedszkole\/rekrutacja-dzieci-3-5-letnie\/\">https:\/\/heliantus.pl\/przedszkole\/rekrutacja-dzieci-3-5-letnie\/<\/a><\/strong><\/h4><h4>\u00a0<\/h4>\t\t\t\t\t\t\t\t<\/div>\n\t\t\t\t<\/div>\n\t\t\t\t\t<\/div>\n\t\t<\/div>\n\t\t\t\t<div class=\"elementor-column elementor-col-33 elementor-top-column elementor-element elementor-element-e3a51a6\" data-id=\"e3a51a6\" data-element_type=\"column\" data-e-type=\"column\">\n\t\t\t<div class=\"elementor-widget-wrap elementor-element-populated\">\n\t\t\t\t\t\t<div class=\"elementor-element elementor-element-8b47b3f elementor-widget elementor-widget-image\" data-id=\"8b47b3f\" data-element_type=\"widget\" data-e-type=\"widget\" data-widget_type=\"image.default\">\n\t\t\t\t<div class=\"elementor-widget-container\">\n\t\t\t\t\t\t\t\t\t\t\t\t\t\t\t<img loading=\"lazy\" decoding=\"async\" width=\"640\" height=\"969\" src=\"https:\/\/heliantus.pl\/przedszkole\/wp-content\/uploads\/2026\/02\/Zrzut-ekranu-2026-02-10-151529-4-676x1024.png\" class=\"attachment-large size-large wp-image-1343\" alt=\"\" srcset=\"https:\/\/heliantus.pl\/przedszkole\/wp-content\/uploads\/2026\/02\/Zrzut-ekranu-2026-02-10-151529-4-676x1024.png 676w, https:\/\/heliantus.pl\/przedszkole\/wp-content\/uploads\/2026\/02\/Zrzut-ekranu-2026-02-10-151529-4-198x300.png 198w, https:\/\/heliantus.pl\/przedszkole\/wp-content\/uploads\/2026\/02\/Zrzut-ekranu-2026-02-10-151529-4.png 758w\" sizes=\"(max-width: 640px) 100vw, 640px\" \/>\t\t\t\t\t\t\t\t\t\t\t\t\t\t\t<\/div>\n\t\t\t\t<\/div>\n\t\t\t\t\t<\/div>\n\t\t<\/div>\n\t\t\t\t<div class=\"elementor-column elementor-col-33 elementor-top-column elementor-element elementor-element-1f1c555\" data-id=\"1f1c555\" data-element_type=\"column\" data-e-type=\"column\">\n\t\t\t<div class=\"elementor-widget-wrap elementor-element-populated\">\n\t\t\t\t\t\t<div class=\"elementor-element elementor-element-bd28f4b elementor-widget elementor-widget-image\" data-id=\"bd28f4b\" data-element_type=\"widget\" data-e-type=\"widget\" data-widget_type=\"image.default\">\n\t\t\t\t<div class=\"elementor-widget-container\">\n\t\t\t\t\t\t\t\t\t\t\t\t\t\t\t<img loading=\"lazy\" decoding=\"async\" width=\"640\" height=\"955\" src=\"https:\/\/heliantus.pl\/przedszkole\/wp-content\/uploads\/2026\/02\/Zrzut-ekranu-2026-02-11-095047-1-686x1024.png\" class=\"attachment-large size-large wp-image-1342\" alt=\"\" srcset=\"https:\/\/heliantus.pl\/przedszkole\/wp-content\/uploads\/2026\/02\/Zrzut-ekranu-2026-02-11-095047-1-686x1024.png 686w, https:\/\/heliantus.pl\/przedszkole\/wp-content\/uploads\/2026\/02\/Zrzut-ekranu-2026-02-11-095047-1-201x300.png 201w, https:\/\/heliantus.pl\/przedszkole\/wp-content\/uploads\/2026\/02\/Zrzut-ekranu-2026-02-11-095047-1-768x1147.png 768w, https:\/\/heliantus.pl\/przedszkole\/wp-content\/uploads\/2026\/02\/Zrzut-ekranu-2026-02-11-095047-1.png 787w\" sizes=\"(max-width: 640px) 100vw, 640px\" \/>\t\t\t\t\t\t\t\t\t\t\t\t\t\t\t<\/div>\n\t\t\t\t<\/div>\n\t\t\t\t\t<\/div>\n\t\t<\/div>\n\t\t\t\t\t<\/div>\n\t\t<\/section>\n\t\t\t\t<\/div>\n\t\t","protected":false},"excerpt":{"rendered":"<p>\u00a0 Przedszkole Heliantus \u2013 nowy rozdzia\u0142, te same warto\u015bci, jeszcze wi\u0119cej mo\u017cliwo\u015bci W Heliantus wierzymy, \u017ce ka\u017cda zmiana mo\u017ce by\u0107 pocz\u0105tkiem czego\u015b pi\u0119knego. Od lipca [&hellip;]<\/p>\n","protected":false},"author":1,"featured_media":75,"parent":0,"menu_order":0,"comment_status":"closed","ping_status":"closed","template":"","meta":{"_eb_attr":"","_monsterinsights_skip_tracking":false,"_monsterinsights_sitenote_active":false,"_monsterinsights_sitenote_note":"","_monsterinsights_sitenote_category":0,"_uf_show_specific_survey":0,"_uf_disable_surveys":false,"footnotes":""},"class_list":["post-72","page","type-page","status-publish","has-post-thumbnail","hentry"],"aioseo_notices":[],"_links":{"self":[{"href":"https:\/\/heliantus.pl\/przedszkole\/wp-json\/wp\/v2\/pages\/72","targetHints":{"allow":["GET"]}}],"collection":[{"href":"https:\/\/heliantus.pl\/przedszkole\/wp-json\/wp\/v2\/pages"}],"about":[{"href":"https:\/\/heliantus.pl\/przedszkole\/wp-json\/wp\/v2\/types\/page"}],"author":[{"embeddable":true,"href":"https:\/\/heliantus.pl\/przedszkole\/wp-json\/wp\/v2\/users\/1"}],"replies":[{"embeddable":true,"href":"https:\/\/heliantus.pl\/przedszkole\/wp-json\/wp\/v2\/comments?post=72"}],"version-history":[{"count":74,"href":"https:\/\/heliantus.pl\/przedszkole\/wp-json\/wp\/v2\/pages\/72\/revisions"}],"predecessor-version":[{"id":1355,"href":"https:\/\/heliantus.pl\/przedszkole\/wp-json\/wp\/v2\/pages\/72\/revisions\/1355"}],"wp:featuredmedia":[{"embeddable":true,"href":"https:\/\/heliantus.pl\/przedszkole\/wp-json\/wp\/v2\/media\/75"}],"wp:attachment":[{"href":"https:\/\/heliantus.pl\/przedszkole\/wp-json\/wp\/v2\/media?parent=72"}],"curies":[{"name":"wp","href":"https:\/\/api.w.org\/{rel}","templated":true}]}}