{"id":50,"date":"2021-02-03T22:19:36","date_gmt":"2021-02-03T21:19:36","guid":{"rendered":"http:\/\/przedszkole.heliantus.pl\/?page_id=50"},"modified":"2025-08-12T18:51:29","modified_gmt":"2025-08-12T16:51:29","slug":"angielski","status":"publish","type":"page","link":"https:\/\/heliantus.pl\/przedszkole\/angielski\/","title":{"rendered":"J\u0119zyk angielski"},"content":{"rendered":"\t\t<div data-elementor-type=\"wp-page\" data-elementor-id=\"50\" class=\"elementor elementor-50\">\n\t\t\t\t\t\t<section class=\"elementor-section elementor-top-section elementor-element elementor-element-5c650672 elementor-section-boxed elementor-section-height-default elementor-section-height-default\" data-id=\"5c650672\" data-element_type=\"section\" data-e-type=\"section\">\n\t\t\t\t\t\t<div class=\"elementor-container elementor-column-gap-default\">\n\t\t\t\t\t<div class=\"elementor-column elementor-col-100 elementor-top-column elementor-element elementor-element-74a0750b\" data-id=\"74a0750b\" data-element_type=\"column\" data-e-type=\"column\">\n\t\t\t<div class=\"elementor-widget-wrap elementor-element-populated\">\n\t\t\t\t\t\t<div class=\"elementor-element elementor-element-98c836d elementor-widget elementor-widget-text-editor\" data-id=\"98c836d\" data-element_type=\"widget\" data-e-type=\"widget\" data-widget_type=\"text-editor.default\">\n\t\t\t\t<div class=\"elementor-widget-container\">\n\t\t\t\t\t\t\t\t\t<p>W \u015bwiecie w jakim przysz\u0142o mam \u017cy\u0107, w klimacie globalizacji wa\u017cne jest nabycie umiej\u0119tno\u015bci wsp\u00f3\u0142\u017cycia w \u015brodowisku wielokulturowym, wieloj\u0119zykowym, wielonarodowo\u015bciowym. Znajomo\u015b\u0107 obcych j\u0119zyk\u00f3w jest motorem, narz\u0119dziem s\u0142u\u017c\u0105cym do wzajemnego zrozumienia i wykorzystania r\u00f3\u017cnic kulturowych ku lepszemu zrozumieniu i wsp\u00f3\u0142istnieniu w dzisiejszym &#8222;p\u0142askim&#8221; \u015bwiecie.<\/p><p>Je\u015bli dziecko we wczesnym wieku pojmie wielokulturowo\u015b\u0107 \u015bwiata, b\u0119dzie mu \u0142atwiej jako doros\u0142ej osobie dostosowywa\u0107 si\u0119 do \u017cycia w szybko zmieniaj\u0105cej si\u0119 wielokulturowej rzeczywisto\u015bci naszego \u015bwiata. Nauka j\u0119zyk\u00f3w obcych eliminuje w du\u017cej mierze l\u0119k przed nieznanym, b\u0119d\u0105cym jednym z g\u0142\u00f3wnych element\u00f3w blokuj\u0105cych skuteczne dzia\u0142anie.<\/p><p>Nauka j\u0119zyka angielskiego odbywa si\u0119 dwutorowo &#8211; poprzez tradycyjnie gry i zabawy w j. angielskim z nauczycielem<strong> (4 razy w tygodniu zaj\u0119cia z j. angielskiego w grupach wiekowych 2,5-5 latkach<\/strong>) oraz <b>codziennie w 6-latkach<\/b> poprzez imersj\u0119 &#8211; stworzenie realnego, naturalnego \u015brodowiska do nauki j\u0119zyka obcego. W czasie zwyk\u0142ych czynno\u015bci dnia przedszkolnego nauczyciel j. angielskiego jest obecny w grupie &#8222;przedszkolnej &#8222;zer\u00f3wkowej&#8221; i motywuje dzieci do komunikacji w obcym j\u0119zyku.\u00a0<\/p><p><strong>Grupy\u00a0dzieci 6-letnich obj\u0119te s\u0105 rozszerzonym programem \u00a0angloj\u0119zycznym<\/strong>.<\/p><p>W ramach tego programu dzieci maj\u0105 okazj\u0119 sp\u0119dza\u0107 czas z nauczycielem, porozumiewaj\u0105cym si\u0119 z nimi po angielsku, kt\u00f3ry maj\u0105c do zaproponowania dzieciom wiele ciekawych projekt\u00f3w zach\u0119ca je do podj\u0119cia wysi\u0142ku komunikacji. Nauczyciel \u00a0stwarza warunki do naturalnego uczenia si\u0119 j\u0119zyka poprzez kontekst, mow\u0119 cia\u0142a i powtarzanie, umiej\u0119tnie wykorzystuj\u0105c fakt, \u017ce dziecko uczy si\u0119 tego czego poszukuje i potrzebuje, a nie tego co jest mu narzucone. Nauczyciel j. angielskiego uczestniczy w \u017cyciu grupy, stwarzaj\u0105c jednocze\u015bnie szans\u0119 do komunikacji podczas codziennych czynno\u015bci \u017cycia przedszkolnego. Dzieci s\u0142uchaj\u0105 czytanych bajek, uczestnicz\u0105 w przedstawieniach, przebywaj\u0105 z native speakerem.\u00a0<\/p><h4>J<b>\u0119zyk angielski prowadzony jest wed\u0142ug Autorskiego Programu Przedszkola Heliantus<\/b><\/h4>\t\t\t\t\t\t\t\t<\/div>\n\t\t\t\t<\/div>\n\t\t\t\t\t<\/div>\n\t\t<\/div>\n\t\t\t\t\t<\/div>\n\t\t<\/section>\n\t\t\t\t<section class=\"elementor-section elementor-top-section elementor-element elementor-element-737a36f elementor-section-boxed elementor-section-height-default elementor-section-height-default\" data-id=\"737a36f\" data-element_type=\"section\" data-e-type=\"section\">\n\t\t\t\t\t\t<div class=\"elementor-container elementor-column-gap-default\">\n\t\t\t\t\t<div class=\"elementor-column elementor-col-25 elementor-top-column elementor-element elementor-element-7a63aaa\" data-id=\"7a63aaa\" data-element_type=\"column\" data-e-type=\"column\">\n\t\t\t<div class=\"elementor-widget-wrap elementor-element-populated\">\n\t\t\t\t\t\t<div class=\"elementor-element elementor-element-e2b6493 elementor-widget__width-initial elementor-widget elementor-widget-image\" data-id=\"e2b6493\" data-element_type=\"widget\" data-e-type=\"widget\" data-widget_type=\"image.default\">\n\t\t\t\t<div class=\"elementor-widget-container\">\n\t\t\t\t\t\t\t\t\t\t\t\t\t\t\t<img fetchpriority=\"high\" decoding=\"async\" width=\"640\" height=\"960\" src=\"https:\/\/heliantus.pl\/przedszkole\/wp-content\/uploads\/2025\/08\/ChatGPT-Image-12-sie-2025-18_08_53-683x1024.png\" class=\"attachment-large size-large wp-image-755\" alt=\"\" srcset=\"https:\/\/heliantus.pl\/przedszkole\/wp-content\/uploads\/2025\/08\/ChatGPT-Image-12-sie-2025-18_08_53-683x1024.png 683w, https:\/\/heliantus.pl\/przedszkole\/wp-content\/uploads\/2025\/08\/ChatGPT-Image-12-sie-2025-18_08_53-200x300.png 200w, https:\/\/heliantus.pl\/przedszkole\/wp-content\/uploads\/2025\/08\/ChatGPT-Image-12-sie-2025-18_08_53-768x1152.png 768w, https:\/\/heliantus.pl\/przedszkole\/wp-content\/uploads\/2025\/08\/ChatGPT-Image-12-sie-2025-18_08_53.png 1024w\" sizes=\"(max-width: 640px) 100vw, 640px\" \/>\t\t\t\t\t\t\t\t\t\t\t\t\t\t\t<\/div>\n\t\t\t\t<\/div>\n\t\t\t\t<div class=\"elementor-element elementor-element-3bd183c elementor-widget__width-initial elementor-widget elementor-widget-image\" data-id=\"3bd183c\" data-element_type=\"widget\" data-e-type=\"widget\" data-widget_type=\"image.default\">\n\t\t\t\t<div class=\"elementor-widget-container\">\n\t\t\t\t\t\t\t\t\t\t\t\t\t\t\t<img decoding=\"async\" width=\"640\" height=\"853\" src=\"https:\/\/heliantus.pl\/przedszkole\/wp-content\/uploads\/2025\/08\/530659883_681466791578911_6053989267978492857_n-768x1024.jpg\" class=\"attachment-large size-large wp-image-759\" alt=\"\" srcset=\"https:\/\/heliantus.pl\/przedszkole\/wp-content\/uploads\/2025\/08\/530659883_681466791578911_6053989267978492857_n-768x1024.jpg 768w, https:\/\/heliantus.pl\/przedszkole\/wp-content\/uploads\/2025\/08\/530659883_681466791578911_6053989267978492857_n-225x300.jpg 225w, https:\/\/heliantus.pl\/przedszkole\/wp-content\/uploads\/2025\/08\/530659883_681466791578911_6053989267978492857_n-1152x1536.jpg 1152w, https:\/\/heliantus.pl\/przedszkole\/wp-content\/uploads\/2025\/08\/530659883_681466791578911_6053989267978492857_n.jpg 1536w\" sizes=\"(max-width: 640px) 100vw, 640px\" \/>\t\t\t\t\t\t\t\t\t\t\t\t\t\t\t<\/div>\n\t\t\t\t<\/div>\n\t\t\t\t\t<\/div>\n\t\t<\/div>\n\t\t\t\t<div class=\"elementor-column elementor-col-25 elementor-top-column elementor-element elementor-element-f95b337\" data-id=\"f95b337\" data-element_type=\"column\" data-e-type=\"column\">\n\t\t\t<div class=\"elementor-widget-wrap elementor-element-populated\">\n\t\t\t\t\t\t<div class=\"elementor-element elementor-element-32eada6 elementor-widget__width-initial elementor-widget elementor-widget-image\" data-id=\"32eada6\" data-element_type=\"widget\" data-e-type=\"widget\" data-widget_type=\"image.default\">\n\t\t\t\t<div class=\"elementor-widget-container\">\n\t\t\t\t\t\t\t\t\t\t\t\t\t\t\t<img decoding=\"async\" width=\"640\" height=\"960\" src=\"https:\/\/heliantus.pl\/przedszkole\/wp-content\/uploads\/2025\/08\/b3046220-0f5d-4a51-af12-af91a5ae530a-683x1024.png\" class=\"attachment-large size-large wp-image-756\" alt=\"\" srcset=\"https:\/\/heliantus.pl\/przedszkole\/wp-content\/uploads\/2025\/08\/b3046220-0f5d-4a51-af12-af91a5ae530a-683x1024.png 683w, https:\/\/heliantus.pl\/przedszkole\/wp-content\/uploads\/2025\/08\/b3046220-0f5d-4a51-af12-af91a5ae530a-200x300.png 200w, https:\/\/heliantus.pl\/przedszkole\/wp-content\/uploads\/2025\/08\/b3046220-0f5d-4a51-af12-af91a5ae530a-768x1152.png 768w, https:\/\/heliantus.pl\/przedszkole\/wp-content\/uploads\/2025\/08\/b3046220-0f5d-4a51-af12-af91a5ae530a.png 1024w\" sizes=\"(max-width: 640px) 100vw, 640px\" \/>\t\t\t\t\t\t\t\t\t\t\t\t\t\t\t<\/div>\n\t\t\t\t<\/div>\n\t\t\t\t<div class=\"elementor-element elementor-element-b7a8032 elementor-widget__width-initial elementor-widget elementor-widget-image\" data-id=\"b7a8032\" data-element_type=\"widget\" data-e-type=\"widget\" data-widget_type=\"image.default\">\n\t\t\t\t<div class=\"elementor-widget-container\">\n\t\t\t\t\t\t\t\t\t\t\t\t\t\t\t<img loading=\"lazy\" decoding=\"async\" width=\"640\" height=\"853\" src=\"https:\/\/heliantus.pl\/przedszkole\/wp-content\/uploads\/2025\/08\/530738835_681466624912261_374560535056140690_n-768x1024.jpg\" class=\"attachment-large size-large wp-image-761\" alt=\"\" srcset=\"https:\/\/heliantus.pl\/przedszkole\/wp-content\/uploads\/2025\/08\/530738835_681466624912261_374560535056140690_n-768x1024.jpg 768w, https:\/\/heliantus.pl\/przedszkole\/wp-content\/uploads\/2025\/08\/530738835_681466624912261_374560535056140690_n-225x300.jpg 225w, https:\/\/heliantus.pl\/przedszkole\/wp-content\/uploads\/2025\/08\/530738835_681466624912261_374560535056140690_n-1152x1536.jpg 1152w, https:\/\/heliantus.pl\/przedszkole\/wp-content\/uploads\/2025\/08\/530738835_681466624912261_374560535056140690_n.jpg 1536w\" sizes=\"(max-width: 640px) 100vw, 640px\" \/>\t\t\t\t\t\t\t\t\t\t\t\t\t\t\t<\/div>\n\t\t\t\t<\/div>\n\t\t\t\t\t<\/div>\n\t\t<\/div>\n\t\t\t\t<div class=\"elementor-column elementor-col-25 elementor-top-column elementor-element elementor-element-93fab68\" data-id=\"93fab68\" data-element_type=\"column\" data-e-type=\"column\">\n\t\t\t<div class=\"elementor-widget-wrap elementor-element-populated\">\n\t\t\t\t\t\t<div class=\"elementor-element elementor-element-8e7cb46 elementor-widget__width-initial elementor-widget elementor-widget-image\" data-id=\"8e7cb46\" data-element_type=\"widget\" data-e-type=\"widget\" data-widget_type=\"image.default\">\n\t\t\t\t<div class=\"elementor-widget-container\">\n\t\t\t\t\t\t\t\t\t\t\t\t\t\t\t<img loading=\"lazy\" decoding=\"async\" width=\"640\" height=\"480\" src=\"https:\/\/heliantus.pl\/przedszkole\/wp-content\/uploads\/2025\/08\/486053669_573986005660324_8951666526980854896_n-1024x768.jpg\" class=\"attachment-large size-large wp-image-752\" alt=\"\" srcset=\"https:\/\/heliantus.pl\/przedszkole\/wp-content\/uploads\/2025\/08\/486053669_573986005660324_8951666526980854896_n-1024x768.jpg 1024w, https:\/\/heliantus.pl\/przedszkole\/wp-content\/uploads\/2025\/08\/486053669_573986005660324_8951666526980854896_n-300x225.jpg 300w, https:\/\/heliantus.pl\/przedszkole\/wp-content\/uploads\/2025\/08\/486053669_573986005660324_8951666526980854896_n-768x576.jpg 768w, https:\/\/heliantus.pl\/przedszkole\/wp-content\/uploads\/2025\/08\/486053669_573986005660324_8951666526980854896_n.jpg 1440w\" sizes=\"(max-width: 640px) 100vw, 640px\" \/>\t\t\t\t\t\t\t\t\t\t\t\t\t\t\t<\/div>\n\t\t\t\t<\/div>\n\t\t\t\t<div class=\"elementor-element elementor-element-a00c621 elementor-widget__width-initial elementor-widget elementor-widget-image\" data-id=\"a00c621\" data-element_type=\"widget\" data-e-type=\"widget\" data-widget_type=\"image.default\">\n\t\t\t\t<div class=\"elementor-widget-container\">\n\t\t\t\t\t\t\t\t\t\t\t\t\t\t\t<img loading=\"lazy\" decoding=\"async\" width=\"640\" height=\"853\" src=\"https:\/\/heliantus.pl\/przedszkole\/wp-content\/uploads\/2025\/08\/532337918_681466558245601_6431953586168058480_n-768x1024.jpg\" class=\"attachment-large size-large wp-image-758\" alt=\"\" srcset=\"https:\/\/heliantus.pl\/przedszkole\/wp-content\/uploads\/2025\/08\/532337918_681466558245601_6431953586168058480_n-768x1024.jpg 768w, https:\/\/heliantus.pl\/przedszkole\/wp-content\/uploads\/2025\/08\/532337918_681466558245601_6431953586168058480_n-225x300.jpg 225w, https:\/\/heliantus.pl\/przedszkole\/wp-content\/uploads\/2025\/08\/532337918_681466558245601_6431953586168058480_n-1152x1536.jpg 1152w, https:\/\/heliantus.pl\/przedszkole\/wp-content\/uploads\/2025\/08\/532337918_681466558245601_6431953586168058480_n.jpg 1536w\" sizes=\"(max-width: 640px) 100vw, 640px\" \/>\t\t\t\t\t\t\t\t\t\t\t\t\t\t\t<\/div>\n\t\t\t\t<\/div>\n\t\t\t\t\t<\/div>\n\t\t<\/div>\n\t\t\t\t<div class=\"elementor-column elementor-col-25 elementor-top-column elementor-element elementor-element-bdc4cc2\" data-id=\"bdc4cc2\" data-element_type=\"column\" data-e-type=\"column\">\n\t\t\t<div class=\"elementor-widget-wrap elementor-element-populated\">\n\t\t\t\t\t\t<div class=\"elementor-element elementor-element-d991383 elementor-widget__width-initial elementor-widget elementor-widget-image\" data-id=\"d991383\" data-element_type=\"widget\" data-e-type=\"widget\" data-widget_type=\"image.default\">\n\t\t\t\t<div class=\"elementor-widget-container\">\n\t\t\t\t\t\t\t\t\t\t\t\t\t\t\t<img loading=\"lazy\" decoding=\"async\" width=\"609\" height=\"1024\" src=\"https:\/\/heliantus.pl\/przedszkole\/wp-content\/uploads\/2025\/08\/unnamed-1-609x1024.jpg\" class=\"attachment-large size-large wp-image-763\" alt=\"\" srcset=\"https:\/\/heliantus.pl\/przedszkole\/wp-content\/uploads\/2025\/08\/unnamed-1-609x1024.jpg 609w, https:\/\/heliantus.pl\/przedszkole\/wp-content\/uploads\/2025\/08\/unnamed-1-179x300.jpg 179w, https:\/\/heliantus.pl\/przedszkole\/wp-content\/uploads\/2025\/08\/unnamed-1-768x1290.jpg 768w, https:\/\/heliantus.pl\/przedszkole\/wp-content\/uploads\/2025\/08\/unnamed-1-914x1536.jpg 914w, https:\/\/heliantus.pl\/przedszkole\/wp-content\/uploads\/2025\/08\/unnamed-1.jpg 1041w\" sizes=\"(max-width: 609px) 100vw, 609px\" \/>\t\t\t\t\t\t\t\t\t\t\t\t\t\t\t<\/div>\n\t\t\t\t<\/div>\n\t\t\t\t<div class=\"elementor-element elementor-element-57c2b8f elementor-widget__width-initial elementor-widget elementor-widget-image\" data-id=\"57c2b8f\" data-element_type=\"widget\" data-e-type=\"widget\" data-widget_type=\"image.default\">\n\t\t\t\t<div class=\"elementor-widget-container\">\n\t\t\t\t\t\t\t\t\t\t\t\t\t\t\t<img loading=\"lazy\" decoding=\"async\" width=\"640\" height=\"480\" src=\"https:\/\/heliantus.pl\/przedszkole\/wp-content\/uploads\/2025\/08\/485733318_573986008993657_1762366396095044316_n-1024x768.jpg\" class=\"attachment-large size-large wp-image-751\" alt=\"\" srcset=\"https:\/\/heliantus.pl\/przedszkole\/wp-content\/uploads\/2025\/08\/485733318_573986008993657_1762366396095044316_n-1024x768.jpg 1024w, https:\/\/heliantus.pl\/przedszkole\/wp-content\/uploads\/2025\/08\/485733318_573986008993657_1762366396095044316_n-300x225.jpg 300w, https:\/\/heliantus.pl\/przedszkole\/wp-content\/uploads\/2025\/08\/485733318_573986008993657_1762366396095044316_n-768x576.jpg 768w, https:\/\/heliantus.pl\/przedszkole\/wp-content\/uploads\/2025\/08\/485733318_573986008993657_1762366396095044316_n.jpg 1440w\" sizes=\"(max-width: 640px) 100vw, 640px\" \/>\t\t\t\t\t\t\t\t\t\t\t\t\t\t\t<\/div>\n\t\t\t\t<\/div>\n\t\t\t\t\t<\/div>\n\t\t<\/div>\n\t\t\t\t\t<\/div>\n\t\t<\/section>\n\t\t\t\t<section class=\"elementor-section elementor-top-section elementor-element elementor-element-3d6f3d8 elementor-section-boxed elementor-section-height-default elementor-section-height-default\" data-id=\"3d6f3d8\" data-element_type=\"section\" data-e-type=\"section\">\n\t\t\t\t\t\t<div class=\"elementor-container elementor-column-gap-default\">\n\t\t\t\t\t<div class=\"elementor-column elementor-col-100 elementor-top-column elementor-element elementor-element-6356435\" data-id=\"6356435\" data-element_type=\"column\" data-e-type=\"column\">\n\t\t\t<div class=\"elementor-widget-wrap elementor-element-populated\">\n\t\t\t\t\t\t\t<\/div>\n\t\t<\/div>\n\t\t\t\t\t<\/div>\n\t\t<\/section>\n\t\t\t\t<section class=\"elementor-section elementor-top-section elementor-element elementor-element-ba353f2 elementor-section-boxed elementor-section-height-default elementor-section-height-default\" data-id=\"ba353f2\" data-element_type=\"section\" data-e-type=\"section\">\n\t\t\t\t\t\t<div class=\"elementor-container elementor-column-gap-default\">\n\t\t\t\t\t<div class=\"elementor-column elementor-col-100 elementor-top-column elementor-element elementor-element-6e6cfa0\" data-id=\"6e6cfa0\" data-element_type=\"column\" data-e-type=\"column\">\n\t\t\t<div class=\"elementor-widget-wrap\">\n\t\t\t\t\t\t\t<\/div>\n\t\t<\/div>\n\t\t\t\t\t<\/div>\n\t\t<\/section>\n\t\t\t\t<\/div>\n\t\t","protected":false},"excerpt":{"rendered":"<p>W \u015bwiecie w jakim przysz\u0142o mam \u017cy\u0107, w klimacie globalizacji wa\u017cne jest nabycie umiej\u0119tno\u015bci wsp\u00f3\u0142\u017cycia w \u015brodowisku wielokulturowym, wieloj\u0119zykowym, wielonarodowo\u015bciowym. Znajomo\u015b\u0107 obcych j\u0119zyk\u00f3w jest motorem, [&hellip;]<\/p>\n","protected":false},"author":1,"featured_media":329,"parent":0,"menu_order":0,"comment_status":"closed","ping_status":"closed","template":"","meta":{"_eb_attr":"","_monsterinsights_skip_tracking":false,"_monsterinsights_sitenote_active":false,"_monsterinsights_sitenote_note":"","_monsterinsights_sitenote_category":0,"_uf_show_specific_survey":0,"_uf_disable_surveys":false,"footnotes":""},"class_list":["post-50","page","type-page","status-publish","has-post-thumbnail","hentry"],"aioseo_notices":[],"_links":{"self":[{"href":"https:\/\/heliantus.pl\/przedszkole\/wp-json\/wp\/v2\/pages\/50","targetHints":{"allow":["GET"]}}],"collection":[{"href":"https:\/\/heliantus.pl\/przedszkole\/wp-json\/wp\/v2\/pages"}],"about":[{"href":"https:\/\/heliantus.pl\/przedszkole\/wp-json\/wp\/v2\/types\/page"}],"author":[{"embeddable":true,"href":"https:\/\/heliantus.pl\/przedszkole\/wp-json\/wp\/v2\/users\/1"}],"replies":[{"embeddable":true,"href":"https:\/\/heliantus.pl\/przedszkole\/wp-json\/wp\/v2\/comments?post=50"}],"version-history":[{"count":14,"href":"https:\/\/heliantus.pl\/przedszkole\/wp-json\/wp\/v2\/pages\/50\/revisions"}],"predecessor-version":[{"id":766,"href":"https:\/\/heliantus.pl\/przedszkole\/wp-json\/wp\/v2\/pages\/50\/revisions\/766"}],"wp:featuredmedia":[{"embeddable":true,"href":"https:\/\/heliantus.pl\/przedszkole\/wp-json\/wp\/v2\/media\/329"}],"wp:attachment":[{"href":"https:\/\/heliantus.pl\/przedszkole\/wp-json\/wp\/v2\/media?parent=50"}],"curies":[{"name":"wp","href":"https:\/\/api.w.org\/{rel}","templated":true}]}}