{"id":12,"date":"2021-01-25T23:28:22","date_gmt":"2021-01-25T22:28:22","guid":{"rendered":"http:\/\/przedszkole.heliantus.pl\/?page_id=12"},"modified":"2026-02-04T11:14:34","modified_gmt":"2026-02-04T10:14:34","slug":"o-nas","status":"publish","type":"page","link":"https:\/\/heliantus.pl\/przedszkole\/o-nas\/","title":{"rendered":"O nas"},"content":{"rendered":"\t\t<div data-elementor-type=\"wp-page\" data-elementor-id=\"12\" class=\"elementor elementor-12\">\n\t\t\t\t\t\t<section class=\"elementor-section elementor-top-section elementor-element elementor-element-5c68b35a elementor-section-boxed elementor-section-height-default elementor-section-height-default\" data-id=\"5c68b35a\" data-element_type=\"section\" data-e-type=\"section\">\n\t\t\t\t\t\t<div class=\"elementor-container elementor-column-gap-default\">\n\t\t\t\t\t<div class=\"elementor-column elementor-col-100 elementor-top-column elementor-element elementor-element-599e81f8\" data-id=\"599e81f8\" data-element_type=\"column\" data-e-type=\"column\">\n\t\t\t<div class=\"elementor-widget-wrap elementor-element-populated\">\n\t\t\t\t\t\t<div class=\"elementor-element elementor-element-53fba052 elementor-widget elementor-widget-text-editor\" data-id=\"53fba052\" data-element_type=\"widget\" data-e-type=\"widget\" data-widget_type=\"text-editor.default\">\n\t\t\t\t<div class=\"elementor-widget-container\">\n\t\t\t\t\t\t\t\t\t\n<p>\u00a0<\/p>\n\n<p>Edukacja w Przedszkolu Heliantus jest nasz\u0105 misj\u0105. Prawdziw\u0105 i wielk\u0105 energi\u0119 do tej pracy czerpie si\u0119 z wn\u0119trza, ze swojego powo\u0142ania, to rado\u015b\u0107 obserwacji i do\u015bwiadczania wzrostu podopiecznych jest najsilniejszym motorem naszego dzia\u0142ania. W centrum pracy zespo\u0142owej znajduje si\u0119 aktywne, samodzielne dziecko, kt\u00f3re z ciekawo\u015bci\u0105 do\u015bwiadcza r\u00f3\u017cnorodno\u015bci otaczaj\u0105cego \u015bwiata, buduj\u0105c wiedz\u0119 \u00a0z po\u015brednictwem nauczycieli, rodzic\u00f3w \u00a0i \u015brodowiska. Jeste\u015bmy pr\u0119\u017cn\u0105\u00a0 plac\u00f3wk\u0105, kt\u00f3ra zapewnia profesjonaln\u0105 i serdeczn\u0105 obs\u0142ug\u0119, jest darzona zaufaniem dzieci i rodzic\u00f3w, ale przede wszystkim dba o gwarancj\u0119 rado\u015bci z bycia dzieckiem. Budujemy przyjazne \u015brodowisko, kt\u00f3re sprzyja tworzeniu optymalnych warunk\u00f3w\u00a0 do wszechstronnego rozwoju dzieci \u00a0z uwzgl\u0119dnieniem\u00a0 ich osobowo\u015bci, indywidualnych potrzeb i predyspozycji.<\/p>\n\n<p>Ka\u017cdy rodzic pragnie tego co najlepsze dla swoich dzieci. Chce, by wyros\u0142y na szcz\u0119\u015bliwych, m\u0105drych ludzi, by mia\u0142y silne poczucie w\u0142asnej warto\u015bci, by\u0142y wiarygodne, wra\u017cliwe na innych, potrafi\u0142y uk\u0142ada\u0107 zdrowe relacje z innymi, by potrafi\u0142y znale\u017a\u0107 zaj\u0119cie, kt\u00f3re b\u0119dzie dla nich \u017ar\u00f3d\u0142em satysfakcji. Proces uczenia i kszta\u0142towania osobowo\u015bci dziecka jest procesem ci\u0105g\u0142ym, w kt\u00f3rym rola rodzic\u00f3w jest nie do przecenienia. W \u015bcis\u0142ej wsp\u00f3\u0142pracy z rodzicami, nauczyciele przedszkolni wspieraj\u0105 swych podopiecznych w codziennym trudzie uk\u0142adania relacji z innymi dzie\u0107mi, rozwijaj\u0105 u dzieci cierpliwo\u015b\u0107, koncentracj\u0119, umiej\u0119tno\u015b\u0107 radzenia sobie z pora\u017ckami i ch\u0119\u0107 osi\u0105gni\u0119cia zamierzonego celu.<\/p>\n\n<p>Oddaj\u0105c dziecko do przedszkola Heliantus rodzice maj\u0105 pewno\u015b\u0107, \u017ce jest ono pod fachow\u0105 opiek\u0105 m\u0105drych i kochaj\u0105cych dzieci nauczycieli w przyjaznym, bezpiecznym otoczeniu. Przedszkole Heliantus mie\u015bci si\u0119 w przestronnym, pe\u0142nym \u015bwiat\u0142a i barw budynku spe\u0142niaj\u0105cym wszystkie normy bezpiecze\u0144stwa i higieny przedszkolnej, a jego kadra, pracuj\u0105ca pod okiem do\u015bwiadczonych metodyk\u00f3w, to oddani, wykszta\u0142ceni nauczyciele, kt\u00f3rych praca jest ich powo\u0142aniem.<\/p>\n\n<p>Bogaty i fachowo prowadzony program naszego przedszkola stwarza mo\u017cliwo\u015bci rozwoju wszystkim naszym wychowankom &#8211; ka\u017cdemu we w\u0142asnym indywidualnym rytmie. Oczekujemy, \u017ce ka\u017cdy z podopiecznych Heliantusa opuszczaj\u0105c nasze mury b\u0119dzie gotowy, wyposa\u017cony w umiej\u0119tno\u015bci i entuzjazm, by sprosta\u0107 wyzwaniom, kt\u00f3re nios\u0105 lata szkolne.<\/p>\n\t\t\t\t\t\t\t\t<\/div>\n\t\t\t\t<\/div>\n\t\t\t\t\t<\/div>\n\t\t<\/div>\n\t\t\t\t\t<\/div>\n\t\t<\/section>\n\t\t\t\t<section class=\"elementor-section elementor-top-section elementor-element elementor-element-97b2644 elementor-section-boxed elementor-section-height-default elementor-section-height-default\" data-id=\"97b2644\" data-element_type=\"section\" data-e-type=\"section\">\n\t\t\t\t\t\t<div class=\"elementor-container elementor-column-gap-default\">\n\t\t\t\t\t<div class=\"elementor-column elementor-col-33 elementor-top-column elementor-element elementor-element-03555f6\" data-id=\"03555f6\" data-element_type=\"column\" data-e-type=\"column\">\n\t\t\t<div class=\"elementor-widget-wrap elementor-element-populated\">\n\t\t\t\t\t\t<div class=\"elementor-element elementor-element-22d6c20 elementor-widget__width-inherit elementor-widget elementor-widget-shortcode\" data-id=\"22d6c20\" data-element_type=\"widget\" data-e-type=\"widget\" data-widget_type=\"shortcode.default\">\n\t\t\t\t<div class=\"elementor-widget-container\">\n\t\t\t\t\t\t\t<div class=\"elementor-shortcode\"><div style=\"text-align: center;\"><a href=\"https:\/\/przedszkole-talentow.pl\/laureaci\/przedszkola\/rozwijajace-talenty\" target=\"_blank\" title=\"Odznaka Rozwijaj\u0105ce Talenty\">\r\n<img decoding=\"async\" src=\"https:\/\/przedszkole-talentow.pl\/assets\/img\/badges\/rozwijajace-talenty-2026.svg\" alt=\"Odznaka Rozwijaj\u0105ce Talenty\" style=\"max-width: 150px;\">\r\n<\/a><\/div><\/div>\n\t\t\t\t\t\t<\/div>\n\t\t\t\t<\/div>\n\t\t\t\t\t<\/div>\n\t\t<\/div>\n\t\t\t\t<div class=\"elementor-column elementor-col-33 elementor-top-column elementor-element elementor-element-2d5ab20\" data-id=\"2d5ab20\" data-element_type=\"column\" data-e-type=\"column\">\n\t\t\t<div class=\"elementor-widget-wrap elementor-element-populated\">\n\t\t\t\t\t\t<div class=\"elementor-element elementor-element-92bb20c elementor-widget elementor-widget-shortcode\" data-id=\"92bb20c\" data-element_type=\"widget\" data-e-type=\"widget\" data-widget_type=\"shortcode.default\">\n\t\t\t\t<div class=\"elementor-widget-container\">\n\t\t\t\t\t\t\t<div class=\"elementor-shortcode\"><div style=\"text-align: center;\"><a href=\"https:\/\/przedszkole-talentow.pl\/laureaci\/przedszkola\/przyjazne-rodzinie\" target=\"_blank\" title=\"Odznaka Przyjazne Rodzinie\">\r\n<img decoding=\"async\" src=\"https:\/\/przedszkole-talentow.pl\/assets\/img\/badges\/przyjazne-rodzinie-2026.svg\" alt=\"Odznaka Przyjazne Rodzinie\" style=\"max-width: 150px;\">\r\n<\/a><\/div>\r\n\t\r\n\t<\/div>\n\t\t\t\t\t\t<\/div>\n\t\t\t\t<\/div>\n\t\t\t\t\t<\/div>\n\t\t<\/div>\n\t\t\t\t<div class=\"elementor-column elementor-col-33 elementor-top-column elementor-element elementor-element-0d6a94a\" data-id=\"0d6a94a\" data-element_type=\"column\" data-e-type=\"column\">\n\t\t\t<div class=\"elementor-widget-wrap elementor-element-populated\">\n\t\t\t\t\t\t<div class=\"elementor-element elementor-element-be66008 elementor-widget elementor-widget-shortcode\" data-id=\"be66008\" data-element_type=\"widget\" data-e-type=\"widget\" data-widget_type=\"shortcode.default\">\n\t\t\t\t<div class=\"elementor-widget-container\">\n\t\t\t\t\t\t\t<div class=\"elementor-shortcode\"><div style=\"text-align: center;\">\r\n<a href=\"https:\/\/przedszkole-talentow.pl\/laureaci\/przedszkola\/bezpieczne-zdrowe\" target=\"_blank\" title=\"Odznaka Bezpieczne &amp; Zdrowe\">\r\n<img decoding=\"async\" src=\"https:\/\/przedszkole-talentow.pl\/assets\/img\/badges\/bezpieczne-zdrowe-2026.svg\" alt=\"Odznaka Bezpieczne &amp; Zdrowe\" style=\"max-width: 150px;\" >\r\n<\/a>\r\n<\/div><\/div>\n\t\t\t\t\t\t<\/div>\n\t\t\t\t<\/div>\n\t\t\t\t\t<\/div>\n\t\t<\/div>\n\t\t\t\t\t<\/div>\n\t\t<\/section>\n\t\t\t\t<\/div>\n\t\t","protected":false},"excerpt":{"rendered":"<p>\u00a0 Edukacja w Przedszkolu Heliantus jest nasz\u0105 misj\u0105. Prawdziw\u0105 i wielk\u0105 energi\u0119 do tej pracy czerpie si\u0119 z wn\u0119trza, ze swojego powo\u0142ania, to rado\u015b\u0107 obserwacji [&hellip;]<\/p>\n","protected":false},"author":1,"featured_media":17,"parent":0,"menu_order":0,"comment_status":"closed","ping_status":"closed","template":"","meta":{"_eb_attr":"","_monsterinsights_skip_tracking":false,"_monsterinsights_sitenote_active":false,"_monsterinsights_sitenote_note":"","_monsterinsights_sitenote_category":0,"_uf_show_specific_survey":0,"_uf_disable_surveys":false,"footnotes":""},"class_list":["post-12","page","type-page","status-publish","has-post-thumbnail","hentry"],"aioseo_notices":[],"_links":{"self":[{"href":"https:\/\/heliantus.pl\/przedszkole\/wp-json\/wp\/v2\/pages\/12","targetHints":{"allow":["GET"]}}],"collection":[{"href":"https:\/\/heliantus.pl\/przedszkole\/wp-json\/wp\/v2\/pages"}],"about":[{"href":"https:\/\/heliantus.pl\/przedszkole\/wp-json\/wp\/v2\/types\/page"}],"author":[{"embeddable":true,"href":"https:\/\/heliantus.pl\/przedszkole\/wp-json\/wp\/v2\/users\/1"}],"replies":[{"embeddable":true,"href":"https:\/\/heliantus.pl\/przedszkole\/wp-json\/wp\/v2\/comments?post=12"}],"version-history":[{"count":6,"href":"https:\/\/heliantus.pl\/przedszkole\/wp-json\/wp\/v2\/pages\/12\/revisions"}],"predecessor-version":[{"id":861,"href":"https:\/\/heliantus.pl\/przedszkole\/wp-json\/wp\/v2\/pages\/12\/revisions\/861"}],"wp:featuredmedia":[{"embeddable":true,"href":"https:\/\/heliantus.pl\/przedszkole\/wp-json\/wp\/v2\/media\/17"}],"wp:attachment":[{"href":"https:\/\/heliantus.pl\/przedszkole\/wp-json\/wp\/v2\/media?parent=12"}],"curies":[{"name":"wp","href":"https:\/\/api.w.org\/{rel}","templated":true}]}}